{"id":6774,"date":"2023-07-22T02:19:17","date_gmt":"2023-07-22T00:19:17","guid":{"rendered":"https:\/\/agrarpetrovic.rs\/?page_id=6774"},"modified":"2023-09-27T08:16:59","modified_gmt":"2023-09-27T06:16:59","slug":"o-nama","status":"publish","type":"page","link":"https:\/\/agrarpetrovic.rs\/en\/o-nama\/","title":{"rendered":"O nama"},"content":{"rendered":"<div data-elementor-type=\"wp-page\" data-elementor-id=\"6774\" class=\"elementor elementor-6774\" data-elementor-post-type=\"page\">\n\t\t\t\t\t\t<section class=\"elementor-section elementor-top-section elementor-element elementor-element-0c47b0c elementor-section-boxed elementor-section-height-default elementor-section-height-default\" data-id=\"0c47b0c\" data-element_type=\"section\" data-e-type=\"section\" data-settings=\"{&quot;background_background&quot;:&quot;classic&quot;}\">\n\t\t\t\t\t\t<div class=\"elementor-container elementor-column-gap-default\">\n\t\t\t\t\t<div class=\"elementor-column elementor-col-50 elementor-top-column elementor-element elementor-element-2a27079\" data-id=\"2a27079\" data-element_type=\"column\" data-e-type=\"column\">\n\t\t\t<div class=\"elementor-widget-wrap elementor-element-populated\">\n\t\t\t\t\t\t<div class=\"elementor-element elementor-element-2ed363b elementor-widget elementor-widget-text-editor\" data-id=\"2ed363b\" data-element_type=\"widget\" data-e-type=\"widget\" data-widget_type=\"text-editor.default\">\n\t\t\t\t<div class=\"elementor-widget-container\">\n\t\t\t\t\t\t\t\t\t<p>Preduze\u0107e AGRAR PETROVI\u0106 je osnovano u decembru 1999. godine i od svog po\u010detka se bavi trgovinom i uslugama iz oblasti agrara. Za vi\u0161e od petnaest godina poslovanja, stekli smo veliki broj poslovnih partnera u zemlji i inostranstvu, time postigli zna\u010dajan razvojni put i zauzeli prepoznatljivo mesto na tr\u017ei\u0161tu poljoprivrednih proizvoda. Centrala na\u0161e kompanije se nalazi na teritoriji op\u0161tine \u0160abac (3 km od grada prema planini Cer) u naselju Jevremovac.<\/p><p>U vlasni\u0161tvu firme nalazi se preko 3000 kvadrata magacinskog i prodajnog prostora, 15 maloprodajnih objekata, upravna zgrada i adekvatna teretna vozila za prevoz roba od 500 kg do 25 000 kg.<\/p><p>U ovom trenutku preduze\u0107e zapo\u0161ljava 50 radnika i kadrovski pokriva zahteve poslovanja.<\/p><p>Osnovna delatnost preduze\u0107a je trgovina na veliko i malo, kao i pru\u017eanje stru\u010dnih saveta iz oblasti za\u0161tite bilja i ishrane \u017eivotinja, preko svojih stru\u010dnih savetnika.<\/p><p>Kroz veleprodaju i maloprodaju, kao prepoznatljivom obliku trgovine, na\u0161a firma je postala jedan od lidera u regionu, a svojim zastupni\u0161tvom velikih proizvo\u0111a\u010da hrane za \u017eivotinje iz inostranstva postigli smo prisutnost i na teritoriji cele Srbije.<\/p><p>Na\u0161 prodajni asortiman obuhvata preko 6000 razli\u010ditih artikala i preko 50 poznatih proizvo\u0111a\u010dkih brendova. U na\u0161em prodajnom asortimanu posebno mesto zauzima generalno zastupni\u0161tvo velikih proizvo\u0111a\u010da hrane za \u017eivotinje iz Nema\u010dke, tj. prodaja i distribucija njihovih proizvoda na teritoriji Srbije i regionalnih zemalja. Tako\u0111e, poslednjih godina, u prodajni asortiman smo uvrstili sisteme za navodnjavanje zemlji\u0161ta (trake, creva, dodatni elementi, pumpe\u2026) kao i proizvode za za\u0161titu bilja (herbicicdi, pesticidi, fungicidi\u2026).<\/p><p>Kroz stalno prisustvo na terenu preko svojih menad\u017eera, pru\u017eamo partnersku saradnju svojim kupcima davanjem stru\u010dne i logisti\u010dke podr\u0161ke putem ogranizovanja prezentacija, stru\u010dnih seminara, vr\u0161enja ogleda i izlaganjem na svim zna\u010dajnijim sajmovima i izlo\u017ebama.<\/p><p>U okviru maloprodajne delatnosti, imamo 15 trgovinskih radnji koje se nalaze na teritorijama op\u0161tina \u0160abac, Loznica, Ub, Bogati\u0107, Vladimirci i Sremska Mitrovica. Svojim maloprodajnim asortimanom smo obezbedili sve \u0161to je potrebno svakom poljoprivrednom doma\u0107instvu, i politikom povoljnih cena i uslova pla\u0107anja, na\u0161e preduze\u0107e proteklih godina bele\u017ei odli\u010dne rezultate u poslovanju.<\/p><p>Tako\u0111e, kao poseban vid pru\u017eanja usluga u okviru firme bavimo se organizovanim transportom roba u zemlji.<\/p><p>Organizovanim i napornim radom AGRAR PETROVI\u0106 D.O.O. poku\u0161ava da postane zna\u010dajan i pouzdan partner na agrarnom tr\u017ei\u0161tu.<\/p>\t\t\t\t\t\t\t\t<\/div>\n\t\t\t\t<\/div>\n\t\t\t\t\t<\/div>\n\t\t<\/div>\n\t\t\t\t<div class=\"elementor-column elementor-col-50 elementor-top-column elementor-element elementor-element-aeb6270\" data-id=\"aeb6270\" data-element_type=\"column\" data-e-type=\"column\">\n\t\t\t<div class=\"elementor-widget-wrap elementor-element-populated\">\n\t\t\t\t\t\t<div class=\"elementor-element elementor-element-953b3da elementor-widget elementor-widget-gallery\" data-id=\"953b3da\" data-element_type=\"widget\" data-e-type=\"widget\" data-settings=\"{&quot;columns&quot;:3,&quot;aspect_ratio&quot;:&quot;1:1&quot;,&quot;lazyload&quot;:&quot;yes&quot;,&quot;gallery_layout&quot;:&quot;grid&quot;,&quot;columns_tablet&quot;:2,&quot;columns_mobile&quot;:1,&quot;gap&quot;:{&quot;unit&quot;:&quot;px&quot;,&quot;size&quot;:10,&quot;sizes&quot;:[]},&quot;gap_tablet&quot;:{&quot;unit&quot;:&quot;px&quot;,&quot;size&quot;:10,&quot;sizes&quot;:[]},&quot;gap_mobile&quot;:{&quot;unit&quot;:&quot;px&quot;,&quot;size&quot;:10,&quot;sizes&quot;:[]},&quot;link_to&quot;:&quot;file&quot;,&quot;overlay_background&quot;:&quot;yes&quot;,&quot;content_hover_animation&quot;:&quot;fade-in&quot;}\" data-widget_type=\"gallery.default\">\n\t\t\t\t<div class=\"elementor-widget-container\">\n\t\t\t\t\t\t\t<div class=\"elementor-gallery__container\">\n\t\t\t\t\t\t\t<a class=\"e-gallery-item elementor-gallery-item elementor-animated-content\" href=\"https:\/\/agrarpetrovic.rs\/wp-content\/uploads\/2023\/07\/agrar-013.jpg\" data-elementor-open-lightbox=\"yes\" data-elementor-lightbox-slideshow=\"953b3da\" data-elementor-lightbox-title=\"1\" data-e-action-hash=\"#elementor-action%3Aaction%3Dlightbox%26settings%3DeyJpZCI6Njc4NywidXJsIjoiaHR0cHM6XC9cL2FncmFycGV0cm92aWMucnNcL3dwLWNvbnRlbnRcL3VwbG9hZHNcLzIwMjNcLzA3XC9hZ3Jhci0wMTMuanBnIiwic2xpZGVzaG93IjoiOTUzYjNkYSJ9\">\n\t\t\t\t\t<div class=\"e-gallery-image elementor-gallery-item__image\" data-thumbnail=\"https:\/\/agrarpetrovic.rs\/wp-content\/uploads\/2023\/07\/agrar-013.jpg\" data-width=\"1152\" data-height=\"1536\" aria-label=\"\" role=\"img\" ><\/div>\n\t\t\t\t\t\t\t\t\t\t\t<div class=\"elementor-gallery-item__overlay\"><\/div>\n\t\t\t\t\t\t\t\t\t\t\t\t\t\t<\/a>\n\t\t\t\t\t\t\t<a class=\"e-gallery-item elementor-gallery-item elementor-animated-content\" href=\"https:\/\/agrarpetrovic.rs\/wp-content\/uploads\/2023\/07\/agrar-014.jpg\" data-elementor-open-lightbox=\"yes\" data-elementor-lightbox-slideshow=\"953b3da\" data-elementor-lightbox-title=\"2\" data-e-action-hash=\"#elementor-action%3Aaction%3Dlightbox%26settings%3DeyJpZCI6Njc4OSwidXJsIjoiaHR0cHM6XC9cL2FncmFycGV0cm92aWMucnNcL3dwLWNvbnRlbnRcL3VwbG9hZHNcLzIwMjNcLzA3XC9hZ3Jhci0wMTQuanBnIiwic2xpZGVzaG93IjoiOTUzYjNkYSJ9\">\n\t\t\t\t\t<div class=\"e-gallery-image elementor-gallery-item__image\" data-thumbnail=\"https:\/\/agrarpetrovic.rs\/wp-content\/uploads\/2023\/07\/agrar-014.jpg\" data-width=\"1152\" data-height=\"1536\" aria-label=\"\" role=\"img\" ><\/div>\n\t\t\t\t\t\t\t\t\t\t\t<div class=\"elementor-gallery-item__overlay\"><\/div>\n\t\t\t\t\t\t\t\t\t\t\t\t\t\t<\/a>\n\t\t\t\t\t\t\t<a class=\"e-gallery-item elementor-gallery-item elementor-animated-content\" href=\"https:\/\/agrarpetrovic.rs\/wp-content\/uploads\/2023\/07\/agrar-015.jpg\" data-elementor-open-lightbox=\"yes\" data-elementor-lightbox-slideshow=\"953b3da\" data-elementor-lightbox-title=\"3\" data-e-action-hash=\"#elementor-action%3Aaction%3Dlightbox%26settings%3DeyJpZCI6Njc5MCwidXJsIjoiaHR0cHM6XC9cL2FncmFycGV0cm92aWMucnNcL3dwLWNvbnRlbnRcL3VwbG9hZHNcLzIwMjNcLzA3XC9hZ3Jhci0wMTUuanBnIiwic2xpZGVzaG93IjoiOTUzYjNkYSJ9\">\n\t\t\t\t\t<div class=\"e-gallery-image elementor-gallery-item__image\" data-thumbnail=\"https:\/\/agrarpetrovic.rs\/wp-content\/uploads\/2023\/07\/agrar-015.jpg\" data-width=\"1536\" data-height=\"1152\" aria-label=\"\" role=\"img\" ><\/div>\n\t\t\t\t\t\t\t\t\t\t\t<div class=\"elementor-gallery-item__overlay\"><\/div>\n\t\t\t\t\t\t\t\t\t\t\t\t\t\t<\/a>\n\t\t\t\t\t\t\t<a class=\"e-gallery-item elementor-gallery-item elementor-animated-content\" href=\"https:\/\/agrarpetrovic.rs\/wp-content\/uploads\/2023\/07\/agrar-016.jpg\" data-elementor-open-lightbox=\"yes\" data-elementor-lightbox-slideshow=\"953b3da\" data-elementor-lightbox-title=\"4\" data-e-action-hash=\"#elementor-action%3Aaction%3Dlightbox%26settings%3DeyJpZCI6Njc5MSwidXJsIjoiaHR0cHM6XC9cL2FncmFycGV0cm92aWMucnNcL3dwLWNvbnRlbnRcL3VwbG9hZHNcLzIwMjNcLzA3XC9hZ3Jhci0wMTYuanBnIiwic2xpZGVzaG93IjoiOTUzYjNkYSJ9\">\n\t\t\t\t\t<div class=\"e-gallery-image elementor-gallery-item__image\" data-thumbnail=\"https:\/\/agrarpetrovic.rs\/wp-content\/uploads\/2023\/07\/agrar-016.jpg\" data-width=\"1536\" data-height=\"1152\" aria-label=\"\" role=\"img\" ><\/div>\n\t\t\t\t\t\t\t\t\t\t\t<div class=\"elementor-gallery-item__overlay\"><\/div>\n\t\t\t\t\t\t\t\t\t\t\t\t\t\t<\/a>\n\t\t\t\t\t\t\t<a class=\"e-gallery-item elementor-gallery-item elementor-animated-content\" href=\"https:\/\/agrarpetrovic.rs\/wp-content\/uploads\/2023\/07\/agrar-017.jpg\" data-elementor-open-lightbox=\"yes\" data-elementor-lightbox-slideshow=\"953b3da\" data-elementor-lightbox-title=\"5\" data-e-action-hash=\"#elementor-action%3Aaction%3Dlightbox%26settings%3DeyJpZCI6Njc5MiwidXJsIjoiaHR0cHM6XC9cL2FncmFycGV0cm92aWMucnNcL3dwLWNvbnRlbnRcL3VwbG9hZHNcLzIwMjNcLzA3XC9hZ3Jhci0wMTcuanBnIiwic2xpZGVzaG93IjoiOTUzYjNkYSJ9\">\n\t\t\t\t\t<div class=\"e-gallery-image elementor-gallery-item__image\" data-thumbnail=\"https:\/\/agrarpetrovic.rs\/wp-content\/uploads\/2023\/07\/agrar-017.jpg\" data-width=\"1536\" data-height=\"1152\" aria-label=\"\" role=\"img\" ><\/div>\n\t\t\t\t\t\t\t\t\t\t\t<div class=\"elementor-gallery-item__overlay\"><\/div>\n\t\t\t\t\t\t\t\t\t\t\t\t\t\t<\/a>\n\t\t\t\t\t\t\t<a class=\"e-gallery-item elementor-gallery-item elementor-animated-content\" href=\"https:\/\/agrarpetrovic.rs\/wp-content\/uploads\/2023\/07\/agrar-018.jpg\" data-elementor-open-lightbox=\"yes\" data-elementor-lightbox-slideshow=\"953b3da\" data-elementor-lightbox-title=\"6\" data-e-action-hash=\"#elementor-action%3Aaction%3Dlightbox%26settings%3DeyJpZCI6Njc5MywidXJsIjoiaHR0cHM6XC9cL2FncmFycGV0cm92aWMucnNcL3dwLWNvbnRlbnRcL3VwbG9hZHNcLzIwMjNcLzA3XC9hZ3Jhci0wMTguanBnIiwic2xpZGVzaG93IjoiOTUzYjNkYSJ9\">\n\t\t\t\t\t<div class=\"e-gallery-image elementor-gallery-item__image\" data-thumbnail=\"https:\/\/agrarpetrovic.rs\/wp-content\/uploads\/2023\/07\/agrar-018.jpg\" data-width=\"1536\" data-height=\"1152\" aria-label=\"\" role=\"img\" ><\/div>\n\t\t\t\t\t\t\t\t\t\t\t<div class=\"elementor-gallery-item__overlay\"><\/div>\n\t\t\t\t\t\t\t\t\t\t\t\t\t\t<\/a>\n\t\t\t\t\t\t\t<a class=\"e-gallery-item elementor-gallery-item elementor-animated-content\" href=\"https:\/\/agrarpetrovic.rs\/wp-content\/uploads\/2023\/07\/agrar-019.jpg\" data-elementor-open-lightbox=\"yes\" data-elementor-lightbox-slideshow=\"953b3da\" data-elementor-lightbox-title=\"7\" data-e-action-hash=\"#elementor-action%3Aaction%3Dlightbox%26settings%3DeyJpZCI6Njc5NCwidXJsIjoiaHR0cHM6XC9cL2FncmFycGV0cm92aWMucnNcL3dwLWNvbnRlbnRcL3VwbG9hZHNcLzIwMjNcLzA3XC9hZ3Jhci0wMTkuanBnIiwic2xpZGVzaG93IjoiOTUzYjNkYSJ9\">\n\t\t\t\t\t<div class=\"e-gallery-image elementor-gallery-item__image\" data-thumbnail=\"https:\/\/agrarpetrovic.rs\/wp-content\/uploads\/2023\/07\/agrar-019.jpg\" data-width=\"1536\" data-height=\"1152\" aria-label=\"\" role=\"img\" ><\/div>\n\t\t\t\t\t\t\t\t\t\t\t<div class=\"elementor-gallery-item__overlay\"><\/div>\n\t\t\t\t\t\t\t\t\t\t\t\t\t\t<\/a>\n\t\t\t\t\t\t\t<a class=\"e-gallery-item elementor-gallery-item elementor-animated-content\" href=\"https:\/\/agrarpetrovic.rs\/wp-content\/uploads\/2023\/07\/agrar-020.jpg\" data-elementor-open-lightbox=\"yes\" data-elementor-lightbox-slideshow=\"953b3da\" data-elementor-lightbox-title=\"8\" data-e-action-hash=\"#elementor-action%3Aaction%3Dlightbox%26settings%3DeyJpZCI6Njc5NSwidXJsIjoiaHR0cHM6XC9cL2FncmFycGV0cm92aWMucnNcL3dwLWNvbnRlbnRcL3VwbG9hZHNcLzIwMjNcLzA3XC9hZ3Jhci0wMjAuanBnIiwic2xpZGVzaG93IjoiOTUzYjNkYSJ9\">\n\t\t\t\t\t<div class=\"e-gallery-image elementor-gallery-item__image\" data-thumbnail=\"https:\/\/agrarpetrovic.rs\/wp-content\/uploads\/2023\/07\/agrar-020.jpg\" data-width=\"1536\" data-height=\"1152\" aria-label=\"\" role=\"img\" ><\/div>\n\t\t\t\t\t\t\t\t\t\t\t<div class=\"elementor-gallery-item__overlay\"><\/div>\n\t\t\t\t\t\t\t\t\t\t\t\t\t\t<\/a>\n\t\t\t\t\t\t\t<a class=\"e-gallery-item elementor-gallery-item elementor-animated-content\" href=\"https:\/\/agrarpetrovic.rs\/wp-content\/uploads\/2023\/07\/agrar-021.jpg\" data-elementor-open-lightbox=\"yes\" data-elementor-lightbox-slideshow=\"953b3da\" data-elementor-lightbox-title=\"9\" data-e-action-hash=\"#elementor-action%3Aaction%3Dlightbox%26settings%3DeyJpZCI6Njc5NiwidXJsIjoiaHR0cHM6XC9cL2FncmFycGV0cm92aWMucnNcL3dwLWNvbnRlbnRcL3VwbG9hZHNcLzIwMjNcLzA3XC9hZ3Jhci0wMjEuanBnIiwic2xpZGVzaG93IjoiOTUzYjNkYSJ9\">\n\t\t\t\t\t<div class=\"e-gallery-image elementor-gallery-item__image\" data-thumbnail=\"https:\/\/agrarpetrovic.rs\/wp-content\/uploads\/2023\/07\/agrar-021.jpg\" data-width=\"1536\" data-height=\"1152\" aria-label=\"\" role=\"img\" ><\/div>\n\t\t\t\t\t\t\t\t\t\t\t<div class=\"elementor-gallery-item__overlay\"><\/div>\n\t\t\t\t\t\t\t\t\t\t\t\t\t\t<\/a>\n\t\t\t\t\t\t\t<a class=\"e-gallery-item elementor-gallery-item elementor-animated-content\" href=\"https:\/\/agrarpetrovic.rs\/wp-content\/uploads\/2023\/07\/agrar-022.jpg\" data-elementor-open-lightbox=\"yes\" data-elementor-lightbox-slideshow=\"953b3da\" data-elementor-lightbox-title=\"10\" data-e-action-hash=\"#elementor-action%3Aaction%3Dlightbox%26settings%3DeyJpZCI6Njc5NywidXJsIjoiaHR0cHM6XC9cL2FncmFycGV0cm92aWMucnNcL3dwLWNvbnRlbnRcL3VwbG9hZHNcLzIwMjNcLzA3XC9hZ3Jhci0wMjIuanBnIiwic2xpZGVzaG93IjoiOTUzYjNkYSJ9\">\n\t\t\t\t\t<div class=\"e-gallery-image elementor-gallery-item__image\" data-thumbnail=\"https:\/\/agrarpetrovic.rs\/wp-content\/uploads\/2023\/07\/agrar-022.jpg\" data-width=\"1536\" data-height=\"1152\" aria-label=\"\" role=\"img\" ><\/div>\n\t\t\t\t\t\t\t\t\t\t\t<div class=\"elementor-gallery-item__overlay\"><\/div>\n\t\t\t\t\t\t\t\t\t\t\t\t\t\t<\/a>\n\t\t\t\t\t\t\t<a class=\"e-gallery-item elementor-gallery-item elementor-animated-content\" href=\"https:\/\/agrarpetrovic.rs\/wp-content\/uploads\/2023\/07\/agrar-023.jpg\" data-elementor-open-lightbox=\"yes\" data-elementor-lightbox-slideshow=\"953b3da\" data-elementor-lightbox-title=\"11\" data-e-action-hash=\"#elementor-action%3Aaction%3Dlightbox%26settings%3DeyJpZCI6Njc5OCwidXJsIjoiaHR0cHM6XC9cL2FncmFycGV0cm92aWMucnNcL3dwLWNvbnRlbnRcL3VwbG9hZHNcLzIwMjNcLzA3XC9hZ3Jhci0wMjMuanBnIiwic2xpZGVzaG93IjoiOTUzYjNkYSJ9\">\n\t\t\t\t\t<div class=\"e-gallery-image elementor-gallery-item__image\" data-thumbnail=\"https:\/\/agrarpetrovic.rs\/wp-content\/uploads\/2023\/07\/agrar-023.jpg\" data-width=\"1536\" data-height=\"1152\" aria-label=\"\" role=\"img\" ><\/div>\n\t\t\t\t\t\t\t\t\t\t\t<div class=\"elementor-gallery-item__overlay\"><\/div>\n\t\t\t\t\t\t\t\t\t\t\t\t\t\t<\/a>\n\t\t\t\t\t\t\t<a class=\"e-gallery-item elementor-gallery-item elementor-animated-content\" href=\"https:\/\/agrarpetrovic.rs\/wp-content\/uploads\/2023\/07\/agrar-024.jpg\" data-elementor-open-lightbox=\"yes\" data-elementor-lightbox-slideshow=\"953b3da\" data-elementor-lightbox-title=\"12\" data-e-action-hash=\"#elementor-action%3Aaction%3Dlightbox%26settings%3DeyJpZCI6Njc5OSwidXJsIjoiaHR0cHM6XC9cL2FncmFycGV0cm92aWMucnNcL3dwLWNvbnRlbnRcL3VwbG9hZHNcLzIwMjNcLzA3XC9hZ3Jhci0wMjQuanBnIiwic2xpZGVzaG93IjoiOTUzYjNkYSJ9\">\n\t\t\t\t\t<div class=\"e-gallery-image elementor-gallery-item__image\" data-thumbnail=\"https:\/\/agrarpetrovic.rs\/wp-content\/uploads\/2023\/07\/agrar-024.jpg\" data-width=\"1152\" data-height=\"1536\" aria-label=\"\" role=\"img\" ><\/div>\n\t\t\t\t\t\t\t\t\t\t\t<div class=\"elementor-gallery-item__overlay\"><\/div>\n\t\t\t\t\t\t\t\t\t\t\t\t\t\t<\/a>\n\t\t\t\t\t\t\t<a class=\"e-gallery-item elementor-gallery-item elementor-animated-content\" href=\"https:\/\/agrarpetrovic.rs\/wp-content\/uploads\/2023\/07\/agrar-025.jpg\" data-elementor-open-lightbox=\"yes\" data-elementor-lightbox-slideshow=\"953b3da\" data-elementor-lightbox-title=\"13\" data-e-action-hash=\"#elementor-action%3Aaction%3Dlightbox%26settings%3DeyJpZCI6NjgwMCwidXJsIjoiaHR0cHM6XC9cL2FncmFycGV0cm92aWMucnNcL3dwLWNvbnRlbnRcL3VwbG9hZHNcLzIwMjNcLzA3XC9hZ3Jhci0wMjUuanBnIiwic2xpZGVzaG93IjoiOTUzYjNkYSJ9\">\n\t\t\t\t\t<div class=\"e-gallery-image elementor-gallery-item__image\" data-thumbnail=\"https:\/\/agrarpetrovic.rs\/wp-content\/uploads\/2023\/07\/agrar-025.jpg\" data-width=\"1536\" data-height=\"1152\" aria-label=\"\" role=\"img\" ><\/div>\n\t\t\t\t\t\t\t\t\t\t\t<div class=\"elementor-gallery-item__overlay\"><\/div>\n\t\t\t\t\t\t\t\t\t\t\t\t\t\t<\/a>\n\t\t\t\t\t\t\t<a class=\"e-gallery-item elementor-gallery-item elementor-animated-content\" href=\"https:\/\/agrarpetrovic.rs\/wp-content\/uploads\/2023\/07\/agrar-026.jpg\" data-elementor-open-lightbox=\"yes\" data-elementor-lightbox-slideshow=\"953b3da\" data-elementor-lightbox-title=\"14\" data-e-action-hash=\"#elementor-action%3Aaction%3Dlightbox%26settings%3DeyJpZCI6NjgwMSwidXJsIjoiaHR0cHM6XC9cL2FncmFycGV0cm92aWMucnNcL3dwLWNvbnRlbnRcL3VwbG9hZHNcLzIwMjNcLzA3XC9hZ3Jhci0wMjYuanBnIiwic2xpZGVzaG93IjoiOTUzYjNkYSJ9\">\n\t\t\t\t\t<div class=\"e-gallery-image elementor-gallery-item__image\" data-thumbnail=\"https:\/\/agrarpetrovic.rs\/wp-content\/uploads\/2023\/07\/agrar-026.jpg\" data-width=\"1536\" data-height=\"1152\" aria-label=\"\" role=\"img\" ><\/div>\n\t\t\t\t\t\t\t\t\t\t\t<div class=\"elementor-gallery-item__overlay\"><\/div>\n\t\t\t\t\t\t\t\t\t\t\t\t\t\t<\/a>\n\t\t\t\t\t<\/div>\n\t\t\t\t\t<\/div>\n\t\t\t\t<\/div>\n\t\t\t\t\t<\/div>\n\t\t<\/div>\n\t\t\t\t\t<\/div>\n\t\t<\/section>\n\t\t\t\t<\/div>","protected":false},"excerpt":{"rendered":"<p>Preduze\u0107e AGRAR PETROVI\u0106 je osnovano u decembru 1999. godine i od svog po\u010detka se bavi trgovinom i uslugama iz oblasti agrara. Za vi\u0161e od petnaest godina poslovanja, stekli smo veliki broj poslovnih partnera u zemlji i inostranstvu, time postigli zna\u010dajan razvojni put i zauzeli prepoznatljivo mesto na tr\u017ei\u0161tu poljoprivrednih proizvoda. Centrala na\u0161e kompanije se nalazi [&hellip;]<\/p>\n","protected":false},"author":1,"featured_media":0,"parent":0,"menu_order":0,"comment_status":"closed","ping_status":"closed","template":"","meta":{"footnotes":""},"class_list":["post-6774","page","type-page","status-publish","hentry"],"_links":{"self":[{"href":"https:\/\/agrarpetrovic.rs\/en\/wp-json\/wp\/v2\/pages\/6774","targetHints":{"allow":["GET"]}}],"collection":[{"href":"https:\/\/agrarpetrovic.rs\/en\/wp-json\/wp\/v2\/pages"}],"about":[{"href":"https:\/\/agrarpetrovic.rs\/en\/wp-json\/wp\/v2\/types\/page"}],"author":[{"embeddable":true,"href":"https:\/\/agrarpetrovic.rs\/en\/wp-json\/wp\/v2\/users\/1"}],"replies":[{"embeddable":true,"href":"https:\/\/agrarpetrovic.rs\/en\/wp-json\/wp\/v2\/comments?post=6774"}],"version-history":[{"count":3,"href":"https:\/\/agrarpetrovic.rs\/en\/wp-json\/wp\/v2\/pages\/6774\/revisions"}],"predecessor-version":[{"id":7143,"href":"https:\/\/agrarpetrovic.rs\/en\/wp-json\/wp\/v2\/pages\/6774\/revisions\/7143"}],"wp:attachment":[{"href":"https:\/\/agrarpetrovic.rs\/en\/wp-json\/wp\/v2\/media?parent=6774"}],"curies":[{"name":"wp","href":"https:\/\/api.w.org\/{rel}","templated":true}]}}