{"id":6837,"date":"2023-07-26T16:17:30","date_gmt":"2023-07-26T14:17:30","guid":{"rendered":"https:\/\/agrarpetrovic.rs\/?page_id=6837"},"modified":"2023-07-26T16:21:52","modified_gmt":"2023-07-26T14:21:52","slug":"gat-fertilizers-ltd","status":"publish","type":"page","link":"https:\/\/agrarpetrovic.rs\/en\/gat-fertilizers-ltd\/","title":{"rendered":"GAT FERTILIZERS LTD"},"content":{"rendered":"<div data-elementor-type=\"wp-page\" data-elementor-id=\"6837\" class=\"elementor elementor-6837\" data-elementor-post-type=\"page\">\n\t\t\t\t\t\t<section class=\"elementor-section elementor-top-section elementor-element elementor-element-9c43828 elementor-section-boxed elementor-section-height-default elementor-section-height-default\" data-id=\"9c43828\" data-element_type=\"section\" data-e-type=\"section\" data-settings=\"{&quot;background_background&quot;:&quot;classic&quot;}\">\n\t\t\t\t\t\t<div class=\"elementor-container elementor-column-gap-default\">\n\t\t\t\t\t<div class=\"elementor-column elementor-col-100 elementor-top-column elementor-element elementor-element-b6f05fd\" data-id=\"b6f05fd\" data-element_type=\"column\" data-e-type=\"column\">\n\t\t\t<div class=\"elementor-widget-wrap elementor-element-populated\">\n\t\t\t\t\t\t<div class=\"elementor-element elementor-element-50b13af elementor-widget elementor-widget-text-editor\" data-id=\"50b13af\" data-element_type=\"widget\" data-e-type=\"widget\" data-widget_type=\"text-editor.default\">\n\t\t\t\t<div class=\"elementor-widget-container\">\n\t\t\t\t\t\t\t\t\t<p style=\"text-align: center;\">GAT je jedan od vode\u0107ih proizvo\u0111a\u010da \u0111ubriva u Izraelu sa tradicijom dugom vi\u0161e od 30 godina.<\/p><p style=\"text-align: center;\">U saradnji sa vode\u0107im institutima u Izraelu kao i sa poljoprivrednicima \u0161irom sveta, Gat je razvio \u0111ubriva visokog kvaliteta po kojima je danas poznat.<\/p><p style=\"text-align: center;\">Sva \u0111ubriva se testiraju od sirovina pa do kona\u010dnog proizvoda kroz ceo proces proizvodnje \u0161to predstavlja garanciju kvaliteta.<\/p><p style=\"text-align: center;\">Sva \u0111ubriva su 100% vodorastvorljiva i bez HLORA.<\/p>\t\t\t\t\t\t\t\t<\/div>\n\t\t\t\t<\/div>\n\t\t\t\t<div class=\"elementor-element elementor-element-3ebb273 elementor-widget elementor-widget-image\" data-id=\"3ebb273\" data-element_type=\"widget\" data-e-type=\"widget\" data-widget_type=\"image.default\">\n\t\t\t\t<div class=\"elementor-widget-container\">\n\t\t\t\t\t\t\t\t\t\t\t\t\t\t\t<img fetchpriority=\"high\" decoding=\"async\" width=\"1920\" height=\"600\" src=\"https:\/\/agrarpetrovic.rs\/wp-content\/uploads\/2023\/07\/GAT-01-1.png\" class=\"attachment-full size-full wp-image-6839\" alt=\"\" srcset=\"https:\/\/agrarpetrovic.rs\/wp-content\/uploads\/2023\/07\/GAT-01-1.png 1920w, https:\/\/agrarpetrovic.rs\/wp-content\/uploads\/2023\/07\/GAT-01-1-512x160.png 512w, https:\/\/agrarpetrovic.rs\/wp-content\/uploads\/2023\/07\/GAT-01-1-450x141.png 450w, https:\/\/agrarpetrovic.rs\/wp-content\/uploads\/2023\/07\/GAT-01-1-595x186.png 595w, https:\/\/agrarpetrovic.rs\/wp-content\/uploads\/2023\/07\/GAT-01-1-150x47.png 150w, https:\/\/agrarpetrovic.rs\/wp-content\/uploads\/2023\/07\/GAT-01-1-768x240.png 768w, https:\/\/agrarpetrovic.rs\/wp-content\/uploads\/2023\/07\/GAT-01-1-1536x480.png 1536w, https:\/\/agrarpetrovic.rs\/wp-content\/uploads\/2023\/07\/GAT-01-1-18x6.png 18w\" sizes=\"(max-width: 1920px) 100vw, 1920px\" \/>\t\t\t\t\t\t\t\t\t\t\t\t\t\t\t<\/div>\n\t\t\t\t<\/div>\n\t\t\t\t\t<\/div>\n\t\t<\/div>\n\t\t\t\t\t<\/div>\n\t\t<\/section>\n\t\t\t\t<\/div>","protected":false},"excerpt":{"rendered":"<p>GAT je jedan od vode\u0107ih proizvo\u0111a\u010da \u0111ubriva u Izraelu sa tradicijom dugom vi\u0161e od 30 godina. U saradnji sa vode\u0107im institutima u Izraelu kao i sa poljoprivrednicima \u0161irom sveta, Gat je razvio \u0111ubriva visokog kvaliteta po kojima je danas poznat. Sva \u0111ubriva se testiraju od sirovina pa do kona\u010dnog proizvoda kroz ceo proces proizvodnje \u0161to [&hellip;]<\/p>\n","protected":false},"author":1,"featured_media":0,"parent":0,"menu_order":0,"comment_status":"closed","ping_status":"closed","template":"","meta":{"footnotes":""},"class_list":["post-6837","page","type-page","status-publish","hentry"],"_links":{"self":[{"href":"https:\/\/agrarpetrovic.rs\/en\/wp-json\/wp\/v2\/pages\/6837","targetHints":{"allow":["GET"]}}],"collection":[{"href":"https:\/\/agrarpetrovic.rs\/en\/wp-json\/wp\/v2\/pages"}],"about":[{"href":"https:\/\/agrarpetrovic.rs\/en\/wp-json\/wp\/v2\/types\/page"}],"author":[{"embeddable":true,"href":"https:\/\/agrarpetrovic.rs\/en\/wp-json\/wp\/v2\/users\/1"}],"replies":[{"embeddable":true,"href":"https:\/\/agrarpetrovic.rs\/en\/wp-json\/wp\/v2\/comments?post=6837"}],"version-history":[{"count":0,"href":"https:\/\/agrarpetrovic.rs\/en\/wp-json\/wp\/v2\/pages\/6837\/revisions"}],"wp:attachment":[{"href":"https:\/\/agrarpetrovic.rs\/en\/wp-json\/wp\/v2\/media?parent=6837"}],"curies":[{"name":"wp","href":"https:\/\/api.w.org\/{rel}","templated":true}]}}