{"id":6847,"date":"2023-07-26T16:25:01","date_gmt":"2023-07-26T14:25:01","guid":{"rendered":"https:\/\/agrarpetrovic.rs\/?page_id=6847"},"modified":"2023-07-26T16:30:16","modified_gmt":"2023-07-26T14:30:16","slug":"rekyva","status":"publish","type":"page","link":"https:\/\/agrarpetrovic.rs\/en\/rekyva\/","title":{"rendered":"REKYVA"},"content":{"rendered":"<div data-elementor-type=\"wp-page\" data-elementor-id=\"6847\" class=\"elementor elementor-6847\" data-elementor-post-type=\"page\">\n\t\t\t\t\t\t<section class=\"elementor-section elementor-top-section elementor-element elementor-element-6aad545 elementor-section-boxed elementor-section-height-default elementor-section-height-default\" data-id=\"6aad545\" data-element_type=\"section\" data-e-type=\"section\" data-settings=\"{&quot;background_background&quot;:&quot;classic&quot;}\">\n\t\t\t\t\t\t<div class=\"elementor-container elementor-column-gap-default\">\n\t\t\t\t\t<div class=\"elementor-column elementor-col-100 elementor-top-column elementor-element elementor-element-a27697b\" data-id=\"a27697b\" data-element_type=\"column\" data-e-type=\"column\">\n\t\t\t<div class=\"elementor-widget-wrap elementor-element-populated\">\n\t\t\t\t\t\t<div class=\"elementor-element elementor-element-bf1e344 elementor-widget elementor-widget-text-editor\" data-id=\"bf1e344\" data-element_type=\"widget\" data-e-type=\"widget\" data-widget_type=\"text-editor.default\">\n\t\t\t\t<div class=\"elementor-widget-container\">\n\t\t\t\t\t\t\t\t\t<p style=\"text-align: center;\"><strong>REKYVA AB<\/strong>\u00a0je najstarija kompanija za proizvodnju supstrata sa iskustvom od preko 96 godina, danas je jedna od vode\u0107ih proizvo\u0111a\u010da supstrata razli\u010dite namene sa godi\u0161njim kapacitetom iskopavanja treseta koji iznosi 700.000 \u2013 800.000 m3.<\/p>\t\t\t\t\t\t\t\t<\/div>\n\t\t\t\t<\/div>\n\t\t\t\t<div class=\"elementor-element elementor-element-934e870 elementor-widget elementor-widget-image\" data-id=\"934e870\" data-element_type=\"widget\" data-e-type=\"widget\" data-widget_type=\"image.default\">\n\t\t\t\t<div class=\"elementor-widget-container\">\n\t\t\t\t\t\t\t\t\t\t\t\t\t\t\t<img fetchpriority=\"high\" decoding=\"async\" width=\"1920\" height=\"600\" src=\"https:\/\/agrarpetrovic.rs\/wp-content\/uploads\/2023\/07\/Rekiva.png\" class=\"attachment-full size-full wp-image-3791\" alt=\"\" \/>\t\t\t\t\t\t\t\t\t\t\t\t\t\t\t<\/div>\n\t\t\t\t<\/div>\n\t\t\t\t<div class=\"elementor-element elementor-element-aaa1896 elementor-grid-4 elementor-grid-tablet-3 elementor-grid-mobile-2 elementor-products-grid elementor-wc-products elementor-widget elementor-widget-woocommerce-products\" data-id=\"aaa1896\" data-element_type=\"widget\" data-e-type=\"widget\" data-widget_type=\"woocommerce-products.default\">\n\t\t\t\t<div class=\"elementor-widget-container\">\n\t\t\t\t\t<div class=\"woocommerce columns-4\">\r\n<div class=\"nasa-content-page-products nasa-modern-6\">\r\n    <ul class=\"products elementor-grid grid large-block-grid-4 small-block-grid-2 medium-block-grid-3\" data-columns_small=\"2\" data-columns_medium=\"3\">\r\n<li class=\"product-warp-item\">\r\n<div class=\"product type-product post-3896 status-publish first instock product_cat-supstrati-i-kontejneri-za-rasad product_tag-rekyva has-post-thumbnail shipping-taxable product-type-simple product-item grid hover-zoom\">\r\n\r\n    \r\n    <div class=\"product-img-wrap\">\r\n        <div class=\"nasa-sc-pdeal-countdown hidden-tag\"><\/div><div class=\"nasa-product-grid nasa-group-btns nasa-btns-product-item\"><\/div>\r\n\r\n<a class=\"product-img\" href=\"https:\/\/agrarpetrovic.rs\/en\/proizvod\/remix-1-profi\/\" title=\"REMIX 1 PROFI\">\r\n    <div class=\"main-img\">\r\n        <img decoding=\"async\" width=\"617\" height=\"599\" src=\"https:\/\/agrarpetrovic.rs\/wp-content\/uploads\/2023\/07\/Rekiva-1.jpg\" class=\"attachment-woocommerce_thumbnail size-woocommerce_thumbnail\" alt=\"REMIX 1 PROFI\" \/>    <\/div>\r\n\r\n    <\/a>    <\/div>\r\n\r\n    <div class=\"product-info-wrap info\">\r\n                \r\n        <a class=\"name woocommerce-loop-product__title nasa-show-one-line\" href=\"https:\/\/agrarpetrovic.rs\/en\/proizvod\/remix-1-profi\/\" title=\"REMIX 1 PROFI\">\r\n            REMIX 1 PROFI        <\/a>\r\n            \n<div class=\"info_main product-des-wrap product-des\"><p><strong>Vrsta i tip:<\/strong> Organski supstrat<br \/>\n<strong>Naziv i sadr\u017eaj hranljivih materija:<\/strong><\/p>\n<ul>\n<li>AZOT (N) &#8211; 98,5 mg\/l<\/li>\n<li>FOSFOR (P2O5) &#8211; 207,2 mg\/l<\/li>\n<li>KALIJUM (K2O) &#8211; 193,2 mg\/l<\/li>\n<\/ul>\n<p><strong>Sastav treseta:<\/strong> 60% crni, 40% braon<br \/>\n<strong>Miris:<\/strong> Blag, karakteristi\u010dan miris<br \/>\n<strong>Boja:<\/strong> Tamno sme\u0111a<br \/>\n<strong>Granulometrijski sastav:<\/strong> &lt; 20 mm<br \/>\n<strong>Sadr\u017eaj soli:<\/strong> &lt; 3 g\/l<br \/>\n<strong>Vodni kapacitet:<\/strong> 300 &#8211; 800 %<br \/>\n<strong>pH:<\/strong> 5,5 &#8211; 6,5<\/p>\n<p><strong>Primena supstrata:<\/strong> Pri pikiranju rasada povr\u0107a, sitnog vo\u0107a i cve\u0107a u sudove, ali i za punjene leja u plastenicima, pri sadnji biljaka na otvorenom na svim tipovima zemlji\u0161ta ili punjenjem jami\u0107a pri sadnji povr\u0107a i vo\u0107a. Neto zapremina 250 litara<\/p>\n<p class=\"product-tags\">Aktivna materija: <a href=\"https:\/\/agrarpetrovic.rs\/en\/oznaka\/rekyva\/\">rekyva<\/a><\/p><\/div>    <\/div>\r\n\r\n    \r\n<\/div>\r\n\r\n<\/li><li class=\"product-warp-item\">\r\n<div class=\"product type-product post-3895 status-publish instock product_cat-supstrati-i-kontejneri-za-rasad product_tag-rekyva has-post-thumbnail shipping-taxable product-type-simple product-item grid hover-zoom\">\r\n\r\n    \r\n    <div class=\"product-img-wrap\">\r\n        <div class=\"nasa-sc-pdeal-countdown hidden-tag\"><\/div><div class=\"nasa-product-grid nasa-group-btns nasa-btns-product-item\"><\/div>\r\n\r\n<a class=\"product-img\" href=\"https:\/\/agrarpetrovic.rs\/en\/proizvod\/remix-1-profi-seed\/\" title=\"REMIX 1 PROFI SEED\">\r\n    <div class=\"main-img\">\r\n        <img decoding=\"async\" width=\"617\" height=\"599\" src=\"https:\/\/agrarpetrovic.rs\/wp-content\/uploads\/2023\/07\/Rekiva-1.jpg\" class=\"attachment-woocommerce_thumbnail size-woocommerce_thumbnail\" alt=\"REMIX 1 PROFI SEED\" \/>    <\/div>\r\n\r\n    <\/a>    <\/div>\r\n\r\n    <div class=\"product-info-wrap info\">\r\n                \r\n        <a class=\"name woocommerce-loop-product__title nasa-show-one-line\" href=\"https:\/\/agrarpetrovic.rs\/en\/proizvod\/remix-1-profi-seed\/\" title=\"REMIX 1 PROFI SEED\">\r\n            REMIX 1 PROFI SEED        <\/a>\r\n            \n<div class=\"info_main product-des-wrap product-des\"><p><strong>Naziv i sadr\u017eaj hranljivih materija:<\/strong><\/p>\n<ul>\n<li>AZOT (N) &#8211; 102 mg\/l<\/li>\n<li>FOSFOR (P2O5) &#8211; 234,9 mg\/l<\/li>\n<li>KALIJUM (K2O) &#8211; 237,8 mg\/l<\/li>\n<\/ul>\n<p><strong>Oblik formulacije:<\/strong> Usitnjena organska materija<br \/>\n<strong>Sastav treseta:<\/strong> 100% crni<br \/>\n<strong>Miris:<\/strong> Blag, karakteristi\u010dan miris<br \/>\n<strong>Granulometrijski sastav:<\/strong> &lt; 10 mm<br \/>\n<strong>Sadr\u017eaj soli:<\/strong> &lt; 3 g\/l<br \/>\n<strong>Vodni kapacitet:<\/strong> 300 &#8211; 800 %<br \/>\n<strong>pH:<\/strong> 5,5 &#8211; 6,5<\/p>\n<p><strong>Primena supstrata:<\/strong> Pri sadnji i odr\u017eavanju zasada povr\u0107a, sitnog vo\u0107a i ukrasnog bilja u za\u0161ti\u0107enim prostorima (plastenicima) ili pri sadnji biljaka na otvorenom na svim tipovima zemlji\u0161ta. Neto zapremina 250 litara<\/p>\n<p class=\"product-tags\">Aktivna materija: <a href=\"https:\/\/agrarpetrovic.rs\/en\/oznaka\/rekyva\/\">rekyva<\/a><\/p><\/div>    <\/div>\r\n\r\n    \r\n<\/div>\r\n\r\n<\/li><\/ul>\r\n<\/div>\r\n<\/div>\t\t\t\t<\/div>\n\t\t\t\t<\/div>\n\t\t\t\t\t<\/div>\n\t\t<\/div>\n\t\t\t\t\t<\/div>\n\t\t<\/section>\n\t\t\t\t<\/div>","protected":false},"excerpt":{"rendered":"<p>REKYVA AB\u00a0je najstarija kompanija za proizvodnju supstrata sa iskustvom od preko 96 godina, danas je jedna od vode\u0107ih proizvo\u0111a\u010da supstrata razli\u010dite namene sa godi\u0161njim kapacitetom iskopavanja treseta koji iznosi 700.000 \u2013 800.000 m3.<\/p>","protected":false},"author":1,"featured_media":0,"parent":0,"menu_order":0,"comment_status":"closed","ping_status":"closed","template":"","meta":{"footnotes":""},"class_list":["post-6847","page","type-page","status-publish","hentry"],"_links":{"self":[{"href":"https:\/\/agrarpetrovic.rs\/en\/wp-json\/wp\/v2\/pages\/6847","targetHints":{"allow":["GET"]}}],"collection":[{"href":"https:\/\/agrarpetrovic.rs\/en\/wp-json\/wp\/v2\/pages"}],"about":[{"href":"https:\/\/agrarpetrovic.rs\/en\/wp-json\/wp\/v2\/types\/page"}],"author":[{"embeddable":true,"href":"https:\/\/agrarpetrovic.rs\/en\/wp-json\/wp\/v2\/users\/1"}],"replies":[{"embeddable":true,"href":"https:\/\/agrarpetrovic.rs\/en\/wp-json\/wp\/v2\/comments?post=6847"}],"version-history":[{"count":0,"href":"https:\/\/agrarpetrovic.rs\/en\/wp-json\/wp\/v2\/pages\/6847\/revisions"}],"wp:attachment":[{"href":"https:\/\/agrarpetrovic.rs\/en\/wp-json\/wp\/v2\/media?parent=6847"}],"curies":[{"name":"wp","href":"https:\/\/api.w.org\/{rel}","templated":true}]}}