{"id":6882,"date":"2023-08-02T17:08:35","date_gmt":"2023-08-02T15:08:35","guid":{"rendered":"https:\/\/agrarpetrovic.rs\/?page_id=6882"},"modified":"2023-08-02T17:09:19","modified_gmt":"2023-08-02T15:09:19","slug":"politika-privatnosti","status":"publish","type":"page","link":"https:\/\/agrarpetrovic.rs\/en\/politika-privatnosti\/","title":{"rendered":"Politika privatnosti"},"content":{"rendered":"<div data-elementor-type=\"wp-page\" data-elementor-id=\"6882\" class=\"elementor elementor-6882\" data-elementor-post-type=\"page\">\n\t\t\t\t\t\t<section class=\"elementor-section elementor-top-section elementor-element elementor-element-6133f71 elementor-section-boxed elementor-section-height-default elementor-section-height-default\" data-id=\"6133f71\" data-element_type=\"section\" data-e-type=\"section\" data-settings=\"{&quot;background_background&quot;:&quot;classic&quot;}\">\n\t\t\t\t\t\t<div class=\"elementor-container elementor-column-gap-default\">\n\t\t\t\t\t<div class=\"elementor-column elementor-col-100 elementor-top-column elementor-element elementor-element-73f2fb0\" data-id=\"73f2fb0\" data-element_type=\"column\" data-e-type=\"column\">\n\t\t\t<div class=\"elementor-widget-wrap elementor-element-populated\">\n\t\t\t\t\t\t<div class=\"elementor-element elementor-element-4a581fb elementor-widget elementor-widget-text-editor\" data-id=\"4a581fb\" data-element_type=\"widget\" data-e-type=\"widget\" data-widget_type=\"text-editor.default\">\n\t\t\t\t<div class=\"elementor-widget-container\">\n\t\t\t\t\t\t\t\t\t<p>Va\u0161a porud\u017ebina je potpuno sigurna!<\/p><p><br \/>U kompaniji\u00a0<strong>Agrar-Petrovi\u0107 doo<\/strong>\u00a0cenimo Va\u0161u privatnost, zato o Va\u0161im podacima izuzetno pa\u017eljivo brinemo.<\/p><p>Sve posredovane informacije su sigurne, ne\u0107emo ih ni pod kojim uslovima ustupati tre\u0107em licu, \u0161to Vam osigurava potpuno sigurno i bezbedno poslovanje i saradnju sa kompanijom\u00a0<strong>Agrar-Petrovi\u0107 doo<\/strong>\u00a0<\/p><p>Za\u0161tita privatnosti podataka\u00a0<\/p><p>Da bismo uspe\u0161no obradili Va\u0161u narud\u017ebinu potrebni su nam Va\u0161e ime i prezime, adresa, e-mail i telefon. Uz pomo\u0107 tih podataka bi\u0107emo u mogu\u0107nosti da Vam isporu\u010dimo \u017eeljenu robu, kao i da Vas obavestimo o trenutnom statusu narud\u017ebine.<br \/>Kompanija\u00a0<strong>Agrar-Petrovi\u0107 doo<\/strong>\u00a0 \u0107e va\u0161e li\u010dne podatke koristiti isklju\u010divo u svrhe tehni\u010dke administracije web sajta, kako bi vam dala pristup posebnim informacijama ili za komunikaciju sa vama.\u00a0<strong>Agrar-Petrovi\u0107 doo<\/strong>\u00a0ne\u0107e prodati podatke koje poseduje tre\u0107im licima, niti na tr\u017ei\u0161tu. Zaposleni u kompaniji\u00a0<strong>Agrar-Petrovi\u0107 doo<\/strong>\u00a0su obavezni da po\u0161tuju poverljivost Va\u0161ih podataka.<br \/>Nikada i ni na koji na\u010din ne\u0107emo zloupotrebiti Va\u0161e privatne informacije.<br \/>Ne\u0107emo predati Va\u0161e podatke za kontakt tre\u0107im licima, sem ukoliko se to od nas bude zahtevalo zakonom.<br \/>Pored navedenih prikupljamo, analiziramo i obra\u0111ujemo podatke o proizvodima koje na\u0161i posetioci tra\u017ee i kupuju, kao i o stranicama koje pose\u0107uju. Te podatke koristimo da bismo pobolj\u0161ali ponudu i izgled na\u0161ih stranica, i omogu\u0107ili Vam jednostavnije kori\u0161\u0107enje, sigurniju i udobniju kupovinu.\u00a0<\/p><p>Cookies<\/p><p><strong>Agrar-Petrovi\u0107 doo<\/strong>\u00a0 koristi \u201ecookies\u201c da Vam pomogne da prilagodite kori\u0161\u0107enje interneta Va\u0161im potrebama.<br \/>Cookie je tekstualni fajl koji je sme\u0161ten na Va\u0161em hard disku od strane web servera. Cookie-ji ne mogu biti kori\u0161\u0107eni da pokrenu program ili da isporu\u010de virus Va\u0161em ra\u010dunaru.<br \/>Cookie-i su jedinstveno dodeljeni Vama, i jedino mogu biti pro\u010ditani od strane web servera u domenu koji Vam ih je poslao. Jedna od osnovnih svrha cookie-ja je da obezbedi pogodnosti koje \u0107e Vam u\u0161tedeti vreme.<\/p><p>Saglasnost i promena uslova<\/p><p>Kori\u0161\u0107enje na\u0161ih servisa podrazumeva saglasnost korisnika sa navedenim uslovima kori\u0161\u0107enja.\u00a0<strong>Agrar-Petrovi\u0107 doo<\/strong>\u00a0 se obavezuje da \u0107e se pridr\u017eavati svega navedenog, a sve promene uslova postaju va\u017ee\u0107e tek nakon objavljivanja na ovoj strani i slanja e-mail obave\u0161tenja svim registrovanim korisnicima.<\/p>\t\t\t\t\t\t\t\t<\/div>\n\t\t\t\t<\/div>\n\t\t\t\t\t<\/div>\n\t\t<\/div>\n\t\t\t\t\t<\/div>\n\t\t<\/section>\n\t\t\t\t<\/div>","protected":false},"excerpt":{"rendered":"<p>Va\u0161a porud\u017ebina je potpuno sigurna! U kompaniji\u00a0Agrar-Petrovi\u0107 doo\u00a0cenimo Va\u0161u privatnost, zato o Va\u0161im podacima izuzetno pa\u017eljivo brinemo. Sve posredovane informacije su sigurne, ne\u0107emo ih ni pod kojim uslovima ustupati tre\u0107em licu, \u0161to Vam osigurava potpuno sigurno i bezbedno poslovanje i saradnju sa kompanijom\u00a0Agrar-Petrovi\u0107 doo\u00a0 Za\u0161tita privatnosti podataka\u00a0 Da bismo uspe\u0161no obradili Va\u0161u narud\u017ebinu potrebni su [&hellip;]<\/p>\n","protected":false},"author":1,"featured_media":0,"parent":0,"menu_order":0,"comment_status":"closed","ping_status":"closed","template":"","meta":{"footnotes":""},"class_list":["post-6882","page","type-page","status-publish","hentry"],"_links":{"self":[{"href":"https:\/\/agrarpetrovic.rs\/en\/wp-json\/wp\/v2\/pages\/6882","targetHints":{"allow":["GET"]}}],"collection":[{"href":"https:\/\/agrarpetrovic.rs\/en\/wp-json\/wp\/v2\/pages"}],"about":[{"href":"https:\/\/agrarpetrovic.rs\/en\/wp-json\/wp\/v2\/types\/page"}],"author":[{"embeddable":true,"href":"https:\/\/agrarpetrovic.rs\/en\/wp-json\/wp\/v2\/users\/1"}],"replies":[{"embeddable":true,"href":"https:\/\/agrarpetrovic.rs\/en\/wp-json\/wp\/v2\/comments?post=6882"}],"version-history":[{"count":0,"href":"https:\/\/agrarpetrovic.rs\/en\/wp-json\/wp\/v2\/pages\/6882\/revisions"}],"wp:attachment":[{"href":"https:\/\/agrarpetrovic.rs\/en\/wp-json\/wp\/v2\/media?parent=6882"}],"curies":[{"name":"wp","href":"https:\/\/api.w.org\/{rel}","templated":true}]}}