{"id":6888,"date":"2023-08-02T17:11:59","date_gmt":"2023-08-02T15:11:59","guid":{"rendered":"https:\/\/agrarpetrovic.rs\/?page_id=6888"},"modified":"2023-08-08T16:39:09","modified_gmt":"2023-08-08T14:39:09","slug":"kako-kupiti","status":"publish","type":"page","link":"https:\/\/agrarpetrovic.rs\/en\/kako-kupiti\/","title":{"rendered":"Kako kupiti"},"content":{"rendered":"<div data-elementor-type=\"wp-page\" data-elementor-id=\"6888\" class=\"elementor elementor-6888\" data-elementor-post-type=\"page\">\n\t\t\t\t\t\t<section class=\"elementor-section elementor-top-section elementor-element elementor-element-a6ae19d elementor-section-boxed elementor-section-height-default elementor-section-height-default\" data-id=\"a6ae19d\" data-element_type=\"section\" data-e-type=\"section\" data-settings=\"{&quot;background_background&quot;:&quot;classic&quot;}\">\n\t\t\t\t\t\t<div class=\"elementor-container elementor-column-gap-default\">\n\t\t\t\t\t<div class=\"elementor-column elementor-col-100 elementor-top-column elementor-element elementor-element-92cef41\" data-id=\"92cef41\" data-element_type=\"column\" data-e-type=\"column\">\n\t\t\t<div class=\"elementor-widget-wrap elementor-element-populated\">\n\t\t\t\t\t\t<div class=\"elementor-element elementor-element-6ab19be elementor-widget elementor-widget-text-editor\" data-id=\"6ab19be\" data-element_type=\"widget\" data-e-type=\"widget\" data-widget_type=\"text-editor.default\">\n\t\t\t\t<div class=\"elementor-widget-container\">\n\t\t\t\t\t\t\t\t\t<p>Kupovina na na\u0161em sajtu je omogu\u0107ena registrovanim i neregistrovanim kupcima. Da biste se registrovali, potrebno je da popunite polja na strani <a href=\"https:\/\/agrarpetrovic.rs\/moj-nalog\/\">registracije<\/a>, a zatim partite uputstva koja su vam stigla na e-mail adresu koju ste ostavili.<\/p><h2>Proces kupovine<\/h2><p>Kada prona\u0111ete proizvod(e) koji \u017eelite, potrebno je da odaberete koli\u010dinu i kliknete da dugme DODAJ U KORPU.<\/p><p>Kada ste zavr\u0161ili sa odabirom, klikom na MOJA KORPA u gornjem desnom uglu otvara se stranica sa pregledom svih poru\u010denih proizvoda i poljima koje je potrebno da popunite, kako bi po\u0161iljka stigla na \u017eeljenu adresu.<br \/>Nakon toga, odaberite kurirsku slu\u017ebu i na\u010din pla\u0107anja, a ukoliko imate neku napomenu, mo\u017eete je upisati u polje namenjeno za komentar.<\/p><p>Klikom na dugme <strong>POTVRDI <\/strong>potvr\u0111ujete da se sla\u017eete sa uslovima kupovine, a va\u0161a porud\u017ebina ulazi u proceduru obrade. Na e-mail koji ste upisali sti\u0107i \u0107e vam potvrdni mail o uspe\u0161noj kupovini, kao i sva obave\u0161tenja o promeni statusa va\u0161e porud\u017ebine.<\/p><p>\u017delimo vam prijatnu kupovinu!<\/p>\t\t\t\t\t\t\t\t<\/div>\n\t\t\t\t<\/div>\n\t\t\t\t\t<\/div>\n\t\t<\/div>\n\t\t\t\t\t<\/div>\n\t\t<\/section>\n\t\t\t\t<\/div>","protected":false},"excerpt":{"rendered":"<p>Kupovina na na\u0161em sajtu je omogu\u0107ena registrovanim i neregistrovanim kupcima. Da biste se registrovali, potrebno je da popunite polja na strani registracije, a zatim partite uputstva koja su vam stigla na e-mail adresu koju ste ostavili. Proces kupovine Kada prona\u0111ete proizvod(e) koji \u017eelite, potrebno je da odaberete koli\u010dinu i kliknete da dugme DODAJ U KORPU. [&hellip;]<\/p>\n","protected":false},"author":1,"featured_media":0,"parent":0,"menu_order":0,"comment_status":"closed","ping_status":"closed","template":"","meta":{"footnotes":""},"class_list":["post-6888","page","type-page","status-publish","hentry"],"_links":{"self":[{"href":"https:\/\/agrarpetrovic.rs\/en\/wp-json\/wp\/v2\/pages\/6888","targetHints":{"allow":["GET"]}}],"collection":[{"href":"https:\/\/agrarpetrovic.rs\/en\/wp-json\/wp\/v2\/pages"}],"about":[{"href":"https:\/\/agrarpetrovic.rs\/en\/wp-json\/wp\/v2\/types\/page"}],"author":[{"embeddable":true,"href":"https:\/\/agrarpetrovic.rs\/en\/wp-json\/wp\/v2\/users\/1"}],"replies":[{"embeddable":true,"href":"https:\/\/agrarpetrovic.rs\/en\/wp-json\/wp\/v2\/comments?post=6888"}],"version-history":[{"count":0,"href":"https:\/\/agrarpetrovic.rs\/en\/wp-json\/wp\/v2\/pages\/6888\/revisions"}],"wp:attachment":[{"href":"https:\/\/agrarpetrovic.rs\/en\/wp-json\/wp\/v2\/media?parent=6888"}],"curies":[{"name":"wp","href":"https:\/\/api.w.org\/{rel}","templated":true}]}}