{"id":6896,"date":"2023-08-02T17:13:36","date_gmt":"2023-08-02T15:13:36","guid":{"rendered":"https:\/\/agrarpetrovic.rs\/?page_id=6896"},"modified":"2025-10-22T23:38:37","modified_gmt":"2025-10-22T21:38:37","slug":"isporuka","status":"publish","type":"page","link":"https:\/\/agrarpetrovic.rs\/en\/isporuka\/","title":{"rendered":"Isporuka"},"content":{"rendered":"<div data-elementor-type=\"wp-page\" data-elementor-id=\"6896\" class=\"elementor elementor-6896\" data-elementor-post-type=\"page\">\n\t\t\t\t\t\t<section class=\"elementor-section elementor-top-section elementor-element elementor-element-13bee9f elementor-section-boxed elementor-section-height-default elementor-section-height-default\" data-id=\"13bee9f\" data-element_type=\"section\" data-e-type=\"section\" data-settings=\"{&quot;background_background&quot;:&quot;classic&quot;}\">\n\t\t\t\t\t\t<div class=\"elementor-container elementor-column-gap-default\">\n\t\t\t\t\t<div class=\"elementor-column elementor-col-100 elementor-top-column elementor-element elementor-element-d3b3049\" data-id=\"d3b3049\" data-element_type=\"column\" data-e-type=\"column\">\n\t\t\t<div class=\"elementor-widget-wrap elementor-element-populated\">\n\t\t\t\t\t\t<div class=\"elementor-element elementor-element-bf14626 elementor-widget elementor-widget-text-editor\" data-id=\"bf14626\" data-element_type=\"widget\" data-e-type=\"widget\" data-widget_type=\"text-editor.default\">\n\t\t\t\t<div class=\"elementor-widget-container\">\n\t\t\t\t\t\t\t\t\t<h2>Rok isporuke<\/h2><p>Nakon potvrde, porud\u017ebina ulazi u status obrade. Nakon obrade porud\u017ebine, bi\u0107ete obave\u0161teni o statusu Va\u0161e porud\u017ebine putem email-a.<br \/>Period obrade porud\u017ebine je naj\u010de\u0161\u0107e\u00a0<strong>2-3 radna dana<\/strong>. Za sve porud\u017ebine poslate petkom i vikendom, prodavac \u0107e Vas kontaktirati po\u010detkom naredne nedelje.\u00a0<br \/>Od tog trenutka rok isporuke je\u00a0<strong>5 radna dana<\/strong>.<\/p><h2>Preuzimanje po\u0161iljke<\/h2><p>Kurirska slu\u017eba AKS (eksterna firma koja vr\u0161i dostavu robe za nas), po\u0161iljke donosi na adresu za isporuku u periodu od 08:00-16:00h. Molimo Vas da u tom periodu obezbedite da na adresi bude osoba koja mo\u017ee preuzeti po\u0161iljku. Prilikom preuzimanja po\u0161iljke potrebno je da vizuelno pregledate paket da slu\u010dajno ne postoje neka vidna o\u0161te\u0107enja. Ukoliko primetite da je transportna kutija zna\u010dajno o\u0161te\u0107ena i posumnjate da je proizvod mo\u017eda o\u0161te\u0107en, odbijte prijem po\u0161iljke i odmah nas obavestite, pozivom na broj 015\/386-065 ili putem email-a <strong>reklamacije@agrarpetrovic.rs<\/strong>. Ukoliko je po\u0161iljka naizgled bez o\u0161te\u0107enja slobodno preuzmite po\u0161iljku i potpi\u0161ite kuriru adresnicu. Kurir svaku po\u0161iljku poku\u0161ava da uru\u010di u dva navrata. Uobi\u010dajena praksa je da ukoliko Vas kurir ne prona\u0111e na adresi, da Vas pozove na telefon koji ste ostavili prilikom kreiranja porud\u017ebenice i ugovori novi termin isporuke. Ukoliko Vas i tada ne prona\u0111e na adresi, po\u0161iljka \u0107e se vratiti nama. Po prijemu po\u0161iljke, kontaktira\u0107emo Vas kako bi ustanovili razlog neuru\u010denja i dogovoriti se o ponovnom slanju.\u00a0<\/p><h2>Cena isporuke<\/h2><p>Isporuka na ku\u0107nu adresu za sve porud\u017ebine se napla\u0107uje na osnovu zvani\u010dnog cenovnika koji je prikazan na sajtu kurirske slu\u017ebe AKS.\u00a0<\/p><p><strong>NAPOMENA:<\/strong><\/p><p>Potvrdom porud\u017ebine, klikom na dugme POTVRDI, saglasni ste sa uslovima isporuke.\u00a0<\/p>\t\t\t\t\t\t\t\t<\/div>\n\t\t\t\t<\/div>\n\t\t\t\t\t<\/div>\n\t\t<\/div>\n\t\t\t\t\t<\/div>\n\t\t<\/section>\n\t\t\t\t<\/div>","protected":false},"excerpt":{"rendered":"<p>Rok isporuke Nakon potvrde, porud\u017ebina ulazi u status obrade. Nakon obrade porud\u017ebine, bi\u0107ete obave\u0161teni o statusu Va\u0161e porud\u017ebine putem email-a.Period obrade porud\u017ebine je naj\u010de\u0161\u0107e\u00a02-3 radna dana. Za sve porud\u017ebine poslate petkom i vikendom, prodavac \u0107e Vas kontaktirati po\u010detkom naredne nedelje.\u00a0Od tog trenutka rok isporuke je\u00a05 radna dana. Preuzimanje po\u0161iljke Kurirska slu\u017eba AKS (eksterna firma koja [&hellip;]<\/p>\n","protected":false},"author":1,"featured_media":0,"parent":0,"menu_order":0,"comment_status":"closed","ping_status":"closed","template":"","meta":{"footnotes":""},"class_list":["post-6896","page","type-page","status-publish","hentry"],"_links":{"self":[{"href":"https:\/\/agrarpetrovic.rs\/en\/wp-json\/wp\/v2\/pages\/6896","targetHints":{"allow":["GET"]}}],"collection":[{"href":"https:\/\/agrarpetrovic.rs\/en\/wp-json\/wp\/v2\/pages"}],"about":[{"href":"https:\/\/agrarpetrovic.rs\/en\/wp-json\/wp\/v2\/types\/page"}],"author":[{"embeddable":true,"href":"https:\/\/agrarpetrovic.rs\/en\/wp-json\/wp\/v2\/users\/1"}],"replies":[{"embeddable":true,"href":"https:\/\/agrarpetrovic.rs\/en\/wp-json\/wp\/v2\/comments?post=6896"}],"version-history":[{"count":3,"href":"https:\/\/agrarpetrovic.rs\/en\/wp-json\/wp\/v2\/pages\/6896\/revisions"}],"predecessor-version":[{"id":8741,"href":"https:\/\/agrarpetrovic.rs\/en\/wp-json\/wp\/v2\/pages\/6896\/revisions\/8741"}],"wp:attachment":[{"href":"https:\/\/agrarpetrovic.rs\/en\/wp-json\/wp\/v2\/media?parent=6896"}],"curies":[{"name":"wp","href":"https:\/\/api.w.org\/{rel}","templated":true}]}}