{"id":6908,"date":"2023-08-02T17:21:51","date_gmt":"2023-08-02T15:21:51","guid":{"rendered":"https:\/\/agrarpetrovic.rs\/?page_id=6908"},"modified":"2023-08-02T17:22:51","modified_gmt":"2023-08-02T15:22:51","slug":"placanje-karticama","status":"publish","type":"page","link":"https:\/\/agrarpetrovic.rs\/en\/placanje-karticama\/","title":{"rendered":"Pla\u0107anje karticama"},"content":{"rendered":"<div data-elementor-type=\"wp-page\" data-elementor-id=\"6908\" class=\"elementor elementor-6908\" data-elementor-post-type=\"page\">\n\t\t\t\t\t\t<section class=\"elementor-section elementor-top-section elementor-element elementor-element-d05b0c4 elementor-section-boxed elementor-section-height-default elementor-section-height-default\" data-id=\"d05b0c4\" data-element_type=\"section\" data-e-type=\"section\" data-settings=\"{&quot;background_background&quot;:&quot;classic&quot;}\">\n\t\t\t\t\t\t<div class=\"elementor-container elementor-column-gap-default\">\n\t\t\t\t\t<div class=\"elementor-column elementor-col-100 elementor-top-column elementor-element elementor-element-931e452\" data-id=\"931e452\" data-element_type=\"column\" data-e-type=\"column\">\n\t\t\t<div class=\"elementor-widget-wrap elementor-element-populated\">\n\t\t\t\t\t\t<div class=\"elementor-element elementor-element-bab4541 elementor-widget elementor-widget-text-editor\" data-id=\"bab4541\" data-element_type=\"widget\" data-e-type=\"widget\" data-widget_type=\"text-editor.default\">\n\t\t\t\t<div class=\"elementor-widget-container\">\n\t\t\t\t\t\t\t\t\t<p>Svoju narud\u017ebinu mo\u017eete platiti koriste\u0107i Visa, Visa Electron,\u00a0MasterCard, Amex\u00a0ili Maestro platnu karticu. Kartica mora biti odobrena od strane banke izdavaoca za online (Internet) pla\u0107anje.<\/p><p>Prilikom online naru\u010divanja, odabirom odgovaraju\u0107eg na\u010dina pla\u0107anja bi\u0107ete preusmereni na\u00a0stranicu banke Intesa koja je za\u0161ti\u0107ena i sigurna za ovakav na\u010din pla\u0107anja.\u00a0Na ovoj stranici je potrebno da unesete slede\u0107e podatke: Broj kartice, Datum isteka i\u00a0 CVC2\/CVV2 kod, koje mo\u017eete pro\u010ditati sa Va\u0161e kartice.<\/p><p>Prilikom uno\u0161enja podataka o platnoj kartici, poverljive informacija se prenose putem javne mre\u017ee u za\u0161ti\u0107enoj (kriptovanoj) formi upotrebom SSL protokola i PKI sistema, kao trenutno najsavremenije kriptografske tehnologije.<br \/><br \/>Sigurnost podataka prilikom kupovine, garantuje procesor platnih kartica, Banca Intesa ad Beograd, pa se tako kompletni proces naplate obavlja na stranicama banke.<br \/><br \/>Niti jednog trenutka podaci o platnoj kartici nisu dostupni na\u0161em sistemu.<\/p><p><em>*Unos i provera podataka isklju\u010divo se obavljaju izme\u0111u korisnika kartice i banke Intesa, a Internet trgovac nema uvid u\u00a0<\/em>\u00a0<em>podatke koji se razmenjuju.<\/em><\/p><p>Pla\u0107anje nije mogu\u0107e u stranoj valuti, ve\u0107 isklju\u010divo u valuti RSD. Pla\u0107anje je mogu\u0107e platnim karticama doma\u0107ih i inostranih banaka.<\/p><p>Kupac koji koristi uslugu online pla\u0107anja karticama preko Online kotmetike\u00a0e-shopa mora ispunjavati slede\u0107e uslove:<\/p><ul><li>Isporuka robe je mogu\u0107a samo na teritoriji Republike Srbije, na adresi navedenoj u porud\u017ebini.<\/li><li>Samo vlasnik platne kartice mo\u017ee izvr\u0161iti pla\u0107anje.<\/li><\/ul><p>\u017delimo vam uspe\u0161nu kupovinu.<\/p>\t\t\t\t\t\t\t\t<\/div>\n\t\t\t\t<\/div>\n\t\t\t\t\t<\/div>\n\t\t<\/div>\n\t\t\t\t\t<\/div>\n\t\t<\/section>\n\t\t\t\t<\/div>","protected":false},"excerpt":{"rendered":"<p>Svoju narud\u017ebinu mo\u017eete platiti koriste\u0107i Visa, Visa Electron,\u00a0MasterCard, Amex\u00a0ili Maestro platnu karticu. Kartica mora biti odobrena od strane banke izdavaoca za online (Internet) pla\u0107anje. Prilikom online naru\u010divanja, odabirom odgovaraju\u0107eg na\u010dina pla\u0107anja bi\u0107ete preusmereni na\u00a0stranicu banke Intesa koja je za\u0161ti\u0107ena i sigurna za ovakav na\u010din pla\u0107anja.\u00a0Na ovoj stranici je potrebno da unesete slede\u0107e podatke: Broj kartice, [&hellip;]<\/p>\n","protected":false},"author":1,"featured_media":0,"parent":0,"menu_order":0,"comment_status":"closed","ping_status":"closed","template":"","meta":{"footnotes":""},"class_list":["post-6908","page","type-page","status-publish","hentry"],"_links":{"self":[{"href":"https:\/\/agrarpetrovic.rs\/en\/wp-json\/wp\/v2\/pages\/6908","targetHints":{"allow":["GET"]}}],"collection":[{"href":"https:\/\/agrarpetrovic.rs\/en\/wp-json\/wp\/v2\/pages"}],"about":[{"href":"https:\/\/agrarpetrovic.rs\/en\/wp-json\/wp\/v2\/types\/page"}],"author":[{"embeddable":true,"href":"https:\/\/agrarpetrovic.rs\/en\/wp-json\/wp\/v2\/users\/1"}],"replies":[{"embeddable":true,"href":"https:\/\/agrarpetrovic.rs\/en\/wp-json\/wp\/v2\/comments?post=6908"}],"version-history":[{"count":0,"href":"https:\/\/agrarpetrovic.rs\/en\/wp-json\/wp\/v2\/pages\/6908\/revisions"}],"wp:attachment":[{"href":"https:\/\/agrarpetrovic.rs\/en\/wp-json\/wp\/v2\/media?parent=6908"}],"curies":[{"name":"wp","href":"https:\/\/api.w.org\/{rel}","templated":true}]}}