{"id":3895,"date":"2023-07-13T16:06:26","date_gmt":"2023-07-13T14:06:26","guid":{"rendered":"https:\/\/agrarpetrovic.rs\/?post_type=product&#038;p=3895"},"modified":"2023-07-26T16:29:44","modified_gmt":"2023-07-26T14:29:44","slug":"remix-1-profi-seed","status":"publish","type":"product","link":"https:\/\/agrarpetrovic.rs\/en\/proizvod\/remix-1-profi-seed\/","title":{"rendered":"REMIX 1 PROFI SEED"},"content":{"rendered":"","protected":false},"excerpt":{"rendered":"<p><strong>Naziv i sadr\u017eaj hranljivih materija:<\/strong><\/p>\n<ul>\n<li>AZOT (N) &#8211; 102 mg\/l<\/li>\n<li>FOSFOR (P2O5) &#8211; 234,9 mg\/l<\/li>\n<li>KALIJUM (K2O) &#8211; 237,8 mg\/l<\/li>\n<\/ul>\n<p><strong>Oblik formulacije:<\/strong> Usitnjena organska materija<br \/>\n<strong>Sastav treseta:<\/strong> 100% crni<br \/>\n<strong>Miris:<\/strong> Blag, karakteristi\u010dan miris<br \/>\n<strong>Granulometrijski sastav:<\/strong> &lt; 10 mm<br \/>\n<strong>Sadr\u017eaj soli:<\/strong> &lt; 3 g\/l<br \/>\n<strong>Vodni kapacitet:<\/strong> 300 &#8211; 800 %<br \/>\n<strong>pH:<\/strong> 5,5 &#8211; 6,5<\/p>\n<p><strong>Primena supstrata:<\/strong> Pri sadnji i odr\u017eavanju zasada povr\u0107a, sitnog vo\u0107a i ukrasnog bilja u za\u0161ti\u0107enim prostorima (plastenicima) ili pri sadnji biljaka na otvorenom na svim tipovima zemlji\u0161ta. Neto zapremina 250 litara<\/p>","protected":false},"featured_media":3925,"template":"","meta":[],"product_brand":[],"product_cat":[195],"product_tag":[398],"class_list":{"0":"post-3895","1":"product","2":"type-product","3":"status-publish","4":"has-post-thumbnail","6":"product_cat-supstrati-i-kontejneri-za-rasad","7":"product_tag-rekyva","9":"first","10":"instock","11":"shipping-taxable","12":"product-type-simple"},"_links":{"self":[{"href":"https:\/\/agrarpetrovic.rs\/en\/wp-json\/wp\/v2\/product\/3895","targetHints":{"allow":["GET"]}}],"collection":[{"href":"https:\/\/agrarpetrovic.rs\/en\/wp-json\/wp\/v2\/product"}],"about":[{"href":"https:\/\/agrarpetrovic.rs\/en\/wp-json\/wp\/v2\/types\/product"}],"wp:featuredmedia":[{"embeddable":true,"href":"https:\/\/agrarpetrovic.rs\/en\/wp-json\/wp\/v2\/media\/3925"}],"wp:attachment":[{"href":"https:\/\/agrarpetrovic.rs\/en\/wp-json\/wp\/v2\/media?parent=3895"}],"wp:term":[{"taxonomy":"product_brand","embeddable":true,"href":"https:\/\/agrarpetrovic.rs\/en\/wp-json\/wp\/v2\/product_brand?post=3895"},{"taxonomy":"product_cat","embeddable":true,"href":"https:\/\/agrarpetrovic.rs\/en\/wp-json\/wp\/v2\/product_cat?post=3895"},{"taxonomy":"product_tag","embeddable":true,"href":"https:\/\/agrarpetrovic.rs\/en\/wp-json\/wp\/v2\/product_tag?post=3895"}],"curies":[{"name":"wp","href":"https:\/\/api.w.org\/{rel}","templated":true}]}}