{"id":3900,"date":"2023-07-13T16:06:27","date_gmt":"2023-07-13T14:06:27","guid":{"rendered":"https:\/\/agrarpetrovic.rs\/?post_type=product&#038;p=3900"},"modified":"2023-07-26T16:13:10","modified_gmt":"2023-07-26T14:13:10","slug":"gelamin-mega-sus-t-i-lak","status":"publish","type":"product","link":"https:\/\/agrarpetrovic.rs\/en\/proizvod\/gelamin-mega-sus-t-i-lak\/","title":{"rendered":"GELAMIN Mega Sus T i LAK"},"content":{"rendered":"","protected":false},"excerpt":{"rendered":"<p><strong>Mineralna hrana za krma\u010de (suprasne i dojare)<\/strong><\/p>\n<p>Kori\u0161\u0107enjem ovih proizvoda za krma\u010de dobijate:<\/p>\n<ul>\n<li>Najbolje mogu\u0107e pra\u0161enje<\/li>\n<li>Visoka plodnost krma\u010da<\/li>\n<li>Smanjenje opasnosti od Mma sindroma<\/li>\n<li>Smanjeno izlu\u010divanje amonijaka<\/li>\n<li>Smanjen gubitak u masi<\/li>\n<li>Izuzetno kvalitetno mleko krma\u010de<\/li>\n<\/ul>\n<p>&nbsp;<\/p>","protected":false},"featured_media":3928,"template":"","meta":[],"product_brand":[],"product_cat":[196,198],"product_tag":[396],"class_list":{"0":"post-3900","1":"product","2":"type-product","3":"status-publish","4":"has-post-thumbnail","6":"product_cat-ishrana-zivotinja","7":"product_cat-svinjarstvo","8":"product_tag-gelamin","10":"first","11":"instock","12":"shipping-taxable","13":"product-type-simple"},"_links":{"self":[{"href":"https:\/\/agrarpetrovic.rs\/en\/wp-json\/wp\/v2\/product\/3900","targetHints":{"allow":["GET"]}}],"collection":[{"href":"https:\/\/agrarpetrovic.rs\/en\/wp-json\/wp\/v2\/product"}],"about":[{"href":"https:\/\/agrarpetrovic.rs\/en\/wp-json\/wp\/v2\/types\/product"}],"wp:featuredmedia":[{"embeddable":true,"href":"https:\/\/agrarpetrovic.rs\/en\/wp-json\/wp\/v2\/media\/3928"}],"wp:attachment":[{"href":"https:\/\/agrarpetrovic.rs\/en\/wp-json\/wp\/v2\/media?parent=3900"}],"wp:term":[{"taxonomy":"product_brand","embeddable":true,"href":"https:\/\/agrarpetrovic.rs\/en\/wp-json\/wp\/v2\/product_brand?post=3900"},{"taxonomy":"product_cat","embeddable":true,"href":"https:\/\/agrarpetrovic.rs\/en\/wp-json\/wp\/v2\/product_cat?post=3900"},{"taxonomy":"product_tag","embeddable":true,"href":"https:\/\/agrarpetrovic.rs\/en\/wp-json\/wp\/v2\/product_tag?post=3900"}],"curies":[{"name":"wp","href":"https:\/\/api.w.org\/{rel}","templated":true}]}}