{"id":3902,"date":"2023-07-13T16:06:27","date_gmt":"2023-07-13T14:06:27","guid":{"rendered":"https:\/\/agrarpetrovic.rs\/?post_type=product&#038;p=3902"},"modified":"2023-07-26T16:12:51","modified_gmt":"2023-07-26T14:12:51","slug":"gelamin-mastmineral-3-predsmesa-za-tov-junadi","status":"publish","type":"product","link":"https:\/\/agrarpetrovic.rs\/en\/proizvod\/gelamin-mastmineral-3-predsmesa-za-tov-junadi\/","title":{"rendered":"GELAMIN MASTMINERAL 3% &#8211;  predsme\u0161a za tov junadi"},"content":{"rendered":"","protected":false},"excerpt":{"rendered":"<p>GELAMIN Mastmineral 3%<\/p>\n<p>Mineralna predsme\u0161a za tov junadi od 200-700 kg telesne te\u017eine.<\/p>\n<p>Proizvod za profesionalni tov junadi koji sadr\u017ei sve potrebne minerale i vitamine za uspe\u0161ne rezultate u tovu.<\/p>\n<p>Kombinacijom minerala i vitamina posti\u017eu se slede\u0107i rezultati u tovu junadi:<\/p>\n<ul>\n<li>pove\u0107anje mi\u0161i\u0107ne mase<\/li>\n<li>izvanredni prirast junadi-preko 1400 g dnevno<\/li>\n<li>stabilno zdravlje i manje bolesti papaka<\/li>\n<li>bolja fermentacija u buragu<\/li>\n<li>bolja konverzija i smanjenje broja dana u tovu<\/li>\n<li>dobro zdravlje junadi i odli\u010dno prihvatanje hrane<\/li>\n<\/ul>","protected":false},"featured_media":3930,"template":"","meta":[],"product_brand":[],"product_cat":[196,199],"product_tag":[396],"class_list":{"0":"post-3902","1":"product","2":"type-product","3":"status-publish","4":"has-post-thumbnail","6":"product_cat-ishrana-zivotinja","7":"product_cat-stocarstvo","8":"product_tag-gelamin","10":"first","11":"instock","12":"shipping-taxable","13":"product-type-simple"},"_links":{"self":[{"href":"https:\/\/agrarpetrovic.rs\/en\/wp-json\/wp\/v2\/product\/3902","targetHints":{"allow":["GET"]}}],"collection":[{"href":"https:\/\/agrarpetrovic.rs\/en\/wp-json\/wp\/v2\/product"}],"about":[{"href":"https:\/\/agrarpetrovic.rs\/en\/wp-json\/wp\/v2\/types\/product"}],"wp:featuredmedia":[{"embeddable":true,"href":"https:\/\/agrarpetrovic.rs\/en\/wp-json\/wp\/v2\/media\/3930"}],"wp:attachment":[{"href":"https:\/\/agrarpetrovic.rs\/en\/wp-json\/wp\/v2\/media?parent=3902"}],"wp:term":[{"taxonomy":"product_brand","embeddable":true,"href":"https:\/\/agrarpetrovic.rs\/en\/wp-json\/wp\/v2\/product_brand?post=3902"},{"taxonomy":"product_cat","embeddable":true,"href":"https:\/\/agrarpetrovic.rs\/en\/wp-json\/wp\/v2\/product_cat?post=3902"},{"taxonomy":"product_tag","embeddable":true,"href":"https:\/\/agrarpetrovic.rs\/en\/wp-json\/wp\/v2\/product_tag?post=3902"}],"curies":[{"name":"wp","href":"https:\/\/api.w.org\/{rel}","templated":true}]}}