{"id":3904,"date":"2023-07-13T16:06:27","date_gmt":"2023-07-13T14:06:27","guid":{"rendered":"https:\/\/agrarpetrovic.rs\/?post_type=product&#038;p=3904"},"modified":"2023-07-26T16:12:36","modified_gmt":"2023-07-26T14:12:36","slug":"gelamin-bovi-plex-iii-za-visoko-mlecne-krave","status":"publish","type":"product","link":"https:\/\/agrarpetrovic.rs\/en\/proizvod\/gelamin-bovi-plex-iii-za-visoko-mlecne-krave\/","title":{"rendered":"GELAMIN BOVI PLEX III &#8211; za visoko-mle\u010dne krave"},"content":{"rendered":"","protected":false},"excerpt":{"rendered":"<p><strong>Sa cinkom i kompeksom aminokiselina<\/strong><\/p>\n<p><strong>Mineralna hrana za visoko-mle\u010dne krave.<\/strong><\/p>\n<p>Sadr\u017ei cink i kompleks aminokiselina koji pru\u017ea biolo\u0161ku raspolozivost i ima odr\u017eiv efekat na zdravlje vimena kao i proizvodnju mleka i plodnosti.<\/p>\n<p>Cink u tragovima predstavlja deo mnogih enzima tela i igra posebnu ulogu za regeneraciju epitelnih \u0107elija vezivnog tkiva.<\/p>\n<p>Organski sadr\u017eaj cinka izaziva efekat \u0161iroke resorpcije raznih materija u krv.<\/p>\n<ul>\n<li>Visoka proizvodnja mleka<\/li>\n<li>Pozitivan uticaj na zdravlje vimena<\/li>\n<li>Dobro zdravlje papaka<\/li>\n<li>Bolja plodnost i lako izbacivanje postejlice<\/li>\n<\/ul>","protected":false},"featured_media":3930,"template":"","meta":[],"product_brand":[],"product_cat":[196,199],"product_tag":[396],"class_list":{"0":"post-3904","1":"product","2":"type-product","3":"status-publish","4":"has-post-thumbnail","6":"product_cat-ishrana-zivotinja","7":"product_cat-stocarstvo","8":"product_tag-gelamin","10":"first","11":"instock","12":"shipping-taxable","13":"product-type-simple"},"_links":{"self":[{"href":"https:\/\/agrarpetrovic.rs\/en\/wp-json\/wp\/v2\/product\/3904","targetHints":{"allow":["GET"]}}],"collection":[{"href":"https:\/\/agrarpetrovic.rs\/en\/wp-json\/wp\/v2\/product"}],"about":[{"href":"https:\/\/agrarpetrovic.rs\/en\/wp-json\/wp\/v2\/types\/product"}],"wp:featuredmedia":[{"embeddable":true,"href":"https:\/\/agrarpetrovic.rs\/en\/wp-json\/wp\/v2\/media\/3930"}],"wp:attachment":[{"href":"https:\/\/agrarpetrovic.rs\/en\/wp-json\/wp\/v2\/media?parent=3904"}],"wp:term":[{"taxonomy":"product_brand","embeddable":true,"href":"https:\/\/agrarpetrovic.rs\/en\/wp-json\/wp\/v2\/product_brand?post=3904"},{"taxonomy":"product_cat","embeddable":true,"href":"https:\/\/agrarpetrovic.rs\/en\/wp-json\/wp\/v2\/product_cat?post=3904"},{"taxonomy":"product_tag","embeddable":true,"href":"https:\/\/agrarpetrovic.rs\/en\/wp-json\/wp\/v2\/product_tag?post=3904"}],"curies":[{"name":"wp","href":"https:\/\/api.w.org\/{rel}","templated":true}]}}