{"id":3905,"date":"2023-07-13T16:06:27","date_gmt":"2023-07-13T14:06:27","guid":{"rendered":"https:\/\/agrarpetrovic.rs\/?post_type=product&#038;p=3905"},"modified":"2023-07-26T16:12:29","modified_gmt":"2023-07-26T14:12:29","slug":"gelamin-urvis-profimast-hrana-za-tov-svinja","status":"publish","type":"product","link":"https:\/\/agrarpetrovic.rs\/en\/proizvod\/gelamin-urvis-profimast-hrana-za-tov-svinja\/","title":{"rendered":"GELAMIN Urvis Profimast &#8211; hrana za tov svinja"},"content":{"rendered":"","protected":false},"excerpt":{"rendered":"<p><strong>Vrhunska min.hrana za tov svinja<\/strong><\/p>\n<p>Proizvod sadr\u017ei visok udeo NSP -enzima koji omogu\u0107avaju:<\/p>\n<ul>\n<li>Prekid anti-nutritivnih faktora<\/li>\n<li>Smanjenje viskoznosti<\/li>\n<li>Pove\u0107anje protoka crevnog sadr\u017eaja<\/li>\n<li>Pobolj\u0161anje dostupnosti hranljivih materija<\/li>\n<li>Smanjenje izlu\u010divanje vode i smanjenje tro\u0161kova ishrane<\/li>\n<\/ul>\n<p><strong>Ovaj proizvod jo\u0161 odlikuje:<\/strong><\/p>\n<p><strong>Manji procenat sojine sa\u010dme u gotovoj sme\u0161i, \u0161to ovaj proizvod \u010dini veoma rentabilnim u tovu svinja.<\/strong><\/p>\n<p><strong>Prednosti:<\/strong><\/p>\n<ul>\n<li>Dobra iskori\u0161\u0107enost energije iz komponteti<\/li>\n<li>Jaka koncetrovana sme\u0161a<\/li>\n<li>Pozivtivan uticaj na viskozitet u gastrointestinalnom\u00a0 traktu<\/li>\n<\/ul>\n<p><strong>Efekti:<\/strong><\/p>\n<ul>\n<li>Jako visoki prirasti<\/li>\n<li>Odli\u010dna mesnatost svinja<\/li>\n<li>Spre\u010dava kanibalizam kod svinja<\/li>\n<\/ul>","protected":false},"featured_media":3929,"template":"","meta":[],"product_brand":[],"product_cat":[196,198],"product_tag":[396],"class_list":{"0":"post-3905","1":"product","2":"type-product","3":"status-publish","4":"has-post-thumbnail","6":"product_cat-ishrana-zivotinja","7":"product_cat-svinjarstvo","8":"product_tag-gelamin","10":"first","11":"instock","12":"shipping-taxable","13":"product-type-simple"},"_links":{"self":[{"href":"https:\/\/agrarpetrovic.rs\/en\/wp-json\/wp\/v2\/product\/3905","targetHints":{"allow":["GET"]}}],"collection":[{"href":"https:\/\/agrarpetrovic.rs\/en\/wp-json\/wp\/v2\/product"}],"about":[{"href":"https:\/\/agrarpetrovic.rs\/en\/wp-json\/wp\/v2\/types\/product"}],"wp:featuredmedia":[{"embeddable":true,"href":"https:\/\/agrarpetrovic.rs\/en\/wp-json\/wp\/v2\/media\/3929"}],"wp:attachment":[{"href":"https:\/\/agrarpetrovic.rs\/en\/wp-json\/wp\/v2\/media?parent=3905"}],"wp:term":[{"taxonomy":"product_brand","embeddable":true,"href":"https:\/\/agrarpetrovic.rs\/en\/wp-json\/wp\/v2\/product_brand?post=3905"},{"taxonomy":"product_cat","embeddable":true,"href":"https:\/\/agrarpetrovic.rs\/en\/wp-json\/wp\/v2\/product_cat?post=3905"},{"taxonomy":"product_tag","embeddable":true,"href":"https:\/\/agrarpetrovic.rs\/en\/wp-json\/wp\/v2\/product_tag?post=3905"}],"curies":[{"name":"wp","href":"https:\/\/api.w.org\/{rel}","templated":true}]}}