{"id":3906,"date":"2023-07-13T16:06:27","date_gmt":"2023-07-13T14:06:27","guid":{"rendered":"https:\/\/agrarpetrovic.rs\/?post_type=product&#038;p=3906"},"modified":"2023-07-26T16:12:21","modified_gmt":"2023-07-26T14:12:21","slug":"gelamin-kalbermineral-4","status":"publish","type":"product","link":"https:\/\/agrarpetrovic.rs\/en\/proizvod\/gelamin-kalbermineral-4\/","title":{"rendered":"GELAMIN KALBERMINERAL 4%"},"content":{"rendered":"","protected":false},"excerpt":{"rendered":"<p>Vitaminsko-mineralna predsve\u0161a za telad do 200kg koji odlikuje velika koli\u010dina mle\u010dnih proizvoda i lako svarljivih proteina. Sadr\u017ei akrivne bakterije kiselo-mle\u010dnog vrenja koje obnavljaju crevnu floru i stabilizuju brobavu teladi.<\/p>\n<p>Rezultati primene u ishrani:<\/p>\n<ul>\n<li>Visoki prirasti<\/li>\n<li>Izgradnja kostura<\/li>\n<li>Sigurnost probave<\/li>\n<li>Otpornost organizma na viruse<\/li>\n<li>Izgradnja enzima<\/li>\n<li>Dobro primanje hrane<\/li>\n<\/ul>","protected":false},"featured_media":3930,"template":"","meta":[],"product_brand":[],"product_cat":[196,199],"product_tag":[396],"class_list":{"0":"post-3906","1":"product","2":"type-product","3":"status-publish","4":"has-post-thumbnail","6":"product_cat-ishrana-zivotinja","7":"product_cat-stocarstvo","8":"product_tag-gelamin","10":"first","11":"instock","12":"shipping-taxable","13":"product-type-simple"},"_links":{"self":[{"href":"https:\/\/agrarpetrovic.rs\/en\/wp-json\/wp\/v2\/product\/3906","targetHints":{"allow":["GET"]}}],"collection":[{"href":"https:\/\/agrarpetrovic.rs\/en\/wp-json\/wp\/v2\/product"}],"about":[{"href":"https:\/\/agrarpetrovic.rs\/en\/wp-json\/wp\/v2\/types\/product"}],"wp:featuredmedia":[{"embeddable":true,"href":"https:\/\/agrarpetrovic.rs\/en\/wp-json\/wp\/v2\/media\/3930"}],"wp:attachment":[{"href":"https:\/\/agrarpetrovic.rs\/en\/wp-json\/wp\/v2\/media?parent=3906"}],"wp:term":[{"taxonomy":"product_brand","embeddable":true,"href":"https:\/\/agrarpetrovic.rs\/en\/wp-json\/wp\/v2\/product_brand?post=3906"},{"taxonomy":"product_cat","embeddable":true,"href":"https:\/\/agrarpetrovic.rs\/en\/wp-json\/wp\/v2\/product_cat?post=3906"},{"taxonomy":"product_tag","embeddable":true,"href":"https:\/\/agrarpetrovic.rs\/en\/wp-json\/wp\/v2\/product_tag?post=3906"}],"curies":[{"name":"wp","href":"https:\/\/api.w.org\/{rel}","templated":true}]}}