{"id":3908,"date":"2023-07-13T16:06:27","date_gmt":"2023-07-13T14:06:27","guid":{"rendered":"https:\/\/agrarpetrovic.rs\/?post_type=product&#038;p=3908"},"modified":"2023-07-26T16:11:57","modified_gmt":"2023-07-26T14:11:57","slug":"gelamin-hml-hrana-za-mlecne-krave","status":"publish","type":"product","link":"https:\/\/agrarpetrovic.rs\/en\/proizvod\/gelamin-hml-hrana-za-mlecne-krave\/","title":{"rendered":"GELAMIN HML &#8211; hrana za mle\u010dne krave"},"content":{"rendered":"","protected":false},"excerpt":{"rendered":"<p><strong>Mineralna hrana za mle\u010dne krave<\/strong><\/p>\n<p>Preduslov za optimalnu funkciju buraga<\/p>\n<ul>\n<li>Min.18% sirovih vlakana a od toga 2\/3 kabastog dela obroka (seno, sila\u017ea) da se pobolj\u0161a funkcija Pufera u buragu.<\/li>\n<li>Pravilan balans jake hrane kako bi se izbegla prevelika kiselost u buragu<\/li>\n<li>Ishranu zapo\u010deti komponentama bogatim sirovim vlaknima da bi se pove\u0107alo lu\u010denje pljuva\u010dke<\/li>\n<li>Obezbediti potrebne mineralne materije za dobro zdravlje natrijum-bikarbonat i natrijum karbonat<\/li>\n<\/ul>","protected":false},"featured_media":3930,"template":"","meta":[],"product_brand":[],"product_cat":[196,199],"product_tag":[396],"class_list":{"0":"post-3908","1":"product","2":"type-product","3":"status-publish","4":"has-post-thumbnail","6":"product_cat-ishrana-zivotinja","7":"product_cat-stocarstvo","8":"product_tag-gelamin","10":"first","11":"instock","12":"featured","13":"shipping-taxable","14":"product-type-simple"},"_links":{"self":[{"href":"https:\/\/agrarpetrovic.rs\/en\/wp-json\/wp\/v2\/product\/3908","targetHints":{"allow":["GET"]}}],"collection":[{"href":"https:\/\/agrarpetrovic.rs\/en\/wp-json\/wp\/v2\/product"}],"about":[{"href":"https:\/\/agrarpetrovic.rs\/en\/wp-json\/wp\/v2\/types\/product"}],"wp:featuredmedia":[{"embeddable":true,"href":"https:\/\/agrarpetrovic.rs\/en\/wp-json\/wp\/v2\/media\/3930"}],"wp:attachment":[{"href":"https:\/\/agrarpetrovic.rs\/en\/wp-json\/wp\/v2\/media?parent=3908"}],"wp:term":[{"taxonomy":"product_brand","embeddable":true,"href":"https:\/\/agrarpetrovic.rs\/en\/wp-json\/wp\/v2\/product_brand?post=3908"},{"taxonomy":"product_cat","embeddable":true,"href":"https:\/\/agrarpetrovic.rs\/en\/wp-json\/wp\/v2\/product_cat?post=3908"},{"taxonomy":"product_tag","embeddable":true,"href":"https:\/\/agrarpetrovic.rs\/en\/wp-json\/wp\/v2\/product_tag?post=3908"}],"curies":[{"name":"wp","href":"https:\/\/api.w.org\/{rel}","templated":true}]}}