{"id":3941,"date":"2023-07-13T16:06:37","date_gmt":"2023-07-13T14:06:37","guid":{"rendered":"https:\/\/agrarpetrovic.rs\/?post_type=product&#038;p=3941"},"modified":"2025-10-23T11:54:26","modified_gmt":"2025-10-23T09:54:26","slug":"adengo","status":"publish","type":"product","link":"https:\/\/agrarpetrovic.rs\/en\/proizvod\/adengo\/","title":{"rendered":"Adengo"},"content":{"rendered":"<table style=\"height: 276px\" border=\"0\" width=\"571\" cellspacing=\"0\" cellpadding=\"0\">\n<tbody>\n<tr>\n<td>Adengo je selektivni translokacioni herbicid namenjen za suzbijanje jednogodi\u0161njih \u0161irokolisnih i uskolisnih korova.<\/td>\n<\/tr>\n<tr>\n<td><strong>AKTIVNA MATERIJA:<br \/>\n<\/strong>izoksaflutol 225 g\/l, tienkarbazon-metil 90 g\/lPreparat sadr\u017ei i protektant: ciprosulfamid 150 g\/l<\/td>\n<\/tr>\n<tr>\n<td><strong>OBLIK I OZNAKA FORMULACIJE:<\/strong>\u00a0koncentrovana suspenzija &#8211; SC<\/td>\n<\/tr>\n<tr>\n<td><strong>Pakovanje<\/strong><br \/>\n200 ml 20 x 200 ml<br \/>\n1 l 12 x 1 l<br \/>\n5 l 4 x 5 lBayer zadr\u017eava pravo promene pakovanja proizvoda<\/td>\n<\/tr>\n<tr>\n<td><strong>Usev\/zasad u kome se primenjuje:<\/strong>\u00a0KUKURUZ<\/td>\n<\/tr>\n<\/tbody>\n<\/table>\n<table border=\"0\" width=\"587\" cellspacing=\"0\" cellpadding=\"0\">\n<tbody>\n<tr>\n<td colspan=\"2\"><strong>PRIMENA:<\/strong><\/td>\n<\/tr>\n<tr>\n<td colspan=\"2\">Koristi se u usevu kukuruza u koli\u010dini primene od 0,4 &#8211; 0,45 l\/ha uz utro\u0161ak vode 200 \u2013 400 l\/ha. Vreme primene je posle setve, a pre nicanja useva i korova ili posle nicanja kukuruza do faze 3 lista (faza 13 BBCH skale), a kada su korovi u fazi 1-3 lista.<\/p>\n<p>Maksimalan broj tretiranja u toku godine je jednom, na istoj povr\u0161ini.<\/td>\n<\/tr>\n<tr>\n<td colspan=\"2\"><strong>KARENCA<\/strong>\u00a0(vreme izme\u0111u poslednje primene preparata i berbe, odnosno \u017eetve):<\/td>\n<\/tr>\n<tr>\n<td colspan=\"2\">Obezbe\u0111ena vremenom primene praparata u usevu kukuruza.<\/td>\n<\/tr>\n<tr>\n<td colspan=\"2\"><strong>SPEKTAR DELOVANjA :<\/strong><\/td>\n<\/tr>\n<tr>\n<td colspan=\"2\">Adengo uspe\u0161no suzbija vi\u0161e od 85 razli\u010ditih vrsta travnih i \u0161irokolisnih korova, uklju\u010duju\u0107i i naj\u010de\u0161\u0107e korove kukuruza:<\/td>\n<\/tr>\n<\/tbody>\n<\/table>\n<table border=\"0\" width=\"587\" cellspacing=\"0\" cellpadding=\"0\">\n<tbody>\n<tr>\n<td colspan=\"2\"><strong>NA\u010cIN DELOVANJA:<\/strong><\/td>\n<\/tr>\n<tr>\n<td colspan=\"2\">Adengo sadr\u017ei dve aktivne materije razli\u010ditog mehanizma delovanja. Posle primene ovog herbicida, korovske biljke usvajaju aktivnu materiju i listom i korenom. Izoksaflutol dovodi do spre\u010davanja sinteze karotenoida \u0161to se ispoljava karakteristi\u010dnim simptomom promene boje lista iz zelene u belu, uz postepeno uvenu\u0107e. Tienkarbazon \u2013 metil pripada grupi tzv. ALS inhibitora. Odmah po usvajanju, tienkarbazon-metil se sprovodnim sudovima prenosi do ta\u010daka porasta gde spre\u010dava stvaranje enzima (ALS), koji ima klju\u010dnu ulogu u deobi \u0107elija meristemskog tkiva. Na ovaj na\u010din, prestaje rast korovskih biljaka, one se su\u0161e i odumiru.Ciprosulfamid, kao protektant, podsti\u010de metabolizam kukuruza i deluje tako \u0161to ubrzava razgradnju aktivnih materija u gajenoj biljci, spre\u010davaju\u0107i eventualno \u0161tetno delovanje. Usvaja se korenom i listom, a zahvaljuju\u0107i delovanju ciprosulfamida, Adengo se odlikuje izuzetnom selektivno\u0161\u0107u.<\/td>\n<\/tr>\n<\/tbody>\n<\/table>","protected":false},"excerpt":{"rendered":"<table border=\"0\" width=\"570\" cellspacing=\"0\" cellpadding=\"0\">\n<tbody>\n<tr>\n<td>Selektivni translokacioni herbicid namenjen za suzbijanje jednogodi\u0161njih \u0161irokolisnih i uskolisnih korova.<\/td>\n<\/tr>\n<tr>\n<td><strong>AKTIVNA MATERIJA:<br \/>\n<\/strong>izoksaflutol 225 g\/l, tienkarbazon-metil 90 g\/lPreparat sadr\u017ei i protektant: ciprosulfamid 150 g\/l<\/td>\n<\/tr>\n<tr>\n<td><strong>OBLIK I OZNAKA FORMULACIJE:<\/strong>\u00a0koncentrovana suspenzija &#8211; SC<\/td>\n<\/tr>\n<tr>\n<td><strong>Pakovanje<\/strong><br \/>\n200 ml 20 x 200 ml<br \/>\n1 l 12 x 1 l<br \/>\n5 l 4 x 5 lBayer zadr\u017eava pravo promene pakovanja proizvoda<\/td>\n<\/tr>\n<tr>\n<td><strong>Usev\/zasad u kome se primenjuje:<\/strong>\u00a0KUKURUZ<\/td>\n<\/tr>\n<\/tbody>\n<\/table>","protected":false},"featured_media":3963,"template":"","meta":[],"product_brand":[],"product_cat":[203,204,207,209,202],"product_tag":[638],"class_list":{"0":"post-3941","1":"product","2":"type-product","3":"status-publish","4":"has-post-thumbnail","6":"product_cat-herbicidi","7":"product_cat-herbicidi-u-kukuruzu","8":"product_cat-post-em-po-nicanju-useva","9":"product_cat-pre-em-posle-setve-a-pre-nicanja-useva","10":"product_cat-zastita-bilja","11":"product_tag-izoksaflutol-tienkarbazon-metil-sa-safenerom-cipro-sulfamid","13":"first","14":"outofstock","15":"shipping-taxable","16":"purchasable","17":"product-type-simple"},"_links":{"self":[{"href":"https:\/\/agrarpetrovic.rs\/en\/wp-json\/wp\/v2\/product\/3941","targetHints":{"allow":["GET"]}}],"collection":[{"href":"https:\/\/agrarpetrovic.rs\/en\/wp-json\/wp\/v2\/product"}],"about":[{"href":"https:\/\/agrarpetrovic.rs\/en\/wp-json\/wp\/v2\/types\/product"}],"wp:featuredmedia":[{"embeddable":true,"href":"https:\/\/agrarpetrovic.rs\/en\/wp-json\/wp\/v2\/media\/3963"}],"wp:attachment":[{"href":"https:\/\/agrarpetrovic.rs\/en\/wp-json\/wp\/v2\/media?parent=3941"}],"wp:term":[{"taxonomy":"product_brand","embeddable":true,"href":"https:\/\/agrarpetrovic.rs\/en\/wp-json\/wp\/v2\/product_brand?post=3941"},{"taxonomy":"product_cat","embeddable":true,"href":"https:\/\/agrarpetrovic.rs\/en\/wp-json\/wp\/v2\/product_cat?post=3941"},{"taxonomy":"product_tag","embeddable":true,"href":"https:\/\/agrarpetrovic.rs\/en\/wp-json\/wp\/v2\/product_tag?post=3941"}],"curies":[{"name":"wp","href":"https:\/\/api.w.org\/{rel}","templated":true}]}}