{"id":3942,"date":"2023-07-13T16:06:37","date_gmt":"2023-07-13T14:06:37","guid":{"rendered":"https:\/\/agrarpetrovic.rs\/?post_type=product&#038;p=3942"},"modified":"2023-07-13T17:39:04","modified_gmt":"2023-07-13T15:39:04","slug":"basar-herbicid","status":"publish","type":"product","link":"https:\/\/agrarpetrovic.rs\/en\/proizvod\/basar-herbicid\/","title":{"rendered":"Basar- Herbicid"},"content":{"rendered":"<table>\n<tbody>\n<tr>\n<td>Klasa<\/td>\n<td><\/td>\n<td>Herbicidi<\/td>\n<\/tr>\n<tr>\n<td>Opis<\/td>\n<td><\/td>\n<td>Selektivni herbicid za suzbijanje jednogodi\u0161njih travnih i \u0161irokolisnih korova u usevu kukuruza, soje, \u0161e\u0107erne repe, suncokreta<\/td>\n<\/tr>\n<tr>\n<td>Proizvo\u0111a\u010d<\/td>\n<td><\/td>\n<td>Galenika-Fitofarmacija<\/td>\n<\/tr>\n<tr>\n<td>Aktivna materija<\/td>\n<td><\/td>\n<td>S-metolahlor<\/td>\n<\/tr>\n<tr>\n<td>Formulacija<\/td>\n<td><\/td>\n<td>koncentrat za emulziju<\/td>\n<\/tr>\n<tr>\n<td>Delovanje<\/td>\n<td><\/td>\n<td>S-metolahlor je selektivni herbicid iz grupe hloracetamida. Biljke ga usvajaju stabaocetom klijanaca korova i korenom i potom translociraju akripetalno. Inhibira proces \u0107elijske deobe, odnosno sintezu masnih kiselina.<\/td>\n<\/tr>\n<tr>\n<td>Karenca<\/td>\n<td><\/td>\n<td>70 dana &#8211; sila\u017eni kukuruz; Obezbe\u0111ena vremenom primene &#8211; kukuruz za zrno, soja, \u0161e\u0107erna repa, suncokret<\/td>\n<\/tr>\n<tr>\n<td>Doza\/ koncentracija<\/td>\n<td><\/td>\n<td>1 &#8211; 1.5 l\/ha<\/td>\n<\/tr>\n<tr>\n<td>Primena<\/td>\n<td><\/td>\n<td>kukuruz, soja, \u0161e\u0107erna repa, suncokret<\/td>\n<\/tr>\n<tr>\n<td>Sadr\u017eaj<br \/>\naktivne materije<\/td>\n<td><\/td>\n<td>960 g\/l<\/td>\n<\/tr>\n<tr>\n<td>Pakovanje<\/td>\n<td><\/td>\n<td>200 ml, 1 l<\/td>\n<\/tr>\n<\/tbody>\n<\/table>","protected":false},"excerpt":{"rendered":"<p>Selektivni herbicid za suzbijanje jednogodi\u0161njih travnih i \u0161irokolisnih korova u usevu kukuruza, soje, \u0161e\u0107erne repe, suncokreta<\/p>","protected":false},"featured_media":6667,"template":"","meta":[],"product_brand":[],"product_cat":[203,204,210,211,212,213,209,214,215,202],"product_tag":[],"class_list":{"0":"post-3942","1":"product","2":"type-product","3":"status-publish","4":"has-post-thumbnail","6":"product_cat-herbicidi","7":"product_cat-herbicidi-u-kukuruzu","8":"product_cat-herbicidi-u-secernoj-repi","9":"product_cat-herbicidi-u-soji","10":"product_cat-herbicidi-u-suncokretu","11":"product_cat-pre-em-posle-setve-a-pre-nicanja-useva-u-secernoj-repi","12":"product_cat-pre-em-posle-setve-a-pre-nicanja-useva","13":"product_cat-pre-em-posle-setve-a-pre-nicanja-useva-u-suncokretu","14":"product_cat-pre-em-posle-setve-a-pre-nicanja-useva-u-soji","15":"product_cat-zastita-bilja","17":"first","18":"instock","19":"shipping-taxable","20":"product-type-simple"},"_links":{"self":[{"href":"https:\/\/agrarpetrovic.rs\/en\/wp-json\/wp\/v2\/product\/3942","targetHints":{"allow":["GET"]}}],"collection":[{"href":"https:\/\/agrarpetrovic.rs\/en\/wp-json\/wp\/v2\/product"}],"about":[{"href":"https:\/\/agrarpetrovic.rs\/en\/wp-json\/wp\/v2\/types\/product"}],"wp:featuredmedia":[{"embeddable":true,"href":"https:\/\/agrarpetrovic.rs\/en\/wp-json\/wp\/v2\/media\/6667"}],"wp:attachment":[{"href":"https:\/\/agrarpetrovic.rs\/en\/wp-json\/wp\/v2\/media?parent=3942"}],"wp:term":[{"taxonomy":"product_brand","embeddable":true,"href":"https:\/\/agrarpetrovic.rs\/en\/wp-json\/wp\/v2\/product_brand?post=3942"},{"taxonomy":"product_cat","embeddable":true,"href":"https:\/\/agrarpetrovic.rs\/en\/wp-json\/wp\/v2\/product_cat?post=3942"},{"taxonomy":"product_tag","embeddable":true,"href":"https:\/\/agrarpetrovic.rs\/en\/wp-json\/wp\/v2\/product_tag?post=3942"}],"curies":[{"name":"wp","href":"https:\/\/api.w.org\/{rel}","templated":true}]}}