{"id":3952,"date":"2023-07-13T16:06:38","date_gmt":"2023-07-13T14:06:38","guid":{"rendered":"https:\/\/agrarpetrovic.rs\/?post_type=product&#038;p=3952"},"modified":"2025-10-23T11:54:26","modified_gmt":"2025-10-23T09:54:26","slug":"cabrio-top-fungicid","status":"publish","type":"product","link":"https:\/\/agrarpetrovic.rs\/en\/proizvod\/cabrio-top-fungicid\/","title":{"rendered":"Cabrio Top &#8211; Fungicid"},"content":{"rendered":"<div class=\"group-primena field-group-div primena-processed product-accordion-processed ui-accordion ui-widget ui-helper-reset\" role=\"tablist\">\n<h4 id=\"ui-accordion-2-header-0\" class=\"ui-accordion-header ui-helper-reset ui-state-default ui-accordion-icons ui-accordion-header-active ui-state-active ui-corner-top\" role=\"tab\">Primena:<\/h4>\n<div id=\"ui-accordion-2-panel-0\" class=\"content ui-accordion-content ui-helper-reset ui-widget-content ui-corner-bottom ui-accordion-content-active\" role=\"tabpanel\" aria-labelledby=\"ui-accordion-2-header-0\" aria-hidden=\"false\">\n<div class=\"field field-name-field-product-application field-type-text-with-summary field-label-hidden\">\n<div class=\"field-items\">\n<p class=\"rtejustify\"><strong>VINOVA LOZA:<\/strong> za suzbijanje prouzrokova\u010da plamenja\u010de vinove loze <em>(Plasmopara viticola)<\/em> i pepelnice vinove loze <em>(Uncinula necator)<\/em> u koncentraciji 0,15%-0,20%, odnosno 15-20 g\/10 l vode.<br \/>\n<strong>Vreme primene:<\/strong> preventivno, pre pojave oboljenja, a najkasnije po pojavi prvih simptoma.<br \/>\nPreporu\u010duje se primena u bloku (2-3 tretiranja), pred pojavu oboljenja i u vreme postojanja najve\u0107eg rizika od pojave i \u0161irenja oboljenja. Razmak izme\u0111u dva tretiranja treba da bude 12 dana.<br \/>\nU uslovima visokog infekcionog potencijala i povoljnih vremenskih uslova za \u0161irenje oboljenja razmak skratiti na 7 do 10 dana.<br \/>\n<strong>Cabrio<sup>\u00ae<\/sup> Top<\/strong> podjednako obezbe\u0111uje dobru za\u0161titu lista, peteljke i grozda vinove loze. Selektivan je za sve sorte vinove loze.<\/p>\n<p><strong>MOGU\u0106NOST ME\u0160ANJA<\/strong><\/p>\n<p class=\"rtejustify\"><strong>Cabrio<sup>\u00ae<\/sup> Top<\/strong> se ne me\u0161a sa insekticidima izrazito kisele reakcije (dimetoat), uljanim formulacijama i preparatima na bazi hlorpirifosa.<\/p>\n<\/div>\n<\/div>\n<\/div>\n<\/div>\n<div class=\"group-caracteristics field-group-div caracteristics-processed product-accordion-processed ui-accordion ui-widget ui-helper-reset\" role=\"tablist\">\n<h4 id=\"ui-accordion-3-header-0\" class=\"ui-accordion-header ui-helper-reset ui-state-default ui-accordion-icons ui-accordion-header-active ui-state-active ui-corner-top\" role=\"tab\">Karakteristike<\/h4>\n<div id=\"ui-accordion-3-panel-0\" class=\"content ui-accordion-content ui-helper-reset ui-widget-content ui-corner-bottom ui-accordion-content-active\" role=\"tabpanel\" aria-labelledby=\"ui-accordion-3-header-0\" aria-hidden=\"false\">\n<div class=\"field field-name-field-products-characteristics field-type-text-with-summary field-label-hidden\">\n<div class=\"field-items\">\n<div class=\"field-item even\">\n<p class=\"rtejustify\"><strong>Cabrio<sup>\u00ae<\/sup> Top<\/strong> je kombinacija dve aktivne materije. Metiram ima kontaktno delovanje, a piraklostrobin ima izvesne translokacione osobine u listu. Istovremeno deluje na dve najzna\u010dajnije bolesti vinove loze: plamenja\u010du i pepelnicu.<br \/>\n<strong>Cabrio<sup>\u00ae<\/sup> Top<\/strong> pored toga ima \u0161irok spektar primene u vo\u0107arstvu, povrtarstvu i cve\u0107arstvu za suzbijanje bolesti kao \u0161to su plamenja\u010da, pepelnica, \u010da\u0111ava krastavost, siva pegavost, <em>Diplocarpon spp<\/em>. i dr.<br \/>\nZbog \u201ezelenog efekta\u201c ima posebnu namenu u cve\u0107arstvu, jer daje zeleniju boju biljkama i produ\u017eava vegetaciju.<\/p>\n<h4 class=\"rtejustify\"><strong>FITOTOKSI\u010cNOST<\/strong><\/h4>\n<p class=\"rtejustify\">Preparat primenjen prema uputstvu proizvo\u0111a\u010da nema ne\u017eeljene efekte.<\/p>\n<\/div>\n<\/div>\n<\/div>\n<\/div>\n<\/div>","protected":false},"excerpt":{"rendered":"<p><strong>Fungicid za suzbijanje prouzrokova\u010da plamenja\u010de i pepelnice vinove loze<\/strong><\/p>\n<div class=\"field field-name-field-product-category field-type-taxonomy-term-reference field-label-above\">\n<div class=\"field-item even\"><strong>Kategorija<\/strong>:Fungicidi<\/div>\n<div><\/div>\n<\/div>\n<div class=\"field field-name-field-product-ctive-ingredient field-type-text field-label-above\">\n<div class=\"field-item even\"><strong>Aktivna materija:<\/strong>Metiram 550 g\/kg + piraklostrobin 50 g\/kg<\/div>\n<div><\/div>\n<\/div>\n<div class=\"field field-name-field-product-formulation field-type-text field-label-above\">\n<div class=\"field-item even\"><strong>Formulacija:<\/strong>Vododisperzibilne granule (WG)<\/div>\n<div><\/div>\n<\/div>\n<div class=\"field field-name-field-product-resistance-class field-type-text field-label-above\">\n<div class=\"field-item even\"><strong>Klasifikacija rezistentnosti:<\/strong>Metiram M3 + piraklostrobin 11<\/div>\n<div><\/div>\n<\/div>\n<div class=\"field field-name-field-product-packaging field-type-text field-label-above\">\n<div class=\"field-item even\"><strong>Pakovanje:<\/strong> 25 g, 250 g i 1 kg<\/div>\n<div><\/div>\n<\/div>\n<div class=\"field field-name-field-product-manufacturer field-type-taxonomy-term-reference field-label-above\">\n<div class=\"field-item even\"><strong>Proizvo\u0111a\u010d:<\/strong> BASF<\/div>\n<\/div>\n<div class=\"field field-name-field-product-technical-informat field-type-text-with-summary field-label-hidden\">\n<div class=\"field-items\">\n<div class=\"field-item even\">\n<p class=\"rtejustify\"><strong>Karenca:<\/strong><br \/>\nVinova loza \u2013 35 dana<\/p>\n<\/div>\n<\/div>\n<\/div>","protected":false},"featured_media":3974,"template":"","meta":[],"product_brand":[],"product_cat":[219,235,227,221],"product_tag":[687],"class_list":{"0":"post-3952","1":"product","2":"type-product","3":"status-publish","4":"has-post-thumbnail","6":"product_cat-fungicidi","7":"product_cat-fungicidi-protiv-pepelnice-u-vinovoj-lozi","8":"product_cat-fungicidi-protiv-plamenjace-u-vinovoj-lozi","9":"product_cat-fungicidi-u-vinovoj-lozi","10":"product_tag-piraklostrobin-metiram","12":"first","13":"outofstock","14":"shipping-taxable","15":"purchasable","16":"product-type-simple"},"_links":{"self":[{"href":"https:\/\/agrarpetrovic.rs\/en\/wp-json\/wp\/v2\/product\/3952","targetHints":{"allow":["GET"]}}],"collection":[{"href":"https:\/\/agrarpetrovic.rs\/en\/wp-json\/wp\/v2\/product"}],"about":[{"href":"https:\/\/agrarpetrovic.rs\/en\/wp-json\/wp\/v2\/types\/product"}],"wp:featuredmedia":[{"embeddable":true,"href":"https:\/\/agrarpetrovic.rs\/en\/wp-json\/wp\/v2\/media\/3974"}],"wp:attachment":[{"href":"https:\/\/agrarpetrovic.rs\/en\/wp-json\/wp\/v2\/media?parent=3952"}],"wp:term":[{"taxonomy":"product_brand","embeddable":true,"href":"https:\/\/agrarpetrovic.rs\/en\/wp-json\/wp\/v2\/product_brand?post=3952"},{"taxonomy":"product_cat","embeddable":true,"href":"https:\/\/agrarpetrovic.rs\/en\/wp-json\/wp\/v2\/product_cat?post=3952"},{"taxonomy":"product_tag","embeddable":true,"href":"https:\/\/agrarpetrovic.rs\/en\/wp-json\/wp\/v2\/product_tag?post=3952"}],"curies":[{"name":"wp","href":"https:\/\/api.w.org\/{rel}","templated":true}]}}