{"id":3953,"date":"2023-07-13T16:06:38","date_gmt":"2023-07-13T14:06:38","guid":{"rendered":"https:\/\/agrarpetrovic.rs\/?post_type=product&#038;p=3953"},"modified":"2023-07-13T16:06:50","modified_gmt":"2023-07-13T14:06:50","slug":"ciprodex-fungicid","status":"publish","type":"product","link":"https:\/\/agrarpetrovic.rs\/en\/proizvod\/ciprodex-fungicid\/","title":{"rendered":"Ciprodex &#8211; Fungicid"},"content":{"rendered":"<div class=\"group-technical-info field-group-div technical-info-processed product-accordion-processed ui-accordion ui-widget ui-helper-reset\" role=\"tablist\">\n<div id=\"ui-accordion-1-panel-0\" class=\"content ui-accordion-content ui-helper-reset ui-widget-content ui-corner-bottom ui-accordion-content-active\" role=\"tabpanel\" aria-labelledby=\"ui-accordion-1-header-0\" aria-hidden=\"false\">\n<div class=\"field field-name-field-product-category field-type-taxonomy-term-reference field-label-above\">\n<div class=\"field-item even\">Kategorija: <a href=\"https:\/\/www.agrosava.com\/products\/fungicides\">Fungicidi<\/a><\/div>\n<\/div>\n<div class=\"field field-name-field-product-ctive-ingredient field-type-text field-label-above\">\n<div class=\"field-item even\">Aktivna materija: Ciprodinil 300 g\/l<\/div>\n<\/div>\n<div class=\"field field-name-field-product-formulation field-type-text field-label-above\">\n<div class=\"field-item even\">Formulacija: Koncentrat za emulziju (EC)<\/div>\n<\/div>\n<div class=\"field field-name-field-product-resistance-class field-type-text field-label-above\">\n<div class=\"field-item even\">Klasifikacija rezistentnosti: 9<\/div>\n<\/div>\n<div class=\"field field-name-field-product-packaging field-type-text field-label-above\">\n<div class=\"field-item even\">Pakovanje: 50 ml, 100 ml, 250 ml i 1 L<\/div>\n<\/div>\n<div class=\"field field-name-field-product-manufacturer field-type-taxonomy-term-reference field-label-above\">\n<div class=\"field-item even\">Proizvo\u0111a\u010d: Adama<\/div>\n<\/div>\n<div class=\"field field-name-field-product-technical-informat field-type-text-with-summary field-label-hidden\">\n<div class=\"field-items\">\n<div class=\"field-item even\">\n<p class=\"rtejustify\"><strong>Karenca:<\/strong><br \/>\nBreskva, \u0161ljiva i vi\u0161nja \u2013 14 dana<br \/>\nJabuka \u2013 28 dana<br \/>\nVinova loza \u2013 35 dana<\/p>\n<\/div>\n<\/div>\n<\/div>\n<\/div>\n<\/div>\n<div class=\"group-primena field-group-div primena-processed product-accordion-processed ui-accordion ui-widget ui-helper-reset\" role=\"tablist\">\n<h2 id=\"ui-accordion-2-header-0\" class=\"ui-accordion-header ui-helper-reset ui-state-default ui-accordion-icons ui-accordion-header-active ui-state-active ui-corner-top\" role=\"tab\">Primena<\/h2>\n<div id=\"ui-accordion-2-panel-0\" class=\"content ui-accordion-content ui-helper-reset ui-widget-content ui-corner-bottom ui-accordion-content-active\" role=\"tabpanel\" aria-labelledby=\"ui-accordion-2-header-0\" aria-hidden=\"false\">\n<div class=\"field field-name-field-product-application field-type-text-with-summary field-label-hidden\">\n<div class=\"field-items\">\n<div class=\"field-item even\">\n<p class=\"rtejustify\"><strong>Sistemi\u010dni fungicid sa preventivnim i kurativnim delovanjem<\/strong><\/p>\n<p class=\"rtejustify\"><strong>JABUKA:<\/strong> za suzbijanje prouzrokova\u010da \u010da\u0111ave pegavosti li\u0161\u0107a i krastavosti plodova jabuke <em>(Venturia inaequalis)<\/em> u koli\u010dini od 0,5 l\/ha.<br \/>\n<strong>Vreme primene:<\/strong> preventivno, tretiranjem od po\u010detka vegetacije do formiranja plodova veli\u010dine le\u0161nika.<\/p>\n<p class=\"rtejustify\"><strong>VI\u0160NJA, \u0160LJIVA I BRESKVA:<\/strong> za suzbijanje prouzrokova\u010da su\u0161enja cvetova, gran\u010dica i mrke trule\u017ei plodova ko\u0161ti\u010davog vo\u0107a <em>(Monilinia laxa)<\/em> u koncentraciji od 0,05% (5 ml\/10 l vode).<br \/>\n<strong>Vreme primene:<\/strong> preventivno, pre ostvarivanja uslova za zarazu, od po\u010detka cvetanja pa do precvetavanja.<\/p>\n<p class=\"rtejustify\"><strong>VINOVA LOZA:<\/strong> za suzbijanje prouzrokova\u010da sive trule\u017ei <em>(Botrytis cinerea)<\/em> u koli\u010dini 1,25-1,6 l\/ha.<br \/>\n<strong>Vreme primene:<\/strong> preventivno, pre ostvarenih uslova za infekciju, od precvetavanja do pred berbu.<br \/>\nU toku godine se mo\u017ee primeniti dva puta na istoj povr\u0161ini, uz utro\u0161ak vode od 1.000 l\/ha.<\/p>\n<p class=\"rtejustify\"><strong>MOGU\u0106NOST ME\u0160ANJA<\/strong><\/p>\n<p class=\"rtejustify\"><strong>Ciprodex<sup>\u00ae<\/sup><\/strong> se mo\u017ee me\u0161ati sa svim preparatima koji se primenjuju u za\u0161titi jabuke. Izuzetno dobri rezultati posti\u017eu se u kombinaciji sa preparatom <a href=\"https:\/\/www.agrosava.com\/niveral\" target=\"_blank\" rel=\"noopener noreferrer\"><strong>Niveral<\/strong><\/a>, naro\u010dito na sortama koje imaju problem sa crnom pegavo\u0161\u0107u <em>(Alternaria mali)<\/em>.<\/p>\n<\/div>\n<\/div>\n<\/div>\n<\/div>\n<\/div>\n<div class=\"group-caracteristics field-group-div caracteristics-processed product-accordion-processed ui-accordion ui-widget ui-helper-reset\" role=\"tablist\">\n<h2 id=\"ui-accordion-3-header-0\" class=\"ui-accordion-header ui-helper-reset ui-state-default ui-accordion-icons ui-accordion-header-active ui-state-active ui-corner-top\" role=\"tab\">Karakteristike<\/h2>\n<div id=\"ui-accordion-3-panel-0\" class=\"content ui-accordion-content ui-helper-reset ui-widget-content ui-corner-bottom ui-accordion-content-active\" role=\"tabpanel\" aria-labelledby=\"ui-accordion-3-header-0\" aria-hidden=\"false\">\n<div class=\"field field-name-field-products-characteristics field-type-text-with-summary field-label-hidden\">\n<div class=\"field-items\">\n<div class=\"field-item even\">\n<p class=\"rtejustify\"><strong>Ciprodex<sup>\u00ae<\/sup><\/strong> je sistemi\u010dni fungicid koji se posle folijarne primene apsorbuje i transportuje kroz tkiva ksilemom. Spre\u010dava prodiranje i rast micelija gljiva u listu i na njegovoj povr\u0161ini. Ima veoma \u0161irok spektar i suzbija veliki broj patogena.<\/p>\n<p class=\"rtejustify\"><strong>NAPOMENA<\/strong><\/p>\n<p class=\"rtejustify\">U zasadima jabuke, ukoliko se primenjuje kurativno, ako je ja\u010di pritisak patogena ili ako su povoljniji uslovi za infekciju, neophodno je pove\u0107ati koli\u010dinu primene na 0,6-0,7 l\/ha. Vreme do kada mo\u017ee da zaustavi ve\u0107 zapo\u010detu infekciju je 48-56 sati.<\/p>\n<\/div>\n<\/div>\n<\/div>\n<\/div>\n<\/div>","protected":false},"excerpt":{"rendered":"<p><b>Sistemi\u010dni fungicid sa protektivnim i kurativnim delovanjem <\/b><\/p>\n<p><b>Primena: <\/b><\/p>\n<p><b>Jabuka: <\/b>0,5 l\/ha za suzbijanje <i>Venturije <\/i>tretiranjem od po\u010detka vegetacije do formiranje plodova veli\u010dine le\u0161nika.<\/p>\n<p><b>Vi\u0161nja, \u0161ljiva i breskva: <\/b>0,5% za suzbijanje <i>Monilia laxa <\/i>od po\u010detka cvetanja do precvetavanja<\/p>\n<p><b>Vinova loza: <\/b>1,25-1,6 l\/ha za suzbijanje sive trule\u017ei (Botrytis cinerea)<\/p>\n<p><u><b>Mogu\u0107nost me\u0161anja:<\/b><\/u><\/p>\n<p>Mo\u017ee se me\u0161ati sa preparatom <b>Niveral<\/b><\/p>","protected":false},"featured_media":3975,"template":"","meta":[],"product_brand":[],"product_cat":[219,224,231,236,223,230,221,222],"product_tag":[],"class_list":{"0":"post-3953","1":"product","2":"type-product","3":"status-publish","4":"has-post-thumbnail","6":"product_cat-fungicidi","7":"product_cat-fungicidi-protiv-cadjave-pegavosti-lista-i-krastavosti-plodova","8":"product_cat-fungicidi-protiv-monilia-spp","9":"product_cat-fungicidi-protiv-sive-trulezi-u-vinovoj-lozi","10":"product_cat-fungicidi-u-jabucastom-vocu","11":"product_cat-fungicidi-u-kosticavom-vocu","12":"product_cat-fungicidi-u-vinovoj-lozi","13":"product_cat-fungicidi-u-vocarstvu","15":"first","16":"instock","17":"shipping-taxable","18":"product-type-simple"},"_links":{"self":[{"href":"https:\/\/agrarpetrovic.rs\/en\/wp-json\/wp\/v2\/product\/3953","targetHints":{"allow":["GET"]}}],"collection":[{"href":"https:\/\/agrarpetrovic.rs\/en\/wp-json\/wp\/v2\/product"}],"about":[{"href":"https:\/\/agrarpetrovic.rs\/en\/wp-json\/wp\/v2\/types\/product"}],"wp:featuredmedia":[{"embeddable":true,"href":"https:\/\/agrarpetrovic.rs\/en\/wp-json\/wp\/v2\/media\/3975"}],"wp:attachment":[{"href":"https:\/\/agrarpetrovic.rs\/en\/wp-json\/wp\/v2\/media?parent=3953"}],"wp:term":[{"taxonomy":"product_brand","embeddable":true,"href":"https:\/\/agrarpetrovic.rs\/en\/wp-json\/wp\/v2\/product_brand?post=3953"},{"taxonomy":"product_cat","embeddable":true,"href":"https:\/\/agrarpetrovic.rs\/en\/wp-json\/wp\/v2\/product_cat?post=3953"},{"taxonomy":"product_tag","embeddable":true,"href":"https:\/\/agrarpetrovic.rs\/en\/wp-json\/wp\/v2\/product_tag?post=3953"}],"curies":[{"name":"wp","href":"https:\/\/api.w.org\/{rel}","templated":true}]}}