{"id":3954,"date":"2023-07-13T16:06:38","date_gmt":"2023-07-13T14:06:38","guid":{"rendered":"https:\/\/agrarpetrovic.rs\/?post_type=product&#038;p=3954"},"modified":"2025-10-23T11:54:26","modified_gmt":"2025-10-23T09:54:26","slug":"delan-700-wg-fungicid","status":"publish","type":"product","link":"https:\/\/agrarpetrovic.rs\/en\/proizvod\/delan-700-wg-fungicid\/","title":{"rendered":"Delan 700 WG &#8211; Fungicid"},"content":{"rendered":"<div class=\"group-technical-info field-group-div technical-info-processed product-accordion-processed ui-accordion ui-widget ui-helper-reset\" role=\"tablist\">\n<div id=\"ui-accordion-1-panel-0\" class=\"content ui-accordion-content ui-helper-reset ui-widget-content ui-corner-bottom ui-accordion-content-active\" role=\"tabpanel\" aria-labelledby=\"ui-accordion-1-header-0\" aria-hidden=\"false\">\n<div class=\"field field-name-field-product-category field-type-taxonomy-term-reference field-label-above\">\n<div class=\"field-item even\">Kategorija:<a href=\"https:\/\/www.agrosava.com\/products\/fungicides\">Fungicidi<\/a><\/div>\n<\/div>\n<div class=\"field field-name-field-product-ctive-ingredient field-type-text field-label-above\">\n<div class=\"field-item even\">Aktivna materija:Ditianon 700 g\/kg<\/div>\n<\/div>\n<div class=\"field field-name-field-product-formulation field-type-text field-label-above\">\n<div class=\"field-item even\">Formulacija:Vododisperzibilne granule (WG)<\/div>\n<\/div>\n<div class=\"field field-name-field-product-resistance-class field-type-text field-label-above\">\n<div class=\"field-item even\">Klasifikacija rezistentnosti:M9<\/div>\n<\/div>\n<div class=\"field field-name-field-product-packaging field-type-text field-label-above\">\n<div class=\"field-item even\">Pakovanje:20 g i 1 kg<\/div>\n<\/div>\n<div class=\"field field-name-field-product-manufacturer field-type-taxonomy-term-reference field-label-above\">\n<div class=\"field-item even\">Proizvo\u0111a\u010d:BASF<\/div>\n<\/div>\n<div class=\"field field-name-field-product-technical-informat field-type-text-with-summary field-label-hidden\">\n<div class=\"field-items\">\n<div class=\"field-item even\">\n<p class=\"rtejustify\"><strong>Karenca:<\/strong><br \/>\nJabuka i vi\u0161nja \u2013 35 dana<br \/>\nBreskva \u2013 obezbe\u0111ena vremenom primene<\/p>\n<\/div>\n<\/div>\n<\/div>\n<\/div>\n<\/div>\n<div class=\"group-primena field-group-div primena-processed product-accordion-processed ui-accordion ui-widget ui-helper-reset\" role=\"tablist\">\n<h2 id=\"ui-accordion-2-header-0\" class=\"ui-accordion-header ui-helper-reset ui-state-default ui-accordion-icons ui-accordion-header-active ui-state-active ui-corner-top\" role=\"tab\">Primena<\/h2>\n<div id=\"ui-accordion-2-panel-0\" class=\"content ui-accordion-content ui-helper-reset ui-widget-content ui-corner-bottom ui-accordion-content-active\" role=\"tabpanel\" aria-labelledby=\"ui-accordion-2-header-0\" aria-hidden=\"false\">\n<div class=\"field field-name-field-product-application field-type-text-with-summary field-label-hidden\">\n<div class=\"field-items\">\n<div class=\"field-item even\">\n<p class=\"rtejustify\"><strong>Kontaktni fungicid sa preventivnim i kurativnim delovanjem<\/strong><\/p>\n<p class=\"rtejustify\"><strong>JABUKA:<\/strong> za suzbijanje prouzrokova\u010da pegavosti li\u0161\u0107a i krastavosti plodova <em>(Venturia inaequlis)<\/em>:<\/p>\n<ul>\n<li class=\"rtejustify\">u koncentraciji od 0,07% (7 ml\/10 l vode).<\/li>\n<\/ul>\n<p class=\"rtejustify\"><strong>Vreme primene:<\/strong> tretiranjem do faze cvetanja.<\/p>\n<ul>\n<li class=\"rtejustify\">u koncentraciji od 0,05% (5 ml\/10 l vode), u kombinaciji sa preparatom <a href=\"https:\/\/www.agrosava.com\/www.agrosava.com\/different-250-ec\"><strong>Different 250 EC<\/strong><\/a> u koncentraciji od 0,02% (2 ml\/10 l vode).<\/li>\n<\/ul>\n<p class=\"rtejustify\"><strong>Vreme primene:<\/strong> primenjuje se tokom perioda primarnih zaraza (faza 26-78 BBCH skale), odnosno kad su prvi listovi potpuno razvijeni pa dok plodovi ne dostignu oko 70% krajnje veli\u010dine, i to preventivno pre stvaranja uslova za zarazu.<\/p>\n<p class=\"rtejustify\"><strong>BRESKVA:<\/strong> za suzbijanje prouzrokova\u010da kovrd\u017eavosti li\u0161\u0107a <em>(Taphrina deformans)<\/em> i \u0161upljikavosti li\u0161\u0107a ko\u0161ti\u010davog vo\u0107a <em>(Clasterosporium carpophilum)<\/em>, u koncentraciji od 0,075% (7,5 ml\/10 l vode).<br \/>\n<strong>Vreme primene:<\/strong> preventivno, pre stvaranja uslova za zarazu, tretiranjem samo do faze cvetanja (do faze 51 BBCH skale).<\/p>\n<p class=\"rtejustify\"><strong>VI\u0160NJA:<\/strong> za suzbijanje prouzrokova\u010da mrke pegavosti li\u0161\u0107a <em>(Blumeriella jaapii)<\/em> i \u0161upljikavosti li\u0161\u0107a ko\u0161ti\u010davog vo\u0107a <em>(Clasterosporium carpophilum)<\/em>, u koncentraciji od 0,075% (7,5 ml\/10 l vode).<br \/>\n<strong>Vreme primene:<\/strong> tokom fenofaze precvetavanja (faza 67 BBCH skale), odnosno do fenofaze zavr\u0161enog rasta mladara (faza 91 BBCH skale).<br \/>\nU toku godine mo\u017ee se primeniti tri puta u zasadima jabuke, a dva puta u zasadima breskve i vi\u0161nje, uz utro\u0161ak 600-1.000 l\/ha vode.<\/p>\n<p class=\"rtejustify\"><strong>MOGU\u0106NOST ME\u0160ANJA<\/strong><\/p>\n<p class=\"rtejustify\"><strong>Delan<sup>\u00ae<\/sup> 700 WG<\/strong> se ne sme me\u0161ati sa uljanim formulacijama, preparatima alkalne reakcije i sumpornim preparatima.<\/p>\n<\/div>\n<\/div>\n<\/div>\n<\/div>\n<\/div>\n<div class=\"group-caracteristics field-group-div caracteristics-processed product-accordion-processed ui-accordion ui-widget ui-helper-reset\" role=\"tablist\">\n<h2 id=\"ui-accordion-3-header-0\" class=\"ui-accordion-header ui-helper-reset ui-state-default ui-accordion-icons ui-accordion-header-active ui-state-active ui-corner-top\" role=\"tab\">Karakteristike<\/h2>\n<div id=\"ui-accordion-3-panel-0\" class=\"content ui-accordion-content ui-helper-reset ui-widget-content ui-corner-bottom ui-accordion-content-active\" role=\"tabpanel\" aria-labelledby=\"ui-accordion-3-header-0\" aria-hidden=\"false\">\n<div class=\"field field-name-field-products-characteristics field-type-text-with-summary field-label-hidden\">\n<div class=\"field-items\">\n<div class=\"field-item even\">\n<p class=\"rtejustify\">Ditianon, aktivna materija preparata<strong> Delan<sup>\u00ae<\/sup> 700 WG<\/strong>, deluje na ve\u0107i broj enzima, i to na tiol grupu i na disanje \u0107elija. Ditianon je prvenstveno preventivni i samo u nekim slu\u010dajevima kurativni fungicid. Deluje na mnoge folijarne bolesti, ali ne i na pepelnicu.<\/p>\n<p class=\"rtejustify\"><strong>NE\u017dELJENI EFEKTI<\/strong><\/p>\n<p class=\"rtejustify\">Prilikom tretiranja treba po\u0161tovati vodoza\u0161titne zone i spre\u010diti kontaminaciju vode tretiraju\u0107i najmanje 20 metara udaljeno od njih.<\/p>\n<p class=\"rtejustify\"><strong>FITOTOKSI\u010cNOST<\/strong><\/p>\n<p class=\"rtejustify\">Preparat primenjen prema uputstvu proizvo\u0111a\u010da nema opasnosti od fitotoksi\u010dnosti.<\/p>\n<\/div>\n<\/div>\n<\/div>\n<\/div>\n<\/div>","protected":false},"excerpt":{"rendered":"<p><b>Nesistemi\u010dni fungicid sa protektivnim i kurativnim delovanjem<\/b><\/p>\n<p><b>Primena: <\/b><\/p>\n<p><b>Jabuka: <\/b><\/p>\n<p>0,07% tretiranjem do faze cvetanja ili<\/p>\n<p>0,05% Delan 700 WG + 0,02% Different 250 EC<\/p>\n<p><b>Breskva: <\/b><\/p>\n<p>0,075% za suzbijanje <i>Taphrina deformans <\/i>i <i>Clasterosporium carpophilum <\/i>do faze cvetanja<\/p>\n<p><b>Vi\u0161nja: <\/b>0,075% za suzbijanje <i>Blumeriella jappi <\/i>i <i>Clasterosporium carpophilum, <\/i>tokom precvetavanja, odnostno zavr\u0161enog rasta mladara<\/p>","protected":false},"featured_media":7135,"template":"","meta":[],"product_brand":[],"product_cat":[219,224,233,237,238,223,230,222],"product_tag":[432],"class_list":{"0":"post-3954","1":"product","2":"type-product","3":"status-publish","4":"has-post-thumbnail","6":"product_cat-fungicidi","7":"product_cat-fungicidi-protiv-cadjave-pegavosti-lista-i-krastavosti-plodova","8":"product_cat-fungicidi-protiv-kovrdzavosti-lista","9":"product_cat-fungicidi-protiv-mrke-pegavosti-lista-visnje-i-tresnje","10":"product_cat-fungicidi-protiv-supljikavosti-lista","11":"product_cat-fungicidi-u-jabucastom-vocu","12":"product_cat-fungicidi-u-kosticavom-vocu","13":"product_cat-fungicidi-u-vocarstvu","14":"product_tag-ditianon","16":"first","17":"outofstock","18":"shipping-taxable","19":"purchasable","20":"product-type-simple"},"_links":{"self":[{"href":"https:\/\/agrarpetrovic.rs\/en\/wp-json\/wp\/v2\/product\/3954","targetHints":{"allow":["GET"]}}],"collection":[{"href":"https:\/\/agrarpetrovic.rs\/en\/wp-json\/wp\/v2\/product"}],"about":[{"href":"https:\/\/agrarpetrovic.rs\/en\/wp-json\/wp\/v2\/types\/product"}],"wp:featuredmedia":[{"embeddable":true,"href":"https:\/\/agrarpetrovic.rs\/en\/wp-json\/wp\/v2\/media\/7135"}],"wp:attachment":[{"href":"https:\/\/agrarpetrovic.rs\/en\/wp-json\/wp\/v2\/media?parent=3954"}],"wp:term":[{"taxonomy":"product_brand","embeddable":true,"href":"https:\/\/agrarpetrovic.rs\/en\/wp-json\/wp\/v2\/product_brand?post=3954"},{"taxonomy":"product_cat","embeddable":true,"href":"https:\/\/agrarpetrovic.rs\/en\/wp-json\/wp\/v2\/product_cat?post=3954"},{"taxonomy":"product_tag","embeddable":true,"href":"https:\/\/agrarpetrovic.rs\/en\/wp-json\/wp\/v2\/product_tag?post=3954"}],"curies":[{"name":"wp","href":"https:\/\/api.w.org\/{rel}","templated":true}]}}