{"id":3955,"date":"2023-07-13T16:06:39","date_gmt":"2023-07-13T14:06:39","guid":{"rendered":"https:\/\/agrarpetrovic.rs\/?post_type=product&#038;p=3955"},"modified":"2023-07-13T16:06:51","modified_gmt":"2023-07-13T14:06:51","slug":"different-250-ec-fungicid","status":"publish","type":"product","link":"https:\/\/agrarpetrovic.rs\/en\/proizvod\/different-250-ec-fungicid\/","title":{"rendered":"Different 250 EC -Fungicid"},"content":{"rendered":"<div class=\"group-technical-info field-group-div technical-info-processed product-accordion-processed ui-accordion ui-widget ui-helper-reset\" role=\"tablist\">\n<div id=\"ui-accordion-1-panel-0\" class=\"content ui-accordion-content ui-helper-reset ui-widget-content ui-corner-bottom ui-accordion-content-active\" role=\"tabpanel\" aria-labelledby=\"ui-accordion-1-header-0\" aria-hidden=\"false\">\n<div class=\"field field-name-field-product-category field-type-taxonomy-term-reference field-label-above\">\n<div class=\"field-item even\">Kategorija:<a href=\"https:\/\/www.agrosava.com\/products\/fungicides\">Fungicidi<\/a><\/div>\n<\/div>\n<div class=\"field field-name-field-product-ctive-ingredient field-type-text field-label-above\">\n<div class=\"field-item even\">Aktivna materija:Difenokonazol 250 g\/l<\/div>\n<\/div>\n<div class=\"field field-name-field-product-formulation field-type-text field-label-above\">\n<div class=\"field-item even\">Formulacija:Koncentrat za emulziju (EC)<\/div>\n<\/div>\n<div class=\"field field-name-field-product-resistance-class field-type-text field-label-above\">\n<div class=\"field-item even\">Klasifikacija rezistentnosti:3<\/div>\n<\/div>\n<div class=\"field field-name-field-product-packaging field-type-text field-label-above\">\n<div class=\"field-item even\">Pakovanje:5 ml, 100 ml, 250 ml i 1 L<\/div>\n<\/div>\n<div class=\"field field-name-field-product-manufacturer field-type-taxonomy-term-reference field-label-above\">\n<div class=\"field-item even\">Proizvo\u0111a\u010d:Chemical Agrosava<\/div>\n<\/div>\n<div class=\"field field-name-field-product-technical-informat field-type-text-with-summary field-label-hidden\">\n<div class=\"field-items\">\n<div class=\"field-item even\">\n<p class=\"rtejustify\"><strong>Karenca:<\/strong><br \/>\nJabuka \u2013 28 dana<br \/>\n\u0160e\u0107erna repa \u2013 35 dana<\/p>\n<\/div>\n<\/div>\n<\/div>\n<\/div>\n<\/div>\n<div class=\"group-primena field-group-div primena-processed product-accordion-processed ui-accordion ui-widget ui-helper-reset\" role=\"tablist\">\n<h2 id=\"ui-accordion-2-header-0\" class=\"ui-accordion-header ui-helper-reset ui-state-default ui-accordion-icons ui-accordion-header-active ui-state-active ui-corner-top\" role=\"tab\">Primena<\/h2>\n<div id=\"ui-accordion-2-panel-0\" class=\"content ui-accordion-content ui-helper-reset ui-widget-content ui-corner-bottom ui-accordion-content-active\" role=\"tabpanel\" aria-labelledby=\"ui-accordion-2-header-0\" aria-hidden=\"false\">\n<div class=\"field field-name-field-product-application field-type-text-with-summary field-label-hidden\">\n<div class=\"field-items\">\n<div class=\"field-item even\">\n<p class=\"rtejustify\"><strong>Lokalsistemi\u010dni fungicid sa preventivnim i kurativnim delovanjem<\/strong><\/p>\n<p class=\"rtejustify\"><strong>JABUKA:<\/strong> za suzbijanje prouzrokova\u010da \u010da\u0111ave pegavosti lista i krastavosti plodova <em>(Venturia inaequalis)<\/em> u koncentraciji 0,02-0,03% (2-3 ml\/10 l vode).<br \/>\n<strong>Vreme primene:<\/strong><br \/>\n<strong>Preventivno<\/strong> \u2013 tokom primarnih zaraza, u koncentraciji od 0,02%, od fenofaze, kada su prvi listovi otvoreni, do plodova razvijenih do veli\u010dine 20 mm (faze 11-72 BBCH skale).<br \/>\n<strong>Kurativno<\/strong> \u2013 do 3 dana posle stvaranja uslova za zarazu, u koncentraciji od 0,03% (3 ml\/10 l vode). Interval izme\u0111u dva tretiranja je 8-14 dana.<\/p>\n<p><strong>\u0160E\u0106ERNA REPA:<\/strong> za suzbijanje prouzrokova\u010da pegavosti li\u0161\u0107a \u0161e\u0107erne repe <em>(Cercospora beticola)<\/em> u koli\u010dini 0,4-0,6 l\/ha, uz utro\u0161ak 200-400 l vode po hektaru.<br \/>\n<strong>Vreme primene:<\/strong> preventivno ili po pojavi prvih simptoma.<\/p>\n<p class=\"rtejustify\"><strong>Mogu\u0107nost druge primene<\/strong><\/p>\n<p class=\"rtejustify\"><strong>P\u0160ENICA I JE\u010cAM:<\/strong> za suzbijanje prouzrokova\u010da sive pegavosti lista i klasa <em>(Septoria spp.)<\/em>, pepelnice <em>(Erysiphe spp.)<\/em> i r\u0111e <em>(Puccinia spp.)<\/em>.<br \/>\n<strong>Vreme primene:<\/strong> s obzirom na brzinu razvi\u0107a, mora se koristiti u po\u010detku pojave.<br \/>\nPreparati na bazi aktivne materije difenokonazol posebno su efikasni pri suzbijanju r\u0111e izdanka i lista kupine <em>(Kuehneola uredinis)<\/em>, crne pegavosti dunje <em>(Diplocarpon maculatum)<\/em> i ru\u017ee <em>(Diplocarpon rosae)<\/em>.<\/p>\n<p class=\"rtejustify\"><strong>MOGU\u0106NOST ME\u0160ANJA<\/strong><\/p>\n<p class=\"rtejustify\">Pre me\u0161anja preparata <strong>Different 250 EC<\/strong> sa drugim preparatima, naro\u010dito drugih formulacija, treba proveriti njihovu fizi\u010dku kompatibilnost. Ne sme se me\u0161ati sa insekticidima izuzetno kisele reakcije.<\/p>\n<\/div>\n<\/div>\n<\/div>\n<\/div>\n<\/div>\n<div class=\"group-caracteristics field-group-div caracteristics-processed product-accordion-processed ui-accordion ui-widget ui-helper-reset\" role=\"tablist\">\n<h2 id=\"ui-accordion-3-header-0\" class=\"ui-accordion-header ui-helper-reset ui-state-default ui-accordion-icons ui-accordion-header-active ui-state-active ui-corner-top\" role=\"tab\">Karakteristike<\/h2>\n<div id=\"ui-accordion-3-panel-0\" class=\"content ui-accordion-content ui-helper-reset ui-widget-content ui-corner-bottom ui-accordion-content-active\" role=\"tabpanel\" aria-labelledby=\"ui-accordion-3-header-0\" aria-hidden=\"false\">\n<div class=\"field field-name-field-products-characteristics field-type-text-with-summary field-label-hidden\">\n<div class=\"field-items\">\n<div class=\"field-item even\">\n<p class=\"rtejustify\"><strong>Different 250 EC<\/strong> je lokalsistemi\u010dni fungicid sa preventivnim i kurativnim delovanjem za suzbijanje prouzrokova\u010da \u010da\u0111ave pegavosti lista i krastavosti plodova jabuke <em>(Venturia inaequalis)<\/em>, kao i pegavosti li\u0161\u0107a \u0161e\u0107erne repe <em>(Cercospora beticola)<\/em>. Difenokonazol, aktivna materija preparata <strong>Different 250 EC<\/strong>, jedna je od naj\u010de\u0161\u0107ih materija iz grupe triazola, penetranata sa translaminarnim kretanjem kroz list. Triazoli inhibiraju sintezu sterola gljiva. Tako\u0111e, u izvesnoj meri su retardanti rasta jabuke, jer i kod njih inhibiraju sintezu sterola. Osim toga, kod ove grupe fungicida utvr\u0111ena je rezistencija, koja nije trajnog karaktera, pa se osetljivost patogena obnavlja posle izvesnog vremena. FRAC preporu\u010duje da se triazoli u toku godine koriste maksimalno 4 puta kako bi se sa\u010duvala efikasnost. FRAC preporu\u010duje triazolima obavezno dodavanje fungicida sa multi-site efektom kao \u0161to su: mankozeb (<a href=\"https:\/\/www.agrosava.com\/mankosav-75-wg\" target=\"_blank\" rel=\"noopener noreferrer\"><strong>Mankosav<\/strong><\/a>), fluazinam (<a href=\"https:\/\/www.agrosava.com\/niveral\" target=\"_blank\" rel=\"noopener noreferrer\"><strong>Niveral<\/strong><\/a>), propineb (<a href=\"https:\/\/www.agrosava.com\/antracol\u00ae-wp-70\" target=\"_blank\" rel=\"noopener noreferrer\"><strong>Antracol<sup>\u00ae<\/sup> WP-70<\/strong><\/a>), ditianon (<a href=\"https:\/\/www.agrosava.com\/delan\u00ae-700-wg\" target=\"_blank\" rel=\"noopener noreferrer\"><strong>Delan<sup>\u00ae<\/sup> 700 WG<\/strong><\/a>), kaptan (<a href=\"https:\/\/www.agrosava.com\/merpan\u00ae-80-wdg\" target=\"_blank\" rel=\"noopener noreferrer\"><strong>Merpan<sup>\u00ae<\/sup> 80 WDG<\/strong><\/a>) i sli\u010dno.<\/p>\n<p class=\"rtejustify\"><strong>NAPOMENA<\/strong><\/p>\n<p class=\"rtejustify\"><strong>Different 250 EC<\/strong> primenjuje se kada su temperature iznad 10\u00b0C, u vreme zaraze askosporama. S obzirom na ograni\u010den broj tretiranja i bolju za\u0161titu plodova od lista, optimalna primena preparata <strong>Different 250 EC<\/strong> je u fazi posle formiranja plodova, 4 puta i redovno u kombinaciji sa multi-site fungicidima. Ako postoje uslovi za infekcije (vla\u017eno vreme), razmak izme\u0111u dva tretmana je do 8 dana. Vreme izme\u0111u dva tretmana se produ\u017eava samo ako uslovi za infekcije nisu povoljni.<br \/>\n<strong>Different 250 EC<\/strong> po pravilu treba koristiti pre ki\u0161a (ostvarivanja zaraza). Ako se primarne infekcije ne spre\u010de i do\u0111e do pojave simptoma, za \u201espaljivanje\u201c fleka <strong>Different 250 EC<\/strong> koristi se u koli\u010dini od 300 ml\/ha, uz dodatak preparata <a href=\"https:\/\/www.agrosava.com\/merpan\u00ae-80-wdg\" target=\"_blank\" rel=\"noopener noreferrer\"><strong>Merpan<sup>\u00ae<\/sup> 80 WDG<\/strong><\/a> u koli\u010dini od 3 kg\/ha, i to dva puta u razmaku od 5 dana<\/p>\n<\/div>\n<\/div>\n<\/div>\n<\/div>\n<\/div>","protected":false},"excerpt":{"rendered":"<p><b>Lokal sistemi\u010dni fungicid sa preventivnim i kurativnim delovanjem<\/b><\/p>\n<p><u><b>Primena: <\/b><\/u><\/p>\n<p>JABUKA:<\/p>\n<p>0,02-0,03% za suzbijanje <i>Venturia inaequalis <\/i>(11-72 BBCH)<\/p>\n<p>\u0160E\u0106ERNA REPA<\/p>\n<p>0,4-0,6 l\/ha za suzbijanje <i>Cercospora beticola<\/i><\/p>\n<p>Druge primene:<\/p>\n<p>Za suzbijanje bolesti lista i stabla na p\u0161enici i je\u010dmu. Za suzbijanje crne pegavosti dunje i ru\u017ee<\/p>","protected":false},"featured_media":3977,"template":"","meta":[],"product_brand":[],"product_cat":[219,224,242,243,244,223,239,241,240],"product_tag":[],"class_list":{"0":"post-3955","1":"product","2":"type-product","3":"status-publish","4":"has-post-thumbnail","6":"product_cat-fungicidi","7":"product_cat-fungicidi-protiv-cadjave-pegavosti-lista-i-krastavosti-plodova","8":"product_cat-fungicidi-protiv-pegavosti-lista-i-klasa","9":"product_cat-fungicidi-protiv-pepelnice-u-strnim-zitima","10":"product_cat-fungicidi-protiv-rdje-lista","11":"product_cat-fungicidi-u-jabucastom-vocu","12":"product_cat-fungicidi-u-ratarstvu","13":"product_cat-fungicidi-u-secernoj-repi","14":"product_cat-fungicidi-u-strnim-zitima","16":"first","17":"instock","18":"shipping-taxable","19":"product-type-simple"},"_links":{"self":[{"href":"https:\/\/agrarpetrovic.rs\/en\/wp-json\/wp\/v2\/product\/3955","targetHints":{"allow":["GET"]}}],"collection":[{"href":"https:\/\/agrarpetrovic.rs\/en\/wp-json\/wp\/v2\/product"}],"about":[{"href":"https:\/\/agrarpetrovic.rs\/en\/wp-json\/wp\/v2\/types\/product"}],"wp:featuredmedia":[{"embeddable":true,"href":"https:\/\/agrarpetrovic.rs\/en\/wp-json\/wp\/v2\/media\/3977"}],"wp:attachment":[{"href":"https:\/\/agrarpetrovic.rs\/en\/wp-json\/wp\/v2\/media?parent=3955"}],"wp:term":[{"taxonomy":"product_brand","embeddable":true,"href":"https:\/\/agrarpetrovic.rs\/en\/wp-json\/wp\/v2\/product_brand?post=3955"},{"taxonomy":"product_cat","embeddable":true,"href":"https:\/\/agrarpetrovic.rs\/en\/wp-json\/wp\/v2\/product_cat?post=3955"},{"taxonomy":"product_tag","embeddable":true,"href":"https:\/\/agrarpetrovic.rs\/en\/wp-json\/wp\/v2\/product_tag?post=3955"}],"curies":[{"name":"wp","href":"https:\/\/api.w.org\/{rel}","templated":true}]}}