{"id":3957,"date":"2023-07-13T16:06:39","date_gmt":"2023-07-13T14:06:39","guid":{"rendered":"https:\/\/agrarpetrovic.rs\/?post_type=product&#038;p=3957"},"modified":"2023-07-13T16:06:51","modified_gmt":"2023-07-13T14:06:51","slug":"dionis-fungicid","status":"publish","type":"product","link":"https:\/\/agrarpetrovic.rs\/en\/proizvod\/dionis-fungicid\/","title":{"rendered":"Dionis &#8211; Fungicid"},"content":{"rendered":"<div class=\"group-technical-info field-group-div technical-info-processed product-accordion-processed ui-accordion ui-widget ui-helper-reset\" role=\"tablist\">\n<div id=\"ui-accordion-1-panel-0\" class=\"content ui-accordion-content ui-helper-reset ui-widget-content ui-corner-bottom ui-accordion-content-active\" role=\"tabpanel\" aria-labelledby=\"ui-accordion-1-header-0\" aria-hidden=\"false\">\n<div class=\"field field-name-field-product-category field-type-taxonomy-term-reference field-label-above\">\n<div class=\"field-label\"><\/div>\n<div class=\"field-items\">\n<div class=\"field-item even\">Klasa:<a href=\"https:\/\/www.agrosava.com\/products\/fungicides\">Fungicidi<\/a><\/div>\n<\/div>\n<\/div>\n<div class=\"field field-name-field-product-ctive-ingredient field-type-text field-label-above\">\n<div class=\"field-item even\">Aktivna materija:Iprodion 500 g\/l<\/div>\n<\/div>\n<div class=\"field field-name-field-product-formulation field-type-text field-label-above\">\n<div class=\"field-item even\">Formulacija:Koncentrovana suspenzija (SC)<\/div>\n<\/div>\n<div class=\"field field-name-field-product-resistance-class field-type-text field-label-above\">\n<div class=\"field-item even\">Klasifikacija rezistentnosti:2<\/div>\n<\/div>\n<div class=\"field field-name-field-product-packaging field-type-text field-label-above\">\n<div class=\"field-item even\">Pakovanje:50 ml i 1 L<\/div>\n<\/div>\n<div class=\"field field-name-field-product-manufacturer field-type-taxonomy-term-reference field-label-above\">\n<div class=\"field-item even\">Proizvo\u0111a\u010d:Chemical Agrosava<\/div>\n<\/div>\n<div class=\"field field-name-field-product-technical-informat field-type-text-with-summary field-label-hidden\">\n<div class=\"field-items\">\n<div class=\"field-item even\">\n<p><strong>Karenca:<\/strong><br \/>\nVinova loza \u2013 28 dana<br \/>\nMalina i jagoda \u2013 14 dana<br \/>\nBreskva i \u0161ljiva \u2013 obezbe\u0111ena vremenom primene<\/p>\n<\/div>\n<\/div>\n<\/div>\n<\/div>\n<\/div>\n<div class=\"group-primena field-group-div primena-processed product-accordion-processed ui-accordion ui-widget ui-helper-reset\" role=\"tablist\">\n<h2 id=\"ui-accordion-2-header-0\" class=\"ui-accordion-header ui-helper-reset ui-state-default ui-accordion-icons ui-accordion-header-active ui-state-active ui-corner-top\" role=\"tab\">Primena<\/h2>\n<div id=\"ui-accordion-2-panel-0\" class=\"content ui-accordion-content ui-helper-reset ui-widget-content ui-corner-bottom ui-accordion-content-active\" role=\"tabpanel\" aria-labelledby=\"ui-accordion-2-header-0\" aria-hidden=\"false\">\n<div class=\"field field-name-field-product-application field-type-text-with-summary field-label-hidden\">\n<div class=\"field-items\">\n<div class=\"field-item even\">\n<p><strong>Fungicid sa preventivnim delovanjem<\/strong><\/p>\n<p><strong>BRESKVA I \u0160LJIVA:<\/strong> za suzbijanje prouzrokova\u010da su\u0161enja cvetova i gran\u010dica i mrke trule\u017ei ko\u0161ti\u010davog vo\u0107a <em>(Monilinia laxa)<\/em> u koli\u010dini od 1,5 l\/ha (15 ml\/100 m\u00b2).<br \/>\n<strong>Vreme primene:<\/strong> preventivno, jednom po\u010detkom cvetanja (59-61 BBCH skale) i drugi put u fazi punog cvetanja (65 BBCH skale).<\/p>\n<p><strong>VINOVA LOZA:<\/strong> za suzbijanje prouzrokova\u010da sive trule\u017ei <em>(Botrytis cinerea)<\/em> u koli\u010dini od 1 l\/ha (10 ml\/100 m\u00b2).<br \/>\n<strong>Vreme primene:<\/strong> u fazi formiranja bobica: od faze precvetavanja do faze \u0161arka (69-83 BBCH skale).<\/p>\n<p><strong>MALINA:<\/strong> za suzbijanje prouzrokova\u010da sive trule\u017ei <em>(Botrytis cinerea)<\/em> u koli\u010dini 1,5-2 l\/ha (15-20 ml\/100 m\u00b2).<br \/>\n<strong>Vreme primene:<\/strong> neposredno pred po\u010detak cvetanja, tokom cvetanja i po\u010detkom zrenja.<\/p>\n<p><strong>JAGODA:<\/strong> za suzbijanje prouzrokova\u010da sive trule\u017ei <em>(Botrytis cinerea)<\/em> u koli\u010dini 1,5-2 l\/ha (15-20 ml\/100 m\u00b2).<br \/>\n<strong>Vreme primene:<\/strong> neposredno pred po\u010detak cvetanja, tokom cvetanja i po\u010detkom zrenja.<br \/>\nPreparat se u toku godine mo\u017ee primeniti dva puta na istoj povr\u0161ini.<\/p>\n<p><strong>Mogu\u0107nost druge primene<\/strong><\/p>\n<p><strong>JABUKA:<\/strong><\/p>\n<ul>\n<li class=\"rtejustify\">za suzbijanje prouzrokova\u010da crne pegavosti <em>(Alternaria alternata)<\/em> koja se razvija na plodovima i <em>Alternaria pomi<\/em> na li\u0161\u0107u. Uslov za pojavu jeste velika vla\u017enost i tada se preparat koristi u koli\u010dini od 300 ml\/100 l vode. Na ovu bolest posebno su osetljive crvene sorte.<\/li>\n<\/ul>\n<p><strong>Vreme primene:<\/strong> posle cvetanja.<\/p>\n<p><strong>MOGU\u0106NOST ME\u0160ANJA<\/strong><\/p>\n<p><strong>Dionis<\/strong> nema specijalna ograni\u010denja u pogledu me\u0161anja. Pre me\u0161anja sa drugim preparatima, naro\u010dito drugih formulacija, treba proveriti njihovu fizi\u010dku kompatibilnost.<\/p>\n<\/div>\n<\/div>\n<\/div>\n<\/div>\n<\/div>\n<div class=\"group-caracteristics field-group-div caracteristics-processed product-accordion-processed ui-accordion ui-widget ui-helper-reset\" role=\"tablist\">\n<h2 id=\"ui-accordion-3-header-0\" class=\"ui-accordion-header ui-helper-reset ui-state-default ui-accordion-icons ui-accordion-header-active ui-state-active ui-corner-top\" role=\"tab\">Karakteristike<\/h2>\n<div id=\"ui-accordion-3-panel-0\" class=\"content ui-accordion-content ui-helper-reset ui-widget-content ui-corner-bottom ui-accordion-content-active\" role=\"tabpanel\" aria-labelledby=\"ui-accordion-3-header-0\" aria-hidden=\"false\">\n<div class=\"field field-name-field-products-characteristics field-type-text-with-summary field-label-hidden\">\n<div class=\"field-items\">\n<div class=\"field-item even\">\n<p><strong>Dionis<\/strong> je kontaktni preparat za suzbijanje: prouzrokova\u010da su\u0161enja cvetova i gran\u010dica i mrke trule\u017ei ko\u0161ti\u010davog vo\u0107a i prouzrokova\u010da sive trule\u017ei vinove loze, maline, jagode i drugih biljaka. <strong>Dionis<\/strong> je na bazi aktivne materije iprodion, koja spre\u010dava deobu \u0107elija patogena (klijanje spora i rast micelija gljiva).<br \/>\nAktivna materija iprodion deluje na gljive i prouzrokova\u010de trule\u017ei koji imaju veliku potrebu za vlagom (<em>Botrytis spp., Monilinia spp., Alternaria spp., Fusarium spp., Phoma spp., Rhizoctonia spp<\/em>. i dr.). Vlaga im je neophodna da bi mogle da ostvare infekciju biljke. Koli\u010dina primene preparata <strong>Dionis<\/strong> u velikoj meri zavisi od vla\u017enosti.<\/p>\n<p><strong>FITOTOKSI\u010cNOST<\/strong><\/p>\n<p>Preparat primenjen prema uputstvu proizvo\u0111a\u010da nema opasnosti od fitotoksi\u010dnosti.<\/p>\n<\/div>\n<\/div>\n<\/div>\n<\/div>\n<\/div>","protected":false},"excerpt":{"rendered":"<p><b>Folijarni fungicid sa preventivnim delovanjem<\/b><\/p>\n<p><u><b>Primena: <\/b><\/u><\/p>\n<p><b>Breskva i \u0161ljiva: za suzbijanje <\/b><i>Monilia laxa<\/i>.<\/p>\n<p><b>2 puta, po\u010detkom cvetanja i u fazi punog cvetanja<\/b><\/p>\n<p><b>Vinova loza:<\/b><\/p>\n<p>1 l\/ha za suzbijanje <i>Botrytis cinerea<\/i>, od faze precvetavanja do faze \u0161arka<\/p>\n<p><u><b>Druge primene: <\/b><\/u>Alternaria na jabuci, <i>Botrytis cinerea <\/i>na jagodastom vo\u0107u i povr\u0107u<\/p>","protected":false},"featured_media":3979,"template":"","meta":[],"product_brand":[],"product_cat":[219,231,236,229,228,230,221,222],"product_tag":[],"class_list":{"0":"post-3957","1":"product","2":"type-product","3":"status-publish","4":"has-post-thumbnail","6":"product_cat-fungicidi","7":"product_cat-fungicidi-protiv-monilia-spp","8":"product_cat-fungicidi-protiv-sive-trulezi-u-vinovoj-lozi","9":"product_cat-fungicidi-protiv-sive-trulezi-u-jagodicastom-vocu","10":"product_cat-fungicidi-u-jagodicastom-vocu","11":"product_cat-fungicidi-u-kosticavom-vocu","12":"product_cat-fungicidi-u-vinovoj-lozi","13":"product_cat-fungicidi-u-vocarstvu","15":"first","16":"instock","17":"shipping-taxable","18":"product-type-simple"},"_links":{"self":[{"href":"https:\/\/agrarpetrovic.rs\/en\/wp-json\/wp\/v2\/product\/3957","targetHints":{"allow":["GET"]}}],"collection":[{"href":"https:\/\/agrarpetrovic.rs\/en\/wp-json\/wp\/v2\/product"}],"about":[{"href":"https:\/\/agrarpetrovic.rs\/en\/wp-json\/wp\/v2\/types\/product"}],"wp:featuredmedia":[{"embeddable":true,"href":"https:\/\/agrarpetrovic.rs\/en\/wp-json\/wp\/v2\/media\/3979"}],"wp:attachment":[{"href":"https:\/\/agrarpetrovic.rs\/en\/wp-json\/wp\/v2\/media?parent=3957"}],"wp:term":[{"taxonomy":"product_brand","embeddable":true,"href":"https:\/\/agrarpetrovic.rs\/en\/wp-json\/wp\/v2\/product_brand?post=3957"},{"taxonomy":"product_cat","embeddable":true,"href":"https:\/\/agrarpetrovic.rs\/en\/wp-json\/wp\/v2\/product_cat?post=3957"},{"taxonomy":"product_tag","embeddable":true,"href":"https:\/\/agrarpetrovic.rs\/en\/wp-json\/wp\/v2\/product_tag?post=3957"}],"curies":[{"name":"wp","href":"https:\/\/api.w.org\/{rel}","templated":true}]}}