{"id":3958,"date":"2023-07-13T16:06:39","date_gmt":"2023-07-13T14:06:39","guid":{"rendered":"https:\/\/agrarpetrovic.rs\/?post_type=product&#038;p=3958"},"modified":"2023-07-13T16:06:52","modified_gmt":"2023-07-13T14:06:52","slug":"duofen-fungicid","status":"publish","type":"product","link":"https:\/\/agrarpetrovic.rs\/en\/proizvod\/duofen-fungicid\/","title":{"rendered":"Duofen &#8211; Fungicid"},"content":{"rendered":"<div class=\"group-technical-info field-group-div technical-info-processed product-accordion-processed ui-accordion ui-widget ui-helper-reset\" role=\"tablist\">\n<div id=\"ui-accordion-1-panel-0\" class=\"content ui-accordion-content ui-helper-reset ui-widget-content ui-corner-bottom ui-accordion-content-active\" role=\"tabpanel\" aria-labelledby=\"ui-accordion-1-header-0\" aria-hidden=\"false\">\n<div class=\"field field-name-field-product-category field-type-taxonomy-term-reference field-label-above\">\n<div class=\"field-label\">Kategorija:Fungicid<\/div>\n<\/div>\n<div class=\"field field-name-field-product-ctive-ingredient field-type-text field-label-above\">\n<div class=\"field-item even\">Aktivna materija:Tiofanat-metil 500 g\/l<\/div>\n<\/div>\n<div class=\"field field-name-field-product-formulation field-type-text field-label-above\">\n<div class=\"field-item even\">Formulacija:Koncentrovana suspenzija (SC)<\/div>\n<\/div>\n<div class=\"field field-name-field-product-resistance-class field-type-text field-label-above\">\n<div class=\"field-item even\">Klasifikacija rezistentnosti:1<\/div>\n<\/div>\n<div class=\"field field-name-field-product-packaging field-type-text field-label-above\">\n<div class=\"field-item even\">Pakovanje: 250 ml i 1 L<\/div>\n<\/div>\n<div class=\"field field-name-field-product-manufacturer field-type-taxonomy-term-reference field-label-above\">\n<div class=\"field-item even\">Proizvo\u0111a\u010d: Chemical Agrosava<\/div>\n<\/div>\n<div class=\"field field-name-field-product-technical-informat field-type-text-with-summary field-label-hidden\">\n<div class=\"field-items\">\n<div class=\"field-item even\">\n<p class=\"rtejustify\"><strong>Karenca:<\/strong><br \/>\nObezbe\u0111ena vremenom primene<\/p>\n<\/div>\n<\/div>\n<\/div>\n<\/div>\n<\/div>\n<div class=\"group-primena field-group-div primena-processed product-accordion-processed ui-accordion ui-widget ui-helper-reset\" role=\"tablist\">\n<h2 id=\"ui-accordion-2-header-0\" class=\"ui-accordion-header ui-helper-reset ui-state-default ui-accordion-icons ui-accordion-header-active ui-state-active ui-corner-top\" role=\"tab\">Primena<\/h2>\n<div id=\"ui-accordion-2-panel-0\" class=\"content ui-accordion-content ui-helper-reset ui-widget-content ui-corner-bottom ui-accordion-content-active\" role=\"tabpanel\" aria-labelledby=\"ui-accordion-2-header-0\" aria-hidden=\"false\">\n<div class=\"field field-name-field-product-application field-type-text-with-summary field-label-hidden\">\n<div class=\"field-items\">\n<div class=\"field-item even\">\n<p class=\"rtejustify\"><strong>Fungicid sa preventivnim i kurativnim delovanjem<\/strong><\/p>\n<p class=\"rtejustify\"><strong>BRESKVA I \u0160LJIVA:<\/strong> za suzbijanje prouzrokova\u010da su\u0161enja cvetova i gran\u010dica i mrke trule\u017ei ko\u0161ti\u010davog vo\u0107a <em>(Monilinia laxa)<\/em> u koli\u010dini od 1,5 l\/ha (15 ml\/100 m\u00b2).<br \/>\n<strong>Vreme primene:<\/strong><br \/>\n<strong>Prvo tretiranje<\/strong> \u2013 po\u010detkom cvetanja (59-61 BBCH skale).<br \/>\n<strong>Drugo tretiranje<\/strong> \u2013 u fazi punog cvetanja (65 BBCH skale).<br \/>\nPreparat se primenjuje preventivno. Koristi se folijarno, prskanjem, uz utro\u0161ak vode od 1.000 l\/ha.<\/p>\n<p class=\"rtejustify\"><strong>Mogu\u0107nost druge primene<\/strong><\/p>\n<p class=\"rtejustify\"><strong>MALINA:<\/strong> za suzbijanje prouzrokova\u010da kestenjaste pegavosti i su\u0161enja lastara maline <em>(Didymella applanata)<\/em> u koli\u010dini od 1,5 l\/ha.<br \/>\n<strong>Vreme primene:<\/strong> tretiranjem neposredno posle berbe.<br \/>\n<strong>JAGODA:<\/strong> za suzbijanje prouzrokova\u010da pegavosti li\u0161\u0107a jagode <em>(Mycosphaerella fragariae)<\/em>.<br \/>\n<strong>Vreme primene:<\/strong> tretiranjem pre i posle cvetanja i neposredno posle berbe.<\/p>\n<p class=\"rtejustify\">Tiofanat-metil se mo\u017ee koristiti u usevu p\u0161enice za suzbijanje <em>Septoria spp., Fusarium spp., Alternaria spp<\/em>., u \u0161e\u0107ernoj repi se primenjuje za suzbijanje <em>Cercospora beticola<\/em>. U vinovoj lozi i povr\u0107u za suzbijanje prouzrokova\u010da sive trule\u017ei <em>(Botrytis cinerea)<\/em>.<br \/>\n<strong>Duofen<\/strong> se koristi za suzbijanje prouzrokova\u010da zelenog uvenu\u0107a <em>(Verticillium albo-atrum)<\/em> zalivanjem, posle rasa\u0111ivanja, u koli\u010dini 2-3 l\/ha.<br \/>\nPri proizvodnji lubenica primeniti najmanje 0,5 l rastvora po biljci, a u proizvodnji paprike i paradajza rastvor pustiti kroz sistem za zalivanje. <strong>Duofen<\/strong> ispoljava sekundarno delovanje na nematode korena.<\/p>\n<p class=\"rtejustify\"><strong>MOGU\u0106NOST ME\u0160ANJA<\/strong><\/p>\n<p class=\"rtejustify\">Pre me\u0161anja preparata <strong>Duofen<\/strong> sa drugim preparatima, naro\u010dito drugih formulacija, treba proveriti njihovu fizi\u010dku kompatibilnost.<\/p>\n<\/div>\n<\/div>\n<\/div>\n<\/div>\n<\/div>\n<div class=\"group-caracteristics field-group-div caracteristics-processed product-accordion-processed ui-accordion ui-widget ui-helper-reset\" role=\"tablist\">\n<h2 id=\"ui-accordion-3-header-0\" class=\"ui-accordion-header ui-helper-reset ui-state-default ui-accordion-icons ui-accordion-header-active ui-state-active ui-corner-top\" role=\"tab\">Karakteristike<\/h2>\n<div id=\"ui-accordion-3-panel-0\" class=\"content ui-accordion-content ui-helper-reset ui-widget-content ui-corner-bottom ui-accordion-content-active\" role=\"tabpanel\" aria-labelledby=\"ui-accordion-3-header-0\" aria-hidden=\"false\">\n<div class=\"field field-name-field-products-characteristics field-type-text-with-summary field-label-hidden\">\n<div class=\"field-items\">\n<div class=\"field-item even\">\n<p class=\"rtejustify\"><strong>Duofen<\/strong> je folijarni fungicid sa preventivnim i kurativnim delovanjem za suzbijanje prouzrokova\u010da su\u0161enja cvetova i gran\u010dica i mrke trule\u017ei ko\u0161ti\u010davog vo\u0107a.<br \/>\n<strong>Duofen<\/strong> je na bazi aktivne materije tiofanat-metil, koji spre\u010dava deobu \u0107elija gljiva. Usvaja se preko lista i korena.<\/p>\n<\/div>\n<\/div>\n<\/div>\n<\/div>\n<\/div>","protected":false},"excerpt":{"rendered":"<p><b>Fungicid sa preventivnim i kurativnim <\/b><b>delovanjem <\/b><\/p>\n<p><u><b>Primena: <\/b><\/u><\/p>\n<p><b>Breskva i \u0161ljiva: <\/b>1,5 l\/ha za suzbijanje <i>Monilia laxa<\/i><\/p>\n<p><u><b>Druge primene:<\/b><\/u><\/p>\n<p><i>Didymella applanata <\/i>na malini<\/p>\n<p><i>Mycosphaerella fragariae <\/i>na jagodi<\/p>\n<p><i>Septoria, Fusarium, Alternaria <\/i>na p\u0161enici<\/p>\n<p><i>Cercospora beticola <\/i>na \u0161e\u0107ernoj repi<\/p>\n<p><i>Botrytis cinerea <\/i>na vinovoj lozi<\/p>","protected":false},"featured_media":3980,"template":"","meta":[],"product_brand":[],"product_cat":[219,231,246,242,226,236,245,247,228,230,220,239,241,240,221,222],"product_tag":[],"class_list":{"0":"post-3958","1":"product","2":"type-product","3":"status-publish","4":"has-post-thumbnail","6":"product_cat-fungicidi","7":"product_cat-fungicidi-protiv-monilia-spp","8":"product_cat-fungicidi-protiv-palezi-klasa-fusarium-sp","9":"product_cat-fungicidi-protiv-pegavosti-lista-i-klasa","10":"product_cat-fungicidi-protiv-plamenjace","11":"product_cat-fungicidi-protiv-sive-trulezi-u-vinovoj-lozi","12":"product_cat-fungicidi-protiv-susenja-lastara","13":"product_cat-fungicidi-protiv-uvenuca","14":"product_cat-fungicidi-u-jagodicastom-vocu","15":"product_cat-fungicidi-u-kosticavom-vocu","16":"product_cat-fungicidi-u-povrtarstvu","17":"product_cat-fungicidi-u-ratarstvu","18":"product_cat-fungicidi-u-secernoj-repi","19":"product_cat-fungicidi-u-strnim-zitima","20":"product_cat-fungicidi-u-vinovoj-lozi","21":"product_cat-fungicidi-u-vocarstvu","23":"first","24":"instock","25":"shipping-taxable","26":"product-type-simple"},"_links":{"self":[{"href":"https:\/\/agrarpetrovic.rs\/en\/wp-json\/wp\/v2\/product\/3958","targetHints":{"allow":["GET"]}}],"collection":[{"href":"https:\/\/agrarpetrovic.rs\/en\/wp-json\/wp\/v2\/product"}],"about":[{"href":"https:\/\/agrarpetrovic.rs\/en\/wp-json\/wp\/v2\/types\/product"}],"wp:featuredmedia":[{"embeddable":true,"href":"https:\/\/agrarpetrovic.rs\/en\/wp-json\/wp\/v2\/media\/3980"}],"wp:attachment":[{"href":"https:\/\/agrarpetrovic.rs\/en\/wp-json\/wp\/v2\/media?parent=3958"}],"wp:term":[{"taxonomy":"product_brand","embeddable":true,"href":"https:\/\/agrarpetrovic.rs\/en\/wp-json\/wp\/v2\/product_brand?post=3958"},{"taxonomy":"product_cat","embeddable":true,"href":"https:\/\/agrarpetrovic.rs\/en\/wp-json\/wp\/v2\/product_cat?post=3958"},{"taxonomy":"product_tag","embeddable":true,"href":"https:\/\/agrarpetrovic.rs\/en\/wp-json\/wp\/v2\/product_tag?post=3958"}],"curies":[{"name":"wp","href":"https:\/\/api.w.org\/{rel}","templated":true}]}}