{"id":3959,"date":"2023-07-13T16:06:39","date_gmt":"2023-07-13T14:06:39","guid":{"rendered":"https:\/\/agrarpetrovic.rs\/?post_type=product&#038;p=3959"},"modified":"2023-07-13T16:06:52","modified_gmt":"2023-07-13T14:06:52","slug":"everest-fungicid","status":"publish","type":"product","link":"https:\/\/agrarpetrovic.rs\/en\/proizvod\/everest-fungicid\/","title":{"rendered":"Everest &#8211; Fungicid"},"content":{"rendered":"<div class=\"group-technical-info field-group-div technical-info-processed product-accordion-processed ui-accordion ui-widget ui-helper-reset\" role=\"tablist\">\n<div id=\"ui-accordion-1-panel-0\" class=\"content ui-accordion-content ui-helper-reset ui-widget-content ui-corner-bottom ui-accordion-content-active\" role=\"tabpanel\" aria-labelledby=\"ui-accordion-1-header-0\" aria-hidden=\"false\">\n<div class=\"field field-name-field-product-category field-type-taxonomy-term-reference field-label-above\">\n<div class=\"field-item even\">Kategorija:<a href=\"https:\/\/www.agrosava.com\/products\/fungicides\">Fungicidi<\/a><\/div>\n<\/div>\n<div class=\"field field-name-field-product-ctive-ingredient field-type-text field-label-above\">\n<div class=\"field-item even\">Aktivna materija:Bakar hidroksid 368,5 g\/l (240 g bakarnog jona\/l)<\/div>\n<\/div>\n<div class=\"field field-name-field-product-formulation field-type-text field-label-above\">\n<div class=\"field-item even\">Formulacija:Koncentrovana suspenzija (SC)<\/div>\n<\/div>\n<div class=\"field field-name-field-product-resistance-class field-type-text field-label-above\">\n<div class=\"field-item even\">Klasifikacija rezistentnosti:M1<\/div>\n<\/div>\n<div class=\"field field-name-field-product-packaging field-type-text field-label-above\">\n<div class=\"field-item even\">Pakovanje:250 ml i 1 L<\/div>\n<\/div>\n<div class=\"field field-name-field-product-manufacturer field-type-taxonomy-term-reference field-label-above\">\n<div class=\"field-item even\">Proizvo\u0111a\u010d:Chemical Agrosava<\/div>\n<\/div>\n<div class=\"field field-name-field-product-technical-informat field-type-text-with-summary field-label-hidden\">\n<div class=\"field-items\">\n<div class=\"field-item even\">\n<p class=\"rtejustify\"><strong>Karenca:<\/strong><br \/>\nKrompir, paradajz, krastavac \u2013 7 dana<br \/>\nZa\u010dinska paprika \u2013 14 dana<br \/>\nVinova loza \u2013 28 dana<br \/>\nJabuka, malina, breskva, \u0161ljiva i vi\u0161nja \u2013 obezbe\u0111ena vremenom primene<\/p>\n<\/div>\n<\/div>\n<\/div>\n<\/div>\n<\/div>\n<div class=\"group-primena field-group-div primena-processed product-accordion-processed ui-accordion ui-widget ui-helper-reset\" role=\"tablist\">\n<h2 id=\"ui-accordion-2-header-0\" class=\"ui-accordion-header ui-helper-reset ui-state-default ui-accordion-icons ui-accordion-header-active ui-state-active ui-corner-top\" role=\"tab\">Primena<\/h2>\n<div id=\"ui-accordion-2-panel-0\" class=\"content ui-accordion-content ui-helper-reset ui-widget-content ui-corner-bottom ui-accordion-content-active\" role=\"tabpanel\" aria-labelledby=\"ui-accordion-2-header-0\" aria-hidden=\"false\">\n<div class=\"field field-name-field-product-application field-type-text-with-summary field-label-hidden\">\n<div class=\"field-items\">\n<div class=\"field-item even\">\n<p class=\"rtejustify\"><strong>Kontaktni fungicid, hromistacid i baktericid sa preventivnim delovanjem<\/strong><\/p>\n<p class=\"rtejustify\"><strong>KROMPIR:<\/strong> za suzbijanje prouzrokova\u010da plamenja\u010de <em>(Phytophthora infestans)<\/em> i prouzrokova\u010da crne pegavosti <em>(Alternaria solani)<\/em> u koncentraciji 0,3\u20130,4% (30-40 ml\/10 l vode).<br \/>\n<strong>Vreme primene:<\/strong> tokom faze intenzivnog rasta i cvetanja (BBCH 19-51\/69).<\/p>\n<p><strong>PARADAJZ:<\/strong> za suzbijanje prouzrokova\u010da plamenja\u010de <em>(Phytophthora infestans)<\/em> i prouzrokova\u010da crne pegavosti <em>(Alternaria solani)<\/em> u koncentraciji 0,3\u20130,4% (30-40 ml\/10 l vode).<br \/>\n<strong>Vreme primene:<\/strong> tokom faze intenzivnog rasta, cvetanja i formiranja plodova (BBCH 19-79).<\/p>\n<p><strong>KRASTAVAC:<\/strong> za suzbijanje prouzrokova\u010da plamenja\u010de <em>(Pseudoperonospora cubensis)<\/em> u koncentraciji 0,3\u20130,4% (30-40 ml\/10 l vode).<br \/>\n<strong>Vreme primene:<\/strong> od faze 2-3 lista (BBCH 12-13), pa do faze kada je otvoreno 3-5 cvetova na glavnom stablu (BBCH 63-65).<\/p>\n<p><strong>ZA\u010cINSKA PAPRIKA:<\/strong> za suzbijanje prouzrokova\u010da bakteriozne pegavosti paprike <em>(Xanthomonas euvesicatoria)<\/em> u koncentraciji 0,4-0,6% (40-60 ml\/10 l vode).<br \/>\n<strong>Vreme primene:<\/strong> od razvoja 4-5. pravog lista na glavnom stablu (BBCH 15) do faze razvoja plodova (BBCH 71-75).<\/p>\n<p><strong>BRESKVA:<\/strong> za suzbijanje prouzrokova\u010da kovrd\u017eavosti li\u0161\u0107a <em>(Taphrina deformans)<\/em> u koncentraciji 0,6-0,8% (60-80 ml\/10 l vode).<br \/>\n<strong>Vreme primene:<\/strong> pre kretanja vegetacije do po\u010detka bubrenja lisnih pupoljaka (faza 01 BBCH skale).<\/p>\n<p class=\"rtejustify\"><strong>MALINA:<\/strong><\/p>\n<ul>\n<li class=\"rtejustify\">za suzbijanje prouzrokova\u010da kestenjaste pegavosti i su\u0161enja lastara maline <em>(Didymella applanata)<\/em> u koncentraciji od 0,4% (40 ml\/10 l vode).<\/li>\n<\/ul>\n<p class=\"rtejustify\"><strong>Vreme primene:<\/strong> tokom faze intenzivnog rasta izbojaka (visina 20-120 cm) pa do po\u010detka cvetanja rodnih grana, u intervalima 8-10 dana, u zavisnosti od infekcionog potencijala i uslova za zarazu.<\/p>\n<ul>\n<li class=\"rtejustify\">za suzbijanje bakteriozne plamenja\u010de maline <em>(Pseudomonas syringae)<\/em> u koncentraciji 0,4% (40 ml na 10 l vode) u prole\u0107nom tretmanu i 0,5% (50 ml na 10 l vode) u jesenjem tretmanu.<\/li>\n<\/ul>\n<p class=\"rtejustify\"><strong>Vreme primene:<\/strong> u fazi intentzivnog porasta izbojaka pa do po\u010detka cvetanja rodnih grana u prole\u0107nom tretmanu i u fenovazi po\u010detka mirovanja u jesenjem tretmanu.<\/p>\n<p><strong>JABUKA:<\/strong><br \/>\n<strong>a) za suzbijanje prouzrokova\u010da \u010da\u0111ave pegavosti lista i krastavosti plodova jabuke <em>(Venturia inaequalis)<\/em>:<\/strong><\/p>\n<ul>\n<li class=\"rtejustify\">u koncentraciji od 0,7%.<\/li>\n<\/ul>\n<p class=\"rtejustify\"><strong>Vreme primene:<\/strong> pred kretanje vegetacije (00-03 BBCH skale).<\/p>\n<ul>\n<li class=\"rtejustify\">u koncentraciji od 0,5%.<\/li>\n<\/ul>\n<p class=\"rtejustify\"><strong>Vreme primene:<\/strong> u periodu bubrenja i pucanja pupoljaka do faze \u201emi\u0161je u\u0161i\u201c (07-54 BBCH skale).<\/p>\n<p class=\"rtejustify\"><strong>b) za suzbijanje bakteriozne plamenja\u010de jabu\u010dastog vo\u0107a <em>(Erwinia amylovora)<\/em>:<\/strong><\/p>\n<ul>\n<li class=\"rtejustify\">u koncentraciji od 0,7%.<\/li>\n<\/ul>\n<p class=\"rtejustify\"><strong>Vreme primene:<\/strong> pred kretanje vegetacije (00-03 BBCH skale).<\/p>\n<ul>\n<li class=\"rtejustify\">u koncentraciji od 0,5%.<\/li>\n<\/ul>\n<p class=\"rtejustify\"><strong>Vreme primene:<\/strong> u periodu bubrenja i pucanja pupoljaka do faze \u201emi\u0161je u\u0161i\u201c (07-54 BBCH skale).<\/p>\n<ul>\n<li class=\"rtejustify\">u koncentraciji 0,15\u20130,25%.<\/li>\n<\/ul>\n<p class=\"rtejustify\"><strong>Vreme primene:<\/strong> u periodu po\u010detka cvetanja (55-57 BBCH skale).<\/p>\n<ul>\n<li class=\"rtejustify\">u koncentraciji 0,1-0,12%.<\/li>\n<\/ul>\n<p class=\"rtejustify\"><strong>Vreme primene:<\/strong> neposredno pred cvetanje i tokom cvetanja (59-69 BBCH skale).<\/p>\n<p class=\"rtejustify\"><strong>VINOVA LOZA:<\/strong> za suzbijanje prouzrokova\u010da plamenja\u010de <em>(Plasmopara viticola)<\/em>, u koncentraciji 0,3-0,4% (30-40 ml\/10 l vode).<br \/>\n<strong>Vreme primene:<\/strong> tokom faze intenzivnog porasta (BBCH 15-16), cvetanja i razvoja bobica (BBCH 53-79), u zavisnosti od infekcionog potencijala i uslova za zarazu.<\/p>\n<p><strong>VI\u0160NJA:<\/strong> za suzbijanje prouzrokova\u010da bakterioznog su\u0161enja vi\u0161nje <em>(Pseudomons syringae)<\/em>, u koli\u010dini 1,4-1,8 l\/metru visine stabla\/ha.<br \/>\n<strong>Vreme primene:<\/strong> od zavr\u0161ene berbe pa do opadanja 70% listova.<\/p>\n<p><strong>\u0160LJIVA:<\/strong> za suzbijanje prouzrokova\u010da \u0161upljikavosti li\u0161\u0107a ko\u0161ti\u010davog vo\u0107a <em>(Stigmina carpophila)<\/em>, u koli\u010dini 5-6 l\/ha.<br \/>\n<strong>Vreme primene:<\/strong> preventivno u toku mirovanja vegetacije.<\/p>\n<p class=\"rtejustify\"><strong>MOGU\u0106NOST ME\u0160ANJA<\/strong><\/p>\n<p class=\"rtejustify\"><strong>Everest <\/strong>nije kompatibilan sa kiselinama, dilkoranom i kalcijum-polisulfidom. Ne me\u0161a se sa preparatima jako kisele reakcije (hlorpirifos, dimetoat).<\/p>\n<p class=\"rtejustify\">\n<\/div>\n<\/div>\n<\/div>\n<\/div>\n<\/div>\n<div class=\"group-caracteristics field-group-div caracteristics-processed product-accordion-processed ui-accordion ui-widget ui-helper-reset\" role=\"tablist\">\n<h2 id=\"ui-accordion-3-header-0\" class=\"ui-accordion-header ui-helper-reset ui-state-default ui-accordion-icons ui-accordion-header-active ui-state-active ui-corner-top\" role=\"tab\">Karakteristike<\/h2>\n<div id=\"ui-accordion-3-panel-0\" class=\"content ui-accordion-content ui-helper-reset ui-widget-content ui-corner-bottom ui-accordion-content-active\" role=\"tabpanel\" aria-labelledby=\"ui-accordion-3-header-0\" aria-hidden=\"false\">\n<div class=\"field field-name-field-products-characteristics field-type-text-with-summary field-label-hidden\">\n<div class=\"field-items\">\n<div class=\"field-item even\">\n<p class=\"rtejustify\">Bakarni hidroksid, aktivna materija preparata <strong>Everest<\/strong>, spada u multi-site fungicide sa \u0161irokim spektrom delovanja na: gljive, plamenja\u010de, bakterije, alge itd. Bakar negativno deluje na biljke u odre\u0111enim uslovima, pa su koli\u010dine primene prilago\u0111ene fazi razvoja jabuke (pred kretanje vegetacije, cvetanje) ili fazi zatvaranja cvetova (kod paprike). Bakar smanjuje osetljivost biljaka, posebno drvenastih (vinova loza, vo\u0107e i ukrasno bilje), na niske temperature.<\/p>\n<p class=\"rtejustify\"><strong>NAPOMENA<\/strong><\/p>\n<p class=\"rtejustify\">Kod visoke tehnologije proizvodnje vo\u0107a, sa obaveznim zalivanjem, protivgradnim mre\u017eama, travnim pojasom i intenzivnim \u0111ubrenjem, <strong>Everest<\/strong> se preporu\u010duje uglavnom u registrovanim koli\u010dinama pre kretanja vegetacije, a posebno posle berbe, i to dva puta, u koli\u010dini od 7 kg\/ha. Sli\u010dno je kod ko\u0161ti\u010davog vo\u0107a, gde su bakterioze znatno prisutnije.<\/p>\n<p class=\"rtejustify\"><strong>FITOTOKSI\u010cNOST<\/strong><\/p>\n<p class=\"rtejustify\">Preparati na bazi bakar-hidroksida mogu biti fitotoksi\u010dni ukoliko se primene u uslovima hladnog i vla\u017enog vremena.<\/p>\n<\/div>\n<\/div>\n<\/div>\n<\/div>\n<\/div>","protected":false},"excerpt":{"rendered":"<p><b>Folijarni fungicid, hromistacid, baktericid sa preventivnim delovanjem<\/b><\/p>\n<p><u><b>Primena<\/b><\/u><u><b>:<\/b><\/u><b>\u00a0 <\/b><\/p>\n<p><b>Jabuka: <\/b>Mo\u017ee se primenjivati od pucanja pupoljaka do mi\u0161ijih u\u0161iju, u konc. 0,7-0,1%<\/p>\n<p><b>Krompir i paradajz: <\/b>0,3-0,4% za suzbijanje plamenja\u010de i crne pegavosti tokom faze intenzivnog rasta i cvetanja<\/p>\n<p><b>Malina \u2013 <\/b>0,4% za suzbijanje <i>Didimella applanata<\/i><\/p>\n<p><b>Krastavac<\/b> \u2013 0,3-0,4% za suzbijanje plamenja\u010de<\/p>\n<p><b>Za\u010dinska paprika <\/b>\u2013 0,4-0,6% za suzbijanje bakteriozne pegavosti<\/p>\n<p><b>Breskva<\/b> \u2013 0,6-0,8% za suzbijanje <i>Taphrina deformans<\/i><\/p>\n<p><b>Vinova loza <\/b>\u2013 0,3-0,4% za suzbijanje plamenja\u010de<\/p>\n<p><i>\u00a0<\/i><\/p>","protected":false},"featured_media":3981,"template":"","meta":[],"product_brand":[],"product_cat":[248,219,249,224,250,233,225,227,226,238,245,223,228,230,220,221,222],"product_tag":[],"class_list":{"0":"post-3959","1":"product","2":"type-product","3":"status-publish","4":"has-post-thumbnail","6":"product_cat-bakterioze","7":"product_cat-fungicidi","8":"product_cat-fungicidi-protiv-bakteriozne-plamenjace","9":"product_cat-fungicidi-protiv-cadjave-pegavosti-lista-i-krastavosti-plodova","10":"product_cat-fungicidi-protiv-kestenjaste-pegavosti-stabla","11":"product_cat-fungicidi-protiv-kovrdzavosti-lista","12":"product_cat-fungicidi-protiv-pegavosti-lista","13":"product_cat-fungicidi-protiv-plamenjace-u-vinovoj-lozi","14":"product_cat-fungicidi-protiv-plamenjace","15":"product_cat-fungicidi-protiv-supljikavosti-lista","16":"product_cat-fungicidi-protiv-susenja-lastara","17":"product_cat-fungicidi-u-jabucastom-vocu","18":"product_cat-fungicidi-u-jagodicastom-vocu","19":"product_cat-fungicidi-u-kosticavom-vocu","20":"product_cat-fungicidi-u-povrtarstvu","21":"product_cat-fungicidi-u-vinovoj-lozi","22":"product_cat-fungicidi-u-vocarstvu","24":"first","25":"instock","26":"shipping-taxable","27":"product-type-simple"},"_links":{"self":[{"href":"https:\/\/agrarpetrovic.rs\/en\/wp-json\/wp\/v2\/product\/3959","targetHints":{"allow":["GET"]}}],"collection":[{"href":"https:\/\/agrarpetrovic.rs\/en\/wp-json\/wp\/v2\/product"}],"about":[{"href":"https:\/\/agrarpetrovic.rs\/en\/wp-json\/wp\/v2\/types\/product"}],"wp:featuredmedia":[{"embeddable":true,"href":"https:\/\/agrarpetrovic.rs\/en\/wp-json\/wp\/v2\/media\/3981"}],"wp:attachment":[{"href":"https:\/\/agrarpetrovic.rs\/en\/wp-json\/wp\/v2\/media?parent=3959"}],"wp:term":[{"taxonomy":"product_brand","embeddable":true,"href":"https:\/\/agrarpetrovic.rs\/en\/wp-json\/wp\/v2\/product_brand?post=3959"},{"taxonomy":"product_cat","embeddable":true,"href":"https:\/\/agrarpetrovic.rs\/en\/wp-json\/wp\/v2\/product_cat?post=3959"},{"taxonomy":"product_tag","embeddable":true,"href":"https:\/\/agrarpetrovic.rs\/en\/wp-json\/wp\/v2\/product_tag?post=3959"}],"curies":[{"name":"wp","href":"https:\/\/api.w.org\/{rel}","templated":true}]}}