{"id":3983,"date":"2023-07-13T16:06:54","date_gmt":"2023-07-13T14:06:54","guid":{"rendered":"https:\/\/agrarpetrovic.rs\/?post_type=product&#038;p=3983"},"modified":"2023-07-13T16:06:57","modified_gmt":"2023-07-13T14:06:57","slug":"leonida-fungicid","status":"publish","type":"product","link":"https:\/\/agrarpetrovic.rs\/en\/proizvod\/leonida-fungicid\/","title":{"rendered":"Leonida &#8211; Fungicid"},"content":{"rendered":"<div class=\"group-technical-info field-group-div technical-info-processed product-accordion-processed ui-accordion ui-widget ui-helper-reset\" role=\"tablist\">\n<div id=\"ui-accordion-1-panel-0\" class=\"content ui-accordion-content ui-helper-reset ui-widget-content ui-corner-bottom ui-accordion-content-active\" role=\"tabpanel\" aria-labelledby=\"ui-accordion-1-header-0\" aria-hidden=\"false\">\n<div class=\"field field-name-field-product-category field-type-taxonomy-term-reference field-label-above\">\n<div class=\"field-item even\">Kategorija:<a href=\"https:\/\/www.agrosava.com\/products\/fungicides\">Fungicidi<\/a><\/div>\n<\/div>\n<div class=\"field field-name-field-product-ctive-ingredient field-type-text field-label-above\">\n<div class=\"field-item even\">Aktivna materija:Metalaksil \u2013 M 200 g\/l + fluazinam 400 g\/l<\/div>\n<\/div>\n<div class=\"field field-name-field-product-formulation field-type-text field-label-above\">\n<div class=\"field-item even\">Formulacija:Koncentrat za emulziju (EC)<\/div>\n<\/div>\n<div class=\"field field-name-field-product-resistance-class field-type-text field-label-above\">\n<div class=\"field-item even\">Klasifikacija rezistentnosti:Metalaksil-M 4 + fluazinam 29<\/div>\n<\/div>\n<div class=\"field field-name-field-product-packaging field-type-text field-label-above\">\n<div class=\"field-item even\">Pakovanje:50 ml, 250 ml i 1 L<\/div>\n<\/div>\n<div class=\"field field-name-field-product-manufacturer field-type-taxonomy-term-reference field-label-above\">\n<div class=\"field-item even\">Proizvo\u0111a\u010d:Chemical Agrosava<\/div>\n<\/div>\n<div class=\"field field-name-field-product-technical-informat field-type-text-with-summary field-label-hidden\">\n<div class=\"field-items\">\n<div class=\"field-item even\">\n<p class=\"rtejustify\"><strong>Karenca:<\/strong><br \/>\nKrompir \u2013 21 dan<br \/>\nMalina, jagoda \u2013 obezbe\u0111ena vremenom primene<\/p>\n<\/div>\n<\/div>\n<\/div>\n<\/div>\n<\/div>\n<div class=\"group-primena field-group-div primena-processed product-accordion-processed ui-accordion ui-widget ui-helper-reset\" role=\"tablist\">\n<h2 id=\"ui-accordion-2-header-0\" class=\"ui-accordion-header ui-helper-reset ui-state-default ui-accordion-icons ui-accordion-header-active ui-state-active ui-corner-top\" role=\"tab\">Primena<\/h2>\n<div id=\"ui-accordion-2-panel-0\" class=\"content ui-accordion-content ui-helper-reset ui-widget-content ui-corner-bottom ui-accordion-content-active\" role=\"tabpanel\" aria-labelledby=\"ui-accordion-2-header-0\" aria-hidden=\"false\">\n<div class=\"field field-name-field-product-application field-type-text-with-summary field-label-hidden\">\n<div class=\"field-items\">\n<div class=\"field-item even\">\n<p class=\"rtejustify\"><strong>Fungicid sa preventivnim i kurativnim delovanjem za suzbijanje prouzrokova\u010da plamenja\u010de<\/strong><\/p>\n<p class=\"rtejustify\"><strong>KROMPIR:<\/strong> za suzbijanje prouzrokova\u010da plamenja\u010de krompira i paradajza <em>(Phytophthora infestans)<\/em> u koli\u010dini od 0,5 l\/ha, uz utro\u0161ak vode 200-400 l\/ha.<br \/>\n<strong>Vreme primene:<\/strong> od po\u010detka zatvaranja redova, preventivno, pre prvih infekcija ili kada su povoljni uslovi za razvoj bolesti.<\/p>\n<p class=\"rtejustify\"><strong>MALINA:<\/strong> za suzbijanje prouzrokova\u010da plamenja\u010de maline <em>(Phytophthora fragariae var. rubi)<\/em> u koli\u010dini 1,3-1,5 l\/ha, odnosno 13-15 ml preparata na 10 m du\u017enih, zalivanjem preko zemlji\u0161ta u brazde.<br \/>\n<strong>Vreme primene:<\/strong> primenjuje se preko zemlji\u0161ta, preventivno, pre prvih infekcija ili kada su povoljni uslovi za razvoj bolesti uz utro\u0161ak 10 l vode na 10 m du\u017enih, 30 cm od reda sa obe strane.<\/p>\n<p class=\"rtejustify\"><strong>JAGODA:<\/strong> za suzbijanje prouzrokova\u010da plamenja\u010de jagode <em>(Phytophthora fragariae var. fragariae)<\/em> u koli\u010dini 1,3-1,5 l\/ha, odnosno 13-15 ml preparata na 10 m du\u017enih, zalivanjem preko zemlji\u0161ta u brazde.<br \/>\n<strong>Vreme primene:<\/strong> primenjuje se preko zemlji\u0161ta, preventivno, pre prvih infekcija ili kada su povoljni uslovi za razvoj bolesti uz utro\u0161ak 10 l vode na 10 m du\u017enih, 30 cm od reda sa obe strane.<\/p>\n<p class=\"rtejustify\">Primenjuje se u svim usevima gde plamenja\u010da predstavlja ekonomski zna\u010dajnu bolest. Najbolja efikasnost posti\u017ee se preventivnom primenom, pre prvih infekcija ili kada su povoljni uslovi za razvoj bolesti, a usev u fazi intenzivnog rasta. Na istoj povr\u0161ini <strong>Leonida<\/strong> se mo\u017ee primeniti najvi\u0161e tri puta u toku godine, uz razmak izme\u0111u dva tretiranja 7-10 dana, u zavisnosti od uslova spolja\u0161nje sredine.<\/p>\n<p class=\"rtejustify\"><strong>MOGU\u0106NOST ME\u0160ANJA<\/strong><\/p>\n<p class=\"rtejustify\"><strong>Leonida<\/strong> se mo\u017ee me\u0161ati sa drugim sredstvima za za\u0161titu bilja. Me\u0111utim, pre svake primene trebalo bi proveriti kompatibilnost me\u0161anja.<\/p>\n<\/div>\n<\/div>\n<\/div>\n<\/div>\n<\/div>\n<div class=\"group-caracteristics field-group-div caracteristics-processed product-accordion-processed ui-accordion ui-widget ui-helper-reset\" role=\"tablist\">\n<h2 id=\"ui-accordion-3-header-0\" class=\"ui-accordion-header ui-helper-reset ui-state-default ui-accordion-icons ui-accordion-header-active ui-state-active ui-corner-top\" role=\"tab\">Karakteristike<\/h2>\n<div id=\"ui-accordion-3-panel-0\" class=\"content ui-accordion-content ui-helper-reset ui-widget-content ui-corner-bottom ui-accordion-content-active\" role=\"tabpanel\" aria-labelledby=\"ui-accordion-3-header-0\" aria-hidden=\"false\">\n<div class=\"field field-name-field-products-characteristics field-type-text-with-summary field-label-hidden\">\n<div class=\"field-items\">\n<div class=\"field-item even\">\n<p class=\"rtejustify\"><strong>Leonida<\/strong> je fungicid sa preventivnim i kurativnim delovanjem za suzbijanje prouzrokova\u010da plamenja\u010de gajenih biljaka.<br \/>\n<strong>Leonida<\/strong> je kombinacija dve aktivne materije od kojih je jedna kontaktna, a druga sistemi\u010dna, pri \u010demu je dobijena znatno bolja efikasnost nego kod pojedina\u010dnog delovanja.<br \/>\nAktivna materija metalaksil-M sa izra\u017eenim sistemi\u010dnim delovanjem prodire u unutra\u0161njost biljnog tkiva, kre\u0107e se na gore i obezbe\u0111uje za\u0161titu novog porasta. Aktivna materija fluazinam deluje na vi\u0161e mesta u \u0107eliji patogena, inhibira razvi\u0107e nekoliko faza razvoja plamenja\u010da, uklju\u010duju\u0107i i klijanje i formiranje infekcione strukture i pokretljivost zoospora.<br \/>\nZbog svojih fizi\u010dko-hemijskih osobina i delovanja na zoospore ova dvojna kombinacija u preparatu <strong>Leonida<\/strong> omogu\u0107ava primenu preko zemlji\u0161ta i za\u0161titu krtola i korena od prouzrokova\u010da plamenja\u010de<\/p>\n<\/div>\n<\/div>\n<\/div>\n<\/div>\n<\/div>","protected":false},"excerpt":{"rendered":"<p><b>Fungicid sa preventivnim i kurativnim delovanjem za suzbijanje plamenja\u010de<\/b><\/p>\n<p><u><b>Primena:<\/b><\/u><b>\u00a0\u00a0\u00a0 <\/b><\/p>\n<p><b>Krompir: <\/b>0,5 l\/ha<b>\u00a0\u00a0 <\/b><\/p>\n<p><b>Malina: <\/b>1,3-1,5 l\/ha<\/p>\n<p><b>Vinova loza: <\/b>0,3-0,4 l\/ha<\/p>\n<p><b>Jagoda:<\/b> 1,3-1,5 l\/ha zalivanjem zemlji\u0161ta u brazde<\/p>\n<p>U svim usevima gde plamenja\u010da predstavlja probleme<\/p>","protected":false},"featured_media":4013,"template":"","meta":[],"product_brand":[],"product_cat":[219,226,251,228,220,222],"product_tag":[],"class_list":{"0":"post-3983","1":"product","2":"type-product","3":"status-publish","4":"has-post-thumbnail","6":"product_cat-fungicidi","7":"product_cat-fungicidi-protiv-plamenjace","8":"product_cat-fungicidi-protiv-plamenjace-korena","9":"product_cat-fungicidi-u-jagodicastom-vocu","10":"product_cat-fungicidi-u-povrtarstvu","11":"product_cat-fungicidi-u-vocarstvu","13":"first","14":"instock","15":"shipping-taxable","16":"product-type-simple"},"_links":{"self":[{"href":"https:\/\/agrarpetrovic.rs\/en\/wp-json\/wp\/v2\/product\/3983","targetHints":{"allow":["GET"]}}],"collection":[{"href":"https:\/\/agrarpetrovic.rs\/en\/wp-json\/wp\/v2\/product"}],"about":[{"href":"https:\/\/agrarpetrovic.rs\/en\/wp-json\/wp\/v2\/types\/product"}],"wp:featuredmedia":[{"embeddable":true,"href":"https:\/\/agrarpetrovic.rs\/en\/wp-json\/wp\/v2\/media\/4013"}],"wp:attachment":[{"href":"https:\/\/agrarpetrovic.rs\/en\/wp-json\/wp\/v2\/media?parent=3983"}],"wp:term":[{"taxonomy":"product_brand","embeddable":true,"href":"https:\/\/agrarpetrovic.rs\/en\/wp-json\/wp\/v2\/product_brand?post=3983"},{"taxonomy":"product_cat","embeddable":true,"href":"https:\/\/agrarpetrovic.rs\/en\/wp-json\/wp\/v2\/product_cat?post=3983"},{"taxonomy":"product_tag","embeddable":true,"href":"https:\/\/agrarpetrovic.rs\/en\/wp-json\/wp\/v2\/product_tag?post=3983"}],"curies":[{"name":"wp","href":"https:\/\/api.w.org\/{rel}","templated":true}]}}