{"id":3984,"date":"2023-07-13T16:06:54","date_gmt":"2023-07-13T14:06:54","guid":{"rendered":"https:\/\/agrarpetrovic.rs\/?post_type=product&#038;p=3984"},"modified":"2023-07-13T16:06:57","modified_gmt":"2023-07-13T14:06:57","slug":"leutar-fungicid","status":"publish","type":"product","link":"https:\/\/agrarpetrovic.rs\/en\/proizvod\/leutar-fungicid\/","title":{"rendered":"Leutar &#8211; Fungicid"},"content":{"rendered":"<div class=\"group-technical-info field-group-div technical-info-processed product-accordion-processed ui-accordion ui-widget ui-helper-reset\" role=\"tablist\">\n<div id=\"ui-accordion-1-panel-0\" class=\"content ui-accordion-content ui-helper-reset ui-widget-content ui-corner-bottom ui-accordion-content-active\" role=\"tabpanel\" aria-labelledby=\"ui-accordion-1-header-0\" aria-hidden=\"false\">\n<div class=\"field field-name-field-product-category field-type-taxonomy-term-reference field-label-above\">\n<div class=\"field-label\">Kategorija:Fungicid<\/div>\n<\/div>\n<div class=\"field field-name-field-product-ctive-ingredient field-type-text field-label-above\">\n<div class=\"field-item even\">Aktivna materija: Metalaksil \u2013 M 465 g\/l<\/div>\n<\/div>\n<div class=\"field field-name-field-product-formulation field-type-text field-label-above\">\n<div class=\"field-item even\">Formulacija: Koncentrovani rastvor (SL)<\/div>\n<\/div>\n<div class=\"field field-name-field-product-resistance-class field-type-text field-label-above\">\n<div class=\"field-item even\">Klasifikacija rezistentnosti: 4<\/div>\n<\/div>\n<div class=\"field field-name-field-product-packaging field-type-text field-label-above\">\n<div class=\"field-item even\">Pakovanje: 50 ml, 250 ml i 1 L<\/div>\n<\/div>\n<div class=\"field field-name-field-product-manufacturer field-type-taxonomy-term-reference field-label-above\">\n<div class=\"field-item even\">Proizvo\u0111a\u010d: Chemical Agrosava<\/div>\n<\/div>\n<div class=\"field field-name-field-product-technical-informat field-type-text-with-summary field-label-hidden\">\n<div class=\"field-items\">\n<div class=\"field-item even\">\n<p class=\"rtejustify\"><strong>Karenca:<\/strong><br \/>\nSalata \u2013 60 dana<br \/>\nDuvan \u2013 28 dana<br \/>\nKrompir &#8211; 21 dan<\/p>\n<\/div>\n<\/div>\n<\/div>\n<\/div>\n<\/div>\n<div class=\"group-primena field-group-div primena-processed product-accordion-processed ui-accordion ui-widget ui-helper-reset\" role=\"tablist\">\n<h2 id=\"ui-accordion-2-header-0\" class=\"ui-accordion-header ui-helper-reset ui-state-default ui-accordion-icons ui-accordion-header-active ui-state-active ui-corner-top\" role=\"tab\">Primena<\/h2>\n<div id=\"ui-accordion-2-panel-0\" class=\"content ui-accordion-content ui-helper-reset ui-widget-content ui-corner-bottom ui-accordion-content-active\" role=\"tabpanel\" aria-labelledby=\"ui-accordion-2-header-0\" aria-hidden=\"false\">\n<div class=\"field field-name-field-product-application field-type-text-with-summary field-label-hidden\">\n<div class=\"field-items\">\n<div class=\"field-item even\">\n<p class=\"rtejustify\"><strong>Sistemi\u010dni fungicid sa preventivnim delovanjem za suzbijanje prouzrokova\u010da plamenja\u010de<\/strong><\/p>\n<p class=\"rtejustify\"><strong>SALATA:<\/strong> za suzbijanje prouzrokova\u010da plamenja\u010de salate <em>(Bremia lactucae)<\/em>, u koli\u010dini 160-190 ml\/ha uz utro\u0161ak vode 200-400 l\/ha.<br \/>\n<strong>Vreme primene:<\/strong> preventivno tretiranje do 7 dana posle rasa\u0111ivanja.<\/p>\n<p class=\"rtejustify\"><strong>KROMPIR:<\/strong> za suzbijanje prouzrokova\u010da plamenja\u010de krompira i paradajza <em>(Phytophthora infestans)<\/em> u koli\u010dini od 215 ml\/ha u kombinaciji sa preparatom <strong>Mankosav 75 WG<\/strong>, u koli\u010dini od 2 kg\/ha uz utro\u0161ak vode 200-400 l\/ha.<br \/>\n<strong>Vreme primene:<\/strong> od po\u010detka zatvaranja redova, preventivno, pre prvih infekcija ili kada su povoljni uslovi za razvoj bolesti.<\/p>\n<p class=\"rtejustify\"><strong>DUVAN:<\/strong> za suzbijanje prouzrokova\u010da plamenja\u010de duvana <em>(Peronospora tabacina)<\/em> u koli\u010dini od 215 ml\/ha u kombinaciji sa preparatom <strong>Mankosav 75 WG<\/strong> u koli\u010dini od 2 kg\/ha uz utro\u0161ak vode 450-600 l\/ha.<br \/>\n<strong>Vreme primene:<\/strong> primenjuje se preventivno, pre ostvarene infekcije od faze 4 lista duvana.<\/p>\n<p class=\"rtejustify\">Na istoj povr\u0161ini preparat se mo\u017ee primeniti najvi\u0161e tri puta u toku godine, uz razmak izme\u0111u dva tretiranja 7-10 dana, u zavisnosti od uslova spolja\u0161nje sredine.<\/p>\n<p class=\"rtejustify\"><strong>MOGU\u0106NOST ME\u0160ANJA<\/strong><\/p>\n<p class=\"rtejustify\">Mo\u017ee se me\u0161ati sa drugim sredstvima za za\u0161titu bilja. Me\u0111utim, pre svake primene trebalo bi proveriti kompatibilnost me\u0161anja.<\/p>\n<\/div>\n<\/div>\n<\/div>\n<\/div>\n<\/div>\n<div class=\"group-caracteristics field-group-div caracteristics-processed product-accordion-processed ui-accordion ui-widget ui-helper-reset\" role=\"tablist\">\n<h2 id=\"ui-accordion-3-header-0\" class=\"ui-accordion-header ui-helper-reset ui-state-default ui-accordion-icons ui-accordion-header-active ui-state-active ui-corner-top\" role=\"tab\">Karakteristike<\/h2>\n<div id=\"ui-accordion-3-panel-0\" class=\"content ui-accordion-content ui-helper-reset ui-widget-content ui-corner-bottom ui-accordion-content-active\" role=\"tabpanel\" aria-labelledby=\"ui-accordion-3-header-0\" aria-hidden=\"false\">\n<div class=\"field field-name-field-products-characteristics field-type-text-with-summary field-label-hidden\">\n<div class=\"field-items\">\n<div class=\"field-item even\">\n<p class=\"rtejustify\"><strong>Leutar<\/strong> je sistemi\u010dni fungicid za suzbijanje prouzrokova\u010da plamenja\u010de krompira, paradajza, salate i duvana. Aktivnu materiju metalaksil-M odlikuje izuzetno sistemi\u010dno delovanje i veoma brzo prodiranje u biljno tkivo. Zahvaljuju\u0107i svom mehanizmu delovanja, na sintezu RNA, preparat najbolju efikasnost ima u fazama intenzivnog rasta, pri \u010demu spre\u010dava formiranje spora.<br \/>\nRadi spre\u010davanja pojave rezistentnosti i pro\u0161irenja spektra delovanja treba ga kombinovati sa multi-site fungicidima (<strong><a href=\"https:\/\/www.agrosava.com\/mankosav-75-wg\" target=\"_blank\" rel=\"noopener noreferrer\">Mankosav 75 WG<\/a>, <a href=\"https:\/\/www.agrosava.com\/antracol\u00ae-wp-70\" target=\"_blank\" rel=\"noopener noreferrer\">Antracol<\/a><\/strong><a href=\"https:\/\/www.agrosava.com\/antracol\u00ae-wp-70\" target=\"_blank\" rel=\"noopener noreferrer\"><sup>\u00ae<\/sup><\/a><strong><a href=\"https:\/\/www.agrosava.com\/antracol\u00ae-wp-70\" target=\"_blank\" rel=\"noopener noreferrer\"> WP-70<\/a> <\/strong>i<strong>\u00a0<a href=\"https:\/\/www.agrosava.com\/niveral\" target=\"_blank\" rel=\"noopener noreferrer\">Niveral<\/a><\/strong>).<\/p>\n<\/div>\n<\/div>\n<\/div>\n<\/div>\n<\/div>","protected":false},"excerpt":{"rendered":"<p><b>Fungicid sa preventivnim delovanjem za suzbijanje plamenja\u010de<\/b><\/p>\n<p><u><b>Primena:<\/b><\/u><b>\u00a0 <\/b><\/p>\n<p><b>Salata: <\/b>160-190 ml\/ha 7 dana posle rasa\u0111ivanja<\/p>\n<p><b>Krompir: <\/b>215 ml\/ha + Mankosav 75 WG 2 kg\/ha<\/p>\n<p><b>Duvan: <\/b>215 ml\/ha + Mankosav 75 WG 2 kg\/ha od faze 4. lista duvana<\/p>\n<p><b>MBT: 3 puta<\/b><\/p>","protected":false},"featured_media":4014,"template":"","meta":[],"product_brand":[],"product_cat":[219,226,220],"product_tag":[],"class_list":{"0":"post-3984","1":"product","2":"type-product","3":"status-publish","4":"has-post-thumbnail","6":"product_cat-fungicidi","7":"product_cat-fungicidi-protiv-plamenjace","8":"product_cat-fungicidi-u-povrtarstvu","10":"first","11":"instock","12":"shipping-taxable","13":"product-type-simple"},"_links":{"self":[{"href":"https:\/\/agrarpetrovic.rs\/en\/wp-json\/wp\/v2\/product\/3984","targetHints":{"allow":["GET"]}}],"collection":[{"href":"https:\/\/agrarpetrovic.rs\/en\/wp-json\/wp\/v2\/product"}],"about":[{"href":"https:\/\/agrarpetrovic.rs\/en\/wp-json\/wp\/v2\/types\/product"}],"wp:featuredmedia":[{"embeddable":true,"href":"https:\/\/agrarpetrovic.rs\/en\/wp-json\/wp\/v2\/media\/4014"}],"wp:attachment":[{"href":"https:\/\/agrarpetrovic.rs\/en\/wp-json\/wp\/v2\/media?parent=3984"}],"wp:term":[{"taxonomy":"product_brand","embeddable":true,"href":"https:\/\/agrarpetrovic.rs\/en\/wp-json\/wp\/v2\/product_brand?post=3984"},{"taxonomy":"product_cat","embeddable":true,"href":"https:\/\/agrarpetrovic.rs\/en\/wp-json\/wp\/v2\/product_cat?post=3984"},{"taxonomy":"product_tag","embeddable":true,"href":"https:\/\/agrarpetrovic.rs\/en\/wp-json\/wp\/v2\/product_tag?post=3984"}],"curies":[{"name":"wp","href":"https:\/\/api.w.org\/{rel}","templated":true}]}}