{"id":3987,"date":"2023-07-13T16:06:54","date_gmt":"2023-07-13T14:06:54","guid":{"rendered":"https:\/\/agrarpetrovic.rs\/?post_type=product&#038;p=3987"},"modified":"2023-07-13T16:06:58","modified_gmt":"2023-07-13T14:06:58","slug":"merpan-80-wdg","status":"publish","type":"product","link":"https:\/\/agrarpetrovic.rs\/en\/proizvod\/merpan-80-wdg\/","title":{"rendered":"Merpan 80 WDG"},"content":{"rendered":"<div class=\"group-technical-info field-group-div technical-info-processed product-accordion-processed ui-accordion ui-widget ui-helper-reset\" role=\"tablist\">\n<div id=\"ui-accordion-1-panel-0\" class=\"content ui-accordion-content ui-helper-reset ui-widget-content ui-corner-bottom ui-accordion-content-active\" role=\"tabpanel\" aria-labelledby=\"ui-accordion-1-header-0\" aria-hidden=\"false\">\n<div class=\"field field-name-field-product-category field-type-taxonomy-term-reference field-label-above\">\n<div class=\"field-item even\">Kategorija:<a href=\"https:\/\/www.agrosava.com\/products\/fungicides\">Fungicidi<\/a><\/div>\n<\/div>\n<div class=\"field field-name-field-product-ctive-ingredient field-type-text field-label-above\">\n<div class=\"field-item even\">Aktivna materija:Kaptan 800 g\/kg<\/div>\n<\/div>\n<div class=\"field field-name-field-product-formulation field-type-text field-label-above\">\n<div class=\"field-item even\">Formulacija:Vododisperzibilne granule (WG)<\/div>\n<\/div>\n<div class=\"field field-name-field-product-resistance-class field-type-text field-label-above\">\n<div class=\"field-item even\">Klasifikacija rezistentnosti:M4<\/div>\n<\/div>\n<div class=\"field field-name-field-product-packaging field-type-text field-label-above\">\n<div class=\"field-item even\">Pakovanje:20 g, 200 g, 1 kg i 20 kg<\/div>\n<\/div>\n<div class=\"field field-name-field-product-manufacturer field-type-taxonomy-term-reference field-label-above\">\n<div class=\"field-item even\">Proizvo\u0111a\u010d:Adama<\/div>\n<\/div>\n<div class=\"field field-name-field-product-technical-informat field-type-text-with-summary field-label-hidden\">\n<div class=\"field-items\">\n<div class=\"field-item even\">\n<p class=\"rtejustify\"><strong>Karenca:<\/strong><br \/>\nJabuka i kru\u0161ka \u2013 21 dan<\/p>\n<\/div>\n<\/div>\n<\/div>\n<\/div>\n<\/div>\n<div class=\"group-primena field-group-div primena-processed product-accordion-processed ui-accordion ui-widget ui-helper-reset\" role=\"tablist\">\n<h2 id=\"ui-accordion-2-header-0\" class=\"ui-accordion-header ui-helper-reset ui-state-default ui-accordion-icons ui-accordion-header-active ui-state-active ui-corner-top\" role=\"tab\">Primena<\/h2>\n<div id=\"ui-accordion-2-panel-0\" class=\"content ui-accordion-content ui-helper-reset ui-widget-content ui-corner-bottom ui-accordion-content-active\" role=\"tabpanel\" aria-labelledby=\"ui-accordion-2-header-0\" aria-hidden=\"false\">\n<div class=\"field field-name-field-product-application field-type-text-with-summary field-label-hidden\">\n<div class=\"field-items\">\n<div class=\"field-item even\">\n<p class=\"rtejustify\"><strong>Kontaktni fungicid sa preventivnim delovanjem<\/strong><\/p>\n<p class=\"rtejustify\"><strong>JABUKA:<\/strong> za suzbijanje prouzrokova\u010da \u010da\u0111ave pegavosti lista i krastavosti plodova jabuke <em>(Venturia inaequalis)<\/em> u koncentraciji od 0,2% (20 g\/10 l vode).<br \/>\n<strong>KRU\u0160KA:<\/strong> za suzbijanje prouzrokova\u010da \u010da\u0111ave pegavosti lista i krastavosti plodova kru\u0161ke <em>(Venturia pyrina)<\/em> u koncentraciji od 0,2% (20 g\/10 l vode).<br \/>\n<strong>Vreme primene:<\/strong> preventivno tretiranjem tokom vegetacije, pre ostvarivanja uslova za infekciju.<br \/>\nPreparat se primenjuje folijarno, traktorskim prskalicama ili oro\u0161iva\u010dima uz utro\u0161ak vode 600-1.000 l\/ha. Na istoj povr\u0161ini mo\u017ee se primeniti tri puta u toku godine.<\/p>\n<p class=\"rtejustify\"><strong>MOGU\u0106NOST ME\u0160ANJA<\/strong><\/p>\n<p class=\"rtejustify\"><strong>Merpan<sup>\u00ae<\/sup> 80 WDG<\/strong> se ne me\u0161a sa bordovskom i sumporno-kre\u010dnom \u010dorbom, EC i uljanim formulacijama i insekticidima kisele reakcije.<\/p>\n<\/div>\n<\/div>\n<\/div>\n<\/div>\n<\/div>\n<div class=\"group-caracteristics field-group-div caracteristics-processed product-accordion-processed ui-accordion ui-widget ui-helper-reset\" role=\"tablist\">\n<h2 id=\"ui-accordion-3-header-0\" class=\"ui-accordion-header ui-helper-reset ui-state-default ui-accordion-icons ui-accordion-header-active ui-state-active ui-corner-top\" role=\"tab\">Karakteristike<\/h2>\n<div id=\"ui-accordion-3-panel-0\" class=\"content ui-accordion-content ui-helper-reset ui-widget-content ui-corner-bottom ui-accordion-content-active\" role=\"tabpanel\" aria-labelledby=\"ui-accordion-3-header-0\" aria-hidden=\"false\">\n<div class=\"field field-name-field-products-characteristics field-type-text-with-summary field-label-hidden\">\n<div class=\"field-items\">\n<div class=\"field-item even\">\n<p class=\"rtejustify\"><strong>Merpan<sup>\u00ae<\/sup> 80 WDG<\/strong> je kontaktni fungicid sa preventivnim i kurativnim delovanjem, efikasan u suzbijanju velikog broja patogena. Inhibira disanje, odnosno aktivnost SH-enzima i gljive veoma te\u0161ko razvijaju rezistentnost na ovu aktivnu materiju.<\/p>\n<p class=\"rtejustify\"><strong>NAPOMENA<\/strong><\/p>\n<p class=\"rtejustify\">Mo\u017ee biti fitotoksi\u010dan ukoliko se primenjuje u fazi precvetavanja i formiranja plodova, naro\u010dito ako se kombinuje sa preparatima na bazi sumpora, kao i ako se na vi\u0161im temperaturama me\u0161a sa preparatima na bazi dimetoata.<\/p>\n<p class=\"rtejustify\"><strong>FITOTOKSI\u010cNOST<\/strong><\/p>\n<p class=\"rtejustify\">Preparat primenjen prema uputstvu proizvo\u0111a\u010da nema opasnosti od fitotoksi\u010dnosti<\/p>\n<\/div>\n<\/div>\n<\/div>\n<\/div>\n<\/div>","protected":false},"excerpt":{"rendered":"<p><b>Kontaktni fungicid sa preventivnim delovanjem <\/b><\/p>\n<p><u><b>Primena:<\/b><\/u><b>\u00a0 <\/b><\/p>\n<p><b>Jabuka i kru\u0161ka: <\/b><\/p>\n<p>Za suzbijanje Venturrije, preventivno 0,2% pre ostvarivanja uslova za infekciju.<\/p>\n<p><b>MBT: 3 puta<\/b><\/p>","protected":false},"featured_media":4017,"template":"","meta":[],"product_brand":[],"product_cat":[219,224,223,222],"product_tag":[],"class_list":{"0":"post-3987","1":"product","2":"type-product","3":"status-publish","4":"has-post-thumbnail","6":"product_cat-fungicidi","7":"product_cat-fungicidi-protiv-cadjave-pegavosti-lista-i-krastavosti-plodova","8":"product_cat-fungicidi-u-jabucastom-vocu","9":"product_cat-fungicidi-u-vocarstvu","11":"first","12":"instock","13":"shipping-taxable","14":"product-type-simple"},"_links":{"self":[{"href":"https:\/\/agrarpetrovic.rs\/en\/wp-json\/wp\/v2\/product\/3987","targetHints":{"allow":["GET"]}}],"collection":[{"href":"https:\/\/agrarpetrovic.rs\/en\/wp-json\/wp\/v2\/product"}],"about":[{"href":"https:\/\/agrarpetrovic.rs\/en\/wp-json\/wp\/v2\/types\/product"}],"wp:featuredmedia":[{"embeddable":true,"href":"https:\/\/agrarpetrovic.rs\/en\/wp-json\/wp\/v2\/media\/4017"}],"wp:attachment":[{"href":"https:\/\/agrarpetrovic.rs\/en\/wp-json\/wp\/v2\/media?parent=3987"}],"wp:term":[{"taxonomy":"product_brand","embeddable":true,"href":"https:\/\/agrarpetrovic.rs\/en\/wp-json\/wp\/v2\/product_brand?post=3987"},{"taxonomy":"product_cat","embeddable":true,"href":"https:\/\/agrarpetrovic.rs\/en\/wp-json\/wp\/v2\/product_cat?post=3987"},{"taxonomy":"product_tag","embeddable":true,"href":"https:\/\/agrarpetrovic.rs\/en\/wp-json\/wp\/v2\/product_tag?post=3987"}],"curies":[{"name":"wp","href":"https:\/\/api.w.org\/{rel}","templated":true}]}}