{"id":3988,"date":"2023-07-13T16:06:54","date_gmt":"2023-07-13T14:06:54","guid":{"rendered":"https:\/\/agrarpetrovic.rs\/?post_type=product&#038;p=3988"},"modified":"2023-07-13T16:06:59","modified_gmt":"2023-07-13T14:06:59","slug":"nimrod-fungicid","status":"publish","type":"product","link":"https:\/\/agrarpetrovic.rs\/en\/proizvod\/nimrod-fungicid\/","title":{"rendered":"Nimrod &#8211; Fungicid"},"content":{"rendered":"<div class=\"group-technical-info field-group-div technical-info-processed product-accordion-processed ui-accordion ui-widget ui-helper-reset\" role=\"tablist\">\n<div id=\"ui-accordion-1-panel-0\" class=\"content ui-accordion-content ui-helper-reset ui-widget-content ui-corner-bottom ui-accordion-content-active\" role=\"tabpanel\" aria-labelledby=\"ui-accordion-1-header-0\" aria-hidden=\"false\">\n<div class=\"field field-name-field-product-category field-type-taxonomy-term-reference field-label-above\">\n<div class=\"field-item even\">Kategorija<a href=\"https:\/\/www.agrosava.com\/products\/fungicides\">Fungicidi<\/a><\/div>\n<\/div>\n<div class=\"field field-name-field-product-ctive-ingredient field-type-text field-label-above\">\n<div class=\"field-item even\">Aktivna materija:Bupirimat 250 g\/l<\/div>\n<\/div>\n<div class=\"field field-name-field-product-formulation field-type-text field-label-above\">\n<div class=\"field-item even\">Formulacija:Koncentrat za emulziju (EC)<\/div>\n<\/div>\n<div class=\"field field-name-field-product-resistance-class field-type-text field-label-above\">\n<div class=\"field-item even\">Klasifikacija rezistentnosti:8<\/div>\n<\/div>\n<div class=\"field field-name-field-product-packaging field-type-text field-label-above\">\n<div class=\"field-item even\">Pakovanje:50 ml, 250 ml i 1 L<\/div>\n<\/div>\n<div class=\"field field-name-field-product-manufacturer field-type-taxonomy-term-reference field-label-above\">\n<div class=\"field-item even\">Proizvo\u0111a\u010d:Adama<\/div>\n<\/div>\n<div class=\"field field-name-field-product-technical-informat field-type-text-with-summary field-label-hidden\">\n<div class=\"field-items\">\n<div class=\"field-item even\">\n<p class=\"rtejustify\"><strong>Karenca:<\/strong><br \/>\nJabuka i breskva \u2013 21 dan<br \/>\nKrastavac i bostan \u2013 7 dana<\/p>\n<\/div>\n<\/div>\n<\/div>\n<\/div>\n<\/div>\n<div class=\"group-primena field-group-div primena-processed product-accordion-processed ui-accordion ui-widget ui-helper-reset\" role=\"tablist\">\n<h2 id=\"ui-accordion-2-header-0\" class=\"ui-accordion-header ui-helper-reset ui-state-default ui-accordion-icons ui-accordion-header-active ui-state-active ui-corner-top\" role=\"tab\">Primena<\/h2>\n<div id=\"ui-accordion-2-panel-0\" class=\"content ui-accordion-content ui-helper-reset ui-widget-content ui-corner-bottom ui-accordion-content-active\" role=\"tabpanel\" aria-labelledby=\"ui-accordion-2-header-0\" aria-hidden=\"false\">\n<div class=\"field field-name-field-product-application field-type-text-with-summary field-label-hidden\">\n<div class=\"field-items\">\n<div class=\"field-item even\">\n<p class=\"rtejustify\"><strong>Sistemi\u010dni fungicid sa protektivnim i kurativnim delovanjem<\/strong><\/p>\n<p class=\"rtejustify\"><strong>JABUKA:<\/strong> za suzbijanje prouzrokova\u010da pepelnice <em>(Podosphaera leucotricha)<\/em>, preventivno u koncentraciji od 0,04% (4 ml na 10 l vode) i kurativno u koncentraciji od 0,06% (6 ml na 10 l vode).<br \/>\n<strong>Vreme primene:<\/strong><br \/>\n<strong>Preventivno<\/strong> \u2013 kada su prvi listovi otvoreni, od bubrenja cvetnih pupoljaka ili posle listanja po formiranju cvetnih pupoljaka.<br \/>\n<strong>Kurativno<\/strong> \u2013 tretiranjem po pojavi belih mladara, a pre sticanja uslova za \u0161irenje oboljenja (sekundarno zara\u017eavanje).<\/p>\n<p><strong>BRESKVA:<\/strong> za suzbijanje prouzrokova\u010da pepelnice <em>(Sphaeroteca panosa var. periscae)<\/em> u koli\u010dini 0,75-1 l\/ha.<br \/>\n<strong>Vreme primene:<\/strong><br \/>\n<strong>Preventivno<\/strong> \u2013 od otvaranja prvih listova do formiranja cvetnih pupoljaka.<br \/>\n<strong>Kurativno<\/strong> \u2013 tretiranje po pojavi belih mladara, a pre sticanja uslova za \u0161irenje oboljenja (sekundarno zara\u017eavanje).<\/p>\n<p class=\"rtejustify\"><strong>KRASTAVAC I BOSTAN:<\/strong> za suzbijanje prouzrokova\u010da pepelnice <em>(Erysiphae cichoracearum)<\/em>, preventivno u koncentraciji od 0,04% (4 ml na 10 l vode), a kurativno u koncentraciji od 0,06% (6 ml na 10 l vode).<br \/>\n<strong>Vreme primene:<\/strong> tretiranje do po\u010detka cvetanja ili po pojavi prvih simptoma.<br \/>\nU bostanu ga je najbolje primenjivati u blok-tretmanima (3 puta u razmacima od 7 dana). Ne treba ga primenjivati nakon po\u010detka cvetanja.<\/p>\n<p><strong>RU\u017dA:<\/strong> za suzbijanje prouzrokova\u010da pepelnice <em>(Sphaeroteca panosa var. rosae)<\/em> preventivnim tretiranjem u koncentraciji od 0,04% (4 ml na 10 l vode) ili kurativno u koncentraciji od 0,06% (6 ml na 10 l vode).<br \/>\n<strong>Vreme primene:<\/strong> u toku vegetacije.<\/p>\n<\/div>\n<\/div>\n<\/div>\n<\/div>\n<\/div>\n<div class=\"group-caracteristics field-group-div caracteristics-processed product-accordion-processed ui-accordion ui-widget ui-helper-reset\" role=\"tablist\">\n<h2 id=\"ui-accordion-3-header-0\" class=\"ui-accordion-header ui-helper-reset ui-state-default ui-accordion-icons ui-accordion-header-active ui-state-active ui-corner-top\" role=\"tab\">Karakteristike<\/h2>\n<div id=\"ui-accordion-3-panel-0\" class=\"content ui-accordion-content ui-helper-reset ui-widget-content ui-corner-bottom ui-accordion-content-active\" role=\"tabpanel\" aria-labelledby=\"ui-accordion-3-header-0\" aria-hidden=\"false\">\n<div class=\"field field-name-field-products-characteristics field-type-text-with-summary field-label-hidden\">\n<div class=\"field-items\">\n<div class=\"field-item even\">\n<p class=\"rtejustify\"><strong>Nimrod<sup>\u00ae<\/sup><\/strong> je sistemi\u010dni fungicid sa preventivnim i kurativnim delovanjem. Apsorbuje se listovima, a transportuje ksilemom i translaminarno. Preparat se primenjuje u svim usevima gde pepelnica predstavlja ekonomski zna\u010dajnu bolest. Najbolja efikasnost posti\u017ee se preventivnom primenom, odnosno kada su povoljni uslovi za razvoj bolesti.<\/p>\n<p class=\"rtejustify\"><strong>NAPOMENA<\/strong><\/p>\n<p class=\"rtejustify\">Ukoliko se primenjuje u fazi cvetanja ili 30 dana posle cvetanja, mo\u017ee se javiti fitotoksi\u010dnost na nekim sortama jabuke. Ve\u0107e koli\u010dine primene od registrovanih depresivno deluju i na populaciju crvenog pauka. Mo\u017ee se primeniti 3 puta u toku godine na istoj povr\u0161ini, uz utro\u0161ak vode 600-1.000 l\/ha u zasadima jabuke i breskve, 200\u2013400 l\/ha u usevu krastavca i bostana i 300\u2013600 l\/ha u usevu ru\u017ee.<\/p>\n<\/div>\n<\/div>\n<\/div>\n<\/div>\n<\/div>","protected":false},"excerpt":{"rendered":"<p><b>Sistemi\u010dni fungicid sa protektivnim i kurativnim delovanjem za suzbijanje pepelnice<\/b><\/p>\n<p><u><b>Primena:<\/b><\/u><b>\u00a0 <\/b><\/p>\n<p><b>Jabuka: <\/b>preventivno 0,04%, kurativno 0,06%<\/p>\n<p><b>Breskva:<\/b> 0,75-1 l\/ha<\/p>\n<p><b>Krastavac i bostan: <\/b>preventivno 0,04%, kurativno 0,06%<\/p>\n<p><b>Ru\u017ea: <\/b>preventivno 0,04%, kurativno 0,06%<\/p>\n<p>MBT: 3 puta<\/p>","protected":false},"featured_media":4018,"template":"","meta":[],"product_brand":[],"product_cat":[219,252,253,254,223,230,220,222],"product_tag":[],"class_list":{"0":"post-3988","1":"product","2":"type-product","3":"status-publish","4":"has-post-thumbnail","6":"product_cat-fungicidi","7":"product_cat-fungicidi-protiv-pepelnice","8":"product_cat-fungicidi-protiv-pepelnice-u-kosticavom-vocu","9":"product_cat-fungicidi-protiv-pepelnice-u-jabucastom-vocu","10":"product_cat-fungicidi-u-jabucastom-vocu","11":"product_cat-fungicidi-u-kosticavom-vocu","12":"product_cat-fungicidi-u-povrtarstvu","13":"product_cat-fungicidi-u-vocarstvu","15":"first","16":"instock","17":"shipping-taxable","18":"product-type-simple"},"_links":{"self":[{"href":"https:\/\/agrarpetrovic.rs\/en\/wp-json\/wp\/v2\/product\/3988","targetHints":{"allow":["GET"]}}],"collection":[{"href":"https:\/\/agrarpetrovic.rs\/en\/wp-json\/wp\/v2\/product"}],"about":[{"href":"https:\/\/agrarpetrovic.rs\/en\/wp-json\/wp\/v2\/types\/product"}],"wp:featuredmedia":[{"embeddable":true,"href":"https:\/\/agrarpetrovic.rs\/en\/wp-json\/wp\/v2\/media\/4018"}],"wp:attachment":[{"href":"https:\/\/agrarpetrovic.rs\/en\/wp-json\/wp\/v2\/media?parent=3988"}],"wp:term":[{"taxonomy":"product_brand","embeddable":true,"href":"https:\/\/agrarpetrovic.rs\/en\/wp-json\/wp\/v2\/product_brand?post=3988"},{"taxonomy":"product_cat","embeddable":true,"href":"https:\/\/agrarpetrovic.rs\/en\/wp-json\/wp\/v2\/product_cat?post=3988"},{"taxonomy":"product_tag","embeddable":true,"href":"https:\/\/agrarpetrovic.rs\/en\/wp-json\/wp\/v2\/product_tag?post=3988"}],"curies":[{"name":"wp","href":"https:\/\/api.w.org\/{rel}","templated":true}]}}