{"id":3989,"date":"2023-07-13T16:06:54","date_gmt":"2023-07-13T14:06:54","guid":{"rendered":"https:\/\/agrarpetrovic.rs\/?post_type=product&#038;p=3989"},"modified":"2023-07-13T16:06:59","modified_gmt":"2023-07-13T14:06:59","slug":"niveral-fungicid","status":"publish","type":"product","link":"https:\/\/agrarpetrovic.rs\/en\/proizvod\/niveral-fungicid\/","title":{"rendered":"Niveral &#8211; Fungicid"},"content":{"rendered":"<div class=\"group-technical-info field-group-div technical-info-processed product-accordion-processed ui-accordion ui-widget ui-helper-reset\" role=\"tablist\">\n<div id=\"ui-accordion-1-panel-0\" class=\"content ui-accordion-content ui-helper-reset ui-widget-content ui-corner-bottom ui-accordion-content-active\" role=\"tabpanel\" aria-labelledby=\"ui-accordion-1-header-0\" aria-hidden=\"false\">\n<div class=\"field field-name-field-product-category field-type-taxonomy-term-reference field-label-above\">\n<div class=\"field-item even\">Kategorija:<a href=\"https:\/\/www.agrosava.com\/products\/fungicides\">Fungicidi<\/a><\/div>\n<\/div>\n<div class=\"field field-name-field-product-ctive-ingredient field-type-text field-label-above\">\n<div class=\"field-item even\">Aktivna materija:Fluazinam 500 g\/l<\/div>\n<\/div>\n<div class=\"field field-name-field-product-formulation field-type-text field-label-above\">\n<div class=\"field-item even\">Formulacija:Koncentrovana suspenzija (SC)<\/div>\n<\/div>\n<div class=\"field field-name-field-product-resistance-class field-type-text field-label-above\">\n<div class=\"field-item even\">Klasifikacija rezistentnosti:29<\/div>\n<\/div>\n<div class=\"field field-name-field-product-packaging field-type-text field-label-above\">\n<div class=\"field-item even\">Pakovanje:50 ml i 1 L<\/div>\n<\/div>\n<div class=\"field field-name-field-product-manufacturer field-type-taxonomy-term-reference field-label-above\">\n<div class=\"field-item even\">Proizvo\u0111a\u010d:Chemical Agrosava<\/div>\n<\/div>\n<div class=\"field field-name-field-product-technical-informat field-type-text-with-summary field-label-hidden\">\n<div class=\"field-items\">\n<div class=\"field-item even\">\n<p class=\"rtejustify\"><strong>Karenca:<\/strong><br \/>\nKrompir \u2013 7 dana<br \/>\nJabuka \u2013 60 dana<\/p>\n<\/div>\n<\/div>\n<\/div>\n<\/div>\n<\/div>\n<div class=\"group-primena field-group-div primena-processed product-accordion-processed ui-accordion ui-widget ui-helper-reset\" role=\"tablist\">\n<h2 id=\"ui-accordion-2-header-0\" class=\"ui-accordion-header ui-helper-reset ui-state-default ui-accordion-icons ui-accordion-header-active ui-state-active ui-corner-top\" role=\"tab\">Primena<\/h2>\n<div id=\"ui-accordion-2-panel-0\" class=\"content ui-accordion-content ui-helper-reset ui-widget-content ui-corner-bottom ui-accordion-content-active\" role=\"tabpanel\" aria-labelledby=\"ui-accordion-2-header-0\" aria-hidden=\"false\">\n<div class=\"field field-name-field-product-application field-type-text-with-summary field-label-hidden\">\n<div class=\"field-items\">\n<div class=\"field-item even\">\n<p class=\"rtejustify\"><strong>Kontaktni folijarni fungicid sa preventivnim delovanjem<\/strong><\/p>\n<p class=\"rtejustify\"><strong>KROMPIR<\/strong>: za suzbijanje prouzrokova\u010da plamenja\u010de <em>(Phytophthora infestans)<\/em> u koli\u010dini 0,3-0,4 l\/ha (3-4 ml na 100 m\u00b2).<br \/>\n<strong>Vreme primene:<\/strong> preventivno, pre sticanja uslova za zarazu, a najkasnije po pojavi prvih simptoma, a pre sticanja uslova za \u0161irenje oboljenja.<br \/>\nPrimenjuje se folijarno, traktorskim prskalicama uz utro\u0161ak vode 200-400 l\/ha.<\/p>\n<p><strong>JABUKA:<\/strong> za suzbijanje prouzrokova\u010da \u010da\u0111ave pegavosti lista i krastavosti plodova jabuke <em>(Venturia inaequalis)<\/em> u koli\u010dini od 0,75 l\/ha, odnosno 0,25 l\/m visine kro\u0161nje, uz utro\u0161ak vode 600-1.000 l\/ha.<br \/>\n<strong>Vreme primene:<\/strong> primenjuje se preventivno, tokom perioda primarnih zaraza, a pre sticanja uslova za zarazu ili pre ki\u0161e (faze 51-77 BBCH skale).<br \/>\nU intenzivnoj proizvodnji jabuke, <strong>Niveral<\/strong> se redovno uklju\u010duje u programe za\u0161tite, jer u kombinaciji sa triazolima ispoljava izuzetno delovanje u suzbijanju<em> Venturia inaequalis<\/em> i <em>Alternaria spp<\/em>., a ima i izvesno delovanje na fitofagne grinje.<\/p>\n<p class=\"rtejustify\"><strong>Mogu\u0107nost druge primene<\/strong><\/p>\n<p class=\"rtejustify\"><strong>MALINA I JAGODA:<\/strong> za suzbijanje prouzrokova\u010da plamenja\u010de maline <em>(Phythophthora fragariae var. rubi)<\/em> i jagode <em>(Phytophthora fragariae)<\/em> u koli\u010dini 1-1,5 l na 2.000 l vode. Rastvor preparata zaliva se u \u0161irini od 1 m, odnosno 0,5 m sa svake strane reda.<br \/>\n<strong>Vreme primene:<\/strong> fluazinam se koristi u prole\u0107e, u po\u010detku vegetacije ili \u010dim se registruju prvi simptomi na nadzemnom delu jagode ili maline.<\/p>\n<p class=\"rtejustify\"><strong>Niveral<\/strong> se koristi na bostanu za suzbijanje <em>Alternaria spp<\/em>., <em>Helminthosporium spp<\/em>. i <em>Colletotrichum spp<\/em>., na kupusnja\u010dama za suzbijanje kile kupusa <em>(Plasmodiophora brassicae)<\/em>, na \u0161e\u0107ernoj repi za suzbijanje gljive <em>Polymixa betae<\/em>, koja prenosi viruse prouzrokova\u010de rizomanije.<br \/>\nZbog delovanja na zoospore, preparat se uspe\u0161no koristi za dezinfekciju sadnica od plamenja\u010de korena jabuke <em>(Phythophora cactorum)<\/em> potapanjem u rastvor preparata pre sadnje.<br \/>\n<strong>Niveral<\/strong> ima \u0161iroku primenu u za\u0161titi od bolesti lukovica cve\u0107a, tretiranjem, odnosno potapanjem u trajanju od 15 minuta u koncentraciji od 0,5% (selektivan je za ve\u0107inu vrsta cve\u0107a, izuzev za narcis).<\/p>\n<p class=\"rtejustify\"><strong>MOGU\u0106NOST ME\u0160ANJA<\/strong><\/p>\n<p class=\"rtejustify\"><strong>Niveral<\/strong> se mo\u017ee me\u0161ati sa drugim sredstvima za za\u0161titu bilja. Me\u0111utim, pre svake primene trebalo bi proveriti kompatibilnost me\u0161anja.<\/p>\n<\/div>\n<\/div>\n<\/div>\n<\/div>\n<\/div>\n<div class=\"group-caracteristics field-group-div caracteristics-processed product-accordion-processed ui-accordion ui-widget ui-helper-reset\" role=\"tablist\">\n<h2 id=\"ui-accordion-3-header-0\" class=\"ui-accordion-header ui-helper-reset ui-state-default ui-accordion-icons ui-accordion-header-active ui-state-active ui-corner-top\" role=\"tab\">Karakteristike<\/h2>\n<div id=\"ui-accordion-3-panel-0\" class=\"content ui-accordion-content ui-helper-reset ui-widget-content ui-corner-bottom ui-accordion-content-active\" role=\"tabpanel\" aria-labelledby=\"ui-accordion-3-header-0\" aria-hidden=\"false\">\n<div class=\"field field-name-field-products-characteristics field-type-text-with-summary field-label-hidden\">\n<div class=\"field-items\">\n<div class=\"field-item even\">\n<p class=\"rtejustify\"><strong>Niveral<\/strong> je preventivni fungicid koji se primenjuje za suzbijanje prouzrokova\u010da plamenja\u010de i \u010da\u0111ave pegavosti lista i krastavosti plodova jabuke. Fluazinam, aktivna materija preparata <strong>Niveral<\/strong>, prema mehanizmu delovanja, pripada grupi prekida\u010da oksidativne fosfoliracije. Fluazinam deluje na vi\u0161e mesta u \u0107eliji patogena, inhibira razvi\u0107e nekoliko faza razvoja plamenja\u010da i gljiva, uklju\u010duju\u0107i i klijanje i formiranje infekcione strukture i pokretljivost zoospora. <strong>Niveral<\/strong> ima izvesna akaricidna i baktericidna svojstva.<\/p>\n<p class=\"rtejustify\"><strong>NE\u017dELJENI EFEKTI<\/strong><\/p>\n<p class=\"rtejustify\"><strong>Niveral<\/strong> se ne koristi za za\u0161titu bilja u zatvorenom prostoru, jer aktivna materija fluazinam ima izvesnu gasnu fazu. Prilikom primene preparata pridr\u017eavati se propisanih mera za\u0161tite, posebno za\u0161tite o\u010diju.<\/p>\n<\/div>\n<\/div>\n<\/div>\n<\/div>\n<\/div>","protected":false},"excerpt":{"rendered":"<p><b>Kontakti fungicid sa preventivnim delovanjem<\/b><\/p>\n<p><u><b>Primena:<\/b><\/u><b>\u00a0 <\/b><\/p>\n<p><b>Krompir: <\/b>plamenja\u010da 0,3-0,4 l\/ha<\/p>\n<p><b>Jabuka: <\/b>V.inaequalis 0,75 l\/ha (0,25 l\/m visine)<\/p>\n<p><b>Druge primene: <\/b><\/p>\n<p>Plamenja\u010da u jagodi, malini 1-1,5 l\/ha.<\/p>\n<p>Alternaria, Helmithosporium na kupusnja\u010dama<\/p>\n<p><u><b>Napomena: <\/b><\/u><\/p>\n<p>Ima izvesna akaricidna i baktericidna svojstva<\/p>","protected":false},"featured_media":4019,"template":"","meta":[],"product_brand":[],"product_cat":[219,224,226,251,223,228,220,222],"product_tag":[],"class_list":{"0":"post-3989","1":"product","2":"type-product","3":"status-publish","4":"has-post-thumbnail","6":"product_cat-fungicidi","7":"product_cat-fungicidi-protiv-cadjave-pegavosti-lista-i-krastavosti-plodova","8":"product_cat-fungicidi-protiv-plamenjace","9":"product_cat-fungicidi-protiv-plamenjace-korena","10":"product_cat-fungicidi-u-jabucastom-vocu","11":"product_cat-fungicidi-u-jagodicastom-vocu","12":"product_cat-fungicidi-u-povrtarstvu","13":"product_cat-fungicidi-u-vocarstvu","15":"first","16":"instock","17":"shipping-taxable","18":"product-type-simple"},"_links":{"self":[{"href":"https:\/\/agrarpetrovic.rs\/en\/wp-json\/wp\/v2\/product\/3989","targetHints":{"allow":["GET"]}}],"collection":[{"href":"https:\/\/agrarpetrovic.rs\/en\/wp-json\/wp\/v2\/product"}],"about":[{"href":"https:\/\/agrarpetrovic.rs\/en\/wp-json\/wp\/v2\/types\/product"}],"wp:featuredmedia":[{"embeddable":true,"href":"https:\/\/agrarpetrovic.rs\/en\/wp-json\/wp\/v2\/media\/4019"}],"wp:attachment":[{"href":"https:\/\/agrarpetrovic.rs\/en\/wp-json\/wp\/v2\/media?parent=3989"}],"wp:term":[{"taxonomy":"product_brand","embeddable":true,"href":"https:\/\/agrarpetrovic.rs\/en\/wp-json\/wp\/v2\/product_brand?post=3989"},{"taxonomy":"product_cat","embeddable":true,"href":"https:\/\/agrarpetrovic.rs\/en\/wp-json\/wp\/v2\/product_cat?post=3989"},{"taxonomy":"product_tag","embeddable":true,"href":"https:\/\/agrarpetrovic.rs\/en\/wp-json\/wp\/v2\/product_tag?post=3989"}],"curies":[{"name":"wp","href":"https:\/\/api.w.org\/{rel}","templated":true}]}}