{"id":3991,"date":"2023-07-13T16:06:55","date_gmt":"2023-07-13T14:06:55","guid":{"rendered":"https:\/\/agrarpetrovic.rs\/?post_type=product&#038;p=3991"},"modified":"2023-07-13T16:06:59","modified_gmt":"2023-07-13T14:06:59","slug":"talisman-herbicid","status":"publish","type":"product","link":"https:\/\/agrarpetrovic.rs\/en\/proizvod\/talisman-herbicid\/","title":{"rendered":"Talisman &#8211; Herbicid"},"content":{"rendered":"<p>\u0421\u0410\u0421\u0422\u0410\u0412 \u041f\u0420\u0415\u041f\u0410\u0420\u0410\u0422\u0410:<br \/>\n\u0410\u043a\u0442\u0438\u0432\u043d\u0430 \u043c\u0430\u0442\u0435\u0440\u0438\u0458\u0430:<\/p>\n<p>&#8211;\u00a0 \u0413\u0435\u043d\u0435\u0440\u0438\u0447\u043a\u0438 \u043d\u0430\u0437\u0438\u0432:\u00a0\u00a0\u00a0\u00a0\u00a0\u00a0\u00a0\u00a0\u00a0\u00a0\u00a0\u00a0\u00a0\u00a0\u00a0\u00a0\u00a0\u00a0\u00a0 NIKOSULFURON<\/p>\n<p>&#8211;\u00a0 \u0425\u0435\u043c\u0438\u0458\u0441\u043a\u0438 \u043d\u0430\u0437\u0438\u0432 (IUPAC)\u00a0\u00a0\u00a0\u00a0\u00a0 2-(4,6-dimetoksipirimidin-2-ilkarbamoilsulfamoil)-N,N-<\/p>\n<p>dimetil-nikotinamid<\/p>\n<p>&#8211;\u00a0 \u0421\u0430\u0434\u0440\u0436\u0430\u0458:\u00a0\u00a0\u00a0\u00a0\u00a0\u00a0\u00a0\u00a0\u00a0\u00a0\u00a0\u00a0\u00a0\u00a0\u00a0\u00a0\u00a0\u00a0\u00a0\u00a0\u00a0\u00a0\u00a0\u00a0\u00a0\u00a0\u00a0\u00a0\u00a0\u00a0\u00a0\u00a0\u00a0\u00a0 40 \u00b1 4 g\/l<\/p>\n<p>&#8211;\u00a0 \u0422\u0435\u0445\u043d\u0438\u0447\u043a\u0430 \u0447\u0438\u0441\u0442\u043e\u045b\u0430:\u00a0\u00a0\u00a0\u00a0\u00a0\u00a0\u00a0\u00a0\u00a0\u00a0\u00a0\u00a0\u00a0\u00a0\u00a0\u00a0\u00a0 \u043c\u0438\u043d. 95%<\/p>\n<p>&#8211; CAS \u0431\u0440\u043e\u0458:\u00a0\u00a0\u00a0\u00a0\u00a0\u00a0\u00a0\u00a0\u00a0\u00a0\u00a0\u00a0\u00a0\u00a0\u00a0\u00a0\u00a0\u00a0\u00a0\u00a0\u00a0\u00a0\u00a0\u00a0\u00a0\u00a0\u00a0\u00a0\u00a0\u00a0\u00a0 111991-09-4<\/p>\n<p>&nbsp;<\/p>\n<p>\u041f\u0420\u0418\u041c\u0415\u041d\u0410: TALISMAN \u0458\u0435 \u0441\u0435\u043b\u0435\u043a\u0442\u0438\u0432\u043d\u0438 \u0442\u0440\u0430\u043d\u0441\u043b\u043e\u043a\u0430\u0446\u0438\u043e\u043d\u0438 \u0445\u0435\u0440\u0431\u0438\u0446\u0438\u0434 \u043a\u043e\u0458\u0438 \u0441\u0435 \u043a\u043e\u0440\u0438\u0441\u0442\u0438 \u0437\u0430 \u0441\u0443\u0437\u0431\u0438\u0458\u0430\u045a\u0435 \u0442\u0440\u0430\u0432\u043d\u0438\u0445 \u0438 \u043d\u0435\u043a\u0438\u0445 \u0448\u0438\u0440\u043e\u043a\u043e\u043b\u0438\u0441\u043d\u0438\u0445 \u043a\u043e\u0440\u043e\u0432\u0430 \u0443 \u0443\u0441\u0435\u0432\u0443 \u043a\u0443\u043a\u0443\u0440\u0443\u0437\u0430:<\/p>\n<p>\u00b7\u00a0\u00a0\u00a0\u00a0\u00a0\u00a0\u00a0\u00a0 \u0408\u0435\u0434\u043d\u043e\u043a\u0440\u0430\u0442\u043d\u043e\u043c \u043f\u0440\u0438\u043c\u0435\u043d\u043e\u043c, \u043a\u0430\u0434\u0430 \u0443\u0441\u0435\u0432 \u043a\u0443\u043a\u0443\u0440\u0443\u0437\u0430 \u0438\u043c\u0430 2-6 \u043b\u0438\u0441\u0442\u043e\u0432\u0430 ( \u0444\u0430\u0437\u0435 12-16 BBCH-<\/p>\n<p>\u0441\u043a\u0430\u043b\u0435), \u0443 \u043a\u043e\u043b\u0438\u0447\u0438\u043d\u0438:<\/p>\n<p>\u0430) 1 l\/ha ( 10 ml \u043da 100 m2 ), \u0437\u0430 \u0441\u0443\u0437\u0431\u0438\u0458\u0430\u045a\u0435 \u0458\u0435\u0434\u043d\u043e\u0433\u043e\u0434\u0438\u0448\u045a\u0438\u0445 \u043a\u043e\u0440\u043e\u0432\u0430, \u043a\u0430\u0434\u0430 \u0441\u0443 \u043a\u043e\u0440\u043e\u0432\u0438 \u0443 \u0444\u0430\u0437\u0438 2-6 \u043b\u0438\u0441\u0442\u043e\u0432\u0430;<\/p>\n<p>\u0431) 1,25 l\/ha ( 12,5 ml \u043da 100 m2 ), \u0437\u0430 \u0441\u0443\u0437\u0431\u0438\u0458\u0430\u045a\u0435 \u0432\u0438\u0448\u0435\u0433\u043e\u0434\u0438\u0448\u045a\u0435\u0433 \u0443\u0441\u043a\u043e\u043b\u0438\u0441\u043d\u043e\u0433 \u043a\u043e\u0440\u043e\u0432\u0430 \u2013<\/p>\n<p>\u0434\u0438\u0432\u0459\u0438 \u0441\u0438\u0440\u0430\u043a \u0438\u0437 \u0440\u0438\u0437\u043e\u043c\u0430 (Sorghum halepense), \u0442\u0440\u0435\u0442\u0438\u0440\u0430\u045a\u0435 \u043a\u0430\u0434\u0430 \u0458\u0435 \u043a\u043e\u0440\u043e\u0432 \u0432\u0438\u0441\u0438\u043d\u0435 15-20 cm.<\/p>\n<p>\u00b7\u00a0\u00a0\u00a0\u00a0\u00a0\u00a0\u00a0\u00a0 \u0414\u0432\u043e\u043a\u0440\u0430\u0442\u043d\u043e\u043c \u043f\u0440\u0438\u043c\u0435\u043d\u043e\u043c:<br \/>\n\u0430) \u043f\u0440\u0432\u043e \u0442\u0440\u0435\u0442\u0438\u0440\u0430\u045a\u0435 \u0443 \u043a\u043e\u043b\u0438\u0447\u0438\u043d\u0438 0,5 l\/ha (5 ml \u043da 100 m2 ), \u0442\u0440\u0435\u0442\u0438\u0440\u0430\u045a\u0435\u043c \u043a\u0430\u0434\u0430 \u0441\u0443 \u0458\u0435\u0434\u043d\u043e\u0433\u043e\u0434\u0438\u0448\u045a\u0438 \u0443\u0441\u043a\u043e\u043b\u0438\u0441\u043d\u0438 (\u0442\u0440\u0430\u0432\u043d\u0438) \u043a\u043e\u0440\u043e\u0432\u0438 \u0438 \u0458\u0435\u0434\u043d\u043e\u0433\u043e\u0434\u0438\u0448\u045a\u0438 \u0438 \u0432\u0438\u0448\u0435\u0433\u043e\u0434\u0438\u0448\u045a\u0438 \u0448\u0438\u0440\u043e\u043a\u043e\u043b\u0438\u0441\u043d\u0438 \u043a\u043e\u0440\u043e\u0432\u0438 \u0443 \u0444\u0430\u0437\u0438 2-4 \u043b\u0438\u0441\u0442\u0430, \u0430 \u0434\u0438\u0432\u0459\u0438 \u0441\u0438\u0440\u0430\u043a \u0442\u0435\u043a \u0438\u0437\u043d\u0438\u043a\u0430\u043e.<\/p>\n<p>\u0431) \u0434\u0440\u0443\u0433\u043e \u0442\u0440\u0435\u0442\u0438\u0440\u0430\u045a\u0435 \u0443 \u043a\u043e\u043b\u0438\u0447\u0438\u043d\u0438 0,75 l\/ha (7,5 ml \u043da 100 m2 ), \u0442\u0440\u0435\u0442\u0438\u0440\u0430\u045a\u0435\u043c \u043a\u0430\u0434\u0430 \u0441\u0443 \u0441\u0435<\/p>\n<p>\u0458\u0435\u0434\u043d\u043e\u0433\u043e\u0434\u0438\u0448\u045a\u0438\u00a0\u00a0\u00a0 \u0443\u0441\u043a\u043e\u043b\u0438\u0441\u043d\u0438 (\u0442\u0440\u0430\u0432\u043d\u0438) \u0438 \u0432\u0438\u0448\u0435\u0433\u043e\u0434\u0438\u0448\u045a\u0438 \u0443\u0441\u043a\u043e\u043b\u0438\u0441\u043d\u0438 \u0438 \u0448\u0438\u0440\u043e\u043a\u043e\u043b\u0438\u0441\u043d\u0438 \u043a\u043e\u0440\u043e\u0432\u0438 \u0440\u0435\u0433\u0435\u043d\u0435\u0440\u0438\u0441\u0430\u043b\u0438, \u0430 \u0434\u0438\u0432\u0459\u0438 \u0441\u0438\u0440\u0430\u043a \u0432\u0438\u0441\u0438\u043d\u0435 15-20 cm.<\/p>\n<p>\u0423\u0442\u0440\u043e\u0448\u0430\u043a \u0432\u043e\u0434\u0435: 200-400 l\/ha (2-4 l \u043da 100 m2).<\/p>\n<p>\u041c\u0430\u043a\u0441\u0438\u043c\u0430\u043b\u0430\u043d \u0431\u0440\u043e\u0458 \u0442\u0440\u0435\u0442\u0438\u0440\u0430\u045a\u0430 \u0443 \u0442\u043e\u043a\u0443 \u0458\u0435\u0434\u043d\u0435 \u0433\u043e\u0434\u0438\u043d\u0435 \u043d\u0430 \u0438\u0441\u0442\u043e\u0458 \u043f\u043e\u0432\u0440\u0448\u0438\u043d\u0438: \u0458\u0435\u0434\u043d\u043e\u043c \u0434\u043e \u0434\u0432\u0430 \u043f\u0443\u0442\u0430 \u043f\u0440\u0438 \u0434\u0432\u043e\u043a\u0440\u0430\u0442\u043d\u043e\u043c \u0442\u0440\u0435\u0442\u0438\u0440\u0430\u045a\u0443.<\/p>\n<p>\u0421\u041f\u0415\u041a\u0422\u0410\u0420 \u0414\u0415\u041b\u041e\u0412\u0410\u040a\u0410:<br \/>\n\u0408\u0435\u0434\u043d\u043e\u0433\u043e\u0434\u0438\u0448\u045a\u0438 \u0443\u0441\u043a\u043e\u043b\u0438\u0441\u043d\u0438 (\u0442\u0440\u0430\u0432\u043d\u0438) \u043a\u043e\u0440\u043e\u0432\u0438: \u043f\u0440\u043e\u0441\u043e \u043a\u043e\u0440\u043e\u0432\u0441\u043a\u043e (Echinochloa crus-galli), \u043c\u0443\u0445\u0430\u0440 \u0441\u0438\u0432\u0438 (Setaria glauca), \u0441\u0438\u0440\u0430\u043a \u0434\u0438\u0432\u0459\u0438 \u0438\u0437 \u0441\u0435\u043c\u0435\u043d\u0430 (Sorghum halepense).<\/p>\n<p>\u0408\u0435\u0434\u043d\u043e\u0433\u043e\u0434\u0438\u0448\u045a\u0438 \u0448\u0438\u0440\u043e\u043a\u043e\u043b\u0438\u0441\u043d\u0438 \u043a\u043e\u0440\u043e\u0432\u0438: \u043b\u0438\u043f\u0438\u0446\u0430 \u0442\u0435\u043e\u0444\u0440\u0430\u0441\u0442\u043e\u0432\u0430 (Abutilon teophrasti), \u0431\u0459\u0443\u0442\u0430\u0432\u0438 \u0448\u0442\u0438\u0440 (Amaranthus blitoides), \u0448\u0442\u0438\u0440 \u043e\u0431\u0438\u0447\u043d\u0438 (Amaranthus retroflexus), \u0430\u043c\u0431\u0440\u043e\u0437\u0438\u0458\u0430 (Ambrosia artemisifolia), \u043b\u043e\u0431\u043e\u0434\u0430 \u043e\u0431\u0438\u0447\u043d\u0430 (Atriplex patula), \u045a\u0438\u0432\u0441\u043a\u0438 \u0432\u0438\u0458\u0443\u0448\u0430\u0446 (Bilderdykia convolvulus), \u043f\u0435\u043f\u0435\u0459\u0443\u0433\u0430 \u043e\u0431\u0438\u0447\u043d\u0430 (Chenopodium album), \u0441\u0440\u0446\u043e\u043b\u0438\u0441\u043d\u0430 \u043f\u0435\u043f\u0435\u0459\u0443\u0433\u0430 (Chenopodium hybridum), \u0442\u0430\u0442\u0443\u043b\u0430 \u043e\u0431\u0438\u0447\u043d\u0430 (Datura stramonium), \u045a\u0438\u0432\u0441\u043a\u0430 \u043b\u0443\u0431\u0435\u043d\u0438\u0447\u0430\u0440\u043a\u0430 (Hibiscus trionum), \u0434\u0432\u043e\u0440\u043d\u0438\u043a \u0432\u0435\u043b\u0438\u043a\u0438 (Polygonum lapathifolium), \u0434\u0432\u043e\u0440\u043d\u0438\u043a \u043e\u0431\u0438\u0447\u043d\u0438 (Polygonum persicaria), \u0433\u043e\u0440\u0443\u0448\u0438\u0446\u0430<\/p>\n<p>\u043f\u043e\u0459\u0441\u043a\u0430 (Sinapis arvensis), \u043f\u043e\u043c\u043e\u045b\u043d\u0438\u0446\u0430 \u043e\u0431\u0438\u0447\u043d\u0430 (Solanum nigrum), \u0458\u0435\u0434\u043d\u043e\u0433\u043e\u0434\u0438\u0448\u045a\u0438 \u0447\u0438\u0441\u0442\u0430\u0446<\/p>\n<p>(Stachys annua), \u043e\u0431\u0438\u0447\u043d\u0430 \u0431\u043e\u0446\u0430 (Xanthium strumarium), \u043e\u0431\u0438\u0447\u043d\u0430 \u0433\u0440\u0430\u0445\u043e\u0440\u0438\u0446\u0430 (Vicia sativa).<\/p>\n<p>\u0412\u0438\u0448\u0435\u0433\u043e\u0434\u0438\u0448\u045a\u0438 \u0443\u0441\u043a\u043e\u043b\u0438\u0441\u043d\u0438 (\u0442\u0440\u0430\u0432\u043d\u0438) \u043a\u043e\u0440\u043e\u0432\u0438: \u0441\u0438\u0440\u0430\u043a \u0434\u0438\u0432\u0459\u0438 \u0438\u0437 \u0440\u0438\u0437\u043e\u043c\u0430 (Sorghum halepense).<\/p>\n<p>\u0412\u0438\u0448\u0435\u0433\u043e\u0434\u0438\u0448\u045a\u0438 \u0448\u0438\u0440\u043e\u043a\u043e\u043b\u0438\u0441\u043d\u0438 \u043a\u043e\u0440\u043e\u0432\u0438: \u043f\u0430\u043b\u0430\u043c\u0438\u0434\u0430 \u045a\u0438\u0432\u0441\u043a\u0430 (Cirsium arvense), \u043f\u043e\u043f\u043e\u043d\u0430\u0446 \u045a\u0438\u0432\u0441\u043a\u0438<\/p>\n<p>(Convolvulus arvensis).<\/p>\n<p>\u041d\u0410\u041f\u041e\u041c\u0415\u041d\u0415: Nikosulfuron \u043d\u0438\u0458\u0435 \u0444\u0438\u0442\u043e\u0442\u043e\u043a\u0441\u0438\u0447\u0430\u043d \u0437\u0430 \u043a\u0443\u043a\u0443\u0440\u0443\u0437, \u0430\u043b\u0438 \u0458\u0435 \u0444\u0438\u0442\u043e\u0442\u043e\u043a\u0441\u0438\u0447\u0430\u043d \u0437\u0430 \u043c\u043d\u043e\u0433\u0435 \u0433\u0430\u0458\u0435\u043d\u0435 \u0431\u0438\u0459\u043a\u0435, \u0442\u0430\u043a\u043e \u0434\u0430 \u043f\u0440\u0438\u043b\u0438\u043a\u043e\u043c \u043f\u0440\u0438\u043c\u0435\u043d\u0435 \u0442\u0440\u0435\u0431\u0430 \u0432\u043e\u0434\u0438\u0442\u0438 \u0440\u0430\u0447\u0443\u043d\u0430 \u0434\u0430 \u043d\u0435 \u0434\u043e\u0452\u0435 \u0434\u043e \u0437\u0430\u043d\u043e\u0448\u0435\u045a\u0430 \u043d\u0430 \u0441\u0443\u0441\u0435\u0434\u043d\u0435 \u043e\u0441\u0435\u0442\u0459\u0438\u0432\u0435 \u0443\u0441\u0435\u0432\u0435. \u041d\u0430\u043a\u043e\u043d \u043f\u0440\u0438\u043c\u0435\u043d\u0435 nikosulfurona \u0443 \u043a\u0443\u043a\u0443\u0440\u0443\u0437\u0443, 4 \u043c\u0435\u0441\u0435\u0446\u0430 \u043f\u043e\u0441\u043b\u0435 \u043f\u0440\u0438\u043c\u0435\u043d\u0435 \u043c\u043e\u0436\u0435 \u0441\u0435 \u0441\u0435\u0458\u0430\u0442\u0438 \u043f\u0448\u0435\u043d\u0438\u0446\u0430. \u0414\u0440\u0443\u0433\u0435 \u0443\u0441\u0435\u0432\u0435 \u0443 \u043f\u043b\u043e\u0434\u043e\u0440\u0435\u0434\u0443 \u0442\u0440\u0435\u0431\u0430 \u043e\u0433\u0440\u0430\u043d\u0438\u0447\u0438\u0442\u0438 \u0443 \u043e\u0434\u043d\u043e\u0441\u043d\u0443 \u043d\u0430 pH \u0437\u0435\u043c\u0459\u0438\u0448\u0442\u0430: \u0430\u043a\u043e \u0458\u0435 pH &gt;6,5 \u043d\u0435 \u0433\u0430\u0458\u0438\u0442\u0438 \u0448\u0435\u045b\u0435\u0440\u043d\u0443 \u0440\u0435\u043f\u0443 18 \u043c\u0435\u0441\u0435\u0446\u0438 \u043f\u043e\u0441\u043b\u0435 \u043f\u0440\u0438\u043c\u0435\u043d\u0435; pH &gt;7,5 \u043d\u0435 \u0433\u0430\u0458\u0438\u0442\u0438 \u0441\u043e\u0458\u0443 \u0438 \u043f\u0430\u0441\u0443\u0459 10 \u043c\u0435\u0441\u0435\u0432\u0438 \u043f\u043e\u0441\u043b\u0435 \u043f\u0440\u0438\u043c\u0435\u043d\u0435, \u043b\u0443\u0446\u0435\u0440\u043a\u0443 12 \u043c\u0435\u0441\u0435\u0446\u0438<\/p>\n<p>\u041c\u0415\u0428\u0410\u040a\u0415 \u0421\u0410 \u0414\u0420\u0423\u0413\u0418\u041c \u0421\u0420\u0415\u0414\u0421\u0422\u0412\u0418\u041c\u0410 \u0417\u0410 \u0417\u0410\u0428\u0422\u0418\u0422\u0423 \u0411\u0418\u0409\u0410:<br \/>\n\u041c\u043e\u0433\u0443\u045b\u043d\u043e\u0441\u0442 \u043c\u0435\u0448\u0430\u045a\u0430 (\u043a\u043e\u043c\u043f\u0430\u0442\u0438\u0431\u0438\u043b\u043d\u043e\u0441\u0442): \u041c\u043e\u0436\u0435 \u0441\u0435 \u043c\u0435\u0448\u0430\u0442\u0438 \u0441\u0430 \u0434\u0440\u0443\u0433\u0438\u043c \u043f\u0440\u0435\u043f\u0430\u0440\u0430\u0442\u0438\u043c\u0430 \u043d\u0430 \u0431\u0430\u0437\u0438<\/p>\n<p>dikambe, rimsulfuron\u0430, klopiralid\u0430. \u041f\u0440\u0435\u0442\u0445\u043e\u0434\u043d\u043e \u043f\u0440\u043e\u0432\u0435\u0440\u0438\u0442\u0438 \u043a\u043e\u043c\u043f\u0430\u0442\u0438\u0431\u0438\u043b\u043d\u043e\u0441\u0442.<\/p>\n<p>\u041d\u0415\u0413\u0410\u0422\u0418\u0412\u041d\u041e \u0414\u0415\u041b\u041e\u0412\u0410\u040a\u0415 \u041f\u0420\u0415\u041f\u0410\u0420\u0410\u0422\u0410:<br \/>\n\u0410) \u041d\u0430 \u0431\u0438\u0459\u043a\u0435 (\u0444\u0438\u0442\u043e\u0442\u043e\u043a\u0441\u0438\u0447\u043d\u043e\u0441\u0442): \u041c\u043e\u0436\u0435 \u0434\u043e\u0432\u0435\u0441\u0442\u0438 \u0434\u043e \u043f\u0440\u043e\u043b\u0430\u0437\u043d\u043e\u0433 \u0443\u0441\u043f\u043e\u0440\u0435\u043d\u0438\u0458\u0435\u0433 \u0440\u0430\u0441\u0442\u0430 \u0443\u0441\u0435\u0432\u0430 \u043a\u0443\u043a\u0443\u0440\u0443\u0437\u0430 \u0438 \u0431\u043b\u0435\u0434\u0438\u043b\u0430 \u043b\u0438\u0448\u045b\u0430 \u0443\u043a\u043e\u043b\u0438\u043a\u043e \u0441\u0435: \u043d\u0435\u043f\u043e\u0441\u0440\u0435\u0434\u043d\u043e \u043f\u0440\u0435 \u043f\u0440\u0438\u043c\u0435\u043d\u0435 \u0441\u0440\u0435\u0434\u0441\u0442\u0432\u0430 \u043f\u0440\u0438\u043c\u0435\u043d\u0435 \u043e\u0440\u0433\u0430\u043d\u043e\u0444\u043e\u0441\u0444\u0430\u0442\u043d\u0438 \u0438\u043d\u0441\u0435\u043a\u0442\u0438\u0446\u0438\u0434\u0438; \u0443 \u0432\u0440\u0435\u043c\u0435 \u043f\u0440\u0438\u043c\u0435\u043d\u0435 \u0441\u0440\u0435\u0434\u0441\u0442\u0432\u0430 \u0458\u0430\u0432\u0435 \u043d\u0435\u043f\u043e\u0432\u043e\u0459\u043d\u0438 \u0432\u0440\u0435\u043c\u0435\u043d\u0441\u043a\u0438 \u0443\u0441\u043b\u043e\u0432\u0438 (\u0438\u0437\u0440\u0430\u0437\u0438\u0442\u043e \u0432\u043b\u0430\u0436\u043d\u043e \u0438 \u0445\u043b\u0430\u0434\u043d\u043e \u0432\u0440\u0435\u043c\u0435 \u0441\u0430 \u0442\u0435\u043c\u043f\u0435\u0440\u0430\u0442\u0443\u0440\u043e\u043c &lt;5\u00b0C \u0438\u043b\u0438 \u0438\u0437\u0440\u0430\u0437\u0438\u0442\u0430 \u0441\u0443\u0448\u0430).<\/p>\n<p>\u0420\u0410\u0414\u041d\u0410 \u041a\u0410\u0420\u0415\u041d\u0426\u0410 (\u0432\u0440\u0435\u043c\u0435 \u0443 \u0442\u043e\u043a\u0443 \u043a\u043e\u043c\u0435 \u043d\u0438\u0458\u0435 \u0434\u043e\u0437\u0432\u043e\u0459\u0435\u043d \u0440\u0430\u0434 \u0443 \u043f\u043e\u0459\u0443 \u0438\u043b\u0438 \u0437\u0430\u0442\u0432\u043e\u0440\u0435\u043d\u043e\u043c \u043f\u0440\u043e\u0441\u0442\u043e\u0440\u0443): \u041e\u0431\u0435\u0437\u0431\u0435\u0452\u0435\u043d\u0430 \u0441\u0443\u0448\u0435\u045a\u0435\u043c \u0434\u0435\u043f\u043e\u0437\u0438\u0442\u0430.<\/p>\n<p>\u041f\u0420\u041e\u041c\u0423\u040b\u041a\u0410\u0422\u0418 \u041f\u0420\u0415 \u0423\u041f\u041e\u0422\u0420\u0415\u0411\u0415!<\/p>","protected":false},"excerpt":{"rendered":"<table>\n<tbody>\n<tr>\n<td>Klasa<\/td>\n<td><\/td>\n<td>Herbicidi<\/td>\n<\/tr>\n<tr>\n<td>Opis<\/td>\n<td><\/td>\n<td>Selektivni herbicid za suzbijanje jednogodi\u0161njih i vi\u0161egodi\u0161njih travnih i nekih \u0161irokolisnih korova u usevu kukuruza<\/td>\n<\/tr>\n<tr>\n<td>Proizvo\u0111a\u010d<\/td>\n<td><\/td>\n<td>Galenika-Fitofarmacija<\/td>\n<\/tr>\n<tr>\n<td>Aktivna materija<\/td>\n<td><\/td>\n<td>Nikosulfuron<\/td>\n<\/tr>\n<tr>\n<td>Formulacija<\/td>\n<td><\/td>\n<td>koncetrovana uljna suspenzija<\/td>\n<\/tr>\n<tr>\n<td>Delovanje<\/td>\n<td><\/td>\n<td>Nikosulfuron je selektivni, translokacioni herbicid iz hemijske grupe sulfonilurea. Suzbija jednogodi\u0161nje i vi\u0161egodi\u0161nje travne i neke \u0161irokolisne korove. Korovi ga usvajaju folijarno i preko korena i brzo translociraju ksilemom i floemom. Spre\u010davaju\u0107i proces obrazovanja acetolaktat sintetaze (ALS), ova aktivna materija prouzrokuje inhibiciju amino kiselina valina i izoleucina, a potom stopira deobu \u0107elija i rast biljaka.<\/td>\n<\/tr>\n<tr>\n<td>Karenca<\/td>\n<td><\/td>\n<td>Obezbe\u0111ena vremenom primene &#8211; kukuruz<\/td>\n<\/tr>\n<tr>\n<td>Doza\/ koncentracija<\/td>\n<td><\/td>\n<td>1 &#8211; 1.25 l\/ha<\/td>\n<\/tr>\n<tr>\n<td>Primena<\/td>\n<td><\/td>\n<td>merkantilni i sila\u017eni kukuruz<\/td>\n<\/tr>\n<tr>\n<td>Sadr\u017eaj<br \/>\naktivne materije<\/td>\n<td><\/td>\n<td>40 g\/l<\/td>\n<\/tr>\n<tr>\n<td>Pakovanje<\/td>\n<td><\/td>\n<td>300ml, 1 l, 10 l<\/td>\n<\/tr>\n<\/tbody>\n<\/table>","protected":false},"featured_media":4021,"template":"","meta":[],"product_brand":[],"product_cat":[203,255,204,207],"product_tag":[],"class_list":{"0":"post-3991","1":"product","2":"type-product","3":"status-publish","4":"has-post-thumbnail","6":"product_cat-herbicidi","7":"product_cat-herbicidi-protiv-uskolisnih-korova","8":"product_cat-herbicidi-u-kukuruzu","9":"product_cat-post-em-po-nicanju-useva","11":"first","12":"instock","13":"shipping-taxable","14":"product-type-simple"},"_links":{"self":[{"href":"https:\/\/agrarpetrovic.rs\/en\/wp-json\/wp\/v2\/product\/3991","targetHints":{"allow":["GET"]}}],"collection":[{"href":"https:\/\/agrarpetrovic.rs\/en\/wp-json\/wp\/v2\/product"}],"about":[{"href":"https:\/\/agrarpetrovic.rs\/en\/wp-json\/wp\/v2\/types\/product"}],"wp:featuredmedia":[{"embeddable":true,"href":"https:\/\/agrarpetrovic.rs\/en\/wp-json\/wp\/v2\/media\/4021"}],"wp:attachment":[{"href":"https:\/\/agrarpetrovic.rs\/en\/wp-json\/wp\/v2\/media?parent=3991"}],"wp:term":[{"taxonomy":"product_brand","embeddable":true,"href":"https:\/\/agrarpetrovic.rs\/en\/wp-json\/wp\/v2\/product_brand?post=3991"},{"taxonomy":"product_cat","embeddable":true,"href":"https:\/\/agrarpetrovic.rs\/en\/wp-json\/wp\/v2\/product_cat?post=3991"},{"taxonomy":"product_tag","embeddable":true,"href":"https:\/\/agrarpetrovic.rs\/en\/wp-json\/wp\/v2\/product_tag?post=3991"}],"curies":[{"name":"wp","href":"https:\/\/api.w.org\/{rel}","templated":true}]}}