{"id":3993,"date":"2023-07-13T16:06:55","date_gmt":"2023-07-13T14:06:55","guid":{"rendered":"https:\/\/agrarpetrovic.rs\/?post_type=product&#038;p=3993"},"modified":"2023-07-13T16:07:00","modified_gmt":"2023-07-13T14:07:00","slug":"shavit-f-72-wdg-fungicid","status":"publish","type":"product","link":"https:\/\/agrarpetrovic.rs\/en\/proizvod\/shavit-f-72-wdg-fungicid\/","title":{"rendered":"Shavit F 72 WDG &#8211; Fungicid"},"content":{"rendered":"<p>Kategorija:Fungicidi<br \/>\nAktivna materija:Folpet 700 g\/kg + triadimenol 20 g\/kg<br \/>\nFormulacija:Vododisperzibilne granule (WG)<br \/>\nKlasifikacija rezistentnosti: Folpet M4 + triadimenol 3<br \/>\nPakovanje: 20 g, 250 g i 1 kg<br \/>\nProizvo\u0111a\u010d: Adama<br \/>\nKarenca:<br \/>\nJabuka \u2013 21 dan<br \/>\nVinova loza \u2013 35 dana<br \/>\nPrimena<br \/>\nSistemi\u010dni fungicid sa preventivnim i kurativnim delovanjem<\/p>\n<p>VINOVA LOZA: za suzbijanje prouzrokova\u010da plamenja\u010de (Plasmopara viticola) u koli\u010dini od 2 kg\/ha i za suzbijanje pepelnice (Uncinula necator) u koli\u010dini od 3 kg\/ha.<br \/>\nVreme primene: preventivno, pre ostvarivanja uslova za infekciju, od faze kada su razvijena 3 lista.<\/p>\n<p>JABUKA: za suzbijanje prouzrokova\u010da \u010da\u0111ave pegavosti li\u0161\u0107a i krastavosti plodova jabuke (Venturia inaequalis) u koli\u010dini od 2 kg\/ha.<br \/>\nVreme primene: tretiranje pre ostvarivanja uslova za infekciju, od faze otvaranja prvih listova pa do zavr\u0161etka cvetanja.<br \/>\nMo\u017ee da se primeni \u010detiri puta na istoj povr\u0161ini u toku jedne godine.<\/p>\n<p>MOGU\u0106NOST ME\u0160ANJA<\/p>\n<p>Shavit\u00ae F72 WDG se dobro me\u0161a sa ve\u0107inom fungicida i insekticida koji se primenjuju u za\u0161titi jabuke i vinove loze. Ne me\u0161a se sa preparatima na bazi bakra.<br \/>\nKarakteristike<br \/>\nShavit\u00ae F72 WDG\u00a0 pored pepelnice na vinovoj lozi tretmanom pre cvetanja suzbija i prouzrokova\u010da crne pegavosti (Phomopsis viticola). Efikasan je i na prouzrokova\u010da crne trule\u017ei gro\u017e\u0111a (Guignardia bidwellii). Na pepelnicu deluje samo u preventivnom tretmanu.<\/p>","protected":false},"excerpt":{"rendered":"<p>Sistemi\u010dni fungicid sa protektivnim i eradikativnim delovanjem<\/p>\n<p>Primena:<\/p>\n<p>Vinova loza: suzbijanje plamenja\u010de, preventivno 2 kg\/ha i pepelnice 3 kg\/ha<\/p>\n<p>Jabuka: V.inaequalis do zavr\u0161etka cvetanja 2 kg\/ha<\/p>\n<p>MBT: 4 puta<\/p>","protected":false},"featured_media":4023,"template":"","meta":[],"product_brand":[],"product_cat":[219,224,235,227,223,221,222],"product_tag":[],"class_list":{"0":"post-3993","1":"product","2":"type-product","3":"status-publish","4":"has-post-thumbnail","6":"product_cat-fungicidi","7":"product_cat-fungicidi-protiv-cadjave-pegavosti-lista-i-krastavosti-plodova","8":"product_cat-fungicidi-protiv-pepelnice-u-vinovoj-lozi","9":"product_cat-fungicidi-protiv-plamenjace-u-vinovoj-lozi","10":"product_cat-fungicidi-u-jabucastom-vocu","11":"product_cat-fungicidi-u-vinovoj-lozi","12":"product_cat-fungicidi-u-vocarstvu","14":"first","15":"instock","16":"shipping-taxable","17":"product-type-simple"},"_links":{"self":[{"href":"https:\/\/agrarpetrovic.rs\/en\/wp-json\/wp\/v2\/product\/3993","targetHints":{"allow":["GET"]}}],"collection":[{"href":"https:\/\/agrarpetrovic.rs\/en\/wp-json\/wp\/v2\/product"}],"about":[{"href":"https:\/\/agrarpetrovic.rs\/en\/wp-json\/wp\/v2\/types\/product"}],"wp:featuredmedia":[{"embeddable":true,"href":"https:\/\/agrarpetrovic.rs\/en\/wp-json\/wp\/v2\/media\/4023"}],"wp:attachment":[{"href":"https:\/\/agrarpetrovic.rs\/en\/wp-json\/wp\/v2\/media?parent=3993"}],"wp:term":[{"taxonomy":"product_brand","embeddable":true,"href":"https:\/\/agrarpetrovic.rs\/en\/wp-json\/wp\/v2\/product_brand?post=3993"},{"taxonomy":"product_cat","embeddable":true,"href":"https:\/\/agrarpetrovic.rs\/en\/wp-json\/wp\/v2\/product_cat?post=3993"},{"taxonomy":"product_tag","embeddable":true,"href":"https:\/\/agrarpetrovic.rs\/en\/wp-json\/wp\/v2\/product_tag?post=3993"}],"curies":[{"name":"wp","href":"https:\/\/api.w.org\/{rel}","templated":true}]}}