{"id":3995,"date":"2023-07-13T16:06:55","date_gmt":"2023-07-13T14:06:55","guid":{"rendered":"https:\/\/agrarpetrovic.rs\/?post_type=product&#038;p=3995"},"modified":"2023-07-13T16:07:00","modified_gmt":"2023-07-13T14:07:00","slug":"teatar-plus-fungicid","status":"publish","type":"product","link":"https:\/\/agrarpetrovic.rs\/en\/proizvod\/teatar-plus-fungicid\/","title":{"rendered":"Teatar Plus -Fungicid"},"content":{"rendered":"<p>Kategorija:Fungicidi<br \/>\nAktivna materija:Azoksistrobin 200 g\/l + difenokonazol 125 g\/l<br \/>\nFormulacija:Koncentrovana suspenzija (SC)<br \/>\nKlasifikacija rezistentnosti:Azoksistrobin 11 + difenokonazol 3<br \/>\nPakovanje:1 L i 10 L<br \/>\nProizvo\u0111a\u010d:Chemical Agrosava<br \/>\nKarenca:<br \/>\n\u0160e\u0107erna repa \u2013 35 dana<br \/>\nP\u0161enica i je\u010dam \u2013 obezbe\u0111ena vremenom primene<br \/>\nParadajz \u2013 7 dana<br \/>\nLubenica \u2013 10 dana<br \/>\nKupus \u2013 21 dan<br \/>\nPrimena<br \/>\nSistemi\u010dni fungicid sa preventivnim delovanjem<\/p>\n<p>P\u0160ENICA I JE\u010cAM: za suzbijanje prouzrokova\u010da pepelnice (E. graminis), r\u0111e (Puccinia sp.), sive pegavosti lista i klasa p\u0161enice (Septoria tritici i S. nodorum) i mre\u017easte pegavosti je\u010dma (Pyrenophora teres) u koli\u010dini 0,6-0,8 l\/ha.<br \/>\nVreme primene: preventivno ili po pojavi prvih simptoma bolesti, kada je usev u fazi od vlatanja do po\u010detka cvetanja (faze 30-61 BBCH skale).<\/p>\n<p>\u0160E\u0106ERNA REPA: za suzbijanje prouzrokova\u010da pegavosti li\u0161\u0107a \u0161e\u0107erne repe (Cercospora beticola) u koli\u010dini od 1 l\/ha, uz utro\u0161ak vode 200-400 l\/ha.<br \/>\nVreme primene: preventivno ili po pojavi prvih simptoma.<\/p>\n<p>PARADAJZ: za suzbijanje prouzrokova\u010da crne pegavosti (Alternaria sp.) i plamenja\u010de (Phytophthora infestans) u koli\u010dini 1-1,25 l\/ha.<br \/>\nVreme primene: od kraja faze izdu\u017eivanja glavnog stabla do faze kada 70% plodova ima tipi\u010dnu boju zrelog ploda.<\/p>\n<p>LUBENICA: za suzbijanje prouzrokova\u010da crne pegavosti (Alternaria sp.) i plamenja\u010de (Pseudperonospora cubensis) u koli\u010dini 1-1,25 l\/ha.<br \/>\nVreme primene: od kraja izdu\u017eivanja glavnog stabla do pune zrelosti plodova.<\/p>\n<p>KUPUS: za suzbijanje prouzrokova\u010da crne pegavosti (Alternaria sp.) i bele r\u0111e kupusa (Albugo candida) u koli\u010dini 1-1,25 l\/ha.<br \/>\nVreme primene: od po\u010detka formiranja glavice do po\u010detka cvetanja.<\/p>\n<p>MALINA: za suzbijanje prouzrokova\u010da kestenjaste pegavosti i su\u0161enja lastara maline (Dydimela applanata) u koli\u010dini od 0,75 l\/ha.<br \/>\nVreme primene: u fazi intenzivnog porasta mladara i na po\u010detku cvetanja.<\/p>\n<p>KUPINA: za suzbijanje prouzrokova\u010da \u017eute r\u0111e kupine (Kuehneola uredinis) u koli\u010dini od 0,75 l\/ha.<br \/>\nVreme primene: u fazi intenzivnog porasta mladara.<br \/>\nMaksimalan broj tretiranja na istoj povr\u0161ini u toku godine je 2 puta, u razmaku 14-21 dan.<\/p>\n<p>Mogu\u0107nost druge primene<\/p>\n<p>Kombinacija aktivne materije azoksistrobin i difenokonazol u preparatu Teatar plus obezbe\u0111uje za\u0161titu useva:<br \/>\nSUNCOKRET I SOJA: za suzbijanje Phoma spp., Phomopsis spp., Alternaria spp.<br \/>\nP\u0160ENICA: za suzbijanje Fusarium spp.<br \/>\nPOVR\u0106E: za suzbijanje prouzrokova\u010da plamenja\u010de.<\/p>\n<p>MOGU\u0106NOST ME\u0160ANJA<\/p>\n<p>Teatar plus se mo\u017ee me\u0161ati sa triazolima i sredstvima istog mehanizma delovanja. Ne sme se me\u0161ati sa sredstvima za za\u0161titu bilja i sredstvima za ishranu bilja izrazito kisele i bazne reakcije.<br \/>\nKarakteristike<br \/>\nTeatar plus\u00a0je sistemi\u010dni fungicid sa preventivnim delovanjem za suzbijanje prouzrokova\u010da bolesti lista i stabla p\u0161enice i je\u010dma, kao i\u00a0pegavosti li\u0161\u0107a \u0161e\u0107erne repe.<br \/>\nTeatar plus\u00a0je kombinacija aktivne materije iz grupe triazola i strobilurina, \u010dijom zajedni\u010dkom primenom je pove\u0107ana efikasnost na biljne bolesti, a istovremeno je smanjena mogu\u0107nost pojave rezistencije<\/p>","protected":false},"excerpt":{"rendered":"<p><b>Sistemi\u010dni, translaminarni fungicid sa preventivnim delovanjem <\/b><\/p>\n<p><u><b>Primena:<\/b><\/u><b>\u00a0 <\/b><\/p>\n<p><b>P\u0161enica i je\u010dam: <\/b>pepelnica, r\u0111a, siva pegavost, mre\u017easta pegavost je\u010dma, 0,6-0,8 l\/ha do po\u010detka cvetanja.<\/p>\n<p><b>\u0160e\u0107erna repa: <\/b>za suzbijanje <i>Cercospora beticola <\/i>1 l\/ha<\/p>\n<p>MBT: 2 puta<\/p>","protected":false},"featured_media":4025,"template":"","meta":[],"product_brand":[],"product_cat":[219,250,225,242,243,226,244,245,256,228,220,239,241,240,222],"product_tag":[],"class_list":{"0":"post-3995","1":"product","2":"type-product","3":"status-publish","4":"has-post-thumbnail","6":"product_cat-fungicidi","7":"product_cat-fungicidi-protiv-kestenjaste-pegavosti-stabla","8":"product_cat-fungicidi-protiv-pegavosti-lista","9":"product_cat-fungicidi-protiv-pegavosti-lista-i-klasa","10":"product_cat-fungicidi-protiv-pepelnice-u-strnim-zitima","11":"product_cat-fungicidi-protiv-plamenjace","12":"product_cat-fungicidi-protiv-rdje-lista","13":"product_cat-fungicidi-protiv-susenja-lastara","14":"product_cat-fungicidi-protiv-zute-rdje-kupine","15":"product_cat-fungicidi-u-jagodicastom-vocu","16":"product_cat-fungicidi-u-povrtarstvu","17":"product_cat-fungicidi-u-ratarstvu","18":"product_cat-fungicidi-u-secernoj-repi","19":"product_cat-fungicidi-u-strnim-zitima","20":"product_cat-fungicidi-u-vocarstvu","22":"first","23":"instock","24":"shipping-taxable","25":"product-type-simple"},"_links":{"self":[{"href":"https:\/\/agrarpetrovic.rs\/en\/wp-json\/wp\/v2\/product\/3995","targetHints":{"allow":["GET"]}}],"collection":[{"href":"https:\/\/agrarpetrovic.rs\/en\/wp-json\/wp\/v2\/product"}],"about":[{"href":"https:\/\/agrarpetrovic.rs\/en\/wp-json\/wp\/v2\/types\/product"}],"wp:featuredmedia":[{"embeddable":true,"href":"https:\/\/agrarpetrovic.rs\/en\/wp-json\/wp\/v2\/media\/4025"}],"wp:attachment":[{"href":"https:\/\/agrarpetrovic.rs\/en\/wp-json\/wp\/v2\/media?parent=3995"}],"wp:term":[{"taxonomy":"product_brand","embeddable":true,"href":"https:\/\/agrarpetrovic.rs\/en\/wp-json\/wp\/v2\/product_brand?post=3995"},{"taxonomy":"product_cat","embeddable":true,"href":"https:\/\/agrarpetrovic.rs\/en\/wp-json\/wp\/v2\/product_cat?post=3995"},{"taxonomy":"product_tag","embeddable":true,"href":"https:\/\/agrarpetrovic.rs\/en\/wp-json\/wp\/v2\/product_tag?post=3995"}],"curies":[{"name":"wp","href":"https:\/\/api.w.org\/{rel}","templated":true}]}}