{"id":3996,"date":"2023-07-13T16:06:55","date_gmt":"2023-07-13T14:06:55","guid":{"rendered":"https:\/\/agrarpetrovic.rs\/?post_type=product&#038;p=3996"},"modified":"2023-07-13T16:07:01","modified_gmt":"2023-07-13T14:07:01","slug":"teldor-500-sc-fungicid","status":"publish","type":"product","link":"https:\/\/agrarpetrovic.rs\/en\/proizvod\/teldor-500-sc-fungicid\/","title":{"rendered":"Teldor 500 SC &#8211; Fungicid"},"content":{"rendered":"<p>Kategorija:Fungicidi<br \/>\nAktivna materija:Fenhexamid 500 g\/l<br \/>\nFormulacija:Koncentrovana suspenzija (SC)<br \/>\nKlasifikacija rezistentnosti:17<br \/>\nPakovanje:50 ml, 250 ml i 1 L<br \/>\nProizvo\u0111a\u010d:Bayer<br \/>\nKarenca:<br \/>\nMalina \u2013 3 dana<br \/>\nStone sorte vinove loze \u2013 7 dana<br \/>\nVinske sorte vinove loze \u2013 21 dan<br \/>\nPrimena<br \/>\nFungicid sa preventivnim delovanjem za suzbijanje prouzrokova\u010da sive trule\u017ei<\/p>\n<p>VINOVA LOZA: za suzbijanje prouzrokova\u010da sive trule\u017ei (Botrytis cinerea) u koncentraciji od 0,1% (10 ml\/10 l vode), uz utro\u0161ak vode 600-1.000 l\/ha (6-10 l\/100 m\u00b2).<br \/>\nVreme primene:<br \/>\nPrvo tretiranje \u2013 krajem cvetanja.<br \/>\nDrugo tretiranje \u2013 u fazi pred zatvaranje grozdova ili, u zavisnosti od vremenskih uslova, u fazi po\u010detka zrenja.<\/p>\n<p>MALINA: za suzbijanje prouzrokova\u010da sive trule\u017ei (Botrytis cinerea) u koli\u010dini 1-1,5 l\/ha (10-15 ml\/10 l vode), uz utro\u0161ak vode 300-600 l\/ha (3-6 l\/100 m\u00b2).<br \/>\nVreme primene: neposredno pred cvetanje, tokom cvetanja i u fazi plodono\u0161enja do 3 dana pred berbu.<br \/>\nKarakteristike<br \/>\nFenheksamid, aktivna materija preparata Teldor\u00ae 500-SC, preventivno deluje jer zaustavlja klijanje konidija i \u0161irenje gljive Botrytis cinerea. Pri vi\u0161im dozama zaustavlja i klijanje spora. Teldor\u00ae 500-SC stvara na biljci stabilan za\u0161titni sloj koji se ne spira. Nema ukr\u0161tene rezistencije sa preparatima za istu namenu iz grupa dikarboksimidi i bezimidazoli niti sa anilinopirimidinima (Mythos\u00ae i Switch\u00ae).<\/p>\n<p>NAPOMENA<\/p>\n<p>Teldor\u00ae 500-SC ne uti\u010de na fermentaciju u procesu proizvodnje vina, ukus, miris i boju \u0161ire vina, odnosno \u0161ampanjca. Nema unakrsne rezistencije sa drugim botricidima.<\/p>\n<p>NE\u017dELJENI EFEKTI<\/p>\n<p>Preparat primenjen prema uputstvu proizvo\u0111a\u010da nema ne\u017eeljene efekte.<\/p>","protected":false},"excerpt":{"rendered":"<p><b>Folijarni fungicid sa preventivnim, kurativnim i eradikativnim delovanjem za suzbijanje sive trule\u017ei<\/b><\/p>\n<p><u><b>Primena:<\/b><\/u><b>\u00a0 <\/b><\/p>\n<p><b>Vinova loza: <\/b>0,1% krajem cvetanja i po\u010detkom zrenja<\/p>\n<p><b>Malina: <\/b>1-1,5 l\/ha, neposredno pre cvetanja, tokom cvetanja i 3 dana pred berbu<\/p>","protected":false},"featured_media":4026,"template":"","meta":[],"product_brand":[],"product_cat":[219,236,245,228,221],"product_tag":[],"class_list":{"0":"post-3996","1":"product","2":"type-product","3":"status-publish","4":"has-post-thumbnail","6":"product_cat-fungicidi","7":"product_cat-fungicidi-protiv-sive-trulezi-u-vinovoj-lozi","8":"product_cat-fungicidi-protiv-susenja-lastara","9":"product_cat-fungicidi-u-jagodicastom-vocu","10":"product_cat-fungicidi-u-vinovoj-lozi","12":"first","13":"instock","14":"shipping-taxable","15":"product-type-simple"},"_links":{"self":[{"href":"https:\/\/agrarpetrovic.rs\/en\/wp-json\/wp\/v2\/product\/3996","targetHints":{"allow":["GET"]}}],"collection":[{"href":"https:\/\/agrarpetrovic.rs\/en\/wp-json\/wp\/v2\/product"}],"about":[{"href":"https:\/\/agrarpetrovic.rs\/en\/wp-json\/wp\/v2\/types\/product"}],"wp:featuredmedia":[{"embeddable":true,"href":"https:\/\/agrarpetrovic.rs\/en\/wp-json\/wp\/v2\/media\/4026"}],"wp:attachment":[{"href":"https:\/\/agrarpetrovic.rs\/en\/wp-json\/wp\/v2\/media?parent=3996"}],"wp:term":[{"taxonomy":"product_brand","embeddable":true,"href":"https:\/\/agrarpetrovic.rs\/en\/wp-json\/wp\/v2\/product_brand?post=3996"},{"taxonomy":"product_cat","embeddable":true,"href":"https:\/\/agrarpetrovic.rs\/en\/wp-json\/wp\/v2\/product_cat?post=3996"},{"taxonomy":"product_tag","embeddable":true,"href":"https:\/\/agrarpetrovic.rs\/en\/wp-json\/wp\/v2\/product_tag?post=3996"}],"curies":[{"name":"wp","href":"https:\/\/api.w.org\/{rel}","templated":true}]}}