{"id":3998,"date":"2023-07-13T16:06:55","date_gmt":"2023-07-13T14:06:55","guid":{"rendered":"https:\/\/agrarpetrovic.rs\/?post_type=product&#038;p=3998"},"modified":"2023-07-13T16:07:01","modified_gmt":"2023-07-13T14:07:01","slug":"wetsul-fungicid","status":"publish","type":"product","link":"https:\/\/agrarpetrovic.rs\/en\/proizvod\/wetsul-fungicid\/","title":{"rendered":"Wetsul &#8211; Fungicid"},"content":{"rendered":"<div class=\"group-technical-info field-group-div technical-info-processed product-accordion-processed ui-accordion ui-widget ui-helper-reset\" role=\"tablist\">\n<div id=\"ui-accordion-1-panel-0\" class=\"content ui-accordion-content ui-helper-reset ui-widget-content ui-corner-bottom ui-accordion-content-active\" role=\"tabpanel\" aria-labelledby=\"ui-accordion-1-header-0\" aria-hidden=\"false\">\n<div class=\"field field-name-field-product-category field-type-taxonomy-term-reference field-label-above\">\n<div class=\"field-items\">\n<div class=\"field-item even\">Fungicid<\/div>\n<\/div>\n<\/div>\n<div class=\"field field-name-field-product-ctive-ingredient field-type-text field-label-above\">\n<div class=\"field-item even\">Aktivna materija:Sumpor 800 g\/kg<\/div>\n<\/div>\n<div class=\"field field-name-field-product-formulation field-type-text field-label-above\">\n<div class=\"field-item even\">Formulacija:Vododisperzibilne granule (WG)<\/div>\n<\/div>\n<div class=\"field field-name-field-product-resistance-class field-type-text field-label-above\">\n<div class=\"field-item even\">Klasifikacija rezistentnosti:M2<\/div>\n<\/div>\n<div class=\"field field-name-field-product-packaging field-type-text field-label-above\">\n<div class=\"field-item even\">Pakovanje:300 g i 1 kg<\/div>\n<\/div>\n<div class=\"field field-name-field-product-manufacturer field-type-taxonomy-term-reference field-label-above\">\n<div class=\"field-item even\">Proizvo\u0111a\u010d:Azufrera y Fertilizantes Pallares<\/div>\n<\/div>\n<div class=\"field field-name-field-product-technical-informat field-type-text-with-summary field-label-hidden\">\n<div class=\"field-items\">\n<div class=\"field-item even\">\n<p class=\"rtejustify\"><strong>Karenca:<\/strong><br \/>\nJabuka \u2013 14 dana<br \/>\nVinova loza \u2013 28 dana<\/p>\n<\/div>\n<\/div>\n<\/div>\n<\/div>\n<\/div>\n<div class=\"group-primena field-group-div primena-processed product-accordion-processed ui-accordion ui-widget ui-helper-reset\" role=\"tablist\">\n<h2 id=\"ui-accordion-2-header-0\" class=\"ui-accordion-header ui-helper-reset ui-state-default ui-accordion-icons ui-accordion-header-active ui-state-active ui-corner-top\" role=\"tab\">Primena<\/h2>\n<div id=\"ui-accordion-2-panel-0\" class=\"content ui-accordion-content ui-helper-reset ui-widget-content ui-corner-bottom ui-accordion-content-active\" role=\"tabpanel\" aria-labelledby=\"ui-accordion-2-header-0\" aria-hidden=\"false\">\n<div class=\"field field-name-field-product-application field-type-text-with-summary field-label-hidden\">\n<div class=\"field-items\">\n<div class=\"field-item even\">\n<p class=\"rtejustify\"><strong>Preventivni fungicid za suzbijanje prouzrokova\u010da pepelnice na vinovoj lozi i jabuci<\/strong><\/p>\n<p class=\"rtejustify\"><strong>JABUKA:<\/strong> za suzbijanje prouzrokova\u010da pepelnice jabuke <em>(Podosphaera leucotricha)<\/em> u koli\u010dini 0,3-0,5% (30-50 g u 10 l vode). Tretirati pri temperaturi izme\u0111u 18-25\u00b0C.<br \/>\n<strong>Vreme primene:<\/strong> preventivno, u vreme ostvarivanja primarnih i sekundarnih infekcija, od faze mi\u0161jih u\u0161iju do faze kada plodovi dostignu oko 70% krajnje veli\u010dine (faze 54-77 BBCH skale).<\/p>\n<p class=\"rtejustify\"><strong>VINOVA LOZA:<\/strong> za suzbijanje prouzrokova\u010da pepelnice vinove loze <em>(Uncinula necator)<\/em> u koli\u010dini 0,3-0,5% (30-50 g u 10 l vode). Tretirati pri temperaturi izme\u0111u 18-25\u00b0C.<br \/>\nPreparat ima sekundarno dejstvo na prouzrokova\u010da crne pegavosti vinove loze <em>(Phomopsis viticola)<\/em>, na grinje na lozi: <em>Colomerus vitis, Calepitrimerus vitis<\/em> i jabuci <em>Aculus schlechtendali<\/em>.<br \/>\n<strong>Vreme primene:<\/strong> preventivno, u vreme ostvarivanja primarnih i sekundarnih infekcija, od faze kada se obrazuje 9 i vi\u0161e listova do po\u010detka \u0161arka (faze 18-81 BBCH skale).<br \/>\nMo\u017ee se primeniti najvi\u0161e \u010detiri puta u toku godine na istoj povr\u0161ini u intervalima od 10 do 14 dana izme\u0111u tretiranja.<\/p>\n<p><strong>MOGU\u0106NOST ME\u0160ANJA<\/strong><\/p>\n<p class=\"rtejustify\"><strong>Wetsul<sup>\u00ae<\/sup><\/strong> se mo\u017ee me\u0161ati sa preparatima na bazi bakar-oksihlorida uz uslov da pH me\u0161avine ostaje neutralan i sa preparatima iz grupe triazola. Ne sme se me\u0161ati sa preparatima jako alkalne i jako kisele reakcije.<\/p>\n<\/div>\n<\/div>\n<\/div>\n<\/div>\n<\/div>\n<div class=\"group-caracteristics field-group-div caracteristics-processed product-accordion-processed ui-accordion ui-widget ui-helper-reset\" role=\"tablist\">\n<h2 id=\"ui-accordion-3-header-0\" class=\"ui-accordion-header ui-helper-reset ui-state-default ui-accordion-icons ui-accordion-header-active ui-state-active ui-corner-top\" role=\"tab\">Karakteristike<\/h2>\n<div id=\"ui-accordion-3-panel-0\" class=\"content ui-accordion-content ui-helper-reset ui-widget-content ui-corner-bottom ui-accordion-content-active\" role=\"tabpanel\" aria-labelledby=\"ui-accordion-3-header-0\" aria-hidden=\"false\">\n<div class=\"field field-name-field-products-characteristics field-type-text-with-summary field-label-hidden\">\n<div class=\"field-items\">\n<div class=\"field-item even\">\n<p class=\"rtejustify\"><strong>Wetsul<sup>\u00ae<\/sup><\/strong> je preventivni fungicid namenjen suzbijanju prouzrokova\u010da pepelnice jabuke i vinove loze. Elementarni sumpor, aktivna materija preparata <strong>Wetsul<sup>\u00ae<\/sup><\/strong>, jedna je od prvih materija koja je po\u010dela da se primenjuje u za\u0161titi bilja. Zbog izvrsnog preventivnog delovanja na prouzrokva\u010de biljnih bolesti, ali i zna\u010dajnog fiziolo\u0161kog efekta na biljke, sumpor se mo\u017ee primenjivati tokom cele vegetacije.<br \/>\n<strong>Wetsul<sup>\u00ae<\/sup><\/strong> ima sekundarno delovanje na fitofagne grinje, zato se u mnogim tretmanima za\u0161tite bilja dodaje odre\u0111ena koli\u010dina preparata, kako bi se populacija grinja odr\u017eala ispod praga \u0161tetnosti. Kvalitetna formulacija u obliku vododisperzibilnih granula omogu\u0107ava brzo rastvaranje u vodi i potpuno nano\u0161enje na povr\u0161inu lista, \u010dime se obezbe\u0111uje dobar kontakt sa gljivom<\/p>\n<\/div>\n<\/div>\n<\/div>\n<\/div>\n<\/div>","protected":false},"excerpt":{"rendered":"<p><b>Preventivni gungicid za suzbijanje pepelnice na vinovoj lozi i jabuci<\/b><\/p>\n<p><u><b>Primena:<\/b><\/u><b>\u00a0 <\/b><\/p>\n<p><b>Jabuka:<\/b> Od mi\u0161ijih u\u0161iju do faze kada plodovi dostignu\u00a0 oko 70% krajnje veli\u010dine<\/p>\n<p><b>Vinova loza: <\/b>pepelnica do po\u010detka \u0161arka<\/p>\n<p><b>Koli\u010dina primene: <\/b>0,3-0,5%<\/p>","protected":false},"featured_media":4028,"template":"","meta":[],"product_brand":[],"product_cat":[219,235,254,223,221,222],"product_tag":[],"class_list":{"0":"post-3998","1":"product","2":"type-product","3":"status-publish","4":"has-post-thumbnail","6":"product_cat-fungicidi","7":"product_cat-fungicidi-protiv-pepelnice-u-vinovoj-lozi","8":"product_cat-fungicidi-protiv-pepelnice-u-jabucastom-vocu","9":"product_cat-fungicidi-u-jabucastom-vocu","10":"product_cat-fungicidi-u-vinovoj-lozi","11":"product_cat-fungicidi-u-vocarstvu","13":"first","14":"instock","15":"shipping-taxable","16":"product-type-simple"},"_links":{"self":[{"href":"https:\/\/agrarpetrovic.rs\/en\/wp-json\/wp\/v2\/product\/3998","targetHints":{"allow":["GET"]}}],"collection":[{"href":"https:\/\/agrarpetrovic.rs\/en\/wp-json\/wp\/v2\/product"}],"about":[{"href":"https:\/\/agrarpetrovic.rs\/en\/wp-json\/wp\/v2\/types\/product"}],"wp:featuredmedia":[{"embeddable":true,"href":"https:\/\/agrarpetrovic.rs\/en\/wp-json\/wp\/v2\/media\/4028"}],"wp:attachment":[{"href":"https:\/\/agrarpetrovic.rs\/en\/wp-json\/wp\/v2\/media?parent=3998"}],"wp:term":[{"taxonomy":"product_brand","embeddable":true,"href":"https:\/\/agrarpetrovic.rs\/en\/wp-json\/wp\/v2\/product_brand?post=3998"},{"taxonomy":"product_cat","embeddable":true,"href":"https:\/\/agrarpetrovic.rs\/en\/wp-json\/wp\/v2\/product_cat?post=3998"},{"taxonomy":"product_tag","embeddable":true,"href":"https:\/\/agrarpetrovic.rs\/en\/wp-json\/wp\/v2\/product_tag?post=3998"}],"curies":[{"name":"wp","href":"https:\/\/api.w.org\/{rel}","templated":true}]}}