{"id":4000,"date":"2023-07-13T16:06:55","date_gmt":"2023-07-13T14:06:55","guid":{"rendered":"https:\/\/agrarpetrovic.rs\/?post_type=product&#038;p=4000"},"modified":"2025-10-23T11:54:27","modified_gmt":"2025-10-23T09:54:27","slug":"luna-sensation-fungicid","status":"publish","type":"product","link":"https:\/\/agrarpetrovic.rs\/en\/proizvod\/luna-sensation-fungicid\/","title":{"rendered":"Luna Sensation &#8211; Fungicid"},"content":{"rendered":"<div class=\"product-harvest\">\n<p class=\"detail\">Primena:<\/p>\n<table>\n<thead>\n<tr class=\"bg-5\">\n<th>USEV \/ ZASAD<\/th>\n<th>KOLI\u010cINA PRIMENE<\/th>\n<th>VREME PRIMENE<\/th>\n<\/tr>\n<\/thead>\n<tbody>\n<tr class=\"bg-sec-5\">\n<td class=\"bg-5\"><a href=\"https:\/\/www.agromarket.rs\/srb\/zastita-bilja\/programi-zastite\/1029\/Borovnica-i-aronija\">Malina<\/a><\/td>\n<td>0,6 &#8211; 0,8 (6-8 ml na 100 m2)<\/td>\n<td>Tretiranje protiv sive trule\u017ei tokom cvetanja, precvetavanja, formiranja plodova i po\u010detkom zrenja (faze 65 \u2013 87 BBCH skale) Tretiranje biljka u vreme intenzivnog porasta izbojaka, do po\u010detka cvetanja i neposredno posle berbe (faze 19 \u2013 87 BBCH skale)<\/td>\n<\/tr>\n<\/tbody>\n<\/table>\n<\/div>\n<div class=\"product-info\">\n<p>DELOVANJE:<\/p>\n<p>Specifi\u010dan na\u010din delovanja dolazi kao posledica kombinacije dve razli\u010dite fungicidne<br \/>\nmaterije. Nova supstanca<em>\u00a0Fluopiram<\/em>\u00a0pripada inhibitorima enzima\u00a0<em>sukcinat-dehidrogenaze (SDHI)\u00a0<\/em>blokiraju\u0107i na taj na\u010din disanje, tj. proizvodnju energije u \u0107elijama gljiva na koje deluje. Aktivna\u00a0materija<em>\u00a0Trifloksistrobin<\/em>, pripada grupi strobilurina, ometa transport elektrona u mitohondrijama\u00a0\u0107elija patogena i nepovoljno deluje na proces disanja.<\/p>\n<p>SPEKTAR DELOVANJA<br \/>\nnamenjen je suzbijanju prouzrokova\u010da sive trule\u017ei (<em>Botrytis cinerea<\/em>), kao i\u00a0prouzrokova\u010da su\u0161enja izdanaka (<em>Didymella applanata<\/em>) maline.<\/p>\n<p>PREPORUKE I NAPOMENE:<br \/>\nsredstvo se primenjuje traktorskim ili le\u0111nim prskalicama ili raspr\u0161iva\u010dima\u00a0uz upotrebu 600 \u2013 1000 l\/ha (6 \u2013 10 l na 100 m2). Priprema sredstva za\u00a0primenu:<br \/>\n1. Pre otvaranja ambala\u017ee, sadr\u017eaj dobro protresti; 2. Napuniti rezervoar\u00a0ure\u0111aja za primenu pesticida sa polovinom potrebne koli\u010dine \u010diste vode uz\u00a0uklju\u010denje me\u0161a\u010da ili ru\u010dno me\u0161ati rastvor; 3. Uliti u rezervoar potrebnu\u00a0koli\u010dinu sredstva; 4. Dopuniti rezervoar za primenu pesticida preostalom\u00a0koli\u010dinom potrebne vode.<br \/>\nMe\u0161anje rastvora mora biti omogu\u0107eno za vreme pripreme rastvora i\u00a0celog postupka primene. Pripremljen rastvor potrebno je odmah utro\u0161iti.\u00a0Primena sredstva iz vazduhoplova nije dozvoljena. Tretiranje se ne sme\u00a0izvoditi po vetrovitom vremenu.<\/p>\n<\/div>","protected":false},"excerpt":{"rendered":"<p class=\"detail\"><strong>Klasa:<\/strong>\u00a0Fungicidi<\/p>\n<p class=\"detail\"><strong>Aktivna materija:<\/strong>\u00a0Fluopiram 250 g\/l + Trifloksistrobin 250 g\/l<\/p>\n<p class=\"detail\"><strong>Formulacija:<\/strong>\u00a0SC \u2013 koncentrovana suspenzija<\/p>\n<p class=\"detail\"><strong>Pakovanje:<\/strong>\u00a0100 ml, 1 l<\/p>\n<p class=\"detail\"><strong>Proizvo\u0111a\u010d:<\/strong>\u00a0Bayer CropScience<\/p>\n<p class=\"detail\"><strong>Karenca:<\/strong>\u00a07 dana<\/p>\n<p class=\"detail\"><strong>MBT:<\/strong>\u00a02<\/p>","protected":false},"featured_media":4030,"template":"","meta":[],"product_brand":[],"product_cat":[219,229,228,222,202],"product_tag":[610],"class_list":{"0":"post-4000","1":"product","2":"type-product","3":"status-publish","4":"has-post-thumbnail","6":"product_cat-fungicidi","7":"product_cat-fungicidi-protiv-sive-trulezi-u-jagodicastom-vocu","8":"product_cat-fungicidi-u-jagodicastom-vocu","9":"product_cat-fungicidi-u-vocarstvu","10":"product_cat-zastita-bilja","11":"product_tag-fluopiram-200-g-l-tebukonazol-200-g-l","13":"first","14":"outofstock","15":"shipping-taxable","16":"product-type-simple"},"_links":{"self":[{"href":"https:\/\/agrarpetrovic.rs\/en\/wp-json\/wp\/v2\/product\/4000","targetHints":{"allow":["GET"]}}],"collection":[{"href":"https:\/\/agrarpetrovic.rs\/en\/wp-json\/wp\/v2\/product"}],"about":[{"href":"https:\/\/agrarpetrovic.rs\/en\/wp-json\/wp\/v2\/types\/product"}],"wp:featuredmedia":[{"embeddable":true,"href":"https:\/\/agrarpetrovic.rs\/en\/wp-json\/wp\/v2\/media\/4030"}],"wp:attachment":[{"href":"https:\/\/agrarpetrovic.rs\/en\/wp-json\/wp\/v2\/media?parent=4000"}],"wp:term":[{"taxonomy":"product_brand","embeddable":true,"href":"https:\/\/agrarpetrovic.rs\/en\/wp-json\/wp\/v2\/product_brand?post=4000"},{"taxonomy":"product_cat","embeddable":true,"href":"https:\/\/agrarpetrovic.rs\/en\/wp-json\/wp\/v2\/product_cat?post=4000"},{"taxonomy":"product_tag","embeddable":true,"href":"https:\/\/agrarpetrovic.rs\/en\/wp-json\/wp\/v2\/product_tag?post=4000"}],"curies":[{"name":"wp","href":"https:\/\/api.w.org\/{rel}","templated":true}]}}