{"id":4001,"date":"2023-07-13T16:06:55","date_gmt":"2023-07-13T14:06:55","guid":{"rendered":"https:\/\/agrarpetrovic.rs\/?post_type=product&#038;p=4001"},"modified":"2023-07-13T16:07:05","modified_gmt":"2023-07-13T14:07:05","slug":"zato-fungicid","status":"publish","type":"product","link":"https:\/\/agrarpetrovic.rs\/en\/proizvod\/zato-fungicid\/","title":{"rendered":"Zato &#8211; Fungicid"},"content":{"rendered":"<p>Kategorija:Fungicidi<br \/>\nAktivna materija:\u0422rifloksistrobin 500 g\/kg<br \/>\nFormulacija:Vododisperzibilne granule (WG)<br \/>\nKlasifikacija rezistentnosti: 11Pakovanje: 2 g i 50 g<br \/>\nProizvo\u0111a\u010d: Bayer<br \/>\nKarenca:<br \/>\nJabuka \u2013 14 dana<br \/>\nPrimena<br \/>\nFungicid sa preventivnim delovanjem<\/p>\n<p>JABUKA: za suzbijanje prouzrokova\u010da: \u010da\u0111ave pegavosti lista i krastavosti plodova jabuka (Venturia inaequalis), preventivno tretiranje u koli\u010dini od 100 g\/ha (1 g\/10 l vode) ili kurativno tretiranje u koli\u010dini od 150 g\/ha (1,5 g\/10 l vode), najkasnije 24 \u010dasa od ostvarene infekcije, i to za vreme primarnih infekcija;<br \/>\npepelnice (Podosphaera leucotricha), u koli\u010dini od 150 g\/ha (1,5 g\/10 l vode), od faze mi\u0161jih u\u0161iju pa do faze kada su plodovi veli\u010dine 40 mm;<br \/>\nprotiv prouzrokova\u010da trule\u017ei na uskladi\u0161tenim plodovima (Penicillium spp., Gloeodes pomigena, Monilinia spp.) u koli\u010dini od 150 g\/ha (1,5 g\/10 l vode).<br \/>\nVreme primene: jedan-dva puta pre berbe, najkasnije 14 dana pred berbu.<\/p>\n<p>Priprema sredstva:<br \/>\nZato\u00ae 50 WG sipati u kofu sa vodom, ostaviti izvesno vreme da se granule rastvore, pa tek onda prome\u0161ati. Tako pripremljen rastvor sipati u prskalicu koja je prethodno napunjena vodom do \u00be rezervoara.<\/p>\n<p>Mogu\u0107nost druge primene<\/p>\n<p>Zato\u00ae 50 WG koristi se i u proizvodnji ru\u017ea kada dolaze do izra\u017eaja zeleni efekat i fungicidna svojstva preparata u koli\u010dini 0,4-0,5 kg\/ha. Kori\u0161\u0107enjem Zato\u00ae 50 WG dobijaju se rezane ru\u017ee koje zadovoljavaju me\u0111unarodne standarde u pogledu boje, broja latica i du\u017eine.<\/p>\n<p>MOGU\u0106NOST ME\u0160ANJA<\/p>\n<p>Zato\u00ae 50 WG mo\u017ee se me\u0161ati sa preparatima neutralne reakcije.<\/p>\n<p>Karakteristike<br \/>\nZato\u00ae 50 WG ima \u0161irok spektar delovanja i mo\u017ee se koristiti u svim oblastima biljne proizvodnje: ratarstvo, vo\u0107arstvo, povrtarstvo, cve\u0107arstvo i \u010duvanje plodova u skladi\u0161tima. Koristi se kako u zatvorenom prostoru (plastenici, staklenici), tako i na otvorenom (vo\u0107njaci, vinogradi, povr\u0107e, ratarski usevi). Zato\u00ae 50 WG ispoljava &#8222;zeleni efekat&#8220; koji deluje pozitivno na gajenu biljku<\/p>","protected":false},"excerpt":{"rendered":"<p>Preventivni gungicid za suzbijanje pepelnice na vinovoj lozi i jabuci<\/p>\n<p>&nbsp;<\/p>\n<p>Primena:<\/p>\n<p>Jabuka:<\/p>\n<p>-Venturia inaequalis 100-150 g\/ha<br \/>\n-Podosphaera leucotricha 150 g\/ha<br \/>\n-Trule\u017e na uskladi\u0161tenim plodovima 150 g\/ha<\/p>\n<p>Vreme primene: 1-2 puta pre berbe<\/p>","protected":false},"featured_media":4031,"template":"","meta":[],"product_brand":[],"product_cat":[219,224,257,223,222],"product_tag":[],"class_list":{"0":"post-4001","1":"product","2":"type-product","3":"status-publish","4":"has-post-thumbnail","6":"product_cat-fungicidi","7":"product_cat-fungicidi-protiv-cadjave-pegavosti-lista-i-krastavosti-plodova","8":"product_cat-fungicidi-protiv-trulezi-plodova-u-skladistu","9":"product_cat-fungicidi-u-jabucastom-vocu","10":"product_cat-fungicidi-u-vocarstvu","12":"first","13":"instock","14":"shipping-taxable","15":"product-type-simple"},"_links":{"self":[{"href":"https:\/\/agrarpetrovic.rs\/en\/wp-json\/wp\/v2\/product\/4001","targetHints":{"allow":["GET"]}}],"collection":[{"href":"https:\/\/agrarpetrovic.rs\/en\/wp-json\/wp\/v2\/product"}],"about":[{"href":"https:\/\/agrarpetrovic.rs\/en\/wp-json\/wp\/v2\/types\/product"}],"wp:featuredmedia":[{"embeddable":true,"href":"https:\/\/agrarpetrovic.rs\/en\/wp-json\/wp\/v2\/media\/4031"}],"wp:attachment":[{"href":"https:\/\/agrarpetrovic.rs\/en\/wp-json\/wp\/v2\/media?parent=4001"}],"wp:term":[{"taxonomy":"product_brand","embeddable":true,"href":"https:\/\/agrarpetrovic.rs\/en\/wp-json\/wp\/v2\/product_brand?post=4001"},{"taxonomy":"product_cat","embeddable":true,"href":"https:\/\/agrarpetrovic.rs\/en\/wp-json\/wp\/v2\/product_cat?post=4001"},{"taxonomy":"product_tag","embeddable":true,"href":"https:\/\/agrarpetrovic.rs\/en\/wp-json\/wp\/v2\/product_tag?post=4001"}],"curies":[{"name":"wp","href":"https:\/\/api.w.org\/{rel}","templated":true}]}}