{"id":4002,"date":"2023-07-13T16:06:56","date_gmt":"2023-07-13T14:06:56","guid":{"rendered":"https:\/\/agrarpetrovic.rs\/?post_type=product&#038;p=4002"},"modified":"2023-07-13T16:07:06","modified_gmt":"2023-07-13T14:07:06","slug":"aserija-fungicid","status":"publish","type":"product","link":"https:\/\/agrarpetrovic.rs\/en\/proizvod\/aserija-fungicid\/","title":{"rendered":"Aserija &#8211; Fungicid"},"content":{"rendered":"<div class=\"group-technical-info field-group-div technical-info-processed product-accordion-processed ui-accordion ui-widget ui-helper-reset\" role=\"tablist\">\n<div id=\"ui-accordion-1-panel-0\" class=\"content ui-accordion-content ui-helper-reset ui-widget-content ui-corner-bottom ui-accordion-content-active\" role=\"tabpanel\" aria-labelledby=\"ui-accordion-1-header-0\" aria-hidden=\"false\">\n<div class=\"field field-name-field-product-category field-type-taxonomy-term-reference field-label-above\">\n<div class=\"field-label\">Kategorija:<\/div>\n<div class=\"field-items\">\n<div class=\"field-item even\"><a href=\"https:\/\/www.agrosava.com\/products\/fungicides\">Fungicidi<\/a><\/div>\n<\/div>\n<\/div>\n<div class=\"field field-name-field-product-ctive-ingredient field-type-text field-label-above\">\n<div class=\"field-item even\">Aktivna materija: Fludioksonil 225 g\/l<\/div>\n<\/div>\n<div class=\"field field-name-field-product-formulation field-type-text field-label-above\">\n<div class=\"field-item even\">Formulacija: Koncentrovana suspenzija (SC)<\/div>\n<\/div>\n<div class=\"field field-name-field-product-resistance-class field-type-text field-label-above\">\n<div class=\"field-item even\">Klasifikacija rezistentnosti: 11<\/div>\n<\/div>\n<div class=\"field field-name-field-product-packaging field-type-text field-label-above\">\n<div class=\"field-item even\">Pakovanje: 1 L<\/div>\n<\/div>\n<div class=\"field field-name-field-product-manufacturer field-type-taxonomy-term-reference field-label-above\">\n<div class=\"field-item even\">Proizvo\u0111a\u010d: Chemical Agrosava<\/div>\n<div class=\"field-item even\"><strong>Karenca:<\/strong><\/div>\n<div class=\"field-item even\">Jabuka, kru\u0161ka \u2013 7 dana<\/div>\n<\/div>\n<\/div>\n<\/div>\n<div class=\"group-primena field-group-div primena-processed product-accordion-processed ui-accordion ui-widget ui-helper-reset\" role=\"tablist\">\n<h3 id=\"ui-accordion-2-header-0\" class=\"ui-accordion-header ui-helper-reset ui-state-default ui-accordion-icons ui-accordion-header-active ui-state-active ui-corner-top\" role=\"tab\">Primena<\/h3>\n<h4 class=\"ui-accordion-header ui-helper-reset ui-state-default ui-accordion-icons ui-accordion-header-active ui-state-active ui-corner-top\" role=\"tab\"><strong>Preventivni fungicid za za\u0161titu plodova od bolesti koje se razvijaju u skladi\u0161tu<\/strong><\/h4>\n<div id=\"ui-accordion-2-panel-0\" class=\"content ui-accordion-content ui-helper-reset ui-widget-content ui-corner-bottom ui-accordion-content-active\" role=\"tabpanel\" aria-labelledby=\"ui-accordion-2-header-0\" aria-hidden=\"false\">\n<div class=\"field field-name-field-product-application field-type-text-with-summary field-label-hidden\">\n<div class=\"field-items\">\n<div class=\"field-item even\">\n<p class=\"rtejustify\"><strong>JABUKA I KRU\u0160KA:<\/strong> za spre\u010davanje pojave trule\u017ei plodova u skladi\u0161tu koju izazivaju patogeni: <em>Botrytis cinerea<\/em>, <em>Stemphylium vesicarium<\/em>, <em>Alternaria spp<\/em>., <em>Penicilium spp<\/em>., <em>Monilia spp<\/em>., <em>Gleosporium spp.<\/em> i dr. u koli\u010dini od 1 l\/ha.<br \/>\n<strong>Vreme primene:<\/strong> jedan do dva tretmana pre berbe, a najkasnije 7 dana pred berbu.<br \/>\nNa istoj povr\u0161ini mo\u017ee se primeniti najvi\u0161e dva puta u toku godine.<\/p>\n<p class=\"rtejustify\"><strong>MOGU\u0106NOST ME\u0160ANJA<\/strong><\/p>\n<p class=\"rtejustify\"><strong>Aserija<\/strong> se mo\u017ee me\u0161ati sa drugim sredstvima za za\u0161titu bilja. Me\u0111utim, pre svake primene trebalo bi proveriti kompatibilnost me\u0161anja.<\/p>\n<\/div>\n<\/div>\n<\/div>\n<\/div>\n<\/div>\n<div class=\"group-caracteristics field-group-div caracteristics-processed product-accordion-processed ui-accordion ui-widget ui-helper-reset\" role=\"tablist\">\n<h3 id=\"ui-accordion-3-header-0\" class=\"ui-accordion-header ui-helper-reset ui-state-default ui-accordion-icons ui-accordion-header-active ui-state-active ui-corner-top\" role=\"tab\">Karakteristike<\/h3>\n<div id=\"ui-accordion-3-panel-0\" class=\"content ui-accordion-content ui-helper-reset ui-widget-content ui-corner-bottom ui-accordion-content-active\" role=\"tabpanel\" aria-labelledby=\"ui-accordion-3-header-0\" aria-hidden=\"false\">\n<div class=\"field field-name-field-products-characteristics field-type-text-with-summary field-label-hidden\">\n<div class=\"field-items\">\n<div class=\"field-item even\">\n<p class=\"rtejustify\"><strong>Aserija<\/strong> je preventivni fungicid za za\u0161titu plodova od bolesti koje se razvijaju u skladi\u0161tu. Preparat je na bazi aktivne materije fludioksonil, koja prema mehanizmu delovanja pripada grupi koja deluje na prenos signala. Ovakav mehanizam delovanja primarno uti\u010de na spre\u010davanje klijanja konidija, \u010dime se spre\u010dava infekcija. Primenjuje se neposredno pred berbu kako bi se izbegli rizici od pojave fiziolo\u0161kih i patogenih oboljenja u toku \u010duvanja.<br \/>\nNeke od naj\u010de\u0161\u0107ih bolesti su <em>Botrytis cinerea<\/em>, <em>Monilinia fructigena<\/em>, <em>Penicilium spp<\/em>., <em>Colletotrichum spp<\/em>., <em>Gleodes pomigena<\/em>, <em>Alternaria spp<\/em>. i njihova pojava dovodi do potpunog propadanja plodova ili smanjenog kvaliteta, a time i tr\u017ei\u0161ne vrednosti. <strong>Aserija<\/strong> ispunjava sve preduslove za bezbednu i efikasnu primenu pred berbu: ne ulazi u plodove, ima kratku karencu, \u0161irok spektar delovanja, povoljne toksikolo\u0161ke i ekotoksikolo\u0161ke osobine.<br \/>\nPreparati na bazi aktivne materije fludioksonil u Italiji, Francuskoj i Velikoj Britaniji imaju karencu od 3 dana.<\/p>\n<\/div>\n<\/div>\n<\/div>\n<\/div>\n<\/div>","protected":false},"excerpt":{"rendered":"<p>Preventivni fungicid za za\u0161titu plodova od bolesti koje se razvijaju u skladi\u0161tu<\/p>\n<p>Primena:<\/p>\n<p>Jabuka i kru\u0161ka: 1 l\/ha za spre\u010davanje pojave trule\u017ei plodova u skladi\u0161tu: Botrytis cinerea, Stemphylium vesicarium, Alternaria spp., Penicilium spp., Monilia spp., Gleosporium spp.<\/p>\n<p>Tretiranje: najkasnije 7 dana pred berbu<\/p>\n<p>&nbsp;<\/p>\n<p>&nbsp;<\/p>","protected":false},"featured_media":4032,"template":"","meta":[],"product_brand":[],"product_cat":[219,257,223,222],"product_tag":[],"class_list":{"0":"post-4002","1":"product","2":"type-product","3":"status-publish","4":"has-post-thumbnail","6":"product_cat-fungicidi","7":"product_cat-fungicidi-protiv-trulezi-plodova-u-skladistu","8":"product_cat-fungicidi-u-jabucastom-vocu","9":"product_cat-fungicidi-u-vocarstvu","11":"first","12":"instock","13":"shipping-taxable","14":"product-type-simple"},"_links":{"self":[{"href":"https:\/\/agrarpetrovic.rs\/en\/wp-json\/wp\/v2\/product\/4002","targetHints":{"allow":["GET"]}}],"collection":[{"href":"https:\/\/agrarpetrovic.rs\/en\/wp-json\/wp\/v2\/product"}],"about":[{"href":"https:\/\/agrarpetrovic.rs\/en\/wp-json\/wp\/v2\/types\/product"}],"wp:featuredmedia":[{"embeddable":true,"href":"https:\/\/agrarpetrovic.rs\/en\/wp-json\/wp\/v2\/media\/4032"}],"wp:attachment":[{"href":"https:\/\/agrarpetrovic.rs\/en\/wp-json\/wp\/v2\/media?parent=4002"}],"wp:term":[{"taxonomy":"product_brand","embeddable":true,"href":"https:\/\/agrarpetrovic.rs\/en\/wp-json\/wp\/v2\/product_brand?post=4002"},{"taxonomy":"product_cat","embeddable":true,"href":"https:\/\/agrarpetrovic.rs\/en\/wp-json\/wp\/v2\/product_cat?post=4002"},{"taxonomy":"product_tag","embeddable":true,"href":"https:\/\/agrarpetrovic.rs\/en\/wp-json\/wp\/v2\/product_tag?post=4002"}],"curies":[{"name":"wp","href":"https:\/\/api.w.org\/{rel}","templated":true}]}}