{"id":4005,"date":"2023-07-13T16:06:56","date_gmt":"2023-07-13T14:06:56","guid":{"rendered":"https:\/\/agrarpetrovic.rs\/?post_type=product&#038;p=4005"},"modified":"2023-07-13T16:07:06","modified_gmt":"2023-07-13T14:07:06","slug":"amanet-herbicid","status":"publish","type":"product","link":"https:\/\/agrarpetrovic.rs\/en\/proizvod\/amanet-herbicid\/","title":{"rendered":"Amanet -Herbicid"},"content":{"rendered":"<div class=\"group-technical-info field-group-div technical-info-processed product-accordion-processed ui-accordion ui-widget ui-helper-reset\" role=\"tablist\">\n<h2 id=\"ui-accordion-1-header-0\" class=\"ui-accordion-header ui-helper-reset ui-state-default ui-accordion-icons ui-accordion-header-active ui-state-active ui-corner-top ui-state-focus\" role=\"tab\">Tehni\u010dke informacije<\/h2>\n<div id=\"ui-accordion-1-panel-0\" class=\"content ui-accordion-content ui-helper-reset ui-widget-content ui-corner-bottom ui-accordion-content-active\" role=\"tabpanel\" aria-labelledby=\"ui-accordion-1-header-0\" aria-hidden=\"false\">\n<div class=\"field field-name-field-product-category field-type-taxonomy-term-reference field-label-above\">\n<div class=\"field-label\">Kategorija<\/div>\n<div>Herbicidi<\/div>\n<\/div>\n<div class=\"field field-name-field-product-ctive-ingredient field-type-text field-label-above\">\n<div class=\"field-item even\">Aktivna materija: Fenoksaprop-p-etil 69 g\/l + mefenpir-dietil 19 g\/l (protektant)<\/div>\n<\/div>\n<div class=\"field field-name-field-product-formulation field-type-text field-label-above\">\n<div class=\"field-item even\">Formulacija: Emulzija ulje u vodi (EW)<\/div>\n<\/div>\n<div class=\"field field-name-field-product-resistance-class field-type-text field-label-above\">\n<div class=\"field-item even\">Klasifikacija rezistentnosti: 1A<\/div>\n<\/div>\n<div class=\"field field-name-field-product-packaging field-type-text field-label-above\">\n<div class=\"field-item even\">Pakovanje: 1 L<\/div>\n<\/div>\n<div class=\"field field-name-field-product-manufacturer field-type-taxonomy-term-reference field-label-above\">\n<div class=\"field-item even\">Proizvo\u0111a\u010d: Chemical Agrosava<\/div>\n<\/div>\n<div class=\"field field-name-field-product-technical-informat field-type-text-with-summary field-label-hidden\">\n<div class=\"field-items\">\n<div class=\"field-item even\">\n<p class=\"rtejustify\"><strong>Karenca:<\/strong>Obezbe\u0111ena vremenom primene<\/p>\n<\/div>\n<\/div>\n<\/div>\n<\/div>\n<\/div>\n<div class=\"group-primena field-group-div primena-processed product-accordion-processed ui-accordion ui-widget ui-helper-reset\" role=\"tablist\">\n<h2 id=\"ui-accordion-2-header-0\" class=\"ui-accordion-header ui-helper-reset ui-state-default ui-accordion-icons ui-accordion-header-active ui-state-active ui-corner-top\" role=\"tab\">Primena<\/h2>\n<div id=\"ui-accordion-2-panel-0\" class=\"content ui-accordion-content ui-helper-reset ui-widget-content ui-corner-bottom ui-accordion-content-active\" role=\"tabpanel\" aria-labelledby=\"ui-accordion-2-header-0\" aria-hidden=\"false\">\n<div class=\"field field-name-field-product-application field-type-text-with-summary field-label-hidden\">\n<div class=\"field-items\">\n<div class=\"field-item even\">\n<p class=\"rtejustify\"><strong>OZIMA P\u0160ENICA I OZIMI JE\u010cAM:<\/strong> u koli\u010dini od 1,2 l\/ha.<br \/>\n<strong>Vreme primene:<\/strong> u fazi razvoja od tri razvijena lista, pa do pojave drugog kolenca (faze 13-32 po BBCH skali), kada su korovi najosetljiviji, tj. od faze 3-5 listova pa do pojave prvog kolenca.<br \/>\nPrimenjuje se jednom u toku godine na istoj povr\u0161ini.<\/p>\n<p class=\"rtejustify\"><strong>Amanet<\/strong> je efikasan na uskolisne korove, me\u0111u kojima je najdominantnija vrsta divlji ovas <em>(Avena fatua)<\/em>.<\/p>\n<p class=\"rtejustify\"><strong>MOGU\u0106NOST ME\u0160ANJA<\/strong><\/p>\n<p class=\"rtejustify\">Radi pro\u0161irenja spektra delovanja mo\u017ee se me\u0161ati sa preparatima Maton i Tribufen, kao i sa preparatima na bazi aktivnih materija: jodosulfuron-metil, amidosulfuron, bromoksinil.<br \/>\nBez prethodne provere ne me\u0161ati sa drugim preparatima.<\/p>\n<\/div>\n<\/div>\n<\/div>\n<\/div>\n<\/div>\n<div class=\"group-caracteristics field-group-div caracteristics-processed product-accordion-processed ui-accordion ui-widget ui-helper-reset\" role=\"tablist\">\n<h2 id=\"ui-accordion-3-header-0\" class=\"ui-accordion-header ui-helper-reset ui-state-default ui-accordion-icons ui-accordion-header-active ui-state-active ui-corner-top\" role=\"tab\">Karakteristike<\/h2>\n<div id=\"ui-accordion-3-panel-0\" class=\"content ui-accordion-content ui-helper-reset ui-widget-content ui-corner-bottom ui-accordion-content-active\" role=\"tabpanel\" aria-labelledby=\"ui-accordion-3-header-0\" aria-hidden=\"false\">\n<div class=\"field field-name-field-products-characteristics field-type-text-with-summary field-label-hidden\">\n<div class=\"field-items\">\n<div class=\"field-item even\">\n<p class=\"rtejustify\"><strong>Amanet<\/strong> je sistemi\u010dni herbicid sa kontaktnim delovanjem koji se usvaja listom. Translokacija akropetalno je ograni\u010dena, a bazipetalno je mogu\u0107a do ta\u010daka rasta u kojima ispoljava delovanje.<\/p>\n<p class=\"rtejustify\"><strong>NAPOMENA<\/strong><\/p>\n<p class=\"rtejustify\">U slu\u010daju preoravanja useva na tretiranim povr\u0161inama mogu se sejati jara p\u0161enica i jari je\u010dam posle 15 dana, a kukuruz uz prethodno oranje posle 30 dana. Nakon \u017eetve useva u kojima je primenjen <strong>Amanet<\/strong> nema ograni\u010denja u plodoredu.<br \/>\nSpre\u010diti zano\u0161enje sredstva na susedne osetljive useve.<\/p>\n<\/div>\n<\/div>\n<\/div>\n<\/div>\n<\/div>","protected":false},"excerpt":{"rendered":"<p>Selektivni sistemi\u010dni herbicid sa kontaktnim delovanjem za suzbijanje uskolisnih (travnih) korova u ozimoj p\u0161enici i ozimom je\u010dmu<\/p>\n<p>Primena: Od faze 3 razvijena lista do pojave drugog kolenca u koli\u010dini 1,2 l\/ha<\/p>\n<p>Mogu\u0107nost me\u0161anja: Sa svim preparatim za suzbijanje \u0161irokolisnih korova u usevima za koje je registrovan<\/p>","protected":false},"featured_media":4035,"template":"","meta":[],"product_brand":[],"product_cat":[203,206,259,205],"product_tag":[],"class_list":{"0":"post-4005","1":"product","2":"type-product","3":"status-publish","4":"has-post-thumbnail","6":"product_cat-herbicidi","7":"product_cat-herbicidi-protiv-sirokolisnih-korova-u-psenici","8":"product_cat-herbicidi-protiv-uskolisnih-korova-u-psenici","9":"product_cat-herbicidi-u-psenici","11":"first","12":"instock","13":"shipping-taxable","14":"product-type-simple"},"_links":{"self":[{"href":"https:\/\/agrarpetrovic.rs\/en\/wp-json\/wp\/v2\/product\/4005","targetHints":{"allow":["GET"]}}],"collection":[{"href":"https:\/\/agrarpetrovic.rs\/en\/wp-json\/wp\/v2\/product"}],"about":[{"href":"https:\/\/agrarpetrovic.rs\/en\/wp-json\/wp\/v2\/types\/product"}],"wp:featuredmedia":[{"embeddable":true,"href":"https:\/\/agrarpetrovic.rs\/en\/wp-json\/wp\/v2\/media\/4035"}],"wp:attachment":[{"href":"https:\/\/agrarpetrovic.rs\/en\/wp-json\/wp\/v2\/media?parent=4005"}],"wp:term":[{"taxonomy":"product_brand","embeddable":true,"href":"https:\/\/agrarpetrovic.rs\/en\/wp-json\/wp\/v2\/product_brand?post=4005"},{"taxonomy":"product_cat","embeddable":true,"href":"https:\/\/agrarpetrovic.rs\/en\/wp-json\/wp\/v2\/product_cat?post=4005"},{"taxonomy":"product_tag","embeddable":true,"href":"https:\/\/agrarpetrovic.rs\/en\/wp-json\/wp\/v2\/product_tag?post=4005"}],"curies":[{"name":"wp","href":"https:\/\/api.w.org\/{rel}","templated":true}]}}