{"id":4006,"date":"2023-07-13T16:06:56","date_gmt":"2023-07-13T14:06:56","guid":{"rendered":"https:\/\/agrarpetrovic.rs\/?post_type=product&#038;p=4006"},"modified":"2023-07-13T16:07:07","modified_gmt":"2023-07-13T14:07:07","slug":"butoxone-db-herbicid","status":"publish","type":"product","link":"https:\/\/agrarpetrovic.rs\/en\/proizvod\/butoxone-db-herbicid\/","title":{"rendered":"Butoxone DB &#8211; Herbicid"},"content":{"rendered":"<div class=\"group-technical-info field-group-div technical-info-processed product-accordion-processed ui-accordion ui-widget ui-helper-reset\" role=\"tablist\">\n<div id=\"ui-accordion-1-panel-0\" class=\"content ui-accordion-content ui-helper-reset ui-widget-content ui-corner-bottom ui-accordion-content-active\" role=\"tabpanel\" aria-labelledby=\"ui-accordion-1-header-0\" aria-hidden=\"false\">\n<div class=\"field field-name-field-product-category field-type-taxonomy-term-reference field-label-above\">\n<div class=\"field-label\">Kategorija:<\/div>\n<div>Herbicidi<\/div>\n<\/div>\n<div class=\"field field-name-field-product-ctive-ingredient field-type-text field-label-above\">\n<div class=\"field-item even\">Aktivna materija: 2,4 DB (natrijumova so 400 g\/l)<\/div>\n<\/div>\n<div class=\"field field-name-field-product-formulation field-type-text field-label-above\">\n<div class=\"field-item even\">Formulacija: Koncentrovani rastvor (SL)<\/div>\n<\/div>\n<div class=\"field field-name-field-product-resistance-class field-type-text field-label-above\">\n<div class=\"field-item even\">Klasifikacija rezistentnosti: 0<\/div>\n<\/div>\n<div class=\"field field-name-field-product-packaging field-type-text field-label-above\">\n<div class=\"field-item even\">Pakovanje: 1 L<\/div>\n<\/div>\n<div class=\"field field-name-field-product-manufacturer field-type-taxonomy-term-reference field-label-above\">\n<div class=\"field-item even\">Proizvo\u0111a\u010d: Chemical Agrosava<\/div>\n<\/div>\n<div class=\"field field-name-field-product-technical-informat field-type-text-with-summary field-label-hidden\">\n<div class=\"field-items\">\n<div class=\"field-item even\">\n<p><strong>Karenca:<\/strong><br \/>\nObezbe\u0111ena vremenom primene<\/p>\n<\/div>\n<\/div>\n<\/div>\n<\/div>\n<\/div>\n<div class=\"group-primena field-group-div primena-processed product-accordion-processed ui-accordion ui-widget ui-helper-reset\" role=\"tablist\">\n<h2 id=\"ui-accordion-2-header-0\" class=\"ui-accordion-header ui-helper-reset ui-state-default ui-accordion-icons ui-accordion-header-active ui-state-active ui-corner-top\" role=\"tab\">Primena<\/h2>\n<div id=\"ui-accordion-2-panel-0\" class=\"content ui-accordion-content ui-helper-reset ui-widget-content ui-corner-bottom ui-accordion-content-active\" role=\"tabpanel\" aria-labelledby=\"ui-accordion-2-header-0\" aria-hidden=\"false\">\n<div class=\"field field-name-field-product-application field-type-text-with-summary field-label-hidden\">\n<div class=\"field-items\">\n<div class=\"field-item even\">\n<p class=\"rtejustify\"><strong>Selektivni translokacioni herbicid za suzbijanje ve\u0107ine jednogodi\u0161njih i nekih vi\u0161egodi\u0161njih \u0161irokolisnih korova<\/strong><\/p>\n<p class=\"rtejustify\"><strong>LUCERKA:<\/strong> u koli\u010dini 1,5-3 l\/ha.<br \/>\n<strong>Vreme primene:<\/strong> kada lucerka dostigne visinu 10-20 cm.<br \/>\n<strong>Butoxone DB dobro suzbija:<\/strong><\/p>\n<ul>\n<li class=\"rtejustify\"><strong>jednogodi\u0161nje \u0161irokolisne korove kao \u0161to su:<\/strong> srcolisna pepeljuga <em>(Chenopodium hybridum)<\/em>, teofrastova lipica <em>(Abutilon theophrasti)<\/em>, vrste iz roda dvornika <em>(Polygonum sp.)<\/em>, viju\u0161ac <em>(Bilderdykia convolvulus)<\/em> i jednogodi\u0161nja mle\u010dika <em>(Sonchus asper)<\/em>;<\/li>\n<li class=\"rtejustify\"><strong>vi\u0161egodi\u0161nje korove kao \u0161to su<\/strong>: vrste iz roda \u0161tavelja ili kiseljaka <em>(Rumex sp.)<\/em>, palamida <em>(Cirsium arvense)<\/em>, poponac <em>(Convolvulus arvensis)<\/em>, ladole\u017e <em>(Calystegia sepium)<\/em> i mle\u010dika <em>(Sonchus arvensis)<\/em>.<\/li>\n<\/ul>\n<p class=\"rtejustify\"><strong>MOGU\u0106NOST ME\u0160ANJA<\/strong><\/p>\n<p class=\"rtejustify\">Zbog nedovoljne efikasnosti na goru\u0161icu <em>(Sinapis arvensis)<\/em>, ho\u0107u-ne\u0107u <em>(Capsella bursa pastoris)<\/em> i divlju rotkvu <em>(Raphanus raphanistrum)<\/em>, preparat<strong> Butoxone DB<\/strong> treba kombinovati sa preparatima<strong> <a href=\"https:\/\/www.agrosava.com\/piano\" target=\"_blank\" rel=\"noopener noreferrer\">Piano<\/a><\/strong> ili <a href=\"https:\/\/www.agrosava.com\/sinamon\" target=\"_blank\" rel=\"noopener noreferrer\"><strong>Sinamon<\/strong><\/a>, i to:<\/p>\n<ul>\n<li class=\"rtejustify\"><strong>Butoxone DB<\/strong> 1,5\u20132 l\/ha + 8 g\/ha <a href=\"https:\/\/www.agrosava.com\/piano\" target=\"_blank\" rel=\"noopener noreferrer\"><strong>Piano<\/strong><\/a>;<\/li>\n<li class=\"rtejustify\"><strong>Butoxone DB<\/strong> 1,5\u20132 l\/ha + 0,5 l\/ha <a href=\"https:\/\/www.agrosava.com\/sinamon\" target=\"_blank\" rel=\"noopener noreferrer\"><strong>Sinamon<\/strong><\/a>.<\/li>\n<\/ul>\n<p class=\"rtejustify\">U kombinaciji sa preparatom <a href=\"https:\/\/www.agrosava.com\/piano\" target=\"_blank\" rel=\"noopener noreferrer\"><strong>Piano<\/strong><\/a> ne sme se koristiti okva\u0161iva\u010d. Ove kombinacije poseduju dobra sinergisti\u010dka svojstva, tako da je ukupna efikasnost znatno bolja nego njihova razdvojena primena. Preparat treba primeniti uz utro\u0161ak vode 200-400 l\/ha.<\/p>\n<\/div>\n<\/div>\n<\/div>\n<\/div>\n<\/div>\n<div class=\"group-caracteristics field-group-div caracteristics-processed product-accordion-processed ui-accordion ui-widget ui-helper-reset\" role=\"tablist\">\n<h2 id=\"ui-accordion-3-header-0\" class=\"ui-accordion-header ui-helper-reset ui-state-default ui-accordion-icons ui-accordion-header-active ui-state-active ui-corner-top\" role=\"tab\">Karakteristike<\/h2>\n<div id=\"ui-accordion-3-panel-0\" class=\"content ui-accordion-content ui-helper-reset ui-widget-content ui-corner-bottom ui-accordion-content-active\" role=\"tabpanel\" aria-labelledby=\"ui-accordion-3-header-0\" aria-hidden=\"false\">\n<div class=\"field field-name-field-products-characteristics field-type-text-with-summary field-label-hidden\">\n<div class=\"field-items\">\n<div class=\"field-item even\">\n<p class=\"rtejustify\"><strong>Butoxone DB<\/strong> je jedinstveni preparat na tr\u017ei\u0161tu koji pripada grupi hormonskih herbicida i koji se mo\u017ee primenjivati u mladoj i zasnovanoj lucerki.<br \/>\nKao i kod drugih hormonskih herbicida, osetljivi korovi ubrzo nakon tretiranja po\u010dinju da se uvr\u0107u, prestaju da rastu, po\u017eute i na kraju potpuno propadnu. Ovakvi simptomi su uglavnom posledica nenormalne deobe \u0107elija u meristemskom tkivu, destrukcije sprovodnih sudova i nagomilavanja etilena, \u0161to prouzrokuje karakteristi\u010dne simptome.<\/p>\n<p class=\"rtejustify\"><strong>NAPOMENA<\/strong><\/p>\n<p class=\"rtejustify\">Do registracije preparata <strong>Butoxone DB<\/strong> na na\u0161em tr\u017ei\u0161tu nije bilo herbicida koji je bio efikasan na \u0161tavelj ili kiseljak (vrste iz roda <em>Rumex<\/em>) u lucerki i livadama.<br \/>\n<strong>Butoxone DB<\/strong> ispoljio je izrazitu efikasnost na ovaj korov.<\/p>\n<p class=\"rtejustify\"><strong>FITOTOKSI\u010cNOST<\/strong><\/p>\n<p class=\"rtejustify\"><strong>Butoxone DB<\/strong> nije fitotoksi\u010dan za lucerku, a prilikom tretiranja treba spre\u010diti zano\u0161enje na susedne, pre svega \u0161irokolisne gajene biljke kao \u0161to su: \u0161e\u0107erna repa, suncokret, povr\u0107e, vo\u0107njaci i vinogradi.<\/p>\n<\/div>\n<\/div>\n<\/div>\n<\/div>\n<\/div>","protected":false},"excerpt":{"rendered":"<p>Selektivni translokacioni herbicid za suzbijanje jednogodi\u0161njih i nekih vi\u0161egodi\u0161njih \u0161irokolisnih korova<\/p>\n<p>Primena: U mladoj i zasnovanoj lucerki 1,5-3 l\/ha<\/p>\n<p>&nbsp;<\/p>\n<p>Mogu\u0107nost me\u0161anja: Butoxone DB\u00a0 1,5-2 l\/ha + Piano 8 g\/ha bez okva\u0161iva\u010da,<\/p>\n<p>Butoxone DB 1,5-2 l\/ha + Sinamon 0,5 l\/ha<\/p>","protected":false},"featured_media":4036,"template":"","meta":[],"product_brand":[],"product_cat":[203,261],"product_tag":[],"class_list":{"0":"post-4006","1":"product","2":"type-product","3":"status-publish","4":"has-post-thumbnail","6":"product_cat-herbicidi","7":"product_cat-herbicidi-protiv-sirokolisnih-korova-u-lucerki","9":"first","10":"instock","11":"shipping-taxable","12":"product-type-simple"},"_links":{"self":[{"href":"https:\/\/agrarpetrovic.rs\/en\/wp-json\/wp\/v2\/product\/4006","targetHints":{"allow":["GET"]}}],"collection":[{"href":"https:\/\/agrarpetrovic.rs\/en\/wp-json\/wp\/v2\/product"}],"about":[{"href":"https:\/\/agrarpetrovic.rs\/en\/wp-json\/wp\/v2\/types\/product"}],"wp:featuredmedia":[{"embeddable":true,"href":"https:\/\/agrarpetrovic.rs\/en\/wp-json\/wp\/v2\/media\/4036"}],"wp:attachment":[{"href":"https:\/\/agrarpetrovic.rs\/en\/wp-json\/wp\/v2\/media?parent=4006"}],"wp:term":[{"taxonomy":"product_brand","embeddable":true,"href":"https:\/\/agrarpetrovic.rs\/en\/wp-json\/wp\/v2\/product_brand?post=4006"},{"taxonomy":"product_cat","embeddable":true,"href":"https:\/\/agrarpetrovic.rs\/en\/wp-json\/wp\/v2\/product_cat?post=4006"},{"taxonomy":"product_tag","embeddable":true,"href":"https:\/\/agrarpetrovic.rs\/en\/wp-json\/wp\/v2\/product_tag?post=4006"}],"curies":[{"name":"wp","href":"https:\/\/api.w.org\/{rel}","templated":true}]}}