{"id":4008,"date":"2023-07-13T16:06:56","date_gmt":"2023-07-13T14:06:56","guid":{"rendered":"https:\/\/agrarpetrovic.rs\/?post_type=product&#038;p=4008"},"modified":"2023-07-13T16:07:07","modified_gmt":"2023-07-13T14:07:07","slug":"flusipor-hrbicid","status":"publish","type":"product","link":"https:\/\/agrarpetrovic.rs\/en\/proizvod\/flusipor-hrbicid\/","title":{"rendered":"Flusipor &#8211; Hrbicid"},"content":{"rendered":"<p>Kategorija:<br \/>\nHerbicidi<br \/>\nAktivna materija: Fluazifop-P-butil 150 g\/l<br \/>\nFormulacija: Koncentrat za emulziju (EC)<br \/>\nKlasifikacija rezistentnosti: 1A<br \/>\nPakovanje: 250 ml i 1 L<br \/>\nProizvo\u0111a\u010d: Chemical Agrosava<br \/>\nKarenca:<br \/>\nSoja, \u0161e\u0107erna repa \u2013 70 dana<br \/>\nSuncokret \u2013 obezbe\u0111ena vremenom primene<br \/>\nPrimena<br \/>\nSelektivni, translokacioni herbicid za suzbijanje travnih korova u suncokretu, soji i \u0161e\u0107ernoj repi<\/p>\n<p>SUNCOKRET, SOJA I \u0160E\u0106ERNA REPA:<\/p>\n<p>za suzbijanje jednogodi\u0161njih travnih korova u koli\u010dini od 0,8 l\/ha;<br \/>\nza suzbijanje vi\u0161egodi\u0161njih travnih korova u koli\u010dini od 1,3 l\/ha.<br \/>\nVreme primene: tretiranje treba obaviti posle nicanja useva, a pre po\u010detka cvetanja, kada su korovi u fazi 3-5 listova.<\/p>\n<p>Flupisor suzbija jednogodi\u0161nje i vi\u0161egodi\u0161nje travne korove: divlji ovas (Avena fatua), veliki muhar (Echinochloa crus-galli), muhar (Setaria spp.), divlji sirak iz semena i rizoma (Sorghum halepense), svra\u010dica (Digitaria sanguinalis), pirevina (Agropyrum repens) i zuba\u010da (Cynodon dactylon).<\/p>\n<p>MOGU\u0106NOST ME\u0160ANJA<\/p>\n<p>Flupisor se primenjuje samostalno i ne preporu\u010duje se me\u0161anje sa drugim herbicidima.<br \/>\nKarakteristike<br \/>\nFlupisor je selektivni, translokacioni herbicid za suzbijanje jednogodi\u0161njih i vi\u0161egodi\u0161njih travnih korova u suncokretu, soji i \u0161e\u0107ernoj repi.<br \/>\nNakon primene preparata Flupisor kod korova koji su u njegovom spektru delovanja nema retrovegetacije.<br \/>\nButil estar fluazifop iz preparata Flupisor veoma brzo se apsorbuje posle folijarne primene, tako da je ve\u0107 dva sata nakon primene usvojena gotovo sva koli\u010dina preparata \u2013 nema gubitaka prilikom spiranja u slu\u010daju ki\u0161e. Translocira se simplastom i akumulira u meristemskim delovima korena i stabla. Inhibira aktivnost enzima acetil koenzim A karboksilazu.<br \/>\nEfekti delovanja na korove su vidljivi u roku 7-10 dana, a potpuno propadanje nastaje 14-21 dan posle tretmana, \u0161to se manifestuje crvenkastom bojom usled prisustva antocijana<\/p>","protected":false},"excerpt":{"rendered":"<p>Selektivni translokacioni herbicid za suzbijanje travnih korova u suncokretu, soji i \u0161e\u0107ernoj repi<\/p>\n<p>Primena: 0,8 l\/ha za jednogodi\u0161nje uskolisne korove, 1,3 l\/ha za vi\u0161egodi\u0161nje uskolisne korove<\/p>\n<p>Mogu\u0107nost me\u0161anja:<\/p>\n<p>Ne treba ga me\u0161ati sa drugim preparatima<\/p>\n<p>&nbsp;<\/p>\n<p>&nbsp;<\/p>","protected":false},"featured_media":4038,"template":"","meta":[],"product_brand":[],"product_cat":[203,265,267,263,210,211,212,266,262,264],"product_tag":[],"class_list":{"0":"post-4008","1":"product","2":"type-product","3":"status-publish","4":"has-post-thumbnail","6":"product_cat-herbicidi","7":"product_cat-herbicidi-protiv-uskolisnih-korova-u-soji","8":"product_cat-herbicidi-protiv-uskolisnih-korova-u-suncokretu","9":"product_cat-herbicidi-protiv-uskolisnih-korova-u-secernoj-repi","10":"product_cat-herbicidi-u-secernoj-repi","11":"product_cat-herbicidi-u-soji","12":"product_cat-herbicidi-u-suncokretu","13":"product_cat-post-em-po-nicanju-useva-u-suncokretu","14":"product_cat-post-em-po-nicanju-useva-u-secernoj-repi","15":"product_cat-post-em-po-nicanju-useva-u-soji","17":"first","18":"instock","19":"shipping-taxable","20":"product-type-simple"},"_links":{"self":[{"href":"https:\/\/agrarpetrovic.rs\/en\/wp-json\/wp\/v2\/product\/4008","targetHints":{"allow":["GET"]}}],"collection":[{"href":"https:\/\/agrarpetrovic.rs\/en\/wp-json\/wp\/v2\/product"}],"about":[{"href":"https:\/\/agrarpetrovic.rs\/en\/wp-json\/wp\/v2\/types\/product"}],"wp:featuredmedia":[{"embeddable":true,"href":"https:\/\/agrarpetrovic.rs\/en\/wp-json\/wp\/v2\/media\/4038"}],"wp:attachment":[{"href":"https:\/\/agrarpetrovic.rs\/en\/wp-json\/wp\/v2\/media?parent=4008"}],"wp:term":[{"taxonomy":"product_brand","embeddable":true,"href":"https:\/\/agrarpetrovic.rs\/en\/wp-json\/wp\/v2\/product_brand?post=4008"},{"taxonomy":"product_cat","embeddable":true,"href":"https:\/\/agrarpetrovic.rs\/en\/wp-json\/wp\/v2\/product_cat?post=4008"},{"taxonomy":"product_tag","embeddable":true,"href":"https:\/\/agrarpetrovic.rs\/en\/wp-json\/wp\/v2\/product_tag?post=4008"}],"curies":[{"name":"wp","href":"https:\/\/api.w.org\/{rel}","templated":true}]}}