{"id":4012,"date":"2023-07-13T16:06:56","date_gmt":"2023-07-13T14:06:56","guid":{"rendered":"https:\/\/agrarpetrovic.rs\/?post_type=product&#038;p=4012"},"modified":"2023-07-13T16:07:08","modified_gmt":"2023-07-13T14:07:08","slug":"intermezzo-herbicid","status":"publish","type":"product","link":"https:\/\/agrarpetrovic.rs\/en\/proizvod\/intermezzo-herbicid\/","title":{"rendered":"Intermezzo &#8211; Herbicid"},"content":{"rendered":"<div class=\"group-technical-info field-group-div technical-info-processed product-accordion-processed ui-accordion ui-widget ui-helper-reset\" role=\"tablist\">\n<div id=\"ui-accordion-1-panel-0\" class=\"content ui-accordion-content ui-helper-reset ui-widget-content ui-corner-bottom ui-accordion-content-active\" role=\"tabpanel\" aria-labelledby=\"ui-accordion-1-header-0\" aria-hidden=\"false\">\n<div class=\"field field-name-field-product-category field-type-taxonomy-term-reference field-label-above\">\n<div class=\"field-label\">Kategorija:<\/div>\n<div>Herbicidi<\/div>\n<\/div>\n<div class=\"field field-name-field-product-ctive-ingredient field-type-text field-label-above\">\n<div class=\"field-item even\">Aktivna materija: Mezotrion 480 g\/l<\/div>\n<\/div>\n<div class=\"field field-name-field-product-formulation field-type-text field-label-above\">\n<div class=\"field-item even\">Formulacija: Koncentrovana suspenzija (SC)<\/div>\n<\/div>\n<div class=\"field field-name-field-product-resistance-class field-type-text field-label-above\">\n<div class=\"field-item even\">Klasifikacija rezistentnosti: F2<\/div>\n<\/div>\n<div class=\"field field-name-field-product-packaging field-type-text field-label-above\">\n<div class=\"field-item even\">Pakovanje: 250 ml i 1 L<\/div>\n<\/div>\n<div class=\"field field-name-field-product-manufacturer field-type-taxonomy-term-reference field-label-above\">\n<div class=\"field-item even\">Proizvo\u0111a\u010d: Chemical Agrosava<\/div>\n<\/div>\n<div class=\"field field-name-field-product-technical-informat field-type-text-with-summary field-label-hidden\">\n<div class=\"field-items\">\n<div class=\"field-item even\">\n<p class=\"rtejustify\"><strong>Karenca:<\/strong><br \/>\nObezbe\u0111ena vremenom primene<\/p>\n<\/div>\n<\/div>\n<\/div>\n<\/div>\n<\/div>\n<div class=\"group-primena field-group-div primena-processed product-accordion-processed ui-accordion ui-widget ui-helper-reset\" role=\"tablist\">\n<h2 id=\"ui-accordion-2-header-0\" class=\"ui-accordion-header ui-helper-reset ui-state-default ui-accordion-icons ui-accordion-header-active ui-state-active ui-corner-top\" role=\"tab\">Primena<\/h2>\n<div id=\"ui-accordion-2-panel-0\" class=\"content ui-accordion-content ui-helper-reset ui-widget-content ui-corner-bottom ui-accordion-content-active\" role=\"tabpanel\" aria-labelledby=\"ui-accordion-2-header-0\" aria-hidden=\"false\">\n<div class=\"field field-name-field-product-application field-type-text-with-summary field-label-hidden\">\n<div class=\"field-items\">\n<div class=\"field-item even\">\n<p class=\"rtejustify\"><strong>Selektivni herbicid za suzbijanje ve\u0107ine \u0161irokolisnih i redukciju uskolisnih korova u kukuruzu<\/strong><\/p>\n<p class=\"rtejustify\"><strong>KUKURUZ:<\/strong> u koli\u010dini 0,15-0,25 l\/ha uz dodatak 0,2 l\/ha okva\u0161iva\u010da ES Plus.<br \/>\n<strong>Vreme primene:<\/strong> u fazi razvoja od drugog do osmog lista kukuruza (faze 12-18 po BBCH skali).<\/p>\n<p><strong>Intermezzo je efikasan na korove:<\/strong> \u0161tir <em>(Amaranthus sp.)<\/em>, pepeljuga <em>(Chenopodium album)<\/em>, tatula <em>(Datura stramonium)<\/em>, veliki dvornik <em>(Polygonum lapathifolium)<\/em>, goru\u0161ica <em>(Sinapis arvensis)<\/em>, kere\u0107e gro\u017e\u0111e <em>(Solanum nigrum)<\/em>, mi\u0161jakinja <em>(Stellaria media)<\/em>, \u010destoslavica <em>(Veronica persicaria)<\/em>, \u010di\u010dak <em>(Xanthium strumarium)<\/em> i poljski prstenak <em>(Anthemis arvensis)<\/em>.<br \/>\n<strong>Slabije deluje na korove:<\/strong> poponac <em>(Convolvulus arvensis)<\/em> i lubeni\u010darka njivska <em>(Hibiscus trionum)<\/em>.<\/p>\n<p class=\"rtejustify\"><strong>MOGU\u0106NOST ME\u0160ANJA<\/strong><\/p>\n<p class=\"rtejustify\">Radi pro\u0161irenja spektra delovanja <strong>Intermezzo<\/strong> se mo\u017ee me\u0161ati sa preparatima na bazi: terbutilazina (Zeazin), 2,4-D (Maton), dikambe (Colosseum) do faze 5 listova kukuruza, a sa preparatima na bazi nikosulfurona (Nikosav) do faze 8 listova kukuruza.<\/p>\n<\/div>\n<\/div>\n<\/div>\n<\/div>\n<\/div>\n<div class=\"group-caracteristics field-group-div caracteristics-processed product-accordion-processed ui-accordion ui-widget ui-helper-reset\" role=\"tablist\">\n<h2 id=\"ui-accordion-3-header-0\" class=\"ui-accordion-header ui-helper-reset ui-state-default ui-accordion-icons ui-accordion-header-active ui-state-active ui-corner-top\" role=\"tab\">Karakteristike<\/h2>\n<div id=\"ui-accordion-3-panel-0\" class=\"content ui-accordion-content ui-helper-reset ui-widget-content ui-corner-bottom ui-accordion-content-active\" role=\"tabpanel\" aria-labelledby=\"ui-accordion-3-header-0\" aria-hidden=\"false\">\n<div class=\"field field-name-field-products-characteristics field-type-text-with-summary field-label-hidden\">\n<div class=\"field-items\">\n<div class=\"field-item even\">\n<p class=\"rtejustify\"><strong>Intermezzo<\/strong> je selektivni herbicid za suzbijanje ve\u0107ine \u0161irokolisnih i redukciju uskolisnih korova u kukuruzu. Biljke ga usvajaju pre svega preko listova, ali mo\u017ee biti usvojen i putem korena ako je neposredno posle primene pala obilna ki\u0161a. Kre\u0107e se i floemom i ksilemom kroz celu biljku.<br \/>\nAktivnost u biljci ispoljava se preko spre\u010davanja aktivnosti enzima p-hidroksifenilpiruvat dioksigenaza (4-HPPD), \u0161to ima za posledicu spre\u010davanje biosinteze karotenoida.<br \/>\nPrvi simptomi uo\u010davaju se nakon 3-5 dana posle tretiranja, u vidu beljenja (bleaching), a nakon toga nastupa nekroza zelenih delova biljaka i potpuno su\u0161enje.<br \/>\nSelektivnost u kukuruzu zasniva se na mogu\u0107nosti da ga kukuruz brzo razlo\u017ei do neaktivnih metabolita.<br \/>\nJedno od obja\u0161njenja selektivnosti u kukuruzu zasniva se na tome da kukuruz putem korena usvaja znatno manju koli\u010dinu aktivne materije nego korovi.<\/p>\n<p class=\"rtejustify\"><strong>FITOTOKSI\u010cNOST<\/strong><\/p>\n<p class=\"rtejustify\">Ako se primeni prema prilo\u017eenom uputstvu, po pravilu, ne izaziva fitotoksi\u010dnost na kukuruzu. Preparat ne treba primenjivati u tank-miksu sa insekticidima na bazi organofosfata i karbamata, jer takva primena dovodi do pojave fitotoksi\u010dnosti<\/p>\n<\/div>\n<\/div>\n<\/div>\n<\/div>\n<\/div>","protected":false},"excerpt":{"rendered":"<p>Selektivni herbicid za suzbijanje \u0161irokolisnih i redukciju uskolisnih korova u kukuruzu<\/p>\n<p>Primena: 0,15-0,25 l\/ha uz dodatak 0,2 l\/ha okva\u0161iva\u010da ES plus<\/p>\n<p>Kada je usev u fazi do 8 razvijenih listova<\/p>\n<p>Mogu\u0107nost me\u0161anja:<\/p>\n<p>Mo\u017ee se me\u0161ati sa preparatima Zeazin, Maton, Colosseum i Nikosav<\/p>","protected":false},"featured_media":4042,"template":"","meta":[],"product_brand":[],"product_cat":[203,208,204,207,202],"product_tag":[],"class_list":{"0":"post-4012","1":"product","2":"type-product","3":"status-publish","4":"has-post-thumbnail","6":"product_cat-herbicidi","7":"product_cat-herbicidi-protiv-sirokolisnih-korova","8":"product_cat-herbicidi-u-kukuruzu","9":"product_cat-post-em-po-nicanju-useva","10":"product_cat-zastita-bilja","12":"first","13":"instock","14":"shipping-taxable","15":"product-type-simple"},"_links":{"self":[{"href":"https:\/\/agrarpetrovic.rs\/en\/wp-json\/wp\/v2\/product\/4012","targetHints":{"allow":["GET"]}}],"collection":[{"href":"https:\/\/agrarpetrovic.rs\/en\/wp-json\/wp\/v2\/product"}],"about":[{"href":"https:\/\/agrarpetrovic.rs\/en\/wp-json\/wp\/v2\/types\/product"}],"wp:featuredmedia":[{"embeddable":true,"href":"https:\/\/agrarpetrovic.rs\/en\/wp-json\/wp\/v2\/media\/4042"}],"wp:attachment":[{"href":"https:\/\/agrarpetrovic.rs\/en\/wp-json\/wp\/v2\/media?parent=4012"}],"wp:term":[{"taxonomy":"product_brand","embeddable":true,"href":"https:\/\/agrarpetrovic.rs\/en\/wp-json\/wp\/v2\/product_brand?post=4012"},{"taxonomy":"product_cat","embeddable":true,"href":"https:\/\/agrarpetrovic.rs\/en\/wp-json\/wp\/v2\/product_cat?post=4012"},{"taxonomy":"product_tag","embeddable":true,"href":"https:\/\/agrarpetrovic.rs\/en\/wp-json\/wp\/v2\/product_tag?post=4012"}],"curies":[{"name":"wp","href":"https:\/\/api.w.org\/{rel}","templated":true}]}}