{"id":4043,"date":"2023-07-13T16:07:11","date_gmt":"2023-07-13T14:07:11","guid":{"rendered":"https:\/\/agrarpetrovic.rs\/?post_type=product&#038;p=4043"},"modified":"2023-07-13T16:07:14","modified_gmt":"2023-07-13T14:07:14","slug":"es-plus-okvasivac","status":"publish","type":"product","link":"https:\/\/agrarpetrovic.rs\/en\/proizvod\/es-plus-okvasivac\/","title":{"rendered":"ES Plus &#8211; Okva\u0161iva\u010d"},"content":{"rendered":"<p>Kategorija: Sredstva posebne namene<br \/>\nAktivna materija: Izodecil alkohol etoksilat<br \/>\nFormulacija: Koncentrovani rastvor (SL)<br \/>\nPakovanje: 100 ml i 1 L<br \/>\nProizvo\u0111a\u010d: Chemical Agrosava<br \/>\nKarenca:Obezbe\u0111ena vremenom primene<br \/>\nPrimena<br \/>\nDodatno sredstvo\u2013okva\u0161iva\u010d koji se dodaje herbicidima radi pobolj\u0161anja efikasnosti u suzbijanju korova u kukuruzu i soji<\/p>\n<p>KUKURUZ: primenjuje se u kombinaciji sa preparatom Intermezzo (mezotrion) u koli\u010dini od 0,2 l\/ha.<br \/>\nSOJA: primenjuje se u kombinaciji sa preparatom Piano u koli\u010dini od 0,2 l\/ha.<br \/>\nVreme primene: posle nicanja useva u skladu sa herbicidima sa kojima se primenjuje.<br \/>\nKarakteristike<br \/>\nFITOTOKSI\u010cNOST<\/p>\n<p>ES Plus nema fitotoksi\u010dno delovanje i ne potpoma\u017ee fitotoksi\u010dnost herbicida sa kojim se primenjuje.<\/p>\n<p>NA\u010cIN DELOVANJA<\/p>\n<p>ES Plus je nejonizuju\u0107i okva\u0161iva\u010d koji smanjuje povr\u0161inski napone vode, pobolj\u0161ava kva\u0161enje lisne povr\u0161ine korova i bolje usvajanje herbicida od strane biljaka.<\/p>","protected":false},"excerpt":{"rendered":"<p><b>Dodatno sredstvo &#8211; okva\u0161iva\u010d<\/b><\/p>\n<p><b>Primena: <\/b><\/p>\n<p><b>Dodaje se preparatima:<\/b><\/p>\n<p><b>Intermezzo <\/b>u kukuruzu<\/p>\n<p><b>Piano <\/b>u soji<\/p>\n<p><b>raDIVan <\/b>u soji<\/p>\n<p><b>200 ml\/ha<\/b><\/p>\n<p><b>Smanjuje povr\u0161inski napon vode, pobolj\u0161ava kva\u0161enje lisne povr\u0161ine korova i bolje usvajanje herbicida od stane biljke.<\/b><\/p>","protected":false},"featured_media":4073,"template":"","meta":[],"product_brand":[],"product_cat":[272],"product_tag":[],"class_list":{"0":"post-4043","1":"product","2":"type-product","3":"status-publish","4":"has-post-thumbnail","6":"product_cat-pomocna-sredstva","8":"first","9":"instock","10":"shipping-taxable","11":"product-type-simple"},"_links":{"self":[{"href":"https:\/\/agrarpetrovic.rs\/en\/wp-json\/wp\/v2\/product\/4043","targetHints":{"allow":["GET"]}}],"collection":[{"href":"https:\/\/agrarpetrovic.rs\/en\/wp-json\/wp\/v2\/product"}],"about":[{"href":"https:\/\/agrarpetrovic.rs\/en\/wp-json\/wp\/v2\/types\/product"}],"wp:featuredmedia":[{"embeddable":true,"href":"https:\/\/agrarpetrovic.rs\/en\/wp-json\/wp\/v2\/media\/4073"}],"wp:attachment":[{"href":"https:\/\/agrarpetrovic.rs\/en\/wp-json\/wp\/v2\/media?parent=4043"}],"wp:term":[{"taxonomy":"product_brand","embeddable":true,"href":"https:\/\/agrarpetrovic.rs\/en\/wp-json\/wp\/v2\/product_brand?post=4043"},{"taxonomy":"product_cat","embeddable":true,"href":"https:\/\/agrarpetrovic.rs\/en\/wp-json\/wp\/v2\/product_cat?post=4043"},{"taxonomy":"product_tag","embeddable":true,"href":"https:\/\/agrarpetrovic.rs\/en\/wp-json\/wp\/v2\/product_tag?post=4043"}],"curies":[{"name":"wp","href":"https:\/\/api.w.org\/{rel}","templated":true}]}}