{"id":4045,"date":"2023-07-13T16:07:11","date_gmt":"2023-07-13T14:07:11","guid":{"rendered":"https:\/\/agrarpetrovic.rs\/?post_type=product&#038;p=4045"},"modified":"2023-07-13T16:07:14","modified_gmt":"2023-07-13T14:07:14","slug":"maton-herbicid","status":"publish","type":"product","link":"https:\/\/agrarpetrovic.rs\/en\/proizvod\/maton-herbicid\/","title":{"rendered":"Maton &#8211; Herbicid"},"content":{"rendered":"<div class=\"group-technical-info field-group-div technical-info-processed product-accordion-processed ui-accordion ui-widget ui-helper-reset\" role=\"tablist\">\n<h2 id=\"ui-accordion-1-header-0\" class=\"ui-accordion-header ui-helper-reset ui-state-default ui-accordion-icons ui-accordion-header-active ui-state-active ui-corner-top ui-state-focus\" role=\"tab\">Tehni\u010dke informacije<\/h2>\n<div id=\"ui-accordion-1-panel-0\" class=\"content ui-accordion-content ui-helper-reset ui-widget-content ui-corner-bottom ui-accordion-content-active\" role=\"tabpanel\" aria-labelledby=\"ui-accordion-1-header-0\" aria-hidden=\"false\">\n<div class=\"field field-name-field-product-category field-type-taxonomy-term-reference field-label-above\">\n<div class=\"field-label\">Kategorija:<\/div>\n<div class=\"field-items\">\n<div class=\"field-item even\">Herbicid<\/div>\n<\/div>\n<\/div>\n<div class=\"field field-name-field-product-ctive-ingredient field-type-text field-label-above\">\n<div class=\"field-item even\">Aktivna materija: 2,4 D (\u010diste kiseline 600 g\/l)<\/div>\n<\/div>\n<div class=\"field field-name-field-product-formulation field-type-text field-label-above\">\n<div class=\"field-item even\">Formulacija: Koncentrat za emulziju (EC)<\/div>\n<\/div>\n<div class=\"field field-name-field-product-resistance-class field-type-text field-label-above\">\n<div class=\"field-item even\">Klasifikacija rezistentnosti: 0<\/div>\n<\/div>\n<div class=\"field field-name-field-product-packaging field-type-text field-label-above\">\n<div class=\"field-item even\">Pakovanje: 1 L<\/div>\n<\/div>\n<div class=\"field field-name-field-product-manufacturer field-type-taxonomy-term-reference field-label-above\">\n<div class=\"field-item even\">Proizvo\u0111a\u010d: Chemical Agrosava<\/div>\n<\/div>\n<div class=\"field field-name-field-product-technical-informat field-type-text-with-summary field-label-hidden\">\n<div class=\"field-items\">\n<div class=\"field-item even\">\n<p class=\"rtejustify\"><strong>Karenca: <\/strong>Obezbe\u0111ena vremenom primene<\/p>\n<\/div>\n<\/div>\n<\/div>\n<\/div>\n<\/div>\n<div class=\"group-primena field-group-div primena-processed product-accordion-processed ui-accordion ui-widget ui-helper-reset\" role=\"tablist\">\n<h2 id=\"ui-accordion-2-header-0\" class=\"ui-accordion-header ui-helper-reset ui-state-default ui-accordion-icons ui-accordion-header-active ui-state-active ui-corner-top\" role=\"tab\">Primena<\/h2>\n<div id=\"ui-accordion-2-panel-0\" class=\"content ui-accordion-content ui-helper-reset ui-widget-content ui-corner-bottom ui-accordion-content-active\" role=\"tabpanel\" aria-labelledby=\"ui-accordion-2-header-0\" aria-hidden=\"false\">\n<div class=\"field field-name-field-product-application field-type-text-with-summary field-label-hidden\">\n<div class=\"field-items\">\n<div class=\"field-item even\">\n<p class=\"rtejustify\"><strong>Selektivni translokacioni herbicid za suzbijanje jednogodi\u0161njih i vi\u0161egodi\u0161njih \u0161irokolisnih korova <\/strong><\/p>\n<p class=\"rtejustify\"><strong>P\u0160ENICA:<\/strong> u koli\u010dini 0,8-1,2 l\/ha.<br \/>\n<strong>Vreme primene:<\/strong> tretiranjem od sredine bokorenja pa do po\u010detka vlatanja (faze 25-30 BBCH skale).<\/p>\n<p><strong>KUKURUZ:<\/strong> u koli\u010dini 0,5-0,8 l\/ha.<br \/>\n<strong>Vreme primene:<\/strong> tretiranjem kada kukuruz razvije 3-5 listova (faze 13-15 BBCH skale).<\/p>\n<p class=\"rtejustify\"><strong>Maton dobro suzbija korove:<\/strong> \u0161tir <em>(Amaranthus sp.)<\/em>, teofrastova lipica <em>(Abutilon theophrasti)<\/em>, ambrozija <em>(Ambrosia artemisiifolia)<\/em>, divlja loboda <em>(Atriplex patula)<\/em>, ho\u0107u-ne\u0107u <em>(Capsella bursa pastoris)<\/em>, pepeljuga <em>(Chenopodium sp.)<\/em>, palamida <em>(Cirsium arvense)<\/em>, poponac <em>(Convolvulus arvensis)<\/em>, samonikli suncokret <em>(Helianthus annuus)<\/em>, obi\u010dni dvornik <em>(Polygonum persicaria)<\/em>, divlja rotkva <em>(Raphanus raphanistrum)<\/em>, goru\u0161ica <em>(Sinapis arvensis)<\/em>, mle\u010dika <em>(Sonchus arvensis)<\/em>, kravlja trava <em>(Thlaspi arvense)<\/em>, \u010di\u010dak <em>(Xanthium strumarium)<\/em> i dr.<br \/>\n<strong>Zadovoljavaju\u0107e deluje na korove kao \u0161to su:<\/strong> tatula <em>(Datura stramonium)<\/em> i bulka <em>(Papaver rhoeas)<\/em>.<br \/>\n<strong>Nije efikasan na korove: <\/strong>smrdu\u0161a <em>(Bifora radians)<\/em>, divlji bro\u0107 <em>(Galium aparine)<\/em>, vrste iz roda kamilice<em> (Matricaria sp.)<\/em>, pomo\u0107nica <em>(Solanum nigrum)<\/em>, mi\u0161jakinja <em>(Stelaria media)<\/em> i dr.<\/p>\n<p class=\"rtejustify\"><strong>MOGU\u0106NOST ME\u0160ANJA<\/strong><\/p>\n<p class=\"rtejustify\">Radi pro\u0161irenja spektra delovanja u p\u0161enici <strong>Maton<\/strong> se mo\u017ee me\u0161ati sa preparatima na bazi fluroksipira (Strabon), MCPA, MCPP, klopiralida (Tipofen 300), dihlorpropa, florasulama i bromoksinila, a u kukuruzu sa preparatima na bazi dikambe (Colloseum), terbutilazina (Zeazin), nikosulfurona (Nikosav) i rimsulfurona.<\/p>\n<\/div>\n<\/div>\n<\/div>\n<\/div>\n<\/div>\n<div class=\"group-caracteristics field-group-div caracteristics-processed product-accordion-processed ui-accordion ui-widget ui-helper-reset\" role=\"tablist\">\n<h2 id=\"ui-accordion-3-header-0\" class=\"ui-accordion-header ui-helper-reset ui-state-default ui-accordion-icons ui-accordion-header-active ui-state-active ui-corner-top\" role=\"tab\">Karakteristike<\/h2>\n<div id=\"ui-accordion-3-panel-0\" class=\"content ui-accordion-content ui-helper-reset ui-widget-content ui-corner-bottom ui-accordion-content-active\" role=\"tabpanel\" aria-labelledby=\"ui-accordion-3-header-0\" aria-hidden=\"false\">\n<div class=\"field field-name-field-products-characteristics field-type-text-with-summary field-label-hidden\">\n<div class=\"field-items\">\n<div class=\"field-item even\">\n<p class=\"rtejustify\"><strong>Maton<\/strong> je selektivni sistemi\u010dni herbicid koji se koristi za suzbijanje jednogodi\u0161njih i vi\u0161egodi\u0161njih \u0161irokolisnih korova u p\u0161enici i kukuruzu. Osetljive biljke usvajaju preparat preko lista i zelenih delova stabla, a odatle se transportuje do meristemskih tkiva, gde izaziva poreme\u0107aj u deobi \u0107elija.<br \/>\nSimptomi delovanja <strong>Matona<\/strong> uo\u010davaju se sat vremena posle tretiranja, i to su uvijanje lista i stabla, zadebljanja u predelu nodusa i pucanje stabla. Blage hloroze u predelu meristema uo\u010davaju se za nekoliko dana, a potpuno su\u0161enje biljaka nastaje tek za 2-3 nedelje.<\/p>\n<p class=\"rtejustify\"><strong>FITOTOKSI\u010cNOST<\/strong><\/p>\n<p class=\"rtejustify\"><strong>Maton<\/strong> primenjen prema uputstvu nije fitotoksi\u010dan za p\u0161enicu i kukuruz. <strong>Maton<\/strong> je fitotoksi\u010dan za ve\u0107inu \u0161irokolisnih gajenih biljaka, pa prilikom tretiranja treba spre\u010diti dospevanje preparata na te biljke. Ne primenjivati ga na temperaturama ispod 5\u00b0C<\/p>\n<\/div>\n<\/div>\n<\/div>\n<\/div>\n<\/div>","protected":false},"excerpt":{"rendered":"<p><b>Selektivni herbicid za suzbijanje jednogodi\u0161njih i vi\u0161egodi\u0161njih \u0161irokolisnih korova<\/b><\/p>\n<p><u><b>Primena: <\/b><\/u><\/p>\n<p><b>Kukuruz: <\/b>0,5-0,8 l\/ha, kada je kukuruz u fazi3-5 listova<\/p>\n<p><b>P\u0161enica:<\/b> 0,8-1,2 l\/ha, od sredine bokorenja do po\u010detka vlatanja<\/p>\n<p><u><b>Mogu\u0107nost me\u0161anja:<\/b><\/u><\/p>\n<p>U kukuruzu sa preparatima: <b>NIKOSAV i ZEAZIN<\/b><\/p>\n<p>U p\u0161enici sa preparatima: <b>STRABON i AMANET<\/b><\/p>\n<p><b>\u00a0<\/b><\/p>","protected":false},"featured_media":4075,"template":"","meta":[],"product_brand":[],"product_cat":[203,206,208,204,207],"product_tag":[],"class_list":{"0":"post-4045","1":"product","2":"type-product","3":"status-publish","4":"has-post-thumbnail","6":"product_cat-herbicidi","7":"product_cat-herbicidi-protiv-sirokolisnih-korova-u-psenici","8":"product_cat-herbicidi-protiv-sirokolisnih-korova","9":"product_cat-herbicidi-u-kukuruzu","10":"product_cat-post-em-po-nicanju-useva","12":"first","13":"instock","14":"shipping-taxable","15":"product-type-simple"},"_links":{"self":[{"href":"https:\/\/agrarpetrovic.rs\/en\/wp-json\/wp\/v2\/product\/4045","targetHints":{"allow":["GET"]}}],"collection":[{"href":"https:\/\/agrarpetrovic.rs\/en\/wp-json\/wp\/v2\/product"}],"about":[{"href":"https:\/\/agrarpetrovic.rs\/en\/wp-json\/wp\/v2\/types\/product"}],"wp:featuredmedia":[{"embeddable":true,"href":"https:\/\/agrarpetrovic.rs\/en\/wp-json\/wp\/v2\/media\/4075"}],"wp:attachment":[{"href":"https:\/\/agrarpetrovic.rs\/en\/wp-json\/wp\/v2\/media?parent=4045"}],"wp:term":[{"taxonomy":"product_brand","embeddable":true,"href":"https:\/\/agrarpetrovic.rs\/en\/wp-json\/wp\/v2\/product_brand?post=4045"},{"taxonomy":"product_cat","embeddable":true,"href":"https:\/\/agrarpetrovic.rs\/en\/wp-json\/wp\/v2\/product_cat?post=4045"},{"taxonomy":"product_tag","embeddable":true,"href":"https:\/\/agrarpetrovic.rs\/en\/wp-json\/wp\/v2\/product_tag?post=4045"}],"curies":[{"name":"wp","href":"https:\/\/api.w.org\/{rel}","templated":true}]}}