{"id":4046,"date":"2023-07-13T16:07:11","date_gmt":"2023-07-13T14:07:11","guid":{"rendered":"https:\/\/agrarpetrovic.rs\/?post_type=product&#038;p=4046"},"modified":"2023-07-13T16:07:14","modified_gmt":"2023-07-13T14:07:14","slug":"nikosav-herbicid","status":"publish","type":"product","link":"https:\/\/agrarpetrovic.rs\/en\/proizvod\/nikosav-herbicid\/","title":{"rendered":"Nikosav &#8211; Herbicid"},"content":{"rendered":"<div class=\"group-technical-info field-group-div technical-info-processed product-accordion-processed ui-accordion ui-widget ui-helper-reset\" role=\"tablist\">\n<div id=\"ui-accordion-1-panel-0\" class=\"content ui-accordion-content ui-helper-reset ui-widget-content ui-corner-bottom ui-accordion-content-active\" role=\"tabpanel\" aria-labelledby=\"ui-accordion-1-header-0\" aria-hidden=\"false\">\n<div class=\"field field-name-field-product-category field-type-taxonomy-term-reference field-label-above\">\n<div class=\"field-label\">Kategorija: Herbicidi<\/div>\n<\/div>\n<div class=\"field field-name-field-product-ctive-ingredient field-type-text field-label-above\">\n<div class=\"field-item even\">Aktivna materija: Nikosulfuron 40 g\/l<\/div>\n<\/div>\n<div class=\"field field-name-field-product-formulation field-type-text field-label-above\">\n<div class=\"field-item even\">Formulacija: Uljna disperzija (OD)<\/div>\n<\/div>\n<div class=\"field field-name-field-product-resistance-class field-type-text field-label-above\">\n<div class=\"field-item even\">Klasifikacija rezistentnosti: B1<\/div>\n<\/div>\n<div class=\"field field-name-field-product-packaging field-type-text field-label-above\">\n<div class=\"field-item even\">Pakovanje: 250 ml, 1 L i 10 L<\/div>\n<\/div>\n<div class=\"field field-name-field-product-manufacturer field-type-taxonomy-term-reference field-label-above\">\n<div class=\"field-item even\">Proizvo\u0111a\u010d: Chemical Agrosava<\/div>\n<\/div>\n<div class=\"field field-name-field-product-technical-informat field-type-text-with-summary field-label-hidden\">\n<div class=\"field-items\">\n<div class=\"field-item even\">\n<p class=\"rtejustify\"><strong>Karenca:<\/strong><br \/>\nObezbe\u0111ena vremenom primene<\/p>\n<\/div>\n<\/div>\n<\/div>\n<\/div>\n<\/div>\n<div class=\"group-primena field-group-div primena-processed product-accordion-processed ui-accordion ui-widget ui-helper-reset\" role=\"tablist\">\n<h2 id=\"ui-accordion-2-header-0\" class=\"ui-accordion-header ui-helper-reset ui-state-default ui-accordion-icons ui-accordion-header-active ui-state-active ui-corner-top\" role=\"tab\">Primena<\/h2>\n<div id=\"ui-accordion-2-panel-0\" class=\"content ui-accordion-content ui-helper-reset ui-widget-content ui-corner-bottom ui-accordion-content-active\" role=\"tabpanel\" aria-labelledby=\"ui-accordion-2-header-0\" aria-hidden=\"false\">\n<div class=\"field field-name-field-product-application field-type-text-with-summary field-label-hidden\">\n<div class=\"field-items\">\n<div class=\"field-item even\">\n<p class=\"rtejustify\"><strong>Herbicid za suzbijanje jednogodi\u0161njih i vi\u0161egodi\u0161njih travnih i \u0161irokolisnih korova<\/strong><\/p>\n<p class=\"rtejustify\"><strong>KUKURUZ:<\/strong><\/p>\n<ul>\n<li class=\"rtejustify\">za suzbijanje jednogodi\u0161njih travnih i nekih \u0161irokolisnih korova kada su korovi u fazi 2-6 listova u koli\u010dini od 1 l\/ha;<\/li>\n<li class=\"rtejustify\">za suzbijanje divljeg sirka iz rizoma u fazi razvoja 3-5 listova u koli\u010dini od 1,25 l\/ha.<\/li>\n<\/ul>\n<p class=\"rtejustify\"><strong>Vreme primene:<\/strong> u fazi razvoja 3-8 listova kukuruza.<\/p>\n<p class=\"rtejustify\"><strong>Nikosav je efikasan na travne korove kao \u0161to su:<\/strong> divlji sirak iz semena i rizoma <em>(Sorghum halepense)<\/em>, pirevina <em>(Agropyrum repens)<\/em>, mali muhar <em>(Setaria sp.)<\/em> i veliki muhar <em>(Echinochloa crus-galli)<\/em>.<br \/>\n<strong>Od \u0161irokolisnih korova dobro deluje na:<\/strong> \u0161tir <em>(Amaranthus sp.)<\/em>, goru\u0161ica <em>(Sinapis arvensis)<\/em>, dvornik <em>(Polygonum sp.)<\/em>, \u010di\u010dak <em>(Xanthium strumarium)<\/em> i dr. Dobro je formulisan i ne treba mu dodavati okva\u0161iva\u010d.<\/p>\n<p class=\"rtejustify\"><strong>MOGU\u0106NOST ME\u0160ANJA<\/strong><\/p>\n<p class=\"rtejustify\">Radi pro\u0161irenja spektra delovanja <strong>Nikosav<\/strong> se mo\u017ee me\u0161ati sa preparatima na bazi 2,4-D (Maton), dikambe (Colosseum), terbutilazina (Zeazin) i mezotriona (Intermezzo i Tvister).<\/p>\n<\/div>\n<\/div>\n<\/div>\n<\/div>\n<\/div>\n<div class=\"group-caracteristics field-group-div caracteristics-processed product-accordion-processed ui-accordion ui-widget ui-helper-reset\" role=\"tablist\">\n<h2 id=\"ui-accordion-3-header-0\" class=\"ui-accordion-header ui-helper-reset ui-state-default ui-accordion-icons ui-accordion-header-active ui-state-active ui-corner-top\" role=\"tab\">Karakteristike<\/h2>\n<div id=\"ui-accordion-3-panel-0\" class=\"content ui-accordion-content ui-helper-reset ui-widget-content ui-corner-bottom ui-accordion-content-active\" role=\"tabpanel\" aria-labelledby=\"ui-accordion-3-header-0\" aria-hidden=\"false\">\n<div class=\"field field-name-field-products-characteristics field-type-text-with-summary field-label-hidden\">\n<div class=\"field-items\">\n<div class=\"field-item even\">\n<p class=\"rtejustify\"><strong>Nikosav<\/strong> je selektivni, translokacioni herbicid koji deluje preko lista, ali i preko korena. Po\u0161to se radi o preparatu koji se primenjuje na iznikle korove, usvaja se pre svega preko lista. Usvojena materija transportuje se do meristemskih tkiva, gde inhibira enzim acetolaktat sintetazu, koji ima klju\u010dnu ulogu u sintezi amino-kiselina.<br \/>\nKao posledica ove inhibicije, osetljivi korovi prestaju da rastu u roku od nekoliko \u010dasova posle tretiranja, a prvi simptomi delovanja zapa\u017eaju se za 5 \u2013 7 dana u obliku bledila, koje s vremenom prelazi u crvenkastu nijansu. U daljem toku razvoja fitotoksi\u010dnosti biljke dobijaju purpurnocrvenu boju, a zatim se su\u0161e.<br \/>\nDelovanje preko zemlji\u0161ta je zna\u010dajno samo za osetljive korove koji u momentu tretiranja nisu nikli, a ispoljava se ako ubrzo posle tretiranja padne obilna ki\u0161a.<\/p>\n<\/div>\n<\/div>\n<\/div>\n<\/div>\n<\/div>","protected":false},"excerpt":{"rendered":"<p><b>Selektivni herbicid za suzbijanje jednogodi\u0161njih i vi\u0161egodi\u0161njih travnih i \u0161irokolisnih korova<\/b><\/p>\n<p><u><b>Primena: <\/b><\/u><\/p>\n<p><b>Kukuruz: <\/b>1-1,25 l\/ha, kada je kukuruz u fazi 2-8 listova<\/p>\n<p><u><b>Mogu\u0107nost me\u0161anja:<\/b><\/u><\/p>\n<p>Mo\u017ee se me\u0161ati sa preparatima: <b>Maton, Colosseum, Zeazin, <\/b><b>Intermezzo, Pretendo i Tvister<\/b><\/p>","protected":false},"featured_media":4076,"template":"","meta":[],"product_brand":[],"product_cat":[203,255,204,207],"product_tag":[],"class_list":{"0":"post-4046","1":"product","2":"type-product","3":"status-publish","4":"has-post-thumbnail","6":"product_cat-herbicidi","7":"product_cat-herbicidi-protiv-uskolisnih-korova","8":"product_cat-herbicidi-u-kukuruzu","9":"product_cat-post-em-po-nicanju-useva","11":"first","12":"instock","13":"shipping-taxable","14":"product-type-simple"},"_links":{"self":[{"href":"https:\/\/agrarpetrovic.rs\/en\/wp-json\/wp\/v2\/product\/4046","targetHints":{"allow":["GET"]}}],"collection":[{"href":"https:\/\/agrarpetrovic.rs\/en\/wp-json\/wp\/v2\/product"}],"about":[{"href":"https:\/\/agrarpetrovic.rs\/en\/wp-json\/wp\/v2\/types\/product"}],"wp:featuredmedia":[{"embeddable":true,"href":"https:\/\/agrarpetrovic.rs\/en\/wp-json\/wp\/v2\/media\/4076"}],"wp:attachment":[{"href":"https:\/\/agrarpetrovic.rs\/en\/wp-json\/wp\/v2\/media?parent=4046"}],"wp:term":[{"taxonomy":"product_brand","embeddable":true,"href":"https:\/\/agrarpetrovic.rs\/en\/wp-json\/wp\/v2\/product_brand?post=4046"},{"taxonomy":"product_cat","embeddable":true,"href":"https:\/\/agrarpetrovic.rs\/en\/wp-json\/wp\/v2\/product_cat?post=4046"},{"taxonomy":"product_tag","embeddable":true,"href":"https:\/\/agrarpetrovic.rs\/en\/wp-json\/wp\/v2\/product_tag?post=4046"}],"curies":[{"name":"wp","href":"https:\/\/api.w.org\/{rel}","templated":true}]}}