{"id":4049,"date":"2023-07-13T16:07:12","date_gmt":"2023-07-13T14:07:12","guid":{"rendered":"https:\/\/agrarpetrovic.rs\/?post_type=product&#038;p=4049"},"modified":"2023-07-13T16:07:16","modified_gmt":"2023-07-13T14:07:16","slug":"eurofertil-top-51","status":"publish","type":"product","link":"https:\/\/agrarpetrovic.rs\/en\/proizvod\/eurofertil-top-51\/","title":{"rendered":"Eurofertil TOP 51"},"content":{"rendered":"<h1 class=\"article_title\">Eurofertil TOP<\/h1>\n<div class=\"group clearfix\">\n<div class=\"article_photo\"><img decoding=\"async\" src=\"https:\/\/www.timacagro.rs\/uploads\/ck_editor\/images\/Biljna%20proizvodnja\/Granulisana%20djubriva\/EurofertilTOP.png\" alt=\"\" \/><\/div>\n<div class=\"article_content\">\n<p><strong>Eurofertil TOP<\/strong>\u00a0je linija \u010dvrstih kompleksnih mineralnih \u0111ubriva prvenstveno namenjena usevima kod kojih se zahteva brz po\u010detni porast i stvaranje optimalnog sklopa biljaka dok proizvodi iz ove linije omogu\u0107avaju gajenim kulturama veoma visok procenat iskori\u0161\u0107enja hraniva iz \u0111ubriva.<\/p>\n<p>&nbsp;<\/p>\n<p><strong>Eurofertil TOP<\/strong>\u00a0mineralna \u0111ubriva sadr\u017ee inovativna patentirana re\u0161enja Roullier Group\u00a0<a href=\"http:\/\/www.timacagro.rs\/inovacije\/inovacije\">TOP-PHOS i N-Process<\/a>.<\/p>\n<p>&nbsp;<\/p>\n<p><strong>Proizvodi<\/strong><\/p>\n<\/div>\n<\/div>","protected":false},"excerpt":{"rendered":"<p>Eurofertil TOP 51 NPK \u2013 NPK 4\/10\/20 + 2 MgO + 17 SO<sub>3<\/sub>\u00a0+ 0,2 B + 0,15 Zn<\/p>","protected":false},"featured_media":4079,"template":"","meta":[],"product_brand":[],"product_cat":[200,277,276],"product_tag":[],"class_list":{"0":"post-4049","1":"product","2":"type-product","3":"status-publish","4":"has-post-thumbnail","6":"product_cat-ishrana-bilja","7":"product_cat-kompleksna-djubriva","8":"product_cat-osnovna-djubriva","10":"first","11":"instock","12":"shipping-taxable","13":"product-type-simple"},"_links":{"self":[{"href":"https:\/\/agrarpetrovic.rs\/en\/wp-json\/wp\/v2\/product\/4049","targetHints":{"allow":["GET"]}}],"collection":[{"href":"https:\/\/agrarpetrovic.rs\/en\/wp-json\/wp\/v2\/product"}],"about":[{"href":"https:\/\/agrarpetrovic.rs\/en\/wp-json\/wp\/v2\/types\/product"}],"wp:featuredmedia":[{"embeddable":true,"href":"https:\/\/agrarpetrovic.rs\/en\/wp-json\/wp\/v2\/media\/4079"}],"wp:attachment":[{"href":"https:\/\/agrarpetrovic.rs\/en\/wp-json\/wp\/v2\/media?parent=4049"}],"wp:term":[{"taxonomy":"product_brand","embeddable":true,"href":"https:\/\/agrarpetrovic.rs\/en\/wp-json\/wp\/v2\/product_brand?post=4049"},{"taxonomy":"product_cat","embeddable":true,"href":"https:\/\/agrarpetrovic.rs\/en\/wp-json\/wp\/v2\/product_cat?post=4049"},{"taxonomy":"product_tag","embeddable":true,"href":"https:\/\/agrarpetrovic.rs\/en\/wp-json\/wp\/v2\/product_tag?post=4049"}],"curies":[{"name":"wp","href":"https:\/\/api.w.org\/{rel}","templated":true}]}}