{"id":4050,"date":"2023-07-13T16:07:12","date_gmt":"2023-07-13T14:07:12","guid":{"rendered":"https:\/\/agrarpetrovic.rs\/?post_type=product&#038;p=4050"},"modified":"2023-07-13T16:07:16","modified_gmt":"2023-07-13T14:07:16","slug":"sinamon-herbicid","status":"publish","type":"product","link":"https:\/\/agrarpetrovic.rs\/en\/proizvod\/sinamon-herbicid\/","title":{"rendered":"Sinamon &#8211; Herbicid"},"content":{"rendered":"<div class=\"group-technical-info field-group-div technical-info-processed product-accordion-processed ui-accordion ui-widget ui-helper-reset\" role=\"tablist\">\n<div id=\"ui-accordion-1-panel-0\" class=\"content ui-accordion-content ui-helper-reset ui-widget-content ui-corner-bottom ui-accordion-content-active\" role=\"tabpanel\" aria-labelledby=\"ui-accordion-1-header-0\" aria-hidden=\"false\">\n<div class=\"field field-name-field-product-category field-type-taxonomy-term-reference field-label-above\">\n<div class=\"field-item even\">Kategorija: Hebicidi<\/div>\n<\/div>\n<div class=\"field field-name-field-product-ctive-ingredient field-type-text field-label-above\">\n<div class=\"field-item even\">Aktivna materija: Imazamoks 40 g\/l<\/div>\n<\/div>\n<div class=\"field field-name-field-product-formulation field-type-text field-label-above\">\n<div class=\"field-item even\">Formulacija: Koncentrovani rastvor (SL)<\/div>\n<\/div>\n<div class=\"field field-name-field-product-resistance-class field-type-text field-label-above\">\n<div class=\"field-item even\">Klasifikacija rezistentnosti: B2<\/div>\n<\/div>\n<div class=\"field field-name-field-product-packaging field-type-text field-label-above\">\n<div class=\"field-item even\">Pakovanje: \u017e1 L<\/div>\n<\/div>\n<div class=\"field field-name-field-product-manufacturer field-type-taxonomy-term-reference field-label-above\">\n<div class=\"field-item even\">Proizvo\u0111a\u010d: Chemical Agrosava<\/div>\n<\/div>\n<div class=\"field field-name-field-product-technical-informat field-type-text-with-summary field-label-hidden\">\n<div class=\"field-items\">\n<div class=\"field-item even\">\n<p class=\"rtejustify\"><strong>Karenca: <\/strong>Soja, gra\u0161ak i lucerka \u2013 35 dana<\/p>\n<\/div>\n<\/div>\n<\/div>\n<\/div>\n<\/div>\n<div class=\"group-primena field-group-div primena-processed product-accordion-processed ui-accordion ui-widget ui-helper-reset\" role=\"tablist\">\n<h2 id=\"ui-accordion-2-header-0\" class=\"ui-accordion-header ui-helper-reset ui-state-default ui-accordion-icons ui-accordion-header-active ui-state-active ui-corner-top\" role=\"tab\">Primena<\/h2>\n<div id=\"ui-accordion-2-panel-0\" class=\"content ui-accordion-content ui-helper-reset ui-widget-content ui-corner-bottom ui-accordion-content-active\" role=\"tabpanel\" aria-labelledby=\"ui-accordion-2-header-0\" aria-hidden=\"false\">\n<div class=\"field field-name-field-product-application field-type-text-with-summary field-label-hidden\">\n<div class=\"field-items\">\n<div class=\"field-item even\">\n<p class=\"rtejustify\"><strong>Selektivni herbicid za suzbijanje jednogodi\u0161njih \u0161irokolisnih i nekih travnih korova<\/strong><\/p>\n<p class=\"rtejustify\"><strong>SOJA, GRA\u0160AK I LUCERKA:<\/strong> u koli\u010dini 1-1,2 l\/ha.<br \/>\n<strong>Vreme primene:<\/strong> kada su usevi u fazi 2-3 trolista (faza 11-13 BBCH skale), a korovi u fazi od klijanja do razvijenih 6 listova.<\/p>\n<p><strong>Sinamon je efikasan na korove:<\/strong><\/p>\n<ul>\n<li class=\"rtejustify\"><strong>u koli\u010dini 1 l\/ha:<\/strong> ho\u0107u-ne\u0107u <em>(Capsella bursa-pastoris)<\/em>, tatula <em>(Datura stramonium)<\/em>, dvornik <em>(Polygonum lapathifolium)<\/em>, pomo\u0107nica <em>(Solanum nigrum)<\/em>, mi\u0161jakinja <em>(Stellaria media)<\/em>, masla\u010dak <em>(Taraxacum officinale)<\/em>, persijska \u010destoslavica <em>(Veronica perisca)<\/em> i \u010di\u010dak <em>(Xantium strumarium)<\/em>;<\/li>\n<li class=\"rtejustify\"><strong>u koli\u010dini 1,2 l\/ha:<\/strong> pored gorenavedenih korova i na korove: teofrastova lipica <em>(Abutilon theophrasti)<\/em>, ambrozija <em>(Ambrosia artemisiifolia)<\/em>, viju\u0161ac <em>(Bylderdykia convolvulus)<\/em>, obi\u010dna pepeljuga <em>(Chenopodium album)<\/em>, crvena mrtva kopriva <em>(Lamium purpureum)<\/em> i kopriva njivska <em>(Lamium amplexicaule)<\/em>.<\/li>\n<\/ul>\n<p class=\"rtejustify\"><strong>Slabije deluje na korove:<\/strong> palamida <em>(Cirsium arvense)<\/em>, poponac <em>(Convolvulus arvensis)<\/em> i njivska lubeni\u010darka <em>(Hibiscus trionum)<\/em>.<\/p>\n<p class=\"rtejustify\"><strong>Mogu\u0107nost druge primene<\/strong><\/p>\n<p class=\"rtejustify\">Mo\u017ee se primenjivati u suncokretu tolerantnom na herbicide iz grupe imidazolinona.<\/p>\n<p class=\"rtejustify\"><strong>MOGU\u0106NOST ME\u0160ANJA<\/strong><\/p>\n<p class=\"rtejustify\"><strong>Sinamon<\/strong> se mo\u017ee me\u0161ati sa drugim preparatima radi pro\u0161irenja spektra delovanja kao \u0161to su <a href=\"https:\/\/www.agrosava.com\/savazon-480\" target=\"_blank\" rel=\"noopener noreferrer\"><strong>Savazon 480<\/strong><\/a> i <a href=\"https:\/\/www.agrosava.com\/piano\" target=\"_blank\" rel=\"noopener noreferrer\"><strong>Piano<\/strong><\/a> ili sa drugim sredstvima namenjenim za suzbijanje \u0161irokolisnih korova. Ne me\u0161ati sa sredstvima za suzbijanje travnih korova. U slu\u010daju primene u tank-miksu neophodno je prethodno proveriti kompatibilnost formulacije.<\/p>\n<\/div>\n<\/div>\n<\/div>\n<\/div>\n<\/div>\n<div class=\"group-caracteristics field-group-div caracteristics-processed product-accordion-processed ui-accordion ui-widget ui-helper-reset\" role=\"tablist\">\n<h2 id=\"ui-accordion-3-header-0\" class=\"ui-accordion-header ui-helper-reset ui-state-default ui-accordion-icons ui-accordion-header-active ui-state-active ui-corner-top\" role=\"tab\">Karakteristike<\/h2>\n<div id=\"ui-accordion-3-panel-0\" class=\"content ui-accordion-content ui-helper-reset ui-widget-content ui-corner-bottom ui-accordion-content-active\" role=\"tabpanel\" aria-labelledby=\"ui-accordion-3-header-0\" aria-hidden=\"false\">\n<div class=\"field field-name-field-products-characteristics field-type-text-with-summary field-label-hidden\">\n<div class=\"field-items\">\n<div class=\"field-item even\">\n<p class=\"rtejustify\"><strong>Sinamon<\/strong> je sistemi\u010dni herbicid za suzbijanje jednogodi\u0161njih \u0161irokolisnih i nekih travnih korova.<\/p>\n<p class=\"rtejustify\"><strong>NAPOMENA<\/strong><\/p>\n<p class=\"rtejustify\">U normalnom plodoredu bez ograni\u010denja se mogu sejati soja, pasulj, gra\u0161ak i suncokret tolerantan na herbicide iz grupe imidazolinona. \u010cetiri meseca posle primene mogu se sejati je\u010dam, p\u0161enica, ra\u017e, suncokret i duvan. Devet meseci posle primene sredstva mogu se sejati kukuruz i krompir. Dvanaest meseci posle primene mogu se sejati uljana repica i \u0161e\u0107erna repa. Ukoliko do\u0111e do propadanja ili preoravanja useva, na tretiranim povr\u0161inama mogu se sejati soja, gra\u0161ak, pasulj i suncokret tolerantan na imidazolinone.<\/p>\n<p class=\"rtejustify\"><strong>FITOTOKSI\u010cNOST<\/strong><\/p>\n<p class=\"rtejustify\">U stresnim uslovima mo\u017ee prouzrokovati prolaznu fitotoksi\u010dnost koja se manifestuje blagom hlorozom i kratkotrajnim zastojem u porastu, \u0161to se ne odra\u017eava na razvoj i prinos useva. Spre\u010diti zano\u0161enje na susedne osetljive biljke, naro\u010dito na lisnato povr\u0107e i \u0161e\u0107ernu repu.<\/p>\n<\/div>\n<\/div>\n<\/div>\n<\/div>\n<\/div>","protected":false},"excerpt":{"rendered":"<p><b>Selektivni herbicid za suzbijanje jednogodi\u0161njih \u0161irokolisnih i nekih travnih korova<\/b><\/p>\n<p><u><b>Primena:<\/b><\/u><b>\u00a0\u00a0\u00a0\u00a0\u00a0 <\/b><\/p>\n<p><b>1-1,25 l\/ha <\/b><b>Soja, gra\u0161ak i lucerka<\/b><\/p>\n<p><b>Kada su usevi u fazi 2-3 trolista<\/b><\/p>\n<p><u><b>Mogu\u0107nost me\u0161anja:<\/b><\/u><\/p>\n<p>Mo\u017ee se me\u0161ati sa preparatima: <b>SAVAZON 480, PIANO i BUTOXONE DB<\/b><\/p>","protected":false},"featured_media":4080,"template":"","meta":[],"product_brand":[],"product_cat":[203,274,261,278,260,211,212,275,264,266],"product_tag":[],"class_list":{"0":"post-4050","1":"product","2":"type-product","3":"status-publish","4":"has-post-thumbnail","6":"product_cat-herbicidi","7":"product_cat-herbicidi-protiv-sirokolisnih-korova-u-suncokretu","8":"product_cat-herbicidi-protiv-sirokolisnih-korova-u-lucerki","9":"product_cat-herbicidi-protiv-sirokolisnih-korova-u-soji","10":"product_cat-herbicidi-u-lucerki","11":"product_cat-herbicidi-u-soji","12":"product_cat-herbicidi-u-suncokretu","13":"product_cat-herbicidi-za-imi-hibride","14":"product_cat-post-em-po-nicanju-useva-u-soji","15":"product_cat-post-em-po-nicanju-useva-u-suncokretu","17":"first","18":"instock","19":"shipping-taxable","20":"product-type-simple"},"_links":{"self":[{"href":"https:\/\/agrarpetrovic.rs\/en\/wp-json\/wp\/v2\/product\/4050","targetHints":{"allow":["GET"]}}],"collection":[{"href":"https:\/\/agrarpetrovic.rs\/en\/wp-json\/wp\/v2\/product"}],"about":[{"href":"https:\/\/agrarpetrovic.rs\/en\/wp-json\/wp\/v2\/types\/product"}],"wp:featuredmedia":[{"embeddable":true,"href":"https:\/\/agrarpetrovic.rs\/en\/wp-json\/wp\/v2\/media\/4080"}],"wp:attachment":[{"href":"https:\/\/agrarpetrovic.rs\/en\/wp-json\/wp\/v2\/media?parent=4050"}],"wp:term":[{"taxonomy":"product_brand","embeddable":true,"href":"https:\/\/agrarpetrovic.rs\/en\/wp-json\/wp\/v2\/product_brand?post=4050"},{"taxonomy":"product_cat","embeddable":true,"href":"https:\/\/agrarpetrovic.rs\/en\/wp-json\/wp\/v2\/product_cat?post=4050"},{"taxonomy":"product_tag","embeddable":true,"href":"https:\/\/agrarpetrovic.rs\/en\/wp-json\/wp\/v2\/product_tag?post=4050"}],"curies":[{"name":"wp","href":"https:\/\/api.w.org\/{rel}","templated":true}]}}