{"id":4051,"date":"2023-07-13T16:07:12","date_gmt":"2023-07-13T14:07:12","guid":{"rendered":"https:\/\/agrarpetrovic.rs\/?post_type=product&#038;p=4051"},"modified":"2023-07-13T16:07:16","modified_gmt":"2023-07-13T14:07:16","slug":"piano-herbicid","status":"publish","type":"product","link":"https:\/\/agrarpetrovic.rs\/en\/proizvod\/piano-herbicid\/","title":{"rendered":"Piano &#8211; Herbicid"},"content":{"rendered":"<div class=\"group-technical-info field-group-div technical-info-processed product-accordion-processed ui-accordion ui-widget ui-helper-reset\" role=\"tablist\">\n<div id=\"ui-accordion-1-panel-0\" class=\"content ui-accordion-content ui-helper-reset ui-widget-content ui-corner-bottom ui-accordion-content-active\" role=\"tabpanel\" aria-labelledby=\"ui-accordion-1-header-0\" aria-hidden=\"false\">\n<div class=\"field field-name-field-product-category field-type-taxonomy-term-reference field-label-above\">\n<div class=\"field-item even\">Kategorija: Herbicidi<\/div>\n<\/div>\n<div class=\"field field-name-field-product-ctive-ingredient field-type-text field-label-above\">\n<div class=\"field-item even\">Aktivna materija: Tifensulfuron-metil 750 g\/kg<\/div>\n<\/div>\n<div class=\"field field-name-field-product-formulation field-type-text field-label-above\">\n<div class=\"field-item even\">Formulacija: Vododisperzibilne granule (WG)<\/div>\n<\/div>\n<div class=\"field field-name-field-product-resistance-class field-type-text field-label-above\">\n<div class=\"field-item even\">Klasifikacija rezistentnosti: B2<\/div>\n<\/div>\n<div class=\"field field-name-field-product-packaging field-type-text field-label-above\">\n<div class=\"field-item even\">Pakovanje: 8 g<\/div>\n<\/div>\n<div class=\"field field-name-field-product-manufacturer field-type-taxonomy-term-reference field-label-above\">\n<div class=\"field-item even\">Proizvo\u0111a\u010d: Chemical Agrosava<\/div>\n<\/div>\n<div class=\"field field-name-field-product-technical-informat field-type-text-with-summary field-label-hidden\">\n<div class=\"field-items\">\n<div class=\"field-item even\">\n<p class=\"rtejustify\"><strong>Karenca:<\/strong><br \/>\nObezbe\u0111ena vremenom primene<\/p>\n<\/div>\n<\/div>\n<\/div>\n<\/div>\n<\/div>\n<div class=\"group-primena field-group-div primena-processed product-accordion-processed ui-accordion ui-widget ui-helper-reset\" role=\"tablist\">\n<h2 id=\"ui-accordion-2-header-0\" class=\"ui-accordion-header ui-helper-reset ui-state-default ui-accordion-icons ui-accordion-header-active ui-state-active ui-corner-top\" role=\"tab\">Primena<\/h2>\n<div id=\"ui-accordion-2-panel-0\" class=\"content ui-accordion-content ui-helper-reset ui-widget-content ui-corner-bottom ui-accordion-content-active\" role=\"tabpanel\" aria-labelledby=\"ui-accordion-2-header-0\" aria-hidden=\"false\">\n<div class=\"field field-name-field-product-application field-type-text-with-summary field-label-hidden\">\n<div class=\"field-items\">\n<div class=\"field-item even\">\n<p class=\"rtejustify\"><strong>Selektivni herbicid za suzbijanje korova u usevu soje i lucerke<\/strong><\/p>\n<p class=\"rtejustify\"><strong>SOJA:<\/strong> u koli\u010dini od 8 g\/ha, uz dodatak 0,2 l\/ha okva\u0161iva\u010da <a href=\"https:\/\/www.agrosava.com\/es-plus\" target=\"_blank\" rel=\"noopener noreferrer\"><strong>ES plus<\/strong><\/a>.<br \/>\n<strong>Vreme primene:<\/strong> u fazi izme\u0111u prve i tre\u0107e troliske, a korovi u fazi 2-6 listova.<\/p>\n<p><strong>LUCERKA:<\/strong> u koli\u010dini 15-20 g\/ha, uz dodatak okva\u0161iva\u010da <a href=\"https:\/\/www.agrosava.com\/es-plus\" target=\"_blank\" rel=\"noopener noreferrer\"><strong>ES plus<\/strong><\/a>.<br \/>\n<strong>Vreme primene:<\/strong> u drugoj godini ili starija, u rano prole\u0107e pre po\u010detka vegetacije.<\/p>\n<p class=\"rtejustify\"><strong>Piano suzbija korove:<\/strong> teofrastova lipica <em>(Abutilon theophrasti)<\/em>, \u0161tir <em>(Amaranthus spp.)<\/em>, vidov\u010dica <em>(Anagalis arvensis)<\/em>, prstenak <em>(Anthemis arvensis)<\/em>, pepeljuga <em>(Chenopodium spp.)<\/em>, konica <em>(Galinsoga parviflora)<\/em>, lubeni\u010darka <em>(Hibiscus trionum)<\/em>, mrtva kopriva <em>(Lamium purpureum)<\/em>, kamilica <em>(Matricaria chamomilla)<\/em>, dvornik <em>(Polygonum spp.)<\/em>, ljuti\u0107 <em>(Ranunculus arvensis)<\/em>, goru\u0161ica <em>(Sinapis arvensis)<\/em> i \u010distac <em>(Stachys annua)<\/em>.<br \/>\n<strong>Zadovoljavaju\u0107e deluje<\/strong> na jednogodi\u0161nji samonikli suncokret <em>(Helianthus annuus)<\/em>.<\/p>\n<p class=\"rtejustify\"><strong>MOGU\u0106NOST ME\u0160ANJA<\/strong><\/p>\n<p class=\"rtejustify\">Radi pro\u0161irenja spektra delovanja na korove kao \u0161to su: ambrozija <em>(Ambrosia artemisiifolia)<\/em>, tatula <em>(Datura stramonium)<\/em>, pomo\u0107nica <em>(Solanum nigrum)<\/em>, \u010di\u010dak <em>(Xanthium strumarium)<\/em>, palamida <em>(Cirsium arvense)<\/em> i poponac <em>(Convolvulus arvensis)<\/em>, u soji se mo\u017ee primeniti kombinacija <a href=\"https:\/\/www.agrosava.com\/savazon-480\" target=\"_blank\" rel=\"noopener noreferrer\"><strong>Savazon 480<\/strong><\/a> (bentazon) 1,2 l\/ha + <a href=\"https:\/\/www.agrosava.com\/sinamon\" target=\"_blank\" rel=\"noopener noreferrer\"><strong>Sinamon<\/strong><\/a> (imazamoks) 0,5 l\/ha + <strong>Piano<\/strong> 8 g\/ha uz dodatak 0,2 l\/ha okva\u0161iva\u010da <a href=\"https:\/\/www.agrosava.com\/es-plus\" target=\"_blank\" rel=\"noopener noreferrer\"><strong>ES plus<\/strong><\/a>.<br \/>\nU lucerki, uklju\u010duju\u0107i i mladu, mo\u017ee se kombinovati sa preparatom <a href=\"https:\/\/www.agrosava.com\/butoxone-db\" target=\"_blank\" rel=\"noopener noreferrer\"><strong>Butoxone DB<\/strong><\/a>, i to: 1,5-2 l\/ha<a href=\"https:\/\/www.agrosava.com\/butoxone-db\" target=\"_blank\" rel=\"noopener noreferrer\"><strong> Butoxone DB<\/strong><\/a> + 8 g\/ha <strong>Piano<\/strong> (bez okva\u0161iva\u010da) kada je lucerka visine 10-15 cm, a korovi 2-6 listova.<\/p>\n<\/div>\n<\/div>\n<\/div>\n<\/div>\n<\/div>\n<div class=\"group-caracteristics field-group-div caracteristics-processed product-accordion-processed ui-accordion ui-widget ui-helper-reset\" role=\"tablist\">\n<h2 id=\"ui-accordion-3-header-0\" class=\"ui-accordion-header ui-helper-reset ui-state-default ui-accordion-icons ui-accordion-header-active ui-state-active ui-corner-top\" role=\"tab\">Karakteristike<\/h2>\n<div id=\"ui-accordion-3-panel-0\" class=\"content ui-accordion-content ui-helper-reset ui-widget-content ui-corner-bottom ui-accordion-content-active\" role=\"tabpanel\" aria-labelledby=\"ui-accordion-3-header-0\" aria-hidden=\"false\">\n<div class=\"field field-name-field-products-characteristics field-type-text-with-summary field-label-hidden\">\n<div class=\"field-items\">\n<div class=\"field-item even\">\n<p class=\"rtejustify\"><strong>Piano<\/strong> je selektivni herbicid za suzbijanje \u0161irokolisnih korova u usevima soje i lucerke. Primenjuje se na ve\u0107 iznikle korove, usvaja se preko listova i brzo se translocira kroz celu biljku do meristemskog tkiva. Inhibira aktivnost enzima acetolaktat sintetaze, koja ima klju\u010dnu ulogu u biosintezi amino-kiselina sa ra\u010dvastim lancima.<br \/>\nOsetljivi korovi prestaju sa rastom u roku od nekoliko \u010dasova, prvi simptomi su vidljivi nakon nedelju dana, a potpuno uginu\u0107e javlja se nakon dve do tri nedelje.<\/p>\n<p class=\"rtejustify\"><strong>FITOTOKSI\u010cNOST<\/strong><\/p>\n<p class=\"rtejustify\">Primenjen prema uputstvu proizvo\u0111a\u010da u usevima soje i lucerke nije fitotoksi\u010dan.<\/p>\n<\/div>\n<\/div>\n<\/div>\n<\/div>\n<\/div>","protected":false},"excerpt":{"rendered":"<p><b>Selektivni herbicid za suzbijanje korova u usevu soje i lucerke<\/b><\/p>\n<p><u><b>Primena:<\/b><\/u><b>\u00a0\u00a0\u00a0\u00a0\u00a0 <\/b><\/p>\n<p><b>Soja: 8 g\/ha + 0,2 l\/ha ES plus <\/b><\/p>\n<p><b>Lucerka: 15-20 g\/ha + 0,2 l\/ha ES plus<\/b><\/p>\n<p><u><b>Mogu\u0107nost me\u0161anja:<\/b><\/u><\/p>\n<p>Mo\u017ee se me\u0161ati sa preparatima: <b>SAVAZON 480, SINAMON u usevu soje i BUTOXONE DB kod primene na luceri\u0161tima<\/b><\/p>","protected":false},"featured_media":4081,"template":"","meta":[],"product_brand":[],"product_cat":[203,261,278,260,211,264],"product_tag":[],"class_list":{"0":"post-4051","1":"product","2":"type-product","3":"status-publish","4":"has-post-thumbnail","6":"product_cat-herbicidi","7":"product_cat-herbicidi-protiv-sirokolisnih-korova-u-lucerki","8":"product_cat-herbicidi-protiv-sirokolisnih-korova-u-soji","9":"product_cat-herbicidi-u-lucerki","10":"product_cat-herbicidi-u-soji","11":"product_cat-post-em-po-nicanju-useva-u-soji","13":"first","14":"instock","15":"shipping-taxable","16":"product-type-simple"},"_links":{"self":[{"href":"https:\/\/agrarpetrovic.rs\/en\/wp-json\/wp\/v2\/product\/4051","targetHints":{"allow":["GET"]}}],"collection":[{"href":"https:\/\/agrarpetrovic.rs\/en\/wp-json\/wp\/v2\/product"}],"about":[{"href":"https:\/\/agrarpetrovic.rs\/en\/wp-json\/wp\/v2\/types\/product"}],"wp:featuredmedia":[{"embeddable":true,"href":"https:\/\/agrarpetrovic.rs\/en\/wp-json\/wp\/v2\/media\/4081"}],"wp:attachment":[{"href":"https:\/\/agrarpetrovic.rs\/en\/wp-json\/wp\/v2\/media?parent=4051"}],"wp:term":[{"taxonomy":"product_brand","embeddable":true,"href":"https:\/\/agrarpetrovic.rs\/en\/wp-json\/wp\/v2\/product_brand?post=4051"},{"taxonomy":"product_cat","embeddable":true,"href":"https:\/\/agrarpetrovic.rs\/en\/wp-json\/wp\/v2\/product_cat?post=4051"},{"taxonomy":"product_tag","embeddable":true,"href":"https:\/\/agrarpetrovic.rs\/en\/wp-json\/wp\/v2\/product_tag?post=4051"}],"curies":[{"name":"wp","href":"https:\/\/api.w.org\/{rel}","templated":true}]}}