{"id":4056,"date":"2023-07-13T16:07:12","date_gmt":"2023-07-13T14:07:12","guid":{"rendered":"https:\/\/agrarpetrovic.rs\/?post_type=product&#038;p=4056"},"modified":"2023-07-13T16:07:18","modified_gmt":"2023-07-13T14:07:18","slug":"strabon-herbicid","status":"publish","type":"product","link":"https:\/\/agrarpetrovic.rs\/en\/proizvod\/strabon-herbicid\/","title":{"rendered":"Strabon &#8211; Herbicid"},"content":{"rendered":"<div class=\"group-technical-info field-group-div technical-info-processed product-accordion-processed ui-accordion ui-widget ui-helper-reset\" role=\"tablist\">\n<div id=\"ui-accordion-1-panel-0\" class=\"content ui-accordion-content ui-helper-reset ui-widget-content ui-corner-bottom ui-accordion-content-active\" role=\"tabpanel\" aria-labelledby=\"ui-accordion-1-header-0\" aria-hidden=\"false\">\n<div class=\"field field-name-field-product-category field-type-taxonomy-term-reference field-label-above\">\n<div class=\"field-label\">Kategorija: Herbicidi<\/div>\n<\/div>\n<div class=\"field field-name-field-product-ctive-ingredient field-type-text field-label-above\">\n<div class=\"field-item even\">Aktivna materija: Fluroksipir-meptil 288 g\/l (200 g\/l \u010distog fluroksipira)<\/div>\n<\/div>\n<div class=\"field field-name-field-product-formulation field-type-text field-label-above\">\n<div class=\"field-item even\">Formulacija: Koncentrat za emulziju (EC)<\/div>\n<\/div>\n<div class=\"field field-name-field-product-resistance-class field-type-text field-label-above\">\n<div class=\"field-item even\">Klasifikacija rezistentnosti: 0<\/div>\n<\/div>\n<div class=\"field field-name-field-product-packaging field-type-text field-label-above\">\n<div class=\"field-item even\">Pakovanje: 250 ml i 1 L<\/div>\n<\/div>\n<div class=\"field field-name-field-product-manufacturer field-type-taxonomy-term-reference field-label-above\">\n<div class=\"field-item even\">Proizvo\u0111a\u010d: Chemical Agrosava<\/div>\n<\/div>\n<div class=\"field field-name-field-product-technical-informat field-type-text-with-summary field-label-hidden\">\n<div class=\"field-items\">\n<div class=\"field-item even\">\n<p class=\"rtejustify\"><strong>Karenca:<\/strong><br \/>\nStrna \u017eita \u2013 obezbe\u0111ena vremenom primene<\/p>\n<\/div>\n<\/div>\n<\/div>\n<\/div>\n<\/div>\n<div class=\"group-primena field-group-div primena-processed product-accordion-processed ui-accordion ui-widget ui-helper-reset\" role=\"tablist\">\n<h2 id=\"ui-accordion-2-header-0\" class=\"ui-accordion-header ui-helper-reset ui-state-default ui-accordion-icons ui-accordion-header-active ui-state-active ui-corner-top\" role=\"tab\">Primena<\/h2>\n<div id=\"ui-accordion-2-panel-0\" class=\"content ui-accordion-content ui-helper-reset ui-widget-content ui-corner-bottom ui-accordion-content-active\" role=\"tabpanel\" aria-labelledby=\"ui-accordion-2-header-0\" aria-hidden=\"false\">\n<div class=\"field field-name-field-product-application field-type-text-with-summary field-label-hidden\">\n<div class=\"field-items\">\n<div class=\"field-item even\">\n<p class=\"rtejustify\"><strong>Translokacioni herbicid za suzbijanje \u0161irokolisnih korova u strnim \u017eitima<\/strong><\/p>\n<p class=\"rtejustify\"><strong>STRNA \u017dITA:<\/strong> u koli\u010dini od 1 l\/ha.<br \/>\n<strong>Vreme primene:<\/strong> u fazi razvoja tri lista, pa do pojave lista zastavi\u010dara (faze 13-39 po BBCH skali), kada su korovi u fazi intenzivnog porasta.<\/p>\n<p class=\"rtejustify\"><strong>Strabon je efikasan na korove:<\/strong> viju\u0161ac <em>(Bilderdykia convolvulus)<\/em>, ho\u0107u-ne\u0107u <em>(Capsella bursa-pastoris)<\/em>, \u017eavornjak <em>(Consolida regalis)<\/em>, prilepa\u010da <em>(Galium aparine)<\/em>, mrtva kopriva <em>(Lamium purpureum)<\/em>, bulka <em>(Papaver rhoeas)<\/em>, pti\u010diji dvornik <em>(Polygonum aviculare)<\/em>, goru\u0161ica <em>(Sinapis arvensis)<\/em>, mi\u0161jakinja <em>(Stellaria media)<\/em>, \u010destoslavica <em>(Veronica persica)<\/em>, kamilica bezmirisna <em>(Matricaria inodora)<\/em>, poponac <em>(Convolvulus<\/em> <em>arvensis)<\/em>, ladole\u017e <em>(Calystegia sepium)<\/em> i divlja kupina <em>(Rubus cesius)<\/em>.<br \/>\n<strong>Slabije deluje<\/strong> na palamidu <em>(Cirsium arvense)<\/em>.<\/p>\n<p class=\"rtejustify\"><strong>MOGU\u0106NOST ME\u0160ANJA<\/strong><\/p>\n<p class=\"rtejustify\">Radi pro\u0161irenja spektra delovanja <strong>Strabon<\/strong> se mo\u017ee me\u0161ati sa preparatima Maton i Tribufen, kao i sa preparatima na bazi aktivnih materija: metsulfuron-metil, MCPA, florasulam. Bez prethodne provere ne me\u0161ati sa drugim preparatima.<\/p>\n<\/div>\n<\/div>\n<\/div>\n<\/div>\n<\/div>\n<div class=\"group-caracteristics field-group-div caracteristics-processed product-accordion-processed ui-accordion ui-widget ui-helper-reset\" role=\"tablist\">\n<h2 id=\"ui-accordion-3-header-0\" class=\"ui-accordion-header ui-helper-reset ui-state-default ui-accordion-icons ui-accordion-header-active ui-state-active ui-corner-top\" role=\"tab\">Karakteristike<\/h2>\n<div id=\"ui-accordion-3-panel-0\" class=\"content ui-accordion-content ui-helper-reset ui-widget-content ui-corner-bottom ui-accordion-content-active\" role=\"tabpanel\" aria-labelledby=\"ui-accordion-3-header-0\" aria-hidden=\"false\">\n<div class=\"field field-name-field-products-characteristics field-type-text-with-summary field-label-hidden\">\n<div class=\"field-items\">\n<div class=\"field-item even\">\n<p class=\"rtejustify\"><strong>Strabon<\/strong> je selektivni sistemi\u010dni hormonski herbicid koji se usvaja listom, a u manjoj meri izdankom i korenom. U biljci se kre\u0107e ksilemom i floemom, nakuplja se u meristemskim tkivima izdanaka i korena, u kojima ispoljava svoje herbicidno delovanje.<\/p>\n<p class=\"rtejustify\"><strong>NAPOMENA<\/strong><\/p>\n<p class=\"rtejustify\">Zbog odli\u010dnog delovanja na divlju kupinu, u usevu kukuruza mo\u017ee se primenjivati do faze 6 razvijenih listova kukuruza u koli\u010dini 0,7-0,8 l\/ha. Nema ograni\u010denja u pogledu izbora useva koji se mogu sejati u normalnom plodoredu. U slu\u010daju preoravanja ili prevremenog skidanja useva, ne sejati soju 14 dana nakon primene ovog preparata. Spre\u010diti zano\u0161enje na susedne biljke jer mo\u017ee izazvati fitotoksi\u010dne efekte na osetljivim \u0161irokolisnim gajenim biljkama. Ne primenjivati u kra\u0161kim podru\u010djima i na vrlo slabo humoznim zemlji\u0161tima (&lt;1% humusa) zbog ispirljivosti. Primenjuje se jednom u toku godine na istoj povr\u0161ini.<br \/>\n.<br \/>\n<strong>FITOTOKSI\u010cNOST<\/strong><\/p>\n<p class=\"rtejustify\">Prolazna fitotoksi\u010dnost ne uti\u010de na dalji razvoj biljke i prinos i mo\u017ee se javiti ukoliko pre ili nakon primene nastupi mraz. U kombinaciji sa fungicidima mo\u017ee izazvati prolaznu fitotoksi\u010dnost.<\/p>\n<\/div>\n<\/div>\n<\/div>\n<\/div>\n<\/div>","protected":false},"excerpt":{"rendered":"<p><b>Translokacioni herbicid za suzbijanje \u0161irokolisnih korova u strnim \u017eitima<\/b><\/p>\n<p><u><b>Primena:<\/b><\/u><b>\u00a0 <\/b><\/p>\n<p><b>Strna \u017eita: 1 l\/ha, od tri lista <\/b><b>do pojave lista zastavi\u010dara (13-39 BBCH)<\/b><\/p>\n<p><u><b>Mogu\u0107nost me\u0161anja: <\/b><\/u><\/p>\n<p>Mo\u017ee se me\u0161ati sa preparatom: Maton i Amanet<\/p>","protected":false},"featured_media":4086,"template":"","meta":[],"product_brand":[],"product_cat":[203,206,205],"product_tag":[],"class_list":{"0":"post-4056","1":"product","2":"type-product","3":"status-publish","4":"has-post-thumbnail","6":"product_cat-herbicidi","7":"product_cat-herbicidi-protiv-sirokolisnih-korova-u-psenici","8":"product_cat-herbicidi-u-psenici","10":"first","11":"instock","12":"shipping-taxable","13":"product-type-simple"},"_links":{"self":[{"href":"https:\/\/agrarpetrovic.rs\/en\/wp-json\/wp\/v2\/product\/4056","targetHints":{"allow":["GET"]}}],"collection":[{"href":"https:\/\/agrarpetrovic.rs\/en\/wp-json\/wp\/v2\/product"}],"about":[{"href":"https:\/\/agrarpetrovic.rs\/en\/wp-json\/wp\/v2\/types\/product"}],"wp:featuredmedia":[{"embeddable":true,"href":"https:\/\/agrarpetrovic.rs\/en\/wp-json\/wp\/v2\/media\/4086"}],"wp:attachment":[{"href":"https:\/\/agrarpetrovic.rs\/en\/wp-json\/wp\/v2\/media?parent=4056"}],"wp:term":[{"taxonomy":"product_brand","embeddable":true,"href":"https:\/\/agrarpetrovic.rs\/en\/wp-json\/wp\/v2\/product_brand?post=4056"},{"taxonomy":"product_cat","embeddable":true,"href":"https:\/\/agrarpetrovic.rs\/en\/wp-json\/wp\/v2\/product_cat?post=4056"},{"taxonomy":"product_tag","embeddable":true,"href":"https:\/\/agrarpetrovic.rs\/en\/wp-json\/wp\/v2\/product_tag?post=4056"}],"curies":[{"name":"wp","href":"https:\/\/api.w.org\/{rel}","templated":true}]}}