{"id":4057,"date":"2023-07-13T16:07:12","date_gmt":"2023-07-13T14:07:12","guid":{"rendered":"https:\/\/agrarpetrovic.rs\/?post_type=product&#038;p=4057"},"modified":"2023-07-13T16:07:18","modified_gmt":"2023-07-13T14:07:18","slug":"telus-herbicid","status":"publish","type":"product","link":"https:\/\/agrarpetrovic.rs\/en\/proizvod\/telus-herbicid\/","title":{"rendered":"Telus &#8211; Herbicid"},"content":{"rendered":"<div class=\"group-technical-info field-group-div technical-info-processed product-accordion-processed ui-accordion ui-widget ui-helper-reset\" role=\"tablist\">\n<div id=\"ui-accordion-1-panel-0\" class=\"content ui-accordion-content ui-helper-reset ui-widget-content ui-corner-bottom ui-accordion-content-active\" role=\"tabpanel\" aria-labelledby=\"ui-accordion-1-header-0\" aria-hidden=\"false\">\n<div class=\"field field-name-field-product-category field-type-taxonomy-term-reference field-label-above\">\n<div class=\"field-label\">Kategorija: Herbicidi<\/div>\n<\/div>\n<div class=\"field field-name-field-product-ctive-ingredient field-type-text field-label-above\">\n<div class=\"field-item even\">Aktivna materija: S-metolahlor 960 g\/l<\/div>\n<\/div>\n<div class=\"field field-name-field-product-formulation field-type-text field-label-above\">\n<div class=\"field-item even\">Formulacija: Koncentrat za emulziju (EC)<\/div>\n<\/div>\n<div class=\"field field-name-field-product-resistance-class field-type-text field-label-above\">\n<div class=\"field-item even\">Klasifikacija rezistentnosti: K3<\/div>\n<\/div>\n<div class=\"field field-name-field-product-packaging field-type-text field-label-above\">\n<div class=\"field-item even\">Pakovanje: 1 L<\/div>\n<\/div>\n<div class=\"field field-name-field-product-manufacturer field-type-taxonomy-term-reference field-label-above\">\n<div class=\"field-item even\">Proizvo\u0111a\u010d: Chemical Agrosava<\/div>\n<\/div>\n<div class=\"field field-name-field-product-technical-informat field-type-text-with-summary field-label-hidden\">\n<div class=\"field-items\">\n<div class=\"field-item even\">\n<p class=\"rtejustify\"><strong>Karenca:<\/strong><br \/>\nObezbe\u0111ena vremenom primene<\/p>\n<\/div>\n<\/div>\n<\/div>\n<\/div>\n<\/div>\n<div class=\"group-primena field-group-div primena-processed product-accordion-processed ui-accordion ui-widget ui-helper-reset\" role=\"tablist\">\n<h2 id=\"ui-accordion-2-header-0\" class=\"ui-accordion-header ui-helper-reset ui-state-default ui-accordion-icons ui-accordion-header-active ui-state-active ui-corner-top\" role=\"tab\">Primena<\/h2>\n<div id=\"ui-accordion-2-panel-0\" class=\"content ui-accordion-content ui-helper-reset ui-widget-content ui-corner-bottom ui-accordion-content-active\" role=\"tabpanel\" aria-labelledby=\"ui-accordion-2-header-0\" aria-hidden=\"false\">\n<div class=\"field field-name-field-product-application field-type-text-with-summary field-label-hidden\">\n<div class=\"field-items\">\n<div class=\"field-item even\">\n<p class=\"rtejustify\"><strong>Herbicid za suzbijanje jednogodi\u0161njih uskolisnih (travnih) i \u0161irokolisnih korova<\/strong><\/p>\n<p class=\"rtejustify\"><strong>KUKURUZ, SOJA I \u0160E\u0106ERNA REPA:<\/strong><\/p>\n<ul>\n<li class=\"rtejustify\">u koli\u010dini od 1,4 l\/ha na zemlji\u0161tima (1,5-3% humusa);<\/li>\n<li class=\"rtejustify\">u koli\u010dini od 1,5 l\/ha na jako humoznim zemlji\u0161tima (3-5% humusa).<\/li>\n<\/ul>\n<p class=\"rtejustify\"><strong>SUNCOKRET:<\/strong><\/p>\n<ul>\n<li class=\"rtejustify\">u koli\u010dini od 1 l\/ha na zemlji\u0161tima (1,5-3% humusa);<\/li>\n<li class=\"rtejustify\">u koli\u010dini od 1,2 l\/ha na jako humoznim zemlji\u0161tima (3-5% humusa).<\/li>\n<\/ul>\n<p class=\"rtejustify\"><strong>Vreme primene:<\/strong> posle setve, a pre nicanja.<\/p>\n<p><strong>Telus dobro suzbija jednogodi\u0161nje travne korove kao \u0161to su:<\/strong> sirak iz semena <em>(Sorghum halepense)<\/em>, veliki muhar <em>(Echinochloa crus-galli)<\/em>, mali muhar <em>(Setaria spp.)<\/em>, svra\u010dica <em>(Digitaria sanguinalis)<\/em> i klasa\u010da <em>(Bromus mollis)<\/em>.<br \/>\n<strong>U znatnoj meri redukuje zakorovljenost jednogodi\u0161njim \u0161irokolisnim vrstama kao \u0161to su:<\/strong> \u0161tir obi\u010dni <em>(Amaranthus retroflexus)<\/em>, ambrozija <em>(Ambrosia artemisiifolia)<\/em>, lubeni\u010darka njivska <em>(Hibiscus trionum)<\/em>, pti\u010diji dvornik <em>(Polygonum aviculare)<\/em>, veliki dvornik <em>(Polygonum lapathifolium)<\/em>, tu\u0161t <em>(Portulaca oleracea)<\/em>, pomo\u0107nica <em>(Solanum nigrum)<\/em> i \u010di\u010dak <em>(Xanthium strumarium)<\/em>.<\/p>\n<p><strong>MOGU\u0106NOST ME\u0160ANJA<\/strong><\/p>\n<p class=\"rtejustify\"><strong>Telus<\/strong> se radi pro\u0161irenja spektra delovanja, pre svega na \u0161irokolisne korove, u kukuruzu mo\u017ee kombinovati sa 1-1,5 l\/ha preparata na bazi terbutilazina (Zeazin).<\/p>\n<\/div>\n<\/div>\n<\/div>\n<\/div>\n<\/div>\n<div class=\"group-caracteristics field-group-div caracteristics-processed product-accordion-processed ui-accordion ui-widget ui-helper-reset\" role=\"tablist\">\n<h2 id=\"ui-accordion-3-header-0\" class=\"ui-accordion-header ui-helper-reset ui-state-default ui-accordion-icons ui-accordion-header-active ui-state-active ui-corner-top\" role=\"tab\">Karakteristike<\/h2>\n<div id=\"ui-accordion-3-panel-0\" class=\"content ui-accordion-content ui-helper-reset ui-widget-content ui-corner-bottom ui-accordion-content-active\" role=\"tabpanel\" aria-labelledby=\"ui-accordion-3-header-0\" aria-hidden=\"false\">\n<div class=\"field field-name-field-products-characteristics field-type-text-with-summary field-label-hidden\">\n<div class=\"field-items\">\n<div class=\"field-item even\">\n<p class=\"rtejustify\"><strong>Telus<\/strong> je selektivni, sistemi\u010dni herbicid za suzbijanje jednogodi\u0161njih travnih i \u0161irokolisnih korova u: kukuruzu, soji, suncokretu i \u0161e\u0107ernoj repi, tretiranjem zemlji\u0161ta posle setve, a pre nicanja useva i korova. Kao i kod drugih zemlji\u0161nih herbicida, i <strong>Telus<\/strong> za aktivaciju zahteva ki\u0161u. Na vla\u017enom zemlji\u0161tu dovoljno je i 10 l\/m<sup>2<\/sup> ki\u0161e, a ako je sredstvo primenjeno na suvom zemlji\u0161tu, neophodno je 15 l\/m<sup>2<\/sup> za dobru efikasnost na korove. Ukoliko ki\u0161a izostane u du\u017eem periodu (2-4 nedelje), herbicidni efekat se znatno smanjuje.<br \/>\n<strong>Telus<\/strong> se apsorbuje prilikom klijanja (koleoptilom kod travnih, hipokotilom i epikotilom kod \u0161irokolisnih korova). Kod travnih korova spre\u010dava normalan razvoj lista, a kod \u0161irokolisnih korova dolazi do skupljanja i naboravanja korova sa skra\u0107enim nervima. Apsorbuje se i korenom. Posle apsorpcije korenom translocira se akropetalno u stablo sa primarnom akumulacijom u vegetativnim, a manje u generativnim delovima.<\/p>\n<p class=\"rtejustify\"><strong>FITOTOKSI\u010cNOST<\/strong><\/p>\n<p class=\"rtejustify\">Ako se primeni u skladu sa uputstvom za upotrebu, preparat <strong>Telus<\/strong> nije fitotoksi\u010dan. Do slabih fitotoksi\u010dnih efekata mo\u017ee do\u0107i na slabo humoznim zemlji\u0161tima (&lt;1% humusa) i zemlji\u0161tima \u010diji je pH &lt;5,5.<\/p>\n<\/div>\n<\/div>\n<\/div>\n<\/div>\n<\/div>","protected":false},"excerpt":{"rendered":"<p><b>Herbicid za suzbijanje jednogodi\u0161njih travnih i \u0161irokolisnih korova<\/b><\/p>\n<p><u><b>Primena:<\/b><\/u><b>\u00a0 <\/b><\/p>\n<p><b>Kukuruz, soja i \u0161e\u0107erna repa: 1,4-1,5 l\/ha<\/b><\/p>\n<p><b>Suncoket: 1-1,2 l\/ha <\/b><\/p>\n<p><u><b>Mogu\u0107nost me\u0161anja: <\/b><\/u><\/p>\n<p>Mo\u017ee se me\u0161ati sa preparatima: Zeazin, Sencor WG-70<\/p>","protected":false},"featured_media":4087,"template":"","meta":[],"product_brand":[],"product_cat":[203,204,212,209,214],"product_tag":[],"class_list":{"0":"post-4057","1":"product","2":"type-product","3":"status-publish","4":"has-post-thumbnail","6":"product_cat-herbicidi","7":"product_cat-herbicidi-u-kukuruzu","8":"product_cat-herbicidi-u-suncokretu","9":"product_cat-pre-em-posle-setve-a-pre-nicanja-useva","10":"product_cat-pre-em-posle-setve-a-pre-nicanja-useva-u-suncokretu","12":"first","13":"instock","14":"shipping-taxable","15":"product-type-simple"},"_links":{"self":[{"href":"https:\/\/agrarpetrovic.rs\/en\/wp-json\/wp\/v2\/product\/4057","targetHints":{"allow":["GET"]}}],"collection":[{"href":"https:\/\/agrarpetrovic.rs\/en\/wp-json\/wp\/v2\/product"}],"about":[{"href":"https:\/\/agrarpetrovic.rs\/en\/wp-json\/wp\/v2\/types\/product"}],"wp:featuredmedia":[{"embeddable":true,"href":"https:\/\/agrarpetrovic.rs\/en\/wp-json\/wp\/v2\/media\/4087"}],"wp:attachment":[{"href":"https:\/\/agrarpetrovic.rs\/en\/wp-json\/wp\/v2\/media?parent=4057"}],"wp:term":[{"taxonomy":"product_brand","embeddable":true,"href":"https:\/\/agrarpetrovic.rs\/en\/wp-json\/wp\/v2\/product_brand?post=4057"},{"taxonomy":"product_cat","embeddable":true,"href":"https:\/\/agrarpetrovic.rs\/en\/wp-json\/wp\/v2\/product_cat?post=4057"},{"taxonomy":"product_tag","embeddable":true,"href":"https:\/\/agrarpetrovic.rs\/en\/wp-json\/wp\/v2\/product_tag?post=4057"}],"curies":[{"name":"wp","href":"https:\/\/api.w.org\/{rel}","templated":true}]}}