{"id":4061,"date":"2023-07-13T16:07:13","date_gmt":"2023-07-13T14:07:13","guid":{"rendered":"https:\/\/agrarpetrovic.rs\/?post_type=product&#038;p=4061"},"modified":"2023-07-13T16:07:19","modified_gmt":"2023-07-13T14:07:19","slug":"zeazin-herbicid","status":"publish","type":"product","link":"https:\/\/agrarpetrovic.rs\/en\/proizvod\/zeazin-herbicid\/","title":{"rendered":"Zeazin &#8211; Herbicid"},"content":{"rendered":"<div class=\"group-technical-info field-group-div technical-info-processed product-accordion-processed ui-accordion ui-widget ui-helper-reset\" role=\"tablist\">\n<div id=\"ui-accordion-1-panel-0\" class=\"content ui-accordion-content ui-helper-reset ui-widget-content ui-corner-bottom ui-accordion-content-active\" role=\"tabpanel\" aria-labelledby=\"ui-accordion-1-header-0\" aria-hidden=\"false\">\n<div class=\"field field-name-field-product-category field-type-taxonomy-term-reference field-label-above\">\n<div class=\"field-label\">Kategorija: Herbicidi<\/div>\n<\/div>\n<div class=\"field field-name-field-product-ctive-ingredient field-type-text field-label-above\">\n<div class=\"field-item even\">Aktivna materija: \u0422erbutilazin 500 g\/l<\/div>\n<\/div>\n<div class=\"field field-name-field-product-formulation field-type-text field-label-above\">\n<div class=\"field-item even\">Formulacija: Koncentrovana suspenzija (SC)<\/div>\n<\/div>\n<div class=\"field field-name-field-product-resistance-class field-type-text field-label-above\">\n<div class=\"field-item even\">Klasifikacija rezistentnosti: C1<\/div>\n<\/div>\n<div class=\"field field-name-field-product-packaging field-type-text field-label-above\">\n<div class=\"field-item even\">Pakovanje: 1 L<\/div>\n<\/div>\n<div class=\"field field-name-field-product-manufacturer field-type-taxonomy-term-reference field-label-above\">\n<div class=\"field-item even\">Proizvo\u0111a\u010d: Chemical Agrosava<\/div>\n<\/div>\n<div class=\"field field-name-field-product-technical-informat field-type-text-with-summary field-label-hidden\">\n<div class=\"field-items\">\n<div class=\"field-item even\">\n<p class=\"rtejustify\"><strong>Karenca:<\/strong><br \/>\nObezbe\u0111ena vremenom primene<\/p>\n<\/div>\n<\/div>\n<\/div>\n<\/div>\n<\/div>\n<div class=\"group-primena field-group-div primena-processed product-accordion-processed ui-accordion ui-widget ui-helper-reset\" role=\"tablist\">\n<h2 id=\"ui-accordion-2-header-0\" class=\"ui-accordion-header ui-helper-reset ui-state-default ui-accordion-icons ui-accordion-header-active ui-state-active ui-corner-top\" role=\"tab\">Primena<\/h2>\n<div id=\"ui-accordion-2-panel-0\" class=\"content ui-accordion-content ui-helper-reset ui-widget-content ui-corner-bottom ui-accordion-content-active\" role=\"tabpanel\" aria-labelledby=\"ui-accordion-2-header-0\" aria-hidden=\"false\">\n<div class=\"field field-name-field-product-application field-type-text-with-summary field-label-hidden\">\n<div class=\"field-items\">\n<div class=\"field-item even\">\n<p class=\"rtejustify\"><strong>Selektivni herbicid za suzbijanje \u0161irokolisnih i redukciju travnih korova u kukuruzu<\/strong><\/p>\n<p class=\"rtejustify\"><strong>KUKURUZ:<\/strong><\/p>\n<ul>\n<li class=\"rtejustify\">u koli\u010dini od 1,5 l\/ha za aridna podru\u010dja i zemlji\u0161ta mehani\u010dkog sastava (1-3% humusa);<\/li>\n<li class=\"rtejustify\">u koli\u010dini 1,5-2,5 l\/ha za humidna podru\u010dja i srednje te\u0161ka zemlji\u0161ta (&gt;3% humusa).<\/li>\n<\/ul>\n<p class=\"rtejustify\"><strong>Vreme primene:<\/strong> tretiranje se mo\u017ee obaviti posle setve, a pre nicanja ili posle nicanja kukuruza do faze razvoja 3 lista (do faze 00-13 BBCH skale). Me\u0111utim, na osnovu iskustva proizvo\u0111a\u010da, preporuka je da se preparat <strong>Zeazin<\/strong>, posle setve a pre nicanja kukuruza, na zemlji\u0161tima sa 1-3% humusa koristi u koli\u010dini od 1,5 l\/ha, a na zemlji\u0161tima sa 3-5% humusa u koli\u010dini od 2 l\/ha.<br \/>\nZa tretiranje posle nicanja useva i korova preporuka je da se <strong>Zeazin<\/strong> koristi u koli\u010dini 1,3-1,5 l\/ha.<\/p>\n<p class=\"rtejustify\"><strong>Zeazin dobro suzbija korove:<\/strong> \u0161tir <em>(Amaranthus sp.)<\/em>, ho\u0107u-ne\u0107u <em>(Capsella bursa pastoris)<\/em>, obi\u010dna pepeljuga <em>(Chenopodium album)<\/em>, srcolika pepeljuga <em>(Chenopodium hybridum)<\/em>, pti\u010diji dvornik <em>(Polygonum<\/em> <em>aviculare)<\/em>, goru\u0161ica <em>(Sinapis arvensis)<\/em>, divlja rotkva <em>(Raphanus raphanistrum)<\/em> i dr.<br \/>\n<strong>Zadovoljavaju\u0107e suzbija korove kao \u0161to su:<\/strong> viju\u0161ac njivski <em>(Bilderdykia convolvulus)<\/em>, tatula obi\u010dna <em>(Datura stramonium)<\/em>, lubeni\u010darka njivska <em>(Hibiscus trionum)<\/em>, ambrozija <em>(Ambrosia artemisiifolia)<\/em>, teofrastova lipica <em>(Abutilon theophrasti)<\/em>, pomo\u0107nica<em> (Solanum nigrum)<\/em> i \u010di\u010dak <em>(Xanthium strumarium)<\/em>.<br \/>\n<strong>Slabo suzbija vi\u0161egodi\u0161nje korove kao \u0161to su:<\/strong> poponac <em>(Convolvulus arvensis)<\/em>, divlji ladole\u017e <em>(Calystegia sepium)<\/em>, palamida njivska <em>(Cirsium arvense)<\/em> i veliki dvornik <em>(Polygonum lapathifolium)<\/em>.<\/p>\n<p class=\"rtejustify\"><strong>MOGU\u0106NOST ME\u0160ANJA<\/strong><\/p>\n<p class=\"rtejustify\"><strong>Zeazin<\/strong> se posle setve a pre nicanja, radi pro\u0161irenja spektra delovanja i na travne korove, mo\u017ee me\u0161ati sa preparatima na bazi dimetenamida, S-metolahlora (Telus) i izoksaflutola. Posle nicanja kukuruza, u fazi razvoja od 3 do 4 lista, radi pro\u0161irenja spektra delovanja, mo\u017ee se me\u0161ati sa preparatima na bazi 2,4-D (Maton), dikambe (Colosseum), bentazona (Savazon 480) i mezotriona (Intermezzo).<br \/>\n<strong>U tim kombinacijama izvanredno deluje i na korove koji se te\u0161ko suzbijaju kada se primeni posle setve, a pre nicanja kao \u0161to su:<\/strong> ambrozija <em>(Ambrosia artemisiifolia)<\/em>, teofrastova lipica <em>(Abutilon theophrasti)<\/em>, tatula obi\u010dna <em>(Datura stramonium)<\/em>, vrste iz roda dvornika <em>(Polygonum sp.)<\/em>, pomo\u0107nica <em>(Solanum nigrum)<\/em> i \u010di\u010dak <em>(Xanthium strumarium)<\/em>.<\/p>\n<\/div>\n<\/div>\n<\/div>\n<\/div>\n<\/div>\n<div class=\"group-caracteristics field-group-div caracteristics-processed product-accordion-processed ui-accordion ui-widget ui-helper-reset\" role=\"tablist\">\n<h2 id=\"ui-accordion-3-header-0\" class=\"ui-accordion-header ui-helper-reset ui-state-default ui-accordion-icons ui-accordion-header-active ui-state-active ui-corner-top\" role=\"tab\">Karakteristike<\/h2>\n<div id=\"ui-accordion-3-panel-0\" class=\"content ui-accordion-content ui-helper-reset ui-widget-content ui-corner-bottom ui-accordion-content-active\" role=\"tabpanel\" aria-labelledby=\"ui-accordion-3-header-0\" aria-hidden=\"false\">\n<div class=\"field field-name-field-products-characteristics field-type-text-with-summary field-label-hidden\">\n<div class=\"field-items\">\n<div class=\"field-item even\">\n<p class=\"rtejustify\">Terbutilazin, aktivna materija preparata <strong>Zeazin<\/strong>, kao i svi drugi preparati iz grupe triazina, deluje blokadom hilove reakcije, \u0161to u osnovi ima za posledicu da biljke koje su osetljive na ove herbicide vrlo brzo postaju bledo\u017eute, \u017eute, a zatim poprimaju braon boju i na kraju se su\u0161e. Kod primene posle setve, a pre nicanja ovaj herbicid u osnovi spre\u010dava nicanje osetljivih korovskih biljaka, a kod primene posle nicanja useva i korova simptomi se uo\u010davaju nakon nekoliko dana na ve\u0107 opisan na\u010din.<\/p>\n<p class=\"rtejustify\"><strong>FITOTOKSI\u010cNOST<\/strong><\/p>\n<p class=\"rtejustify\"><strong>Zeazin<\/strong> primenjen prema uputstvu proizvo\u0111a\u010da ne deluje \u0161tetno na kukuruz. Prilikom tretiranja ovim preparatom spre\u010diti zano\u0161enje na susedne gajene useve kao \u0161to su: \u0161e\u0107erna repa, strna \u017eita, lucerka, povr\u0107e i vi\u0161egodi\u0161nji zasadi (vo\u0107njaci i vinogradi).<br \/>\nU slu\u010daju prevremenog skidanja ili preoravanja useva, na tretiranim povr\u0161inama mo\u017ee se gajiti samo kukuruz<\/p>\n<\/div>\n<\/div>\n<\/div>\n<\/div>\n<\/div>","protected":false},"excerpt":{"rendered":"<p><b>Translokacioni selektivni herbicid za suzbijanje \u0161irokolisnih i redukciju travnih korova u kukuruzu<\/b><\/p>\n<p><u><b>Primena:<\/b><\/u><b>\u00a0 <\/b><\/p>\n<p><b>Posle setve, a pre nicanja: 1,5-2 l\/ha zajedno sa preparatom TELUS<\/b><\/p>\n<p><b>Posle nicanja useva: 1,2-1,5 l\/ha kao partner preparatima: MATON, COLOSSEUM, NIKOSAV, PRETENDO, INTERMEZZO<\/b><\/p>","protected":false},"featured_media":4091,"template":"","meta":[],"product_brand":[],"product_cat":[203,204,209],"product_tag":[],"class_list":{"0":"post-4061","1":"product","2":"type-product","3":"status-publish","4":"has-post-thumbnail","6":"product_cat-herbicidi","7":"product_cat-herbicidi-u-kukuruzu","8":"product_cat-pre-em-posle-setve-a-pre-nicanja-useva","10":"first","11":"instock","12":"shipping-taxable","13":"product-type-simple"},"_links":{"self":[{"href":"https:\/\/agrarpetrovic.rs\/en\/wp-json\/wp\/v2\/product\/4061","targetHints":{"allow":["GET"]}}],"collection":[{"href":"https:\/\/agrarpetrovic.rs\/en\/wp-json\/wp\/v2\/product"}],"about":[{"href":"https:\/\/agrarpetrovic.rs\/en\/wp-json\/wp\/v2\/types\/product"}],"wp:featuredmedia":[{"embeddable":true,"href":"https:\/\/agrarpetrovic.rs\/en\/wp-json\/wp\/v2\/media\/4091"}],"wp:attachment":[{"href":"https:\/\/agrarpetrovic.rs\/en\/wp-json\/wp\/v2\/media?parent=4061"}],"wp:term":[{"taxonomy":"product_brand","embeddable":true,"href":"https:\/\/agrarpetrovic.rs\/en\/wp-json\/wp\/v2\/product_brand?post=4061"},{"taxonomy":"product_cat","embeddable":true,"href":"https:\/\/agrarpetrovic.rs\/en\/wp-json\/wp\/v2\/product_cat?post=4061"},{"taxonomy":"product_tag","embeddable":true,"href":"https:\/\/agrarpetrovic.rs\/en\/wp-json\/wp\/v2\/product_tag?post=4061"}],"curies":[{"name":"wp","href":"https:\/\/api.w.org\/{rel}","templated":true}]}}