{"id":4062,"date":"2023-07-13T16:07:13","date_gmt":"2023-07-13T14:07:13","guid":{"rendered":"https:\/\/agrarpetrovic.rs\/?post_type=product&#038;p=4062"},"modified":"2023-07-13T16:07:22","modified_gmt":"2023-07-13T14:07:22","slug":"amon-20-ew-akaricid","status":"publish","type":"product","link":"https:\/\/agrarpetrovic.rs\/en\/proizvod\/amon-20-ew-akaricid\/","title":{"rendered":"Amon 20 EW &#8211; Akaricid"},"content":{"rendered":"<div class=\"group-technical-info field-group-div technical-info-processed product-accordion-processed ui-accordion ui-widget ui-helper-reset\" role=\"tablist\">\n<div id=\"ui-accordion-1-panel-0\" class=\"content ui-accordion-content ui-helper-reset ui-widget-content ui-corner-bottom ui-accordion-content-active\" role=\"tabpanel\" aria-labelledby=\"ui-accordion-1-header-0\" aria-hidden=\"false\">\n<div class=\"field field-name-field-product-category field-type-taxonomy-term-reference field-label-above\"><\/div>\n<div class=\"field field-name-field-product-formulation field-type-text field-label-above\">\n<div class=\"field-item even\"><\/div>\n<\/div>\n<div class=\"field field-name-field-product-resistance-class field-type-text field-label-above\">\n<div class=\"field-item even\">Klasifikacija rezistentnosti: 6<\/div>\n<\/div>\n<div class=\"field field-name-field-product-packaging field-type-text field-label-above\">\n<div class=\"field-item even\">Pakovanje: 5 ml, 50 ml, 250 ml i 1 L<\/div>\n<\/div>\n<div class=\"field field-name-field-product-manufacturer field-type-taxonomy-term-reference field-label-above\">\n<div class=\"field-item even\">Proizvo\u0111a\u010d: Chemical Agrosava<\/div>\n<\/div>\n<div class=\"field field-name-field-product-technical-informat field-type-text-with-summary field-label-hidden\">\n<div class=\"field-items\">\n<div class=\"field-item even\">\n<p class=\"rtejustify\"><strong>Karenca:<\/strong><br \/>\nJabuka, kru\u0161ka i malina \u2013 14 dana<br \/>\nParadajz \u2013 3 dana<br \/>\nDuvan \u2013 obezbe\u0111ena vremenom primene<\/p>\n<\/div>\n<\/div>\n<\/div>\n<\/div>\n<\/div>\n<div class=\"group-primena field-group-div primena-processed product-accordion-processed ui-accordion ui-widget ui-helper-reset\" role=\"tablist\">\n<h2 id=\"ui-accordion-2-header-0\" class=\"ui-accordion-header ui-helper-reset ui-state-default ui-accordion-icons ui-accordion-header-active ui-state-active ui-corner-top\" role=\"tab\">Primena<\/h2>\n<div id=\"ui-accordion-2-panel-0\" class=\"content ui-accordion-content ui-helper-reset ui-widget-content ui-corner-bottom ui-accordion-content-active\" role=\"tabpanel\" aria-labelledby=\"ui-accordion-2-header-0\" aria-hidden=\"false\">\n<div class=\"field field-name-field-product-application field-type-text-with-summary field-label-hidden\">\n<div class=\"field-items\">\n<div class=\"field-item even\">\n<p class=\"rtejustify\"><strong>Insekticid i akaricid<\/strong><\/p>\n<p class=\"rtejustify\"><strong>JABUKA:<\/strong> za suzbijanje grinja pau\u010dinara <em>(Tetranychus urticae, Panonychus ulmi)<\/em> u koncentraciji od 0,075% (7,5 ml u 10 l vode) uz dodatak 3 l\/ha mineralnog ulja <strong>Letol EC<\/strong>.<br \/>\n<strong>Vreme primene:<\/strong> koristi se u vreme pojave prvih pokretnih formi grinja.<\/p>\n<p class=\"rtejustify\"><strong>KRU\u0160KA:<\/strong> za suzbijanje kru\u0161kine buve <em>(Cacopsylla pyri)<\/em> u koncentraciji od 0,1% (10 ml u 10 l vode) uz dodatak 3 l\/ha mineralnog ulja<strong> Letol EC<\/strong>.<br \/>\n<strong>Vreme primene:<\/strong> u zasadima kru\u0161ke koristi se na po\u010detku masovnog piljenja larvi kru\u0161kine buve, od fenofaze precvetavanja. Na kru\u0161kine buve deluje kontaktno, a da bi se ovaj kontakt produ\u017eio <strong>Amon 020 EW<\/strong> se koristi u prole\u0107e, kada su ni\u017ee temperature i ve\u0107a relativna vla\u017enost. Ovaj period je ujedno i optimalno vreme za suzbijanje r\u0111aste grinje kru\u0161ke <em>(Epitrimerus pyri)<\/em>.<\/p>\n<p class=\"rtejustify\"><strong>PARADAJZ:<\/strong> za suzbijanje grinja pau\u010dinara <em>(Tetranychus urticae)<\/em> u koli\u010dini 0,75-1 l\/ha.<br \/>\n<strong>Vreme primene:<\/strong> koristi se u vreme pojave prvih pokretnih formi grinja.<\/p>\n<p class=\"rtejustify\"><strong>MALINA:<\/strong> za suzbijanje eriofidne grinje lista maline <em>(Phylocoptes gracillis)<\/em> u koli\u010dini 1-1,25 l\/ha.<br \/>\n<strong>Vreme primene:<\/strong> po\u010detkom listanja maline, a po pojavi pokretnih formi grinja.<\/p>\n<p class=\"rtejustify\"><strong>DUVAN:<\/strong> za suzbijanje duvanovog tripsa <em>(Thrips tabaci)<\/em> u koli\u010dini 0,75-1 l\/ha.<br \/>\n<strong>Vreme primene:<\/strong> u usevu duvana koristi se od faze nicanja do 2-4 lista duvana.<\/p>\n<p class=\"rtejustify\"><strong>Mogu\u0107nost druge primene<\/strong><\/p>\n<p class=\"rtejustify\">Preparati na bazi aktivne materije abamektin registrovani su i za suzbijanje krompirove zlatice i fitofagnih grinja u proizvodnji povr\u0107a, cve\u0107a u polju i zatvorenom prostoru.<br \/>\nPrednost preparata <strong>Amon 020 EW<\/strong> u odnosu na druge akaricide jeste dobro delovanje na \u0161iroku grinju <em>(Polyphagotarsonemus latus)<\/em> na paprici, jagodinu grinju <em>(Tarsonemus palilus)<\/em>, grinju spana\u0107a <em>(Tyrophagus<\/em> <em>similis)<\/em> i dr.<\/p>\n<p class=\"rtejustify\"><strong>MOGU\u0106NOST ME\u0160ANJA<\/strong><\/p>\n<p class=\"rtejustify\"><strong>Amon 020 EW<\/strong> mo\u017ee se me\u0161ati sa mineralnim uljima i preparatima slabe alkalne ili kisele reakcije. Ne sme se me\u0161ati sa preparatima na bazi sumpora i kaptana.<\/p>\n<\/div>\n<\/div>\n<\/div>\n<\/div>\n<\/div>\n<div class=\"group-caracteristics field-group-div caracteristics-processed product-accordion-processed ui-accordion ui-widget ui-helper-reset\" role=\"tablist\">\n<h2 id=\"ui-accordion-3-header-0\" class=\"ui-accordion-header ui-helper-reset ui-state-default ui-accordion-icons ui-accordion-header-active ui-state-active ui-corner-top\" role=\"tab\">Karakteristike<\/h2>\n<div id=\"ui-accordion-3-panel-0\" class=\"content ui-accordion-content ui-helper-reset ui-widget-content ui-corner-bottom ui-accordion-content-active\" role=\"tabpanel\" aria-labelledby=\"ui-accordion-3-header-0\" aria-hidden=\"false\">\n<div class=\"field field-name-field-products-characteristics field-type-text-with-summary field-label-hidden\">\n<div class=\"field-items\">\n<div class=\"field-item even\">\n<p class=\"rtejustify\"><strong>Amon 020 EW<\/strong> je folijarni insekticid i akaricid sa kontaktnim i digestivnim delovanjem. Aktivna materija preparata <strong>Amon 020 EW<\/strong> je abamektin, koja posle uno\u0161enja izaziva paralizu, prestanak ishrane, gr\u010denje i uginu\u0107e \u0161tetnih insekata (2-4 dana posle primene). <strong>Amon 020 EW<\/strong> ispoljava i izvesno penetrativno delovanje u kutikuli, pa je prvenstveno namenjen za suzbijanje insekata koji si\u0161u iz \u0107elija kutikule (fitofagne grinje kao \u0161to su: <em>P. ulmi, T. urticae, E. pyri, A. schlechtendali<\/em> i dr.) ili uno\u0161enjem ishranom kao \u0161to je krompirova zlatica. Kru\u0161kina buva se hrani iz floema, do kojeg abamektin ne dospeva, pa na nju deluje kontaktno. Radi uspostavljanja boljeg kontakta i spre\u010davanja brzog su\u0161enja, preparatu <strong>Amon 020 EW<\/strong> dodaje se parafinsko ulje Letol EC. Optimalno vreme primene je u toku prole\u0107a, kada je ve\u0107a vla\u017enost i kada su temperature ne\u0161to ni\u017ee. Aktivna materija abamektin brzo se razla\u017ee na svetlosti. U toku leta najbolja efikasnost se posti\u017ee ako se <strong>Amon 020 EW<\/strong> koristi predve\u010de ili no\u0107u.<\/p>\n<p class=\"rtejustify\"><strong>NE\u017dELJENI EFEKTI<\/strong><\/p>\n<p class=\"rtejustify\"><strong>Amon 020 EW<\/strong> deluje na bumbare, pa u plasteni\u010dkoj proizvodnji ko\u0161nice bumbara treba zatvoriti u vreme primene preparata. Preparat ne koristiti u vreme cvetanja vo\u0107a.<\/p>\n<\/div>\n<\/div>\n<\/div>\n<\/div>\n<\/div>","protected":false},"excerpt":{"rendered":"<div class=\"field field-name-field-product-category field-type-taxonomy-term-reference field-label-above\">\n<div class=\"field-label\">Kategorija: Akaricidi i insekticidi<\/div>\n<div><\/div>\n<\/div>\n<div class=\"field field-name-field-product-ctive-ingredient field-type-text field-label-above\">\n<div class=\"field-item even\">Aktivna materija: Abamektin 18 g\/l<\/div>\n<div><\/div>\n<div class=\"field-item even\">Formulacija: Emulzija ulje u vodi (EW)<\/div>\n<div><\/div>\n<div>Proizvo\u0111a\u010d: Chemic al Agrosava<\/div>\n<\/div>","protected":false},"featured_media":4092,"template":"","meta":[],"product_brand":[],"product_cat":[281,234,202],"product_tag":[],"class_list":{"0":"post-4062","1":"product","2":"type-product","3":"status-publish","4":"has-post-thumbnail","6":"product_cat-akaricidi","7":"product_cat-insekticidi","8":"product_cat-zastita-bilja","10":"first","11":"instock","12":"shipping-taxable","13":"product-type-simple"},"_links":{"self":[{"href":"https:\/\/agrarpetrovic.rs\/en\/wp-json\/wp\/v2\/product\/4062","targetHints":{"allow":["GET"]}}],"collection":[{"href":"https:\/\/agrarpetrovic.rs\/en\/wp-json\/wp\/v2\/product"}],"about":[{"href":"https:\/\/agrarpetrovic.rs\/en\/wp-json\/wp\/v2\/types\/product"}],"wp:featuredmedia":[{"embeddable":true,"href":"https:\/\/agrarpetrovic.rs\/en\/wp-json\/wp\/v2\/media\/4092"}],"wp:attachment":[{"href":"https:\/\/agrarpetrovic.rs\/en\/wp-json\/wp\/v2\/media?parent=4062"}],"wp:term":[{"taxonomy":"product_brand","embeddable":true,"href":"https:\/\/agrarpetrovic.rs\/en\/wp-json\/wp\/v2\/product_brand?post=4062"},{"taxonomy":"product_cat","embeddable":true,"href":"https:\/\/agrarpetrovic.rs\/en\/wp-json\/wp\/v2\/product_cat?post=4062"},{"taxonomy":"product_tag","embeddable":true,"href":"https:\/\/agrarpetrovic.rs\/en\/wp-json\/wp\/v2\/product_tag?post=4062"}],"curies":[{"name":"wp","href":"https:\/\/api.w.org\/{rel}","templated":true}]}}